{"id":18843,"date":"2020-01-10T15:58:08","date_gmt":"2020-01-10T15:58:08","guid":{"rendered":"https:\/\/www.bredent-implants.com\/marka\/"},"modified":"2021-06-16T12:54:07","modified_gmt":"2021-06-16T12:54:07","slug":"marka","status":"publish","type":"page","link":"https:\/\/www.bredent-implants.com\/tr\/marka\/","title":{"rendered":"Marka"},"content":{"rendered":"\t\t<div data-elementor-type=\"wp-post\" data-elementor-id=\"18843\" class=\"elementor elementor-18843\" data-elementor-post-type=\"page\">\n\t\t\t\t\t\t<section class=\"elementor-section elementor-top-section elementor-element elementor-element-b9db2cf elementor-section-height-min-height elementor-section-boxed elementor-section-height-default elementor-section-items-middle\" data-id=\"b9db2cf\" data-element_type=\"section\" data-e-type=\"section\" data-settings=\"{&quot;background_background&quot;:&quot;classic&quot;}\">\n\t\t\t\t\t\t<div class=\"elementor-container elementor-column-gap-default\">\n\t\t\t\t\t<div class=\"elementor-column elementor-col-100 elementor-top-column elementor-element elementor-element-90034c9\" data-id=\"90034c9\" data-element_type=\"column\" data-e-type=\"column\">\n\t\t\t<div class=\"elementor-widget-wrap elementor-element-populated\">\n\t\t\t\t\t\t<div class=\"elementor-element elementor-element-5901d90 elementor-widget elementor-widget-breadcrumbs\" data-id=\"5901d90\" data-element_type=\"widget\" data-e-type=\"widget\" data-widget_type=\"breadcrumbs.default\">\n\t\t\t\t<div class=\"elementor-widget-container\">\n\t\t\t\t\t<p id=\"breadcrumbs\"><span><span><a href=\"https:\/\/www.bredent-implants.com\/tr\/\">Home<\/a><\/span><\/span><\/p>\t\t\t\t<\/div>\n\t\t\t\t<\/div>\n\t\t\t\t\t<\/div>\n\t\t<\/div>\n\t\t\t\t\t<\/div>\n\t\t<\/section>\n\t\t\t\t<section class=\"elementor-section elementor-top-section elementor-element elementor-element-da58ac3 elementor-section-stretched elementor-section-boxed elementor-section-height-default elementor-section-height-default\" data-id=\"da58ac3\" data-element_type=\"section\" data-e-type=\"section\" data-settings=\"{&quot;stretch_section&quot;:&quot;section-stretched&quot;}\">\n\t\t\t\t\t\t<div class=\"elementor-container elementor-column-gap-default\">\n\t\t\t\t\t<div class=\"elementor-column elementor-col-100 elementor-top-column elementor-element elementor-element-d53163b\" data-id=\"d53163b\" data-element_type=\"column\" data-e-type=\"column\">\n\t\t\t<div class=\"elementor-widget-wrap elementor-element-populated\">\n\t\t\t\t\t\t<div class=\"elementor-element elementor-element-47bdc29 elementor-widget elementor-widget-text-editor\" data-id=\"47bdc29\" data-element_type=\"widget\" data-e-type=\"widget\" data-widget_type=\"text-editor.default\">\n\t\t\t\t<div class=\"elementor-widget-container\">\n\t\t\t\t\t\t\t\t\t<h3><span style=\"color: #000000;\">Alman Telemedya Yasas\u0131 (TMG) 5. Maddesi Uyar\u0131nca Bilgilendirme<\/span><\/h3>\n<p><\/p>\n<p><span style=\"color: #000000; font-size: 16px;\">bredent medical GmbH &amp; Co. KG<\/span><br><span style=\"color: #000000;\">Weissenhorner Strasse 2<\/span><br><span style=\"color: #000000;\">89250 Senden Germany<\/span><br><span style=\"color: #000000;\">Telefon: + 49 7309 \/ 872-440<\/span><br><span style=\"color: #000000;\">Faks: + 49 7309 \/ 872-444<\/span><br><span style=\"color: #000000;\">E-Mail: <span style=\"color: #738ba7;\"><strong><a style=\"color: #738ba7;\" href=\"mailto:info-medical@bredent.com\">info-medical@bredent.com<\/a><\/strong><\/span><\/span><br><span style=\"color: #000000;\">Internet: <strong><span style=\"color: #738ba7;\"><a style=\"color: #738ba7;\" href=\"https:\/\/www.bredent-implants.com\/\">www.bredent-implants.com<\/a><\/span><\/strong><\/span><\/p>\n<p><span style=\"font-size: 16px; color: #000000;\">bredent medical GmbH &amp; Co. KG<\/span><br><span style=\"color: #000000;\">Temsil Yetkisi Bulunan Direkt\u00f6rler: Peter Brehm, Nils Brehm, Olaf Gl\u00fcck, Gerald Micko<\/span><br><span style=\"color: #000000;\">Kay\u0131t Mahkemesi: Amtsgericht Memmingen<\/span><br><span style=\"color: #000000;\">Kay\u0131t Numaras\u0131: HRA 11274<\/span><br><span style=\"color: #000000;\">bredent medical GmbH &amp; Co. KG Kay\u0131tl\u0131 Merkez Ofisi: 89250 Senden<\/span><\/p>\n<p><span style=\"color: #000000;\">Sorumlu Ortak (genel ortak): bredent medical Verwaltungs- und Handels-GmbH<\/span><br><span style=\"color: #000000;\">Temsil Yetkisi Bulunan Direkt\u00f6rler: Peter Brehm, Nils Brehm, Olaf Gl\u00fcck, Gerald Micko<\/span><br><span style=\"color: #000000;\">Kay\u0131t Mahkemesi: Amtsgericht Memmingen<\/span><br><span style=\"color: #000000;\">Kay\u0131t Numaras\u0131: HRB 12744<\/span><br><span style=\"color: #000000;\">bredent medical Verwaltungs- und Handels-GmbH Kay\u0131tl\u0131 Merkez Ofisi: 89250 Senden, Germany<\/span><\/p>\n<p><span style=\"color: #000000;\">Sorumlu Ortak (genel ortak): bredent medical Verwaltungs- und Handels-GmbH<\/span><br><span style=\"color: #000000;\">Temsil Yetkisi olan Direkt\u00f6rler: Peter Brehm, Gerald Micko<\/span><br><span style=\"color: #000000;\">Kay\u0131t Mahkemesi: Amtsgericht Memmingen<\/span><br><span style=\"color: #000000;\">Kay\u0131t Numaras\u0131: HRB 12744<\/span><br><span style=\"color: #000000;\">bredent medical Verwaltungs- und Handels-GmbH Kay\u0131tl\u0131 Merkez Ofisi: 89250 Senden, Germany<\/span><\/p>\n<p><span style=\"color: #000000;\"><strong>Vergi Kanunu&#8217;nun 27. maddesine g\u00f6re vergi kimlik numaras\u0131<\/strong><\/span><br><span style=\"color: #000000;\">DE 247337738<br>WEEE-Reg.Nr. DE 22730329 <\/span><\/p>\n<p><span style=\"color: #000000;\"><strong>55. madde 2. b\u00f6l\u00fcme g\u00f6re i\u00e7erikten sorumlu ki\u015fi<\/strong><\/span><br><span style=\"color: rgb(0, 0, 0); font-size: 16px; font-style: normal; font-weight: 400;\">Micko Gerald<\/span><font color=\"#000000\">&nbsp;(yukar\u0131daki adrese bak\u0131n\u0131z)<\/font><\/p>\n<p><span style=\"color: #000000;\"><strong>T\u00fcketiciler i\u00e7in online sorun \u00e7\u00f6z\u00fcm\u00fc, sorun \u00e7\u00f6z\u00fcm\u00fc i\u015flemlerine kat\u0131l\u0131m<\/strong><\/span><br><span style=\"color: #000000;\">(1) Genel bir kural olarak bredent medical GmbH &amp; Co. KG, t\u00fcketici hakem heyeti \u00f6n\u00fcnde a\u00e7\u0131lan sorun \u00e7\u00f6z\u00fcm i\u015flemlerine ne haz\u0131rl\u0131kl\u0131 olmak ne de kat\u0131lmak zorundad\u0131r.<\/span><br><span style=\"color: #000000;\">(2) Online sorun \u00e7\u00f6z\u00fcm\u00fc i\u00e7in Avrupa Komisyonu Platformu:<\/span><br><span style=\"color: #000000;\"><a style=\"color: #000000;\" href=\"https:\/\/www.ec.europa.eu\/consumers\/odr\" target=\"_blank\" rel=\"noopener\">https:\/\/www.ec.europa.eu\/consumers\/odr<\/a><\/span><\/p>\n<p><span style=\"color: #000000;\"><strong>Programlama ve sunucu i\u015fletimi \/ Host<\/strong><\/span><br><span style=\"color: #000000;\"><a style=\"color: #000000;\" href=\"http:\/\/www.imos.net\/\" target=\"_blank\" rel=\"noopener\">Yer G\u00f6ppingen<br>imos Gesellschaft f\u00fcr<br>\u0130nternet-Marketing ve<br>Online-Services mbH<\/a><\/span><br><span style=\"color: #000000;\">Alfons-Feifel-Str. 9<\/span><br><span style=\"color: #000000;\">73037 G\u00f6ppingen (Germany)<\/span><br><span style=\"color: #000000;\">Telefon: +49 7161 93339-0<\/span><br><span style=\"color: #000000;\">Faks: +49 7161 93339-99<\/span><br><span style=\"color: #000000;\">E-Mail: <a style=\"color: #000000;\" href=\"mailto:info@imos.net\">info@imos.net<\/a><\/span><br><span style=\"color: #000000;\">Internet: <a style=\"color: #000000;\" href=\"http:\/\/www.imos.net\/\" target=\"_blank\" rel=\"noopener\">www.imos.net<\/a><\/span><\/p>\n<p><span style=\"color: #000000;\"><strong>Not<br>Hen\u00fcz t\u00fcm \u00fcr\u00fcnler onaylanmam\u0131\u015ft\u0131r ve t\u00fcm piyasada mevcut de\u011fildir. Herhangi bir sorunuz olmas\u0131 durumunda l\u00fctfen ileti\u015fime ge\u00e7iniz;<br>bredent medical GmbH &amp; Co. KG ya da sat\u0131\u015f partneriniz ile.<\/strong><\/span><\/p>\n<p><span style=\"color: #000000;\"><strong>RED<\/strong><\/span><\/p>\n<p><em style=\"color: #000000;\"><strong>1. Sorumluluk S\u0131n\u0131rlamas\u0131<\/strong><\/em><\/p>\n<p style=\"display: inline !important;\"><span style=\"color: #000000;\">Bu web sitesinin i\u00e7eri\u011fi \u00f6zenle haz\u0131rlanmaktad\u0131r. Ancak web sitesi hizmeti sa\u011flay\u0131c\u0131s\u0131, <\/span><span style=\"color: #000000;\">web sitesinde yay\u0131nlanan bilgilerin do\u011frulu\u011fu, b\u00fct\u00fcnl\u00fc\u011f\u00fc ve g\u00fcncelli\u011fi konusunda sorumluluk kabul etmez. Bu web sitesi i\u00e7eri\u011finin kullan\u0131m\u0131, <\/span><span style=\"color: #000000;\">kullan\u0131c\u0131n\u0131n sorumlulu\u011fundad\u0131r. Yetkilendirilmi\u015f ki\u015filer taraf\u0131ndan yap\u0131lan katk\u0131lar, <\/span><span style=\"color: #000000;\">her zaman web sitesi sa\u011flay\u0131c\u0131s\u0131n\u0131n g\u00f6r\u00fc\u015f\u00fcn\u00fc de\u011fil, yazar\u0131n g\u00f6r\u00fc\u015f\u00fcn\u00fc de yans\u0131t\u0131r. Yaln\u0131zca sa\u011flay\u0131c\u0131n\u0131n web sitesinin kullan\u0131lmas\u0131,<\/span><\/p>\n<p><span style=\"color: #000000;\">kullan\u0131c\u0131 ve sa\u011flay\u0131c\u0131 aras\u0131nda bir s\u00f6zle\u015fme ili\u015fkisi olu\u015fturmaz.<\/span><\/p>\n<p style=\"display: inline !important;\"><span style=\"color: #000000;\"><em><strong>2. D\u0131\u015f Ba\u011flant\u0131lar<\/strong><\/em><\/span><\/p>\n<p><span style=\"color: #000000;\">Bu web sitesi, \u00fc\u00e7\u00fcnc\u00fc taraf web sitelerine ba\u011flant\u0131lar (&#8220;d\u0131\u015f ba\u011flant\u0131lar&#8221;) i\u00e7erir. Bu web sitelerinden, <\/span><span style=\"color: #000000;\">ilgili sa\u011flay\u0131c\u0131lar sorumludur. Bu harici ba\u011flant\u0131lar ilk kez eklenirken, <\/span><span style=\"color: #000000;\">bu sitenin sa\u011flay\u0131c\u0131s\u0131, harici i\u00e7eri\u011fi olas\u0131 yasal ihlaller a\u00e7\u0131s\u0131ndan kontrol etmi\u015ftir. Sa\u011flay\u0131c\u0131n\u0131n mevcut ve gelecekteki sunum ve ba\u011flant\u0131l\u0131 sayfalar\u0131n i\u00e7eri\u011fi \u00fczerinde<\/span><span style=\"color: #000000;\">herhangi bir etkisi yoktur. Harici ba\u011flant\u0131lar yerle\u015ftirmek, <\/span><span style=\"color: #000000;\">sa\u011flay\u0131c\u0131n\u0131n ba\u011flant\u0131 verilen i\u00e7eri\u011fi benimsedi\u011fi anlam\u0131na gelmez. Sa\u011flay\u0131c\u0131n\u0131n yasal ihlaller i\u00e7in harici ba\u011flant\u0131lar\u0131 s\u00fcrekli olarak, <\/span><span style=\"color: #000000;\">\u00f6zel bir belirti g\u00f6stermeden izlemesini beklemek mant\u0131ks\u0131zd\u0131r. Yasal ihlallerden bilgimiz olursa, <\/span><span style=\"color: #000000;\">bu t\u00fcr d\u0131\u015f ba\u011flant\u0131lar hemen silinir.<\/span><\/p>\n<p><span style=\"color: #000000;\"><em><strong>3. Telif hakk\u0131 ve yard\u0131mc\u0131 telif hakk\u0131<\/strong><\/em><\/span><\/p>\n<p><span style=\"color: #000000;\">Bu web sitesinde yay\u0131nlanan i\u00e7erikler, Almanya&#8217;n\u0131n telif hakk\u0131 ve yard\u0131mc\u0131 telif hakk\u0131 yasalar\u0131na tabidir. Almanya&#8217;n\u0131n telif hakk\u0131 yasalar\u0131 ve yard\u0131mc\u0131 telif hakk\u0131 yasalar\u0131 kapsam\u0131nda <\/span><span style=\"color: #000000;\">a\u00e7\u0131k\u00e7a izin verilmeyen her kullan\u0131m, <\/span><span style=\"color: #000000;\">sa\u011flay\u0131c\u0131n\u0131n veya telif hakk\u0131 sahibinin \u00f6nceden yaz\u0131l\u0131 onay\u0131n\u0131 gerektirir. Bu \u00f6zellikle veritabanlar\u0131ndaki ve di\u011fer elektronik ortamlardaki ve sistemlerdeki i\u00e7eriklerin <\/span><span style=\"color: #000000;\">kopyalanmas\u0131, d\u00fczenlenmesi, \u00e7evirisi, depolanmas\u0131, i\u015flenmesi veya \u00e7o\u011falt\u0131lmas\u0131 i\u00e7in ge\u00e7erlidir. <\/span><span style=\"color: #000000;\">\u00dc\u00e7\u00fcnc\u00fc taraf i\u00e7erikleri ve haklar\u0131 bu \u015fekilde etiketlenmi\u015ftir. \u0130\u00e7eri\u011fin veya tam sayfalar\u0131n \u00f6nceden izin al\u0131nmadan \u00e7o\u011falt\u0131lmas\u0131 ve aktar\u0131lmas\u0131 yasakt\u0131r; <\/span><span style=\"color: #000000;\">ve kovu\u015fturmaya kar\u015f\u0131 sorumlu de\u011fildir. Sadece ki\u015fisel, \u00f6zel ve ticari olmayan kullan\u0131m i\u00e7in kopyalanma <\/span><span style=\"color: #000000;\">ve indirmeye izin verilecektir. <\/span><span style=\"color: #000000;\">Bu web sitesinin harici \u00e7er\u00e7evelerde g\u00f6r\u00fcnt\u00fclenmesine yaln\u0131zca yaz\u0131l\u0131 onay ile izin verilmektedir.<\/span><\/p>\n<p><span style=\"color: #000000;\"><strong><em>4. Gizlilik<\/em><\/strong><\/span><\/p>\n<p><strong><span style=\"color: #738ba7;\"><a style=\"color: #738ba7;\" href=\"https:\/\/www.bredent-implants.com\/tr\/gizlilik-politikasi\/\"><em>Gizlilik Politikas\u0131<\/em><\/a><\/span><\/strong><\/p>\n<p><span style=\"color: #000000;\">K\u00fcnye i\u00e7inde yer alan ileti\u015fim verilerinin ticari reklam i\u00e7in kullan\u0131m\u0131, <\/span><span style=\"color: #000000;\">sa\u011flay\u0131c\u0131n\u0131n \u00f6nceden yaz\u0131l\u0131 izni olmadan veya bir i\u015f ili\u015fkisi kurulmam\u0131\u015fsa a\u00e7\u0131k\u00e7a talep edilemez.<\/span><span style=\"color: #000000;\">Sa\u011flay\u0131c\u0131 ve bu web sitesinde ad\u0131 ge\u00e7en t\u00fcm ki\u015filer, verilerinin ticari kullan\u0131m\u0131na ve iletilmesine itiraz eder.<\/span><\/p>\n<p><span style=\"color: #000000;\"><strong><em>5. \u00d6zel kullan\u0131m ko\u015fullar\u0131<\/em><\/strong><\/span><\/p>\n<p><span style=\"color: #000000;\">Bu web sitesinin \u00f6zel kullan\u0131mlar\u0131 i\u00e7in \u00f6zel \u015fartlar, 1&#8217;den 4&#8217;e kadar olan \u015fartlardan farkl\u0131 oldu\u011fu s\u00fcrece,<\/span><span style=\"color: #000000;\">bu istisnalar\u0131n bildirimi uygun bir yerde a\u00e7\u0131k\u00e7a belirtilecektir. Bu durumda, her \u00f6zel durum i\u00e7in, <\/span><span style=\"color: #000000;\">\u00f6zel kullan\u0131m ko\u015fullar\u0131 ge\u00e7erlidir.<\/span><\/p>\t\t\t\t\t\t\t\t<\/div>\n\t\t\t\t<\/div>\n\t\t\t\t\t<\/div>\n\t\t<\/div>\n\t\t\t\t\t<\/div>\n\t\t<\/section>\n\t\t\t\t<\/div>\n\t\t","protected":false},"excerpt":{"rendered":"<p>Alman Telemedya Yasas\u0131 (TMG) 5. Maddesi Uyar\u0131nca Bilgilendirme bredent medical GmbH &amp; Co. KGWeissenhorner Strasse 289250 Senden GermanyTelefon: + 49 7309 \/ 872-440Faks: + 49 7309 \/ 872-444E-Mail: info-medical@bredent.comInternet: www.bredent-implants.com bredent medical GmbH &amp; Co. KGTemsil Yetkisi Bulunan Direkt\u00f6rler: Peter Brehm, Nils Brehm, Olaf Gl\u00fcck, Gerald MickoKay\u0131t Mahkemesi: Amtsgericht MemmingenKay\u0131t Numaras\u0131: HRA 11274bredent medical GmbH [&hellip;]<\/p>\n","protected":false},"author":2,"featured_media":0,"parent":0,"menu_order":23,"comment_status":"closed","ping_status":"closed","template":"elementor_header_footer","meta":{"footnotes":""},"class_list":["post-18843","page","type-page","status-publish","hentry"],"yoast_head":"<!-- This site is optimized with the Yoast SEO plugin v27.3 - https:\/\/yoast.com\/product\/yoast-seo-wordpress\/ -->\n<title>Marka -<\/title>\n<meta name=\"description\" content=\"Alman Telemedya Yasas\u0131 (TMG) 5. Maddesi Uyar\u0131nca Bilgilendirme bredent medical GmbH &amp; Co. KGWeissenhorner Strasse 289250 Senden GermanyTelefon: + 49\" \/>\n<meta name=\"robots\" content=\"index, follow, max-snippet:-1, max-image-preview:large, max-video-preview:-1\" \/>\n<link rel=\"canonical\" href=\"https:\/\/www.bredent-implants.com\/tr\/marka\/\" \/>\n<meta property=\"og:locale\" content=\"tr_TR\" \/>\n<meta property=\"og:type\" content=\"article\" \/>\n<meta property=\"og:title\" content=\"Marka -\" \/>\n<meta property=\"og:description\" content=\"Alman Telemedya Yasas\u0131 (TMG) 5. Maddesi Uyar\u0131nca Bilgilendirme bredent medical GmbH &amp; Co. KGWeissenhorner Strasse 289250 Senden GermanyTelefon: + 49\" \/>\n<meta property=\"og:url\" content=\"https:\/\/www.bredent-implants.com\/tr\/marka\/\" \/>\n<meta property=\"article:publisher\" content=\"https:\/\/www.facebook.com\/bredent-group-International-766435650174845\/?ref=bookmarks\" \/>\n<meta property=\"article:modified_time\" content=\"2021-06-16T12:54:07+00:00\" \/>\n<meta name=\"twitter:card\" content=\"summary_large_image\" \/>\n<meta name=\"twitter:label1\" content=\"Tahmini okuma s\u00fcresi\" \/>\n\t<meta name=\"twitter:data1\" content=\"3 dakika\" \/>\n<script type=\"application\/ld+json\" class=\"yoast-schema-graph\">{\"@context\":\"https:\\\/\\\/schema.org\",\"@graph\":[{\"@type\":\"WebPage\",\"@id\":\"https:\\\/\\\/www.bredent-implants.com\\\/tr\\\/marka\\\/\",\"url\":\"https:\\\/\\\/www.bredent-implants.com\\\/tr\\\/marka\\\/\",\"name\":\"Marka -\",\"isPartOf\":{\"@id\":\"https:\\\/\\\/www.bredent-implants.com\\\/#website\"},\"datePublished\":\"2020-01-10T15:58:08+00:00\",\"dateModified\":\"2021-06-16T12:54:07+00:00\",\"description\":\"Alman Telemedya Yasas\u0131 (TMG) 5. Maddesi Uyar\u0131nca Bilgilendirme bredent medical GmbH &amp; Co. KGWeissenhorner Strasse 289250 Senden GermanyTelefon: + 49\",\"breadcrumb\":{\"@id\":\"https:\\\/\\\/www.bredent-implants.com\\\/tr\\\/marka\\\/#breadcrumb\"},\"inLanguage\":\"tr\",\"potentialAction\":[{\"@type\":\"ReadAction\",\"target\":[\"https:\\\/\\\/www.bredent-implants.com\\\/tr\\\/marka\\\/\"]}]},{\"@type\":\"BreadcrumbList\",\"@id\":\"https:\\\/\\\/www.bredent-implants.com\\\/tr\\\/marka\\\/#breadcrumb\",\"itemListElement\":[{\"@type\":\"ListItem\",\"position\":1,\"name\":\"Home\",\"item\":\"https:\\\/\\\/www.bredent-implants.com\\\/tr\\\/\"},{\"@type\":\"ListItem\",\"position\":2,\"name\":\"Marka\"}]},{\"@type\":\"WebSite\",\"@id\":\"https:\\\/\\\/www.bredent-implants.com\\\/#website\",\"url\":\"https:\\\/\\\/www.bredent-implants.com\\\/\",\"name\":\"\",\"description\":\"bredent medical implants\",\"publisher\":{\"@id\":\"https:\\\/\\\/www.bredent-implants.com\\\/#organization\"},\"potentialAction\":[{\"@type\":\"SearchAction\",\"target\":{\"@type\":\"EntryPoint\",\"urlTemplate\":\"https:\\\/\\\/www.bredent-implants.com\\\/?s={search_term_string}\"},\"query-input\":{\"@type\":\"PropertyValueSpecification\",\"valueRequired\":true,\"valueName\":\"search_term_string\"}}],\"inLanguage\":\"tr\"},{\"@type\":\"Organization\",\"@id\":\"https:\\\/\\\/www.bredent-implants.com\\\/#organization\",\"name\":\"bredent GmbH & Co.KG\",\"url\":\"https:\\\/\\\/www.bredent-implants.com\\\/\",\"logo\":{\"@type\":\"ImageObject\",\"inLanguage\":\"tr\",\"@id\":\"https:\\\/\\\/www.bredent-implants.com\\\/#\\\/schema\\\/logo\\\/image\\\/\",\"url\":\"https:\\\/\\\/www.bredent-implants.com\\\/wp-content\\\/uploads\\\/2019\\\/03\\\/bredent-group-Black-Logo-PNG-file.png\",\"contentUrl\":\"https:\\\/\\\/www.bredent-implants.com\\\/wp-content\\\/uploads\\\/2019\\\/03\\\/bredent-group-Black-Logo-PNG-file.png\",\"width\":1579,\"height\":330,\"caption\":\"bredent GmbH & Co.KG\"},\"image\":{\"@id\":\"https:\\\/\\\/www.bredent-implants.com\\\/#\\\/schema\\\/logo\\\/image\\\/\"},\"sameAs\":[\"https:\\\/\\\/www.facebook.com\\\/bredent-group-International-766435650174845\\\/?ref=bookmarks\",\"https:\\\/\\\/www.youtube.com\\\/user\\\/bredentgroup\"]}]}<\/script>\n<!-- \/ Yoast SEO plugin. -->","yoast_head_json":{"title":"Marka -","description":"Alman Telemedya Yasas\u0131 (TMG) 5. Maddesi Uyar\u0131nca Bilgilendirme bredent medical GmbH &amp; Co. KGWeissenhorner Strasse 289250 Senden GermanyTelefon: + 49","robots":{"index":"index","follow":"follow","max-snippet":"max-snippet:-1","max-image-preview":"max-image-preview:large","max-video-preview":"max-video-preview:-1"},"canonical":"https:\/\/www.bredent-implants.com\/tr\/marka\/","og_locale":"tr_TR","og_type":"article","og_title":"Marka -","og_description":"Alman Telemedya Yasas\u0131 (TMG) 5. Maddesi Uyar\u0131nca Bilgilendirme bredent medical GmbH &amp; Co. KGWeissenhorner Strasse 289250 Senden GermanyTelefon: + 49","og_url":"https:\/\/www.bredent-implants.com\/tr\/marka\/","article_publisher":"https:\/\/www.facebook.com\/bredent-group-International-766435650174845\/?ref=bookmarks","article_modified_time":"2021-06-16T12:54:07+00:00","twitter_card":"summary_large_image","twitter_misc":{"Tahmini okuma s\u00fcresi":"3 dakika"},"schema":{"@context":"https:\/\/schema.org","@graph":[{"@type":"WebPage","@id":"https:\/\/www.bredent-implants.com\/tr\/marka\/","url":"https:\/\/www.bredent-implants.com\/tr\/marka\/","name":"Marka -","isPartOf":{"@id":"https:\/\/www.bredent-implants.com\/#website"},"datePublished":"2020-01-10T15:58:08+00:00","dateModified":"2021-06-16T12:54:07+00:00","description":"Alman Telemedya Yasas\u0131 (TMG) 5. Maddesi Uyar\u0131nca Bilgilendirme bredent medical GmbH &amp; Co. KGWeissenhorner Strasse 289250 Senden GermanyTelefon: + 49","breadcrumb":{"@id":"https:\/\/www.bredent-implants.com\/tr\/marka\/#breadcrumb"},"inLanguage":"tr","potentialAction":[{"@type":"ReadAction","target":["https:\/\/www.bredent-implants.com\/tr\/marka\/"]}]},{"@type":"BreadcrumbList","@id":"https:\/\/www.bredent-implants.com\/tr\/marka\/#breadcrumb","itemListElement":[{"@type":"ListItem","position":1,"name":"Home","item":"https:\/\/www.bredent-implants.com\/tr\/"},{"@type":"ListItem","position":2,"name":"Marka"}]},{"@type":"WebSite","@id":"https:\/\/www.bredent-implants.com\/#website","url":"https:\/\/www.bredent-implants.com\/","name":"","description":"bredent medical implants","publisher":{"@id":"https:\/\/www.bredent-implants.com\/#organization"},"potentialAction":[{"@type":"SearchAction","target":{"@type":"EntryPoint","urlTemplate":"https:\/\/www.bredent-implants.com\/?s={search_term_string}"},"query-input":{"@type":"PropertyValueSpecification","valueRequired":true,"valueName":"search_term_string"}}],"inLanguage":"tr"},{"@type":"Organization","@id":"https:\/\/www.bredent-implants.com\/#organization","name":"bredent GmbH & Co.KG","url":"https:\/\/www.bredent-implants.com\/","logo":{"@type":"ImageObject","inLanguage":"tr","@id":"https:\/\/www.bredent-implants.com\/#\/schema\/logo\/image\/","url":"https:\/\/www.bredent-implants.com\/wp-content\/uploads\/2019\/03\/bredent-group-Black-Logo-PNG-file.png","contentUrl":"https:\/\/www.bredent-implants.com\/wp-content\/uploads\/2019\/03\/bredent-group-Black-Logo-PNG-file.png","width":1579,"height":330,"caption":"bredent GmbH & Co.KG"},"image":{"@id":"https:\/\/www.bredent-implants.com\/#\/schema\/logo\/image\/"},"sameAs":["https:\/\/www.facebook.com\/bredent-group-International-766435650174845\/?ref=bookmarks","https:\/\/www.youtube.com\/user\/bredentgroup"]}]}},"_links":{"self":[{"href":"https:\/\/www.bredent-implants.com\/tr\/wp-json\/wp\/v2\/pages\/18843","targetHints":{"allow":["GET"]}}],"collection":[{"href":"https:\/\/www.bredent-implants.com\/tr\/wp-json\/wp\/v2\/pages"}],"about":[{"href":"https:\/\/www.bredent-implants.com\/tr\/wp-json\/wp\/v2\/types\/page"}],"author":[{"embeddable":true,"href":"https:\/\/www.bredent-implants.com\/tr\/wp-json\/wp\/v2\/users\/2"}],"replies":[{"embeddable":true,"href":"https:\/\/www.bredent-implants.com\/tr\/wp-json\/wp\/v2\/comments?post=18843"}],"version-history":[{"count":0,"href":"https:\/\/www.bredent-implants.com\/tr\/wp-json\/wp\/v2\/pages\/18843\/revisions"}],"wp:attachment":[{"href":"https:\/\/www.bredent-implants.com\/tr\/wp-json\/wp\/v2\/media?parent=18843"}],"curies":[{"name":"wp","href":"https:\/\/api.w.org\/{rel}","templated":true}]}}