{"id":17992,"date":"2020-01-06T12:34:01","date_gmt":"2020-01-06T12:34:01","guid":{"rendered":"https:\/\/www.bredent-implants.com\/urunler-cozumler\/yardimci-araclar\/tam-kapsamli-anahtar-seti-universal-screwdriver-seti\/"},"modified":"2025-05-20T14:18:47","modified_gmt":"2025-05-20T12:18:47","slug":"tam-kapsamli-anahtar-seti-universal-screwdriver-seti","status":"publish","type":"page","link":"https:\/\/www.bredent-implants.com\/tr\/urunler-cozumler\/yardimci-araclar\/tam-kapsamli-anahtar-seti-universal-screwdriver-seti\/","title":{"rendered":"Tam Kapsaml\u0131 Anahtar Seti &#8211; Universal Screwdriver Seti"},"content":{"rendered":"\t\t<div data-elementor-type=\"wp-post\" data-elementor-id=\"17992\" class=\"elementor elementor-17992\" data-elementor-post-type=\"page\">\n\t\t\t\t\t\t<section class=\"elementor-section elementor-top-section elementor-element elementor-element-b788f94 elementor-section-height-min-height elementor-section-boxed elementor-section-height-default elementor-section-items-middle\" data-id=\"b788f94\" data-element_type=\"section\" data-e-type=\"section\" data-settings=\"{&quot;background_background&quot;:&quot;classic&quot;}\">\n\t\t\t\t\t\t<div class=\"elementor-container elementor-column-gap-default\">\n\t\t\t\t\t<div class=\"elementor-column elementor-col-100 elementor-top-column elementor-element elementor-element-939cb95\" data-id=\"939cb95\" data-element_type=\"column\" data-e-type=\"column\">\n\t\t\t<div class=\"elementor-widget-wrap elementor-element-populated\">\n\t\t\t\t\t\t<div class=\"elementor-element elementor-element-48ae6cd elementor-widget elementor-widget-breadcrumbs\" data-id=\"48ae6cd\" data-element_type=\"widget\" data-e-type=\"widget\" data-widget_type=\"breadcrumbs.default\">\n\t\t\t\t<div class=\"elementor-widget-container\">\n\t\t\t\t\t<p id=\"breadcrumbs\"><span><span><a href=\"https:\/\/www.bredent-implants.com\/tr\/\">Home<\/a><\/span><\/span><\/p>\t\t\t\t<\/div>\n\t\t\t\t<\/div>\n\t\t\t\t\t<\/div>\n\t\t<\/div>\n\t\t\t\t\t<\/div>\n\t\t<\/section>\n\t\t\t\t<section class=\"elementor-section elementor-top-section elementor-element elementor-element-95b40de elementor-section-height-min-height elementor-section-stretched elementor-reverse-mobile elementor-section-boxed elementor-section-height-default elementor-section-items-middle\" data-id=\"95b40de\" data-element_type=\"section\" data-e-type=\"section\" data-settings=\"{&quot;background_background&quot;:&quot;classic&quot;,&quot;stretch_section&quot;:&quot;section-stretched&quot;}\">\n\t\t\t\t\t\t<div class=\"elementor-container elementor-column-gap-default\">\n\t\t\t\t\t<div class=\"elementor-column elementor-col-50 elementor-top-column elementor-element elementor-element-5edf7d8 elementor-invisible\" data-id=\"5edf7d8\" data-element_type=\"column\" data-e-type=\"column\" data-settings=\"{&quot;animation&quot;:&quot;zoomIn&quot;,&quot;animation_delay&quot;:200}\">\n\t\t\t<div class=\"elementor-widget-wrap elementor-element-populated\">\n\t\t\t\t<div class=\"elementor-element elementor-element-2f69d5c e-flex e-con-boxed e-con e-parent\" data-id=\"2f69d5c\" data-element_type=\"container\" data-e-type=\"container\" data-settings=\"{&quot;background_background&quot;:&quot;classic&quot;}\">\n\t\t\t\t\t<div class=\"e-con-inner\">\n\t\t\t\t<div class=\"elementor-element elementor-element-f682130 elementor-widget elementor-widget-heading\" data-id=\"f682130\" data-element_type=\"widget\" data-e-type=\"widget\" data-widget_type=\"heading.default\">\n\t\t\t\t<div class=\"elementor-widget-container\">\n\t\t\t\t\t<h2 class=\"elementor-heading-title elementor-size-default\">Full Range Driver-Kit<\/h2>\t\t\t\t<\/div>\n\t\t\t\t<\/div>\n\t\t\t\t<div class=\"elementor-element elementor-element-e329a87 elementor-widget elementor-widget-heading\" data-id=\"e329a87\" data-element_type=\"widget\" data-e-type=\"widget\" data-widget_type=\"heading.default\">\n\t\t\t\t<div class=\"elementor-widget-container\">\n\t\t\t\t\t<h1 class=\"elementor-heading-title elementor-size-default\">Universal Screwdriver Seti<\/h1>\t\t\t\t<\/div>\n\t\t\t\t<\/div>\n\t\t\t\t\t<\/div>\n\t\t\t\t<\/div>\n\t\t\t\t\t<\/div>\n\t\t<\/div>\n\t\t\t\t<div class=\"elementor-column elementor-col-50 elementor-top-column elementor-element elementor-element-70bb60c\" data-id=\"70bb60c\" data-element_type=\"column\" data-e-type=\"column\">\n\t\t\t<div class=\"elementor-widget-wrap elementor-element-populated\">\n\t\t\t\t\t\t<div class=\"elementor-element elementor-element-e08da4e elementor-widget elementor-widget-image\" data-id=\"e08da4e\" data-element_type=\"widget\" data-e-type=\"widget\" data-widget_type=\"image.default\">\n\t\t\t\t<div class=\"elementor-widget-container\">\n\t\t\t\t\t\t\t\t\t\t\t\t\t\t\t<img fetchpriority=\"high\" decoding=\"async\" width=\"1200\" height=\"1338\" src=\"https:\/\/www.bredent-implants.com\/wp-content\/uploads\/2025\/05\/Full-range-drive-kit-cover-bredent-medical.jpg\" class=\"attachment-full size-full wp-image-79444\" alt=\"\" \/>\t\t\t\t\t\t\t\t\t\t\t\t\t\t\t<\/div>\n\t\t\t\t<\/div>\n\t\t\t\t\t<\/div>\n\t\t<\/div>\n\t\t\t\t\t<\/div>\n\t\t<\/section>\n\t\t<div class=\"elementor-element elementor-element-5041aa4 e-flex e-con-boxed e-con e-parent\" data-id=\"5041aa4\" data-element_type=\"container\" data-e-type=\"container\">\n\t\t\t\t\t<div class=\"e-con-inner\">\n\t\t<div class=\"elementor-element elementor-element-dfc4418 e-con-full e-flex e-con e-child\" data-id=\"dfc4418\" data-element_type=\"container\" data-e-type=\"container\" data-settings=\"{&quot;background_background&quot;:&quot;classic&quot;}\">\n\t\t<div class=\"elementor-element elementor-element-0306191 e-con-full e-flex e-con e-child\" data-id=\"0306191\" data-element_type=\"container\" data-e-type=\"container\" data-settings=\"{&quot;background_background&quot;:&quot;classic&quot;}\">\n\t\t<div class=\"elementor-element elementor-element-94c2033 e-con-full e-flex e-con e-child\" data-id=\"94c2033\" data-element_type=\"container\" data-e-type=\"container\">\n\t\t<div class=\"elementor-element elementor-element-4c0a92b e-con-full e-flex e-con e-child\" data-id=\"4c0a92b\" data-element_type=\"container\" data-e-type=\"container\">\n\t\t\t\t<div class=\"elementor-element elementor-element-e0a63ed elementor-widget elementor-widget-image\" data-id=\"e0a63ed\" data-element_type=\"widget\" data-e-type=\"widget\" data-widget_type=\"image.default\">\n\t\t\t\t<div class=\"elementor-widget-container\">\n\t\t\t\t\t\t\t\t\t\t\t\t\t\t\t<img decoding=\"async\" width=\"823\" height=\"1200\" src=\"https:\/\/www.bredent-implants.com\/wp-content\/uploads\/2025\/05\/Full-range-drive-kit-open-bredent-medical.jpg\" class=\"attachment-full size-full wp-image-79436\" alt=\"\" \/>\t\t\t\t\t\t\t\t\t\t\t\t\t\t\t<\/div>\n\t\t\t\t<\/div>\n\t\t\t\t<\/div>\n\t\t<div class=\"elementor-element elementor-element-5ebf7f0 e-con-full e-flex e-con e-child\" data-id=\"5ebf7f0\" data-element_type=\"container\" data-e-type=\"container\">\n\t\t\t\t<div class=\"elementor-element elementor-element-e1e3c47 elementor-widget elementor-widget-heading\" data-id=\"e1e3c47\" data-element_type=\"widget\" data-e-type=\"widget\" data-widget_type=\"heading.default\">\n\t\t\t\t<div class=\"elementor-widget-container\">\n\t\t\t\t\t<h2 class=\"elementor-heading-title elementor-size-default\">T\u00fcm SKY sistemleri i\u00e7in bir protez tablas\u0131<\/h2>\t\t\t\t<\/div>\n\t\t\t\t<\/div>\n\t\t\t\t<div class=\"elementor-element elementor-element-ec3c723 elementor-widget elementor-widget-text-editor\" data-id=\"ec3c723\" data-element_type=\"widget\" data-e-type=\"widget\" data-widget_type=\"text-editor.default\">\n\t\t\t\t<div class=\"elementor-widget-container\">\n\t\t\t\t\t\t\t\t\t<p><span data-olk-copy-source=\"MessageBody\">Full Range S\u00fcr\u00fcc\u00fc Kiti copaSKY ve SKY sistemleri i\u00e7in protez anahtarlar\u0131n\u0131n yan\u0131 s\u0131ra SKY mandal\u0131n\u0131 da i\u00e7erir. Tepsi makinede temizlenebilir ve bu nedenle t\u00fcm hijyen d\u00fczenlemelerine uygundur. <\/span><\/p>\n<p><span data-olk-copy-source=\"MessageBody\">Tepsi, \u00fcr\u00fcnlerin net bir \u015fekilde d\u00fczenlenmesini ve tornavidalar, adapt\u00f6rler vb. gibi di\u011fer aletler i\u00e7in ek alan sa\u011flar.<\/span><\/p>\n\t\t\t\t\t\t\t\t<\/div>\n\t\t\t\t<\/div>\n\t\t\t\t<\/div>\n\t\t\t\t<\/div>\n\t\t\t\t<\/div>\n\t\t\t\t<\/div>\n\t\t\t\t\t<\/div>\n\t\t\t\t<\/div>\n\t\t<div class=\"elementor-element elementor-element-cba5f23 e-flex e-con-boxed e-con e-parent\" data-id=\"cba5f23\" data-element_type=\"container\" data-e-type=\"container\">\n\t\t\t\t\t<div class=\"e-con-inner\">\n\t\t<div class=\"elementor-element elementor-element-a95cd63 e-con-full e-flex e-con e-child\" data-id=\"a95cd63\" data-element_type=\"container\" data-e-type=\"container\" data-settings=\"{&quot;background_background&quot;:&quot;classic&quot;}\">\n\t\t<div class=\"elementor-element elementor-element-5c54147 e-con-full e-flex e-con e-child\" data-id=\"5c54147\" data-element_type=\"container\" data-e-type=\"container\" data-settings=\"{&quot;background_background&quot;:&quot;classic&quot;}\">\n\t\t\t\t<div class=\"elementor-element elementor-element-bc38a29 elementor-widget elementor-widget-image\" data-id=\"bc38a29\" data-element_type=\"widget\" data-e-type=\"widget\" data-widget_type=\"image.default\">\n\t\t\t\t<div class=\"elementor-widget-container\">\n\t\t\t\t\t\t\t\t\t\t\t\t\t\t\t<img decoding=\"async\" width=\"706\" height=\"600\" src=\"https:\/\/www.bredent-implants.com\/wp-content\/uploads\/2025\/05\/Thermo-Disinfector-full-range-driver-kit-bredent-medical.png\" class=\"attachment-full size-full wp-image-79460\" alt=\"\" \/>\t\t\t\t\t\t\t\t\t\t\t\t\t\t\t<\/div>\n\t\t\t\t<\/div>\n\t\t\t\t<\/div>\n\t\t\t\t<\/div>\n\t\t\t\t\t<\/div>\n\t\t\t\t<\/div>\n\t\t\t\t<\/div>\n\t\t","protected":false},"excerpt":{"rendered":"<p>Full Range Driver-Kit Universal Screwdriver Seti T\u00fcm SKY sistemleri i\u00e7in bir protez tablas\u0131 Full Range S\u00fcr\u00fcc\u00fc Kiti copaSKY ve SKY sistemleri i\u00e7in protez anahtarlar\u0131n\u0131n yan\u0131 s\u0131ra SKY mandal\u0131n\u0131 da i\u00e7erir. Tepsi makinede temizlenebilir ve bu nedenle t\u00fcm hijyen d\u00fczenlemelerine uygundur. Tepsi, \u00fcr\u00fcnlerin net bir \u015fekilde d\u00fczenlenmesini ve tornavidalar, adapt\u00f6rler vb. gibi di\u011fer aletler i\u00e7in ek [&hellip;]<\/p>\n","protected":false},"author":2,"featured_media":17997,"parent":17759,"menu_order":2,"comment_status":"closed","ping_status":"closed","template":"elementor_header_footer","meta":{"footnotes":""},"class_list":["post-17992","page","type-page","status-publish","has-post-thumbnail","hentry"],"yoast_head":"<!-- This site is optimized with the Yoast SEO plugin v27.3 - https:\/\/yoast.com\/product\/yoast-seo-wordpress\/ -->\n<title>Tam Kapsaml\u0131 Anahtar Seti - Universal Screwdriver Seti -<\/title>\n<meta name=\"description\" content=\"T\u00fcm implant sistemleri i\u00e7in tek kompakt screwdriver seti Bu set, bredent grup&#039;un ba\u015far\u0131l\u0131 screwdriver setinin yeni bir versiyonudur.\" \/>\n<meta name=\"robots\" content=\"index, follow, max-snippet:-1, max-image-preview:large, max-video-preview:-1\" \/>\n<link rel=\"canonical\" href=\"https:\/\/www.bredent-implants.com\/tr\/urunler-cozumler\/yardimci-araclar\/tam-kapsamli-anahtar-seti-universal-screwdriver-seti\/\" \/>\n<meta property=\"og:locale\" content=\"tr_TR\" \/>\n<meta property=\"og:type\" content=\"article\" \/>\n<meta property=\"og:title\" content=\"Tam Kapsaml\u0131 Anahtar Seti - Universal Screwdriver Seti -\" \/>\n<meta property=\"og:description\" content=\"T\u00fcm implant sistemleri i\u00e7in tek kompakt screwdriver seti Bu set, bredent grup&#039;un ba\u015far\u0131l\u0131 screwdriver setinin yeni bir versiyonudur.\" \/>\n<meta property=\"og:url\" content=\"https:\/\/www.bredent-implants.com\/tr\/urunler-cozumler\/yardimci-araclar\/tam-kapsamli-anahtar-seti-universal-screwdriver-seti\/\" \/>\n<meta property=\"article:publisher\" content=\"https:\/\/www.facebook.com\/bredent-group-International-766435650174845\/?ref=bookmarks\" \/>\n<meta property=\"article:modified_time\" content=\"2025-05-20T12:18:47+00:00\" \/>\n<meta property=\"og:image\" content=\"https:\/\/www.bredent-implants.com\/wp-content\/uploads\/2019\/03\/FullRangeDriverKit_cover-web.png\" \/>\n\t<meta property=\"og:image:width\" content=\"800\" \/>\n\t<meta property=\"og:image:height\" content=\"784\" \/>\n\t<meta property=\"og:image:type\" content=\"image\/png\" \/>\n<meta name=\"twitter:card\" content=\"summary_large_image\" \/>\n<meta name=\"twitter:label1\" content=\"Tahmini okuma s\u00fcresi\" \/>\n\t<meta name=\"twitter:data1\" content=\"2 dakika\" \/>\n<script type=\"application\/ld+json\" class=\"yoast-schema-graph\">{\"@context\":\"https:\\\/\\\/schema.org\",\"@graph\":[{\"@type\":\"WebPage\",\"@id\":\"https:\\\/\\\/www.bredent-implants.com\\\/tr\\\/urunler-cozumler\\\/yardimci-araclar\\\/tam-kapsamli-anahtar-seti-universal-screwdriver-seti\\\/\",\"url\":\"https:\\\/\\\/www.bredent-implants.com\\\/tr\\\/urunler-cozumler\\\/yardimci-araclar\\\/tam-kapsamli-anahtar-seti-universal-screwdriver-seti\\\/\",\"name\":\"Tam Kapsaml\u0131 Anahtar Seti - Universal Screwdriver Seti -\",\"isPartOf\":{\"@id\":\"https:\\\/\\\/www.bredent-implants.com\\\/#website\"},\"primaryImageOfPage\":{\"@id\":\"https:\\\/\\\/www.bredent-implants.com\\\/tr\\\/urunler-cozumler\\\/yardimci-araclar\\\/tam-kapsamli-anahtar-seti-universal-screwdriver-seti\\\/#primaryimage\"},\"image\":{\"@id\":\"https:\\\/\\\/www.bredent-implants.com\\\/tr\\\/urunler-cozumler\\\/yardimci-araclar\\\/tam-kapsamli-anahtar-seti-universal-screwdriver-seti\\\/#primaryimage\"},\"thumbnailUrl\":\"https:\\\/\\\/www.bredent-implants.com\\\/wp-content\\\/uploads\\\/2019\\\/03\\\/FullRangeDriverKit_cover-web.png\",\"datePublished\":\"2020-01-06T12:34:01+00:00\",\"dateModified\":\"2025-05-20T12:18:47+00:00\",\"description\":\"T\u00fcm implant sistemleri i\u00e7in tek kompakt screwdriver seti Bu set, bredent grup'un ba\u015far\u0131l\u0131 screwdriver setinin yeni bir versiyonudur.\",\"breadcrumb\":{\"@id\":\"https:\\\/\\\/www.bredent-implants.com\\\/tr\\\/urunler-cozumler\\\/yardimci-araclar\\\/tam-kapsamli-anahtar-seti-universal-screwdriver-seti\\\/#breadcrumb\"},\"inLanguage\":\"tr\",\"potentialAction\":[{\"@type\":\"ReadAction\",\"target\":[\"https:\\\/\\\/www.bredent-implants.com\\\/tr\\\/urunler-cozumler\\\/yardimci-araclar\\\/tam-kapsamli-anahtar-seti-universal-screwdriver-seti\\\/\"]}]},{\"@type\":\"ImageObject\",\"inLanguage\":\"tr\",\"@id\":\"https:\\\/\\\/www.bredent-implants.com\\\/tr\\\/urunler-cozumler\\\/yardimci-araclar\\\/tam-kapsamli-anahtar-seti-universal-screwdriver-seti\\\/#primaryimage\",\"url\":\"https:\\\/\\\/www.bredent-implants.com\\\/wp-content\\\/uploads\\\/2019\\\/03\\\/FullRangeDriverKit_cover-web.png\",\"contentUrl\":\"https:\\\/\\\/www.bredent-implants.com\\\/wp-content\\\/uploads\\\/2019\\\/03\\\/FullRangeDriverKit_cover-web.png\",\"width\":800,\"height\":784,\"caption\":\"Full Range Driver-Kit by bredent-medical\"},{\"@type\":\"BreadcrumbList\",\"@id\":\"https:\\\/\\\/www.bredent-implants.com\\\/tr\\\/urunler-cozumler\\\/yardimci-araclar\\\/tam-kapsamli-anahtar-seti-universal-screwdriver-seti\\\/#breadcrumb\",\"itemListElement\":[{\"@type\":\"ListItem\",\"position\":1,\"name\":\"Home\",\"item\":\"https:\\\/\\\/www.bredent-implants.com\\\/tr\\\/\"},{\"@type\":\"ListItem\",\"position\":2,\"name\":\"Tam Kapsaml\u0131 Anahtar Seti &#8211; Universal Screwdriver Seti\"}]},{\"@type\":\"WebSite\",\"@id\":\"https:\\\/\\\/www.bredent-implants.com\\\/#website\",\"url\":\"https:\\\/\\\/www.bredent-implants.com\\\/\",\"name\":\"\",\"description\":\"bredent medical implants\",\"publisher\":{\"@id\":\"https:\\\/\\\/www.bredent-implants.com\\\/#organization\"},\"potentialAction\":[{\"@type\":\"SearchAction\",\"target\":{\"@type\":\"EntryPoint\",\"urlTemplate\":\"https:\\\/\\\/www.bredent-implants.com\\\/?s={search_term_string}\"},\"query-input\":{\"@type\":\"PropertyValueSpecification\",\"valueRequired\":true,\"valueName\":\"search_term_string\"}}],\"inLanguage\":\"tr\"},{\"@type\":\"Organization\",\"@id\":\"https:\\\/\\\/www.bredent-implants.com\\\/#organization\",\"name\":\"bredent GmbH & Co.KG\",\"url\":\"https:\\\/\\\/www.bredent-implants.com\\\/\",\"logo\":{\"@type\":\"ImageObject\",\"inLanguage\":\"tr\",\"@id\":\"https:\\\/\\\/www.bredent-implants.com\\\/#\\\/schema\\\/logo\\\/image\\\/\",\"url\":\"https:\\\/\\\/www.bredent-implants.com\\\/wp-content\\\/uploads\\\/2019\\\/03\\\/bredent-group-Black-Logo-PNG-file.png\",\"contentUrl\":\"https:\\\/\\\/www.bredent-implants.com\\\/wp-content\\\/uploads\\\/2019\\\/03\\\/bredent-group-Black-Logo-PNG-file.png\",\"width\":1579,\"height\":330,\"caption\":\"bredent GmbH & Co.KG\"},\"image\":{\"@id\":\"https:\\\/\\\/www.bredent-implants.com\\\/#\\\/schema\\\/logo\\\/image\\\/\"},\"sameAs\":[\"https:\\\/\\\/www.facebook.com\\\/bredent-group-International-766435650174845\\\/?ref=bookmarks\",\"https:\\\/\\\/www.youtube.com\\\/user\\\/bredentgroup\"]}]}<\/script>\n<!-- \/ Yoast SEO plugin. -->","yoast_head_json":{"title":"Tam Kapsaml\u0131 Anahtar Seti - Universal Screwdriver Seti -","description":"T\u00fcm implant sistemleri i\u00e7in tek kompakt screwdriver seti Bu set, bredent grup'un ba\u015far\u0131l\u0131 screwdriver setinin yeni bir versiyonudur.","robots":{"index":"index","follow":"follow","max-snippet":"max-snippet:-1","max-image-preview":"max-image-preview:large","max-video-preview":"max-video-preview:-1"},"canonical":"https:\/\/www.bredent-implants.com\/tr\/urunler-cozumler\/yardimci-araclar\/tam-kapsamli-anahtar-seti-universal-screwdriver-seti\/","og_locale":"tr_TR","og_type":"article","og_title":"Tam Kapsaml\u0131 Anahtar Seti - Universal Screwdriver Seti -","og_description":"T\u00fcm implant sistemleri i\u00e7in tek kompakt screwdriver seti Bu set, bredent grup'un ba\u015far\u0131l\u0131 screwdriver setinin yeni bir versiyonudur.","og_url":"https:\/\/www.bredent-implants.com\/tr\/urunler-cozumler\/yardimci-araclar\/tam-kapsamli-anahtar-seti-universal-screwdriver-seti\/","article_publisher":"https:\/\/www.facebook.com\/bredent-group-International-766435650174845\/?ref=bookmarks","article_modified_time":"2025-05-20T12:18:47+00:00","og_image":[{"width":800,"height":784,"url":"https:\/\/www.bredent-implants.com\/wp-content\/uploads\/2019\/03\/FullRangeDriverKit_cover-web.png","type":"image\/png"}],"twitter_card":"summary_large_image","twitter_misc":{"Tahmini okuma s\u00fcresi":"2 dakika"},"schema":{"@context":"https:\/\/schema.org","@graph":[{"@type":"WebPage","@id":"https:\/\/www.bredent-implants.com\/tr\/urunler-cozumler\/yardimci-araclar\/tam-kapsamli-anahtar-seti-universal-screwdriver-seti\/","url":"https:\/\/www.bredent-implants.com\/tr\/urunler-cozumler\/yardimci-araclar\/tam-kapsamli-anahtar-seti-universal-screwdriver-seti\/","name":"Tam Kapsaml\u0131 Anahtar Seti - Universal Screwdriver Seti -","isPartOf":{"@id":"https:\/\/www.bredent-implants.com\/#website"},"primaryImageOfPage":{"@id":"https:\/\/www.bredent-implants.com\/tr\/urunler-cozumler\/yardimci-araclar\/tam-kapsamli-anahtar-seti-universal-screwdriver-seti\/#primaryimage"},"image":{"@id":"https:\/\/www.bredent-implants.com\/tr\/urunler-cozumler\/yardimci-araclar\/tam-kapsamli-anahtar-seti-universal-screwdriver-seti\/#primaryimage"},"thumbnailUrl":"https:\/\/www.bredent-implants.com\/wp-content\/uploads\/2019\/03\/FullRangeDriverKit_cover-web.png","datePublished":"2020-01-06T12:34:01+00:00","dateModified":"2025-05-20T12:18:47+00:00","description":"T\u00fcm implant sistemleri i\u00e7in tek kompakt screwdriver seti Bu set, bredent grup'un ba\u015far\u0131l\u0131 screwdriver setinin yeni bir versiyonudur.","breadcrumb":{"@id":"https:\/\/www.bredent-implants.com\/tr\/urunler-cozumler\/yardimci-araclar\/tam-kapsamli-anahtar-seti-universal-screwdriver-seti\/#breadcrumb"},"inLanguage":"tr","potentialAction":[{"@type":"ReadAction","target":["https:\/\/www.bredent-implants.com\/tr\/urunler-cozumler\/yardimci-araclar\/tam-kapsamli-anahtar-seti-universal-screwdriver-seti\/"]}]},{"@type":"ImageObject","inLanguage":"tr","@id":"https:\/\/www.bredent-implants.com\/tr\/urunler-cozumler\/yardimci-araclar\/tam-kapsamli-anahtar-seti-universal-screwdriver-seti\/#primaryimage","url":"https:\/\/www.bredent-implants.com\/wp-content\/uploads\/2019\/03\/FullRangeDriverKit_cover-web.png","contentUrl":"https:\/\/www.bredent-implants.com\/wp-content\/uploads\/2019\/03\/FullRangeDriverKit_cover-web.png","width":800,"height":784,"caption":"Full Range Driver-Kit by bredent-medical"},{"@type":"BreadcrumbList","@id":"https:\/\/www.bredent-implants.com\/tr\/urunler-cozumler\/yardimci-araclar\/tam-kapsamli-anahtar-seti-universal-screwdriver-seti\/#breadcrumb","itemListElement":[{"@type":"ListItem","position":1,"name":"Home","item":"https:\/\/www.bredent-implants.com\/tr\/"},{"@type":"ListItem","position":2,"name":"Tam Kapsaml\u0131 Anahtar Seti &#8211; Universal Screwdriver Seti"}]},{"@type":"WebSite","@id":"https:\/\/www.bredent-implants.com\/#website","url":"https:\/\/www.bredent-implants.com\/","name":"","description":"bredent medical implants","publisher":{"@id":"https:\/\/www.bredent-implants.com\/#organization"},"potentialAction":[{"@type":"SearchAction","target":{"@type":"EntryPoint","urlTemplate":"https:\/\/www.bredent-implants.com\/?s={search_term_string}"},"query-input":{"@type":"PropertyValueSpecification","valueRequired":true,"valueName":"search_term_string"}}],"inLanguage":"tr"},{"@type":"Organization","@id":"https:\/\/www.bredent-implants.com\/#organization","name":"bredent GmbH & Co.KG","url":"https:\/\/www.bredent-implants.com\/","logo":{"@type":"ImageObject","inLanguage":"tr","@id":"https:\/\/www.bredent-implants.com\/#\/schema\/logo\/image\/","url":"https:\/\/www.bredent-implants.com\/wp-content\/uploads\/2019\/03\/bredent-group-Black-Logo-PNG-file.png","contentUrl":"https:\/\/www.bredent-implants.com\/wp-content\/uploads\/2019\/03\/bredent-group-Black-Logo-PNG-file.png","width":1579,"height":330,"caption":"bredent GmbH & Co.KG"},"image":{"@id":"https:\/\/www.bredent-implants.com\/#\/schema\/logo\/image\/"},"sameAs":["https:\/\/www.facebook.com\/bredent-group-International-766435650174845\/?ref=bookmarks","https:\/\/www.youtube.com\/user\/bredentgroup"]}]}},"_links":{"self":[{"href":"https:\/\/www.bredent-implants.com\/tr\/wp-json\/wp\/v2\/pages\/17992","targetHints":{"allow":["GET"]}}],"collection":[{"href":"https:\/\/www.bredent-implants.com\/tr\/wp-json\/wp\/v2\/pages"}],"about":[{"href":"https:\/\/www.bredent-implants.com\/tr\/wp-json\/wp\/v2\/types\/page"}],"author":[{"embeddable":true,"href":"https:\/\/www.bredent-implants.com\/tr\/wp-json\/wp\/v2\/users\/2"}],"replies":[{"embeddable":true,"href":"https:\/\/www.bredent-implants.com\/tr\/wp-json\/wp\/v2\/comments?post=17992"}],"version-history":[{"count":2,"href":"https:\/\/www.bredent-implants.com\/tr\/wp-json\/wp\/v2\/pages\/17992\/revisions"}],"predecessor-version":[{"id":79492,"href":"https:\/\/www.bredent-implants.com\/tr\/wp-json\/wp\/v2\/pages\/17992\/revisions\/79492"}],"up":[{"embeddable":true,"href":"https:\/\/www.bredent-implants.com\/tr\/wp-json\/wp\/v2\/pages\/17759"}],"wp:featuredmedia":[{"embeddable":true,"href":"https:\/\/www.bredent-implants.com\/tr\/wp-json\/wp\/v2\/media\/17997"}],"wp:attachment":[{"href":"https:\/\/www.bredent-implants.com\/tr\/wp-json\/wp\/v2\/media?parent=17992"}],"curies":[{"name":"wp","href":"https:\/\/api.w.org\/{rel}","templated":true}]}}