{"id":17819,"date":"2020-01-02T14:25:48","date_gmt":"2020-01-02T14:25:48","guid":{"rendered":"https:\/\/www.bredent-implants.com\/urunler-cozumler\/yardimci-araclar\/flow-sil-mikro-bosluk-kapatma\/"},"modified":"2025-05-22T12:13:24","modified_gmt":"2025-05-22T10:13:24","slug":"flow-sil-mikro-bosluk-kapatma","status":"publish","type":"page","link":"https:\/\/www.bredent-implants.com\/tr\/urunler-cozumler\/yardimci-araclar\/flow-sil-mikro-bosluk-kapatma\/","title":{"rendered":"Flow.sil &#8211; Mikro Bo\u015fluk Kapatma"},"content":{"rendered":"\t\t<div data-elementor-type=\"wp-post\" data-elementor-id=\"17819\" class=\"elementor elementor-17819\" data-elementor-post-type=\"page\">\n\t\t\t\t\t\t<section class=\"elementor-section elementor-top-section elementor-element elementor-element-e4d3490 elementor-section-height-min-height elementor-section-boxed elementor-section-height-default elementor-section-items-middle\" data-id=\"e4d3490\" data-element_type=\"section\" data-e-type=\"section\" data-settings=\"{&quot;background_background&quot;:&quot;classic&quot;}\">\n\t\t\t\t\t\t<div class=\"elementor-container elementor-column-gap-default\">\n\t\t\t\t\t<div class=\"elementor-column elementor-col-100 elementor-top-column elementor-element elementor-element-fde5085\" data-id=\"fde5085\" data-element_type=\"column\" data-e-type=\"column\">\n\t\t\t<div class=\"elementor-widget-wrap elementor-element-populated\">\n\t\t\t\t\t\t<div class=\"elementor-element elementor-element-b377015 elementor-widget elementor-widget-breadcrumbs\" data-id=\"b377015\" data-element_type=\"widget\" data-e-type=\"widget\" data-widget_type=\"breadcrumbs.default\">\n\t\t\t\t<div class=\"elementor-widget-container\">\n\t\t\t\t\t<p id=\"breadcrumbs\"><span><span><a href=\"https:\/\/www.bredent-implants.com\/tr\/\">Home<\/a><\/span><\/span><\/p>\t\t\t\t<\/div>\n\t\t\t\t<\/div>\n\t\t\t\t\t<\/div>\n\t\t<\/div>\n\t\t\t\t\t<\/div>\n\t\t<\/section>\n\t\t<div class=\"elementor-element elementor-element-071dc0b e-flex e-con-boxed e-con e-parent\" data-id=\"071dc0b\" data-element_type=\"container\" data-e-type=\"container\" data-settings=\"{&quot;background_background&quot;:&quot;classic&quot;}\">\n\t\t\t\t\t<div class=\"e-con-inner\">\n\t\t<div class=\"elementor-element elementor-element-242db7e e-con-full e-flex e-con e-child\" data-id=\"242db7e\" data-element_type=\"container\" data-e-type=\"container\">\n\t\t<div class=\"elementor-element elementor-element-980fa97 e-con-full e-flex e-con e-child\" data-id=\"980fa97\" data-element_type=\"container\" data-e-type=\"container\">\n\t\t\t\t<div class=\"elementor-element elementor-element-737d199 elementor-widget elementor-widget-heading\" data-id=\"737d199\" data-element_type=\"widget\" data-e-type=\"widget\" data-widget_type=\"heading.default\">\n\t\t\t\t<div class=\"elementor-widget-container\">\n\t\t\t\t\t<h2 class=\"elementor-heading-title elementor-size-default\">flow.sil<\/h2>\t\t\t\t<\/div>\n\t\t\t\t<\/div>\n\t\t<div class=\"elementor-element elementor-element-3ab663a e-con-full e-flex e-con e-child\" data-id=\"3ab663a\" data-element_type=\"container\" data-e-type=\"container\" data-settings=\"{&quot;background_background&quot;:&quot;classic&quot;}\">\n\t\t\t\t<div class=\"elementor-element elementor-element-304d98f elementor-widget elementor-widget-heading\" data-id=\"304d98f\" data-element_type=\"widget\" data-e-type=\"widget\" data-widget_type=\"heading.default\">\n\t\t\t\t<div class=\"elementor-widget-container\">\n\t\t\t\t\t<h1 class=\"elementor-heading-title elementor-size-default\">Mikro Bo\u015fluk Kapatma<br>Bakterilere yer yok!<\/h1>\t\t\t\t<\/div>\n\t\t\t\t<\/div>\n\t\t\t\t<\/div>\n\t\t\t\t<\/div>\n\t\t<div class=\"elementor-element elementor-element-dd8f25a e-con-full e-flex e-con e-child\" data-id=\"dd8f25a\" data-element_type=\"container\" data-e-type=\"container\">\n\t\t\t\t<div class=\"elementor-element elementor-element-dbc7506 elementor-widget elementor-widget-image\" data-id=\"dbc7506\" data-element_type=\"widget\" data-e-type=\"widget\" data-widget_type=\"image.default\">\n\t\t\t\t<div class=\"elementor-widget-container\">\n\t\t\t\t\t\t\t\t\t\t\t\t\t\t\t<img fetchpriority=\"high\" decoding=\"async\" width=\"1000\" height=\"699\" src=\"https:\/\/www.bredent-implants.com\/wp-content\/uploads\/2025\/05\/flow.sil-cover-bredent-1.jpg\" class=\"attachment-full size-full wp-image-79705\" alt=\"\" \/>\t\t\t\t\t\t\t\t\t\t\t\t\t\t\t<\/div>\n\t\t\t\t<\/div>\n\t\t\t\t<\/div>\n\t\t\t\t<\/div>\n\t\t\t\t\t<\/div>\n\t\t\t\t<\/div>\n\t\t<div class=\"elementor-element elementor-element-071f2d0 e-flex e-con-boxed e-con e-parent\" data-id=\"071f2d0\" data-element_type=\"container\" data-e-type=\"container\">\n\t\t\t\t\t<div class=\"e-con-inner\">\n\t\t<div class=\"elementor-element elementor-element-287ffee e-con-full e-flex e-con e-child\" data-id=\"287ffee\" data-element_type=\"container\" data-e-type=\"container\" data-settings=\"{&quot;background_background&quot;:&quot;classic&quot;}\">\n\t\t<div class=\"elementor-element elementor-element-33adec3 e-con-full e-flex e-con e-child\" data-id=\"33adec3\" data-element_type=\"container\" data-e-type=\"container\" data-settings=\"{&quot;background_background&quot;:&quot;classic&quot;}\">\n\t\t\t\t<div class=\"elementor-element elementor-element-4e6592a elementor-widget__width-inherit elementor-widget elementor-widget-heading\" data-id=\"4e6592a\" data-element_type=\"widget\" data-e-type=\"widget\" data-widget_type=\"heading.default\">\n\t\t\t\t<div class=\"elementor-widget-container\">\n\t\t\t\t\t<h1 class=\"elementor-heading-title elementor-size-default\">Flow.sil \u2013 Mikro Bo\u015fluk Kapatma<\/h1>\t\t\t\t<\/div>\n\t\t\t\t<\/div>\n\t\t\t\t<div class=\"elementor-element elementor-element-33574e9 elementor-widget-divider--view-line elementor-widget elementor-widget-divider\" data-id=\"33574e9\" data-element_type=\"widget\" data-e-type=\"widget\" data-widget_type=\"divider.default\">\n\t\t\t\t<div class=\"elementor-widget-container\">\n\t\t\t\t\t\t\t<div class=\"elementor-divider\">\n\t\t\t<span class=\"elementor-divider-separator\">\n\t\t\t\t\t\t<\/span>\n\t\t<\/div>\n\t\t\t\t\t\t<\/div>\n\t\t\t\t<\/div>\n\t\t<div class=\"elementor-element elementor-element-0ad520e e-con-full e-flex e-con e-child\" data-id=\"0ad520e\" data-element_type=\"container\" data-e-type=\"container\">\n\t\t<div class=\"elementor-element elementor-element-1a55764 e-con-full e-flex e-con e-child\" data-id=\"1a55764\" data-element_type=\"container\" data-e-type=\"container\">\n\t\t<div class=\"elementor-element elementor-element-85974d2 e-con-full e-flex e-con e-child\" data-id=\"85974d2\" data-element_type=\"container\" data-e-type=\"container\">\n\t\t\t\t<div class=\"elementor-element elementor-element-3969214 elementor-widget-tablet__width-inherit elementor-widget elementor-widget-image\" data-id=\"3969214\" data-element_type=\"widget\" data-e-type=\"widget\" data-widget_type=\"image.default\">\n\t\t\t\t<div class=\"elementor-widget-container\">\n\t\t\t\t\t\t\t\t\t\t\t\t\t\t\t\t<a href=\"https:\/\/www.bredent-implants.com\/wp-content\/uploads\/2025\/05\/flow.sil-sealing-bredent-1.jpg\" data-elementor-open-lightbox=\"yes\" data-elementor-lightbox-title=\"Flow.sil Sealing Bredent.jpg\" data-e-action-hash=\"#elementor-action%3Aaction%3Dlightbox%26settings%3DeyJpZCI6Nzk3MTMsInVybCI6Imh0dHBzOlwvXC93d3cuYnJlZGVudC1pbXBsYW50cy5jb21cL3dwLWNvbnRlbnRcL3VwbG9hZHNcLzIwMjVcLzA1XC9mbG93LnNpbC1zZWFsaW5nLWJyZWRlbnQtMS5qcGcifQ%3D%3D\">\n\t\t\t\t\t\t\t<img decoding=\"async\" width=\"800\" height=\"727\" src=\"https:\/\/www.bredent-implants.com\/wp-content\/uploads\/2025\/05\/flow.sil-sealing-bredent-1.jpg\" class=\"elementor-animation-shrink attachment-full size-full wp-image-79713\" alt=\"\" \/>\t\t\t\t\t\t\t\t<\/a>\n\t\t\t\t\t\t\t\t\t\t\t\t\t\t\t<\/div>\n\t\t\t\t<\/div>\n\t\t\t\t<\/div>\n\t\t<div class=\"elementor-element elementor-element-7671159 e-con-full e-flex e-con e-child\" data-id=\"7671159\" data-element_type=\"container\" data-e-type=\"container\">\n\t\t\t\t<div class=\"elementor-element elementor-element-b8d191e elementor-icon-list--layout-traditional elementor-list-item-link-full_width elementor-widget elementor-widget-icon-list\" data-id=\"b8d191e\" data-element_type=\"widget\" data-e-type=\"widget\" data-widget_type=\"icon-list.default\">\n\t\t\t\t<div class=\"elementor-widget-container\">\n\t\t\t\t\t\t\t<ul class=\"elementor-icon-list-items\">\n\t\t\t\t\t\t\t<li class=\"elementor-icon-list-item\">\n\t\t\t\t\t\t\t\t\t\t<span class=\"elementor-icon-list-text\"><b>flow.sil, dezenfekte ederken ayn\u0131 zamanda abutment ile protetik restorasyon veya vida aras\u0131ndaki bo\u015flu\u011fu doldurmak i\u00e7in idealdir.<\/b><\/span>\n\t\t\t\t\t\t\t\t\t<\/li>\n\t\t\t\t\t\t\t\t<li class=\"elementor-icon-list-item\">\n\t\t\t\t\t\t\t\t\t\t\t<span class=\"elementor-icon-list-icon\">\n\t\t\t\t\t\t\t<i aria-hidden=\"true\" class=\"fas fa-check\"><\/i>\t\t\t\t\t\t<\/span>\n\t\t\t\t\t\t\t\t\t\t<span class=\"elementor-icon-list-text\">Perimplantitis\u2019i azalt\u0131r<\/span>\n\t\t\t\t\t\t\t\t\t<\/li>\n\t\t\t\t\t\t\t\t<li class=\"elementor-icon-list-item\">\n\t\t\t\t\t\t\t\t\t\t\t<span class=\"elementor-icon-list-icon\">\n\t\t\t\t\t\t\t<i aria-hidden=\"true\" class=\"fas fa-check\"><\/i>\t\t\t\t\t\t<\/span>\n\t\t\t\t\t\t\t\t\t\t<span class=\"elementor-icon-list-text\">Halitosis\u2019i azalt\u0131r<\/span>\n\t\t\t\t\t\t\t\t\t<\/li>\n\t\t\t\t\t\t\t\t<li class=\"elementor-icon-list-item\">\n\t\t\t\t\t\t\t\t\t\t\t<span class=\"elementor-icon-list-icon\">\n\t\t\t\t\t\t\t<i aria-hidden=\"true\" class=\"fas fa-check\"><\/i>\t\t\t\t\t\t<\/span>\n\t\t\t\t\t\t\t\t\t\t<span class=\"elementor-icon-list-text\">Uygulama alan\u0131n\u0131n kronik iltihaplanmas\u0131n\u0131 \u00f6nler<\/span>\n\t\t\t\t\t\t\t\t\t<\/li>\n\t\t\t\t\t\t\t\t<li class=\"elementor-icon-list-item\">\n\t\t\t\t\t\t\t\t\t\t\t<span class=\"elementor-icon-list-icon\">\n\t\t\t\t\t\t\t<i aria-hidden=\"true\" class=\"fas fa-check\"><\/i>\t\t\t\t\t\t<\/span>\n\t\t\t\t\t\t\t\t\t\t<span class=\"elementor-icon-list-text\">Kavite kirliliklerini \u00f6nler<\/span>\n\t\t\t\t\t\t\t\t\t<\/li>\n\t\t\t\t\t\t\t\t<li class=\"elementor-icon-list-item\">\n\t\t\t\t\t\t\t\t\t\t\t<span class=\"elementor-icon-list-icon\">\n\t\t\t\t\t\t\t<i aria-hidden=\"true\" class=\"fas fa-check\"><\/i>\t\t\t\t\t\t<\/span>\n\t\t\t\t\t\t\t\t\t\t<span class=\"elementor-icon-list-text\">Temiz bir kapama sa\u011flar<\/span>\n\t\t\t\t\t\t\t\t\t<\/li>\n\t\t\t\t\t\t<\/ul>\n\t\t\t\t\t\t<\/div>\n\t\t\t\t<\/div>\n\t\t\t\t<\/div>\n\t\t\t\t<\/div>\n\t\t\t\t<\/div>\n\t\t\t\t<\/div>\n\t\t\t\t<\/div>\n\t\t\t\t\t<\/div>\n\t\t\t\t<\/div>\n\t\t<div class=\"elementor-element elementor-element-675517e e-flex e-con-boxed e-con e-parent\" data-id=\"675517e\" data-element_type=\"container\" data-e-type=\"container\">\n\t\t\t\t\t<div class=\"e-con-inner\">\n\t\t<div class=\"elementor-element elementor-element-e3b2e49 e-con-full e-flex e-con e-child\" data-id=\"e3b2e49\" data-element_type=\"container\" data-e-type=\"container\" data-settings=\"{&quot;background_background&quot;:&quot;classic&quot;}\">\n\t\t<div class=\"elementor-element elementor-element-d94e8cb e-con-full e-flex e-con e-child\" data-id=\"d94e8cb\" data-element_type=\"container\" data-e-type=\"container\" data-settings=\"{&quot;background_background&quot;:&quot;classic&quot;}\">\n\t\t\t\t<div class=\"elementor-element elementor-element-b706b91 elementor-widget__width-inherit elementor-widget elementor-widget-heading\" data-id=\"b706b91\" data-element_type=\"widget\" data-e-type=\"widget\" data-widget_type=\"heading.default\">\n\t\t\t\t<div class=\"elementor-widget-container\">\n\t\t\t\t\t<h1 class=\"elementor-heading-title elementor-size-default\">flow.sil - Bakteriyel Koruma<\/h1>\t\t\t\t<\/div>\n\t\t\t\t<\/div>\n\t\t\t\t<div class=\"elementor-element elementor-element-7dd6ce2 elementor-widget-divider--view-line elementor-widget elementor-widget-divider\" data-id=\"7dd6ce2\" data-element_type=\"widget\" data-e-type=\"widget\" data-widget_type=\"divider.default\">\n\t\t\t\t<div class=\"elementor-widget-container\">\n\t\t\t\t\t\t\t<div class=\"elementor-divider\">\n\t\t\t<span class=\"elementor-divider-separator\">\n\t\t\t\t\t\t<\/span>\n\t\t<\/div>\n\t\t\t\t\t\t<\/div>\n\t\t\t\t<\/div>\n\t\t<div class=\"elementor-element elementor-element-0200d99 e-con-full e-flex e-con e-child\" data-id=\"0200d99\" data-element_type=\"container\" data-e-type=\"container\">\n\t\t<div class=\"elementor-element elementor-element-c36d237 e-con-full e-flex e-con e-child\" data-id=\"c36d237\" data-element_type=\"container\" data-e-type=\"container\">\n\t\t\t\t<div class=\"elementor-element elementor-element-6690654 elementor-widget elementor-widget-image\" data-id=\"6690654\" data-element_type=\"widget\" data-e-type=\"widget\" data-widget_type=\"image.default\">\n\t\t\t\t<div class=\"elementor-widget-container\">\n\t\t\t\t\t\t\t\t\t\t\t\t\t\t\t<img decoding=\"async\" width=\"402\" height=\"466\" src=\"https:\/\/www.bredent-implants.com\/wp-content\/uploads\/2025\/05\/without-flow.sil-bredent-1.jpg\" class=\"attachment-large size-large wp-image-79721\" alt=\"\" \/>\t\t\t\t\t\t\t\t\t\t\t\t\t\t\t<\/div>\n\t\t\t\t<\/div>\n\t\t\t\t<div class=\"elementor-element elementor-element-af02581 elementor-widget elementor-widget-heading\" data-id=\"af02581\" data-element_type=\"widget\" data-e-type=\"widget\" data-widget_type=\"heading.default\">\n\t\t\t\t<div class=\"elementor-widget-container\">\n\t\t\t\t\t<h2 class=\"elementor-heading-title elementor-size-default\">flow.sil olmadan<\/h2>\t\t\t\t<\/div>\n\t\t\t\t<\/div>\n\t\t\t\t<\/div>\n\t\t<div class=\"elementor-element elementor-element-7b2f0f6 e-con-full e-flex e-con e-child\" data-id=\"7b2f0f6\" data-element_type=\"container\" data-e-type=\"container\">\n\t\t\t\t<div class=\"elementor-element elementor-element-88dc18b elementor-widget elementor-widget-image\" data-id=\"88dc18b\" data-element_type=\"widget\" data-e-type=\"widget\" data-widget_type=\"image.default\">\n\t\t\t\t<div class=\"elementor-widget-container\">\n\t\t\t\t\t\t\t\t\t\t\t\t\t\t\t<img loading=\"lazy\" decoding=\"async\" width=\"402\" height=\"466\" src=\"https:\/\/www.bredent-implants.com\/wp-content\/uploads\/2025\/05\/with-flow.sil-bredent-1.jpg\" class=\"attachment-large size-large wp-image-79729\" alt=\"\" \/>\t\t\t\t\t\t\t\t\t\t\t\t\t\t\t<\/div>\n\t\t\t\t<\/div>\n\t\t\t\t<div class=\"elementor-element elementor-element-16ad1fc elementor-widget elementor-widget-heading\" data-id=\"16ad1fc\" data-element_type=\"widget\" data-e-type=\"widget\" data-widget_type=\"heading.default\">\n\t\t\t\t<div class=\"elementor-widget-container\">\n\t\t\t\t\t<h2 class=\"elementor-heading-title elementor-size-default\">flow.sil ile<\/h2>\t\t\t\t<\/div>\n\t\t\t\t<\/div>\n\t\t\t\t<\/div>\n\t\t\t\t<\/div>\n\t\t\t\t<\/div>\n\t\t\t\t<\/div>\n\t\t\t\t\t<\/div>\n\t\t\t\t<\/div>\n\t\t\t\t<\/div>\n\t\t","protected":false},"excerpt":{"rendered":"<p>flow.sil Mikro Bo\u015fluk KapatmaBakterilere yer yok! Flow.sil \u2013 Mikro Bo\u015fluk Kapatma flow.sil, dezenfekte ederken ayn\u0131 zamanda abutment ile protetik restorasyon veya vida aras\u0131ndaki bo\u015flu\u011fu doldurmak i\u00e7in idealdir. Perimplantitis\u2019i azalt\u0131r Halitosis\u2019i azalt\u0131r Uygulama alan\u0131n\u0131n kronik iltihaplanmas\u0131n\u0131 \u00f6nler Kavite kirliliklerini \u00f6nler Temiz bir kapama sa\u011flar flow.sil &#8211; Bakteriyel Koruma flow.sil olmadan flow.sil ile<\/p>\n","protected":false},"author":2,"featured_media":0,"parent":17759,"menu_order":6,"comment_status":"closed","ping_status":"closed","template":"","meta":{"footnotes":""},"class_list":["post-17819","page","type-page","status-publish","hentry"],"yoast_head":"<!-- This site is optimized with the Yoast SEO plugin v27.3 - https:\/\/yoast.com\/product\/yoast-seo-wordpress\/ -->\n<title>Flow.sil - Mikro Bo\u015fluk Kapatma -<\/title>\n<meta name=\"description\" content=\"flow.sil Mikro Bo\u015fluk KapatmaBakterilere yer yok! Flow.sil \u2013 Mikro Bo\u015fluk Kapatma flow.sil, dezenfekte ederken ayn\u0131 zamanda abutment ile protetik\" \/>\n<meta name=\"robots\" content=\"index, follow, max-snippet:-1, max-image-preview:large, max-video-preview:-1\" \/>\n<link rel=\"canonical\" href=\"https:\/\/www.bredent-implants.com\/tr\/urunler-cozumler\/yardimci-araclar\/flow-sil-mikro-bosluk-kapatma\/\" \/>\n<meta property=\"og:locale\" content=\"tr_TR\" \/>\n<meta property=\"og:type\" content=\"article\" \/>\n<meta property=\"og:title\" content=\"Flow.sil - Mikro Bo\u015fluk Kapatma -\" \/>\n<meta property=\"og:description\" content=\"flow.sil Mikro Bo\u015fluk KapatmaBakterilere yer yok! Flow.sil \u2013 Mikro Bo\u015fluk Kapatma flow.sil, dezenfekte ederken ayn\u0131 zamanda abutment ile protetik\" \/>\n<meta property=\"og:url\" content=\"https:\/\/www.bredent-implants.com\/tr\/urunler-cozumler\/yardimci-araclar\/flow-sil-mikro-bosluk-kapatma\/\" \/>\n<meta property=\"article:publisher\" content=\"https:\/\/www.facebook.com\/bredent-group-International-766435650174845\/?ref=bookmarks\" \/>\n<meta property=\"article:modified_time\" content=\"2025-05-22T10:13:24+00:00\" \/>\n<meta property=\"og:image\" content=\"https:\/\/www.bredent-implants.com\/wp-content\/uploads\/2025\/05\/flow.sil-cover-bredent-1.jpg\" \/>\n<meta name=\"twitter:card\" content=\"summary_large_image\" \/>\n<meta name=\"twitter:label1\" content=\"Tahmini okuma s\u00fcresi\" \/>\n\t<meta name=\"twitter:data1\" content=\"2 dakika\" \/>\n<script type=\"application\/ld+json\" class=\"yoast-schema-graph\">{\"@context\":\"https:\\\/\\\/schema.org\",\"@graph\":[{\"@type\":\"WebPage\",\"@id\":\"https:\\\/\\\/www.bredent-implants.com\\\/tr\\\/urunler-cozumler\\\/yardimci-araclar\\\/flow-sil-mikro-bosluk-kapatma\\\/\",\"url\":\"https:\\\/\\\/www.bredent-implants.com\\\/tr\\\/urunler-cozumler\\\/yardimci-araclar\\\/flow-sil-mikro-bosluk-kapatma\\\/\",\"name\":\"Flow.sil - Mikro Bo\u015fluk Kapatma -\",\"isPartOf\":{\"@id\":\"https:\\\/\\\/www.bredent-implants.com\\\/#website\"},\"primaryImageOfPage\":{\"@id\":\"https:\\\/\\\/www.bredent-implants.com\\\/tr\\\/urunler-cozumler\\\/yardimci-araclar\\\/flow-sil-mikro-bosluk-kapatma\\\/#primaryimage\"},\"image\":{\"@id\":\"https:\\\/\\\/www.bredent-implants.com\\\/tr\\\/urunler-cozumler\\\/yardimci-araclar\\\/flow-sil-mikro-bosluk-kapatma\\\/#primaryimage\"},\"thumbnailUrl\":\"https:\\\/\\\/www.bredent-implants.com\\\/wp-content\\\/uploads\\\/2025\\\/05\\\/flow.sil-cover-bredent-1.jpg\",\"datePublished\":\"2020-01-02T14:25:48+00:00\",\"dateModified\":\"2025-05-22T10:13:24+00:00\",\"description\":\"flow.sil Mikro Bo\u015fluk KapatmaBakterilere yer yok! Flow.sil \u2013 Mikro Bo\u015fluk Kapatma flow.sil, dezenfekte ederken ayn\u0131 zamanda abutment ile protetik\",\"breadcrumb\":{\"@id\":\"https:\\\/\\\/www.bredent-implants.com\\\/tr\\\/urunler-cozumler\\\/yardimci-araclar\\\/flow-sil-mikro-bosluk-kapatma\\\/#breadcrumb\"},\"inLanguage\":\"tr\",\"potentialAction\":[{\"@type\":\"ReadAction\",\"target\":[\"https:\\\/\\\/www.bredent-implants.com\\\/tr\\\/urunler-cozumler\\\/yardimci-araclar\\\/flow-sil-mikro-bosluk-kapatma\\\/\"]}]},{\"@type\":\"ImageObject\",\"inLanguage\":\"tr\",\"@id\":\"https:\\\/\\\/www.bredent-implants.com\\\/tr\\\/urunler-cozumler\\\/yardimci-araclar\\\/flow-sil-mikro-bosluk-kapatma\\\/#primaryimage\",\"url\":\"https:\\\/\\\/www.bredent-implants.com\\\/wp-content\\\/uploads\\\/2025\\\/05\\\/flow.sil-cover-bredent-1.jpg\",\"contentUrl\":\"https:\\\/\\\/www.bredent-implants.com\\\/wp-content\\\/uploads\\\/2025\\\/05\\\/flow.sil-cover-bredent-1.jpg\"},{\"@type\":\"BreadcrumbList\",\"@id\":\"https:\\\/\\\/www.bredent-implants.com\\\/tr\\\/urunler-cozumler\\\/yardimci-araclar\\\/flow-sil-mikro-bosluk-kapatma\\\/#breadcrumb\",\"itemListElement\":[{\"@type\":\"ListItem\",\"position\":1,\"name\":\"Home\",\"item\":\"https:\\\/\\\/www.bredent-implants.com\\\/tr\\\/\"},{\"@type\":\"ListItem\",\"position\":2,\"name\":\"Flow.sil &#8211; Mikro Bo\u015fluk Kapatma\"}]},{\"@type\":\"WebSite\",\"@id\":\"https:\\\/\\\/www.bredent-implants.com\\\/#website\",\"url\":\"https:\\\/\\\/www.bredent-implants.com\\\/\",\"name\":\"\",\"description\":\"bredent medical implants\",\"publisher\":{\"@id\":\"https:\\\/\\\/www.bredent-implants.com\\\/#organization\"},\"potentialAction\":[{\"@type\":\"SearchAction\",\"target\":{\"@type\":\"EntryPoint\",\"urlTemplate\":\"https:\\\/\\\/www.bredent-implants.com\\\/?s={search_term_string}\"},\"query-input\":{\"@type\":\"PropertyValueSpecification\",\"valueRequired\":true,\"valueName\":\"search_term_string\"}}],\"inLanguage\":\"tr\"},{\"@type\":\"Organization\",\"@id\":\"https:\\\/\\\/www.bredent-implants.com\\\/#organization\",\"name\":\"bredent GmbH & Co.KG\",\"url\":\"https:\\\/\\\/www.bredent-implants.com\\\/\",\"logo\":{\"@type\":\"ImageObject\",\"inLanguage\":\"tr\",\"@id\":\"https:\\\/\\\/www.bredent-implants.com\\\/#\\\/schema\\\/logo\\\/image\\\/\",\"url\":\"https:\\\/\\\/www.bredent-implants.com\\\/wp-content\\\/uploads\\\/2019\\\/03\\\/bredent-group-Black-Logo-PNG-file.png\",\"contentUrl\":\"https:\\\/\\\/www.bredent-implants.com\\\/wp-content\\\/uploads\\\/2019\\\/03\\\/bredent-group-Black-Logo-PNG-file.png\",\"width\":1579,\"height\":330,\"caption\":\"bredent GmbH & Co.KG\"},\"image\":{\"@id\":\"https:\\\/\\\/www.bredent-implants.com\\\/#\\\/schema\\\/logo\\\/image\\\/\"},\"sameAs\":[\"https:\\\/\\\/www.facebook.com\\\/bredent-group-International-766435650174845\\\/?ref=bookmarks\",\"https:\\\/\\\/www.youtube.com\\\/user\\\/bredentgroup\"]}]}<\/script>\n<!-- \/ Yoast SEO plugin. -->","yoast_head_json":{"title":"Flow.sil - Mikro Bo\u015fluk Kapatma -","description":"flow.sil Mikro Bo\u015fluk KapatmaBakterilere yer yok! Flow.sil \u2013 Mikro Bo\u015fluk Kapatma flow.sil, dezenfekte ederken ayn\u0131 zamanda abutment ile protetik","robots":{"index":"index","follow":"follow","max-snippet":"max-snippet:-1","max-image-preview":"max-image-preview:large","max-video-preview":"max-video-preview:-1"},"canonical":"https:\/\/www.bredent-implants.com\/tr\/urunler-cozumler\/yardimci-araclar\/flow-sil-mikro-bosluk-kapatma\/","og_locale":"tr_TR","og_type":"article","og_title":"Flow.sil - Mikro Bo\u015fluk Kapatma -","og_description":"flow.sil Mikro Bo\u015fluk KapatmaBakterilere yer yok! Flow.sil \u2013 Mikro Bo\u015fluk Kapatma flow.sil, dezenfekte ederken ayn\u0131 zamanda abutment ile protetik","og_url":"https:\/\/www.bredent-implants.com\/tr\/urunler-cozumler\/yardimci-araclar\/flow-sil-mikro-bosluk-kapatma\/","article_publisher":"https:\/\/www.facebook.com\/bredent-group-International-766435650174845\/?ref=bookmarks","article_modified_time":"2025-05-22T10:13:24+00:00","og_image":[{"url":"https:\/\/www.bredent-implants.com\/wp-content\/uploads\/2025\/05\/flow.sil-cover-bredent-1.jpg","type":"","width":"","height":""}],"twitter_card":"summary_large_image","twitter_misc":{"Tahmini okuma s\u00fcresi":"2 dakika"},"schema":{"@context":"https:\/\/schema.org","@graph":[{"@type":"WebPage","@id":"https:\/\/www.bredent-implants.com\/tr\/urunler-cozumler\/yardimci-araclar\/flow-sil-mikro-bosluk-kapatma\/","url":"https:\/\/www.bredent-implants.com\/tr\/urunler-cozumler\/yardimci-araclar\/flow-sil-mikro-bosluk-kapatma\/","name":"Flow.sil - Mikro Bo\u015fluk Kapatma -","isPartOf":{"@id":"https:\/\/www.bredent-implants.com\/#website"},"primaryImageOfPage":{"@id":"https:\/\/www.bredent-implants.com\/tr\/urunler-cozumler\/yardimci-araclar\/flow-sil-mikro-bosluk-kapatma\/#primaryimage"},"image":{"@id":"https:\/\/www.bredent-implants.com\/tr\/urunler-cozumler\/yardimci-araclar\/flow-sil-mikro-bosluk-kapatma\/#primaryimage"},"thumbnailUrl":"https:\/\/www.bredent-implants.com\/wp-content\/uploads\/2025\/05\/flow.sil-cover-bredent-1.jpg","datePublished":"2020-01-02T14:25:48+00:00","dateModified":"2025-05-22T10:13:24+00:00","description":"flow.sil Mikro Bo\u015fluk KapatmaBakterilere yer yok! Flow.sil \u2013 Mikro Bo\u015fluk Kapatma flow.sil, dezenfekte ederken ayn\u0131 zamanda abutment ile protetik","breadcrumb":{"@id":"https:\/\/www.bredent-implants.com\/tr\/urunler-cozumler\/yardimci-araclar\/flow-sil-mikro-bosluk-kapatma\/#breadcrumb"},"inLanguage":"tr","potentialAction":[{"@type":"ReadAction","target":["https:\/\/www.bredent-implants.com\/tr\/urunler-cozumler\/yardimci-araclar\/flow-sil-mikro-bosluk-kapatma\/"]}]},{"@type":"ImageObject","inLanguage":"tr","@id":"https:\/\/www.bredent-implants.com\/tr\/urunler-cozumler\/yardimci-araclar\/flow-sil-mikro-bosluk-kapatma\/#primaryimage","url":"https:\/\/www.bredent-implants.com\/wp-content\/uploads\/2025\/05\/flow.sil-cover-bredent-1.jpg","contentUrl":"https:\/\/www.bredent-implants.com\/wp-content\/uploads\/2025\/05\/flow.sil-cover-bredent-1.jpg"},{"@type":"BreadcrumbList","@id":"https:\/\/www.bredent-implants.com\/tr\/urunler-cozumler\/yardimci-araclar\/flow-sil-mikro-bosluk-kapatma\/#breadcrumb","itemListElement":[{"@type":"ListItem","position":1,"name":"Home","item":"https:\/\/www.bredent-implants.com\/tr\/"},{"@type":"ListItem","position":2,"name":"Flow.sil &#8211; Mikro Bo\u015fluk Kapatma"}]},{"@type":"WebSite","@id":"https:\/\/www.bredent-implants.com\/#website","url":"https:\/\/www.bredent-implants.com\/","name":"","description":"bredent medical implants","publisher":{"@id":"https:\/\/www.bredent-implants.com\/#organization"},"potentialAction":[{"@type":"SearchAction","target":{"@type":"EntryPoint","urlTemplate":"https:\/\/www.bredent-implants.com\/?s={search_term_string}"},"query-input":{"@type":"PropertyValueSpecification","valueRequired":true,"valueName":"search_term_string"}}],"inLanguage":"tr"},{"@type":"Organization","@id":"https:\/\/www.bredent-implants.com\/#organization","name":"bredent GmbH & Co.KG","url":"https:\/\/www.bredent-implants.com\/","logo":{"@type":"ImageObject","inLanguage":"tr","@id":"https:\/\/www.bredent-implants.com\/#\/schema\/logo\/image\/","url":"https:\/\/www.bredent-implants.com\/wp-content\/uploads\/2019\/03\/bredent-group-Black-Logo-PNG-file.png","contentUrl":"https:\/\/www.bredent-implants.com\/wp-content\/uploads\/2019\/03\/bredent-group-Black-Logo-PNG-file.png","width":1579,"height":330,"caption":"bredent GmbH & Co.KG"},"image":{"@id":"https:\/\/www.bredent-implants.com\/#\/schema\/logo\/image\/"},"sameAs":["https:\/\/www.facebook.com\/bredent-group-International-766435650174845\/?ref=bookmarks","https:\/\/www.youtube.com\/user\/bredentgroup"]}]}},"_links":{"self":[{"href":"https:\/\/www.bredent-implants.com\/tr\/wp-json\/wp\/v2\/pages\/17819","targetHints":{"allow":["GET"]}}],"collection":[{"href":"https:\/\/www.bredent-implants.com\/tr\/wp-json\/wp\/v2\/pages"}],"about":[{"href":"https:\/\/www.bredent-implants.com\/tr\/wp-json\/wp\/v2\/types\/page"}],"author":[{"embeddable":true,"href":"https:\/\/www.bredent-implants.com\/tr\/wp-json\/wp\/v2\/users\/2"}],"replies":[{"embeddable":true,"href":"https:\/\/www.bredent-implants.com\/tr\/wp-json\/wp\/v2\/comments?post=17819"}],"version-history":[{"count":6,"href":"https:\/\/www.bredent-implants.com\/tr\/wp-json\/wp\/v2\/pages\/17819\/revisions"}],"predecessor-version":[{"id":79742,"href":"https:\/\/www.bredent-implants.com\/tr\/wp-json\/wp\/v2\/pages\/17819\/revisions\/79742"}],"up":[{"embeddable":true,"href":"https:\/\/www.bredent-implants.com\/tr\/wp-json\/wp\/v2\/pages\/17759"}],"wp:attachment":[{"href":"https:\/\/www.bredent-implants.com\/tr\/wp-json\/wp\/v2\/media?parent=17819"}],"curies":[{"name":"wp","href":"https:\/\/api.w.org\/{rel}","templated":true}]}}