{"id":17605,"date":"2019-12-27T09:54:32","date_gmt":"2019-12-27T09:54:32","guid":{"rendered":"https:\/\/www.bredent-implants.com\/sky-implant-sistemi\/tube-in-tube-implantlar\/"},"modified":"2025-06-26T14:39:28","modified_gmt":"2025-06-26T12:39:28","slug":"tube-in-tube-implantlar","status":"publish","type":"page","link":"https:\/\/www.bredent-implants.com\/tr\/urunler-cozumler\/sky-implant-sistemi\/tube-in-tube-implantlar\/","title":{"rendered":"Tube in tube implantlar"},"content":{"rendered":"\t\t<div data-elementor-type=\"wp-post\" data-elementor-id=\"17605\" class=\"elementor elementor-17605 elementor-39\" data-elementor-post-type=\"page\">\n\t\t\t\t\t\t<section class=\"elementor-section elementor-top-section elementor-element elementor-element-0395d2a elementor-section-height-min-height elementor-section-boxed elementor-section-height-default elementor-section-items-middle\" data-id=\"0395d2a\" data-element_type=\"section\" data-e-type=\"section\" data-settings=\"{&quot;background_background&quot;:&quot;classic&quot;}\">\n\t\t\t\t\t\t<div class=\"elementor-container elementor-column-gap-default\">\n\t\t\t\t\t<div class=\"elementor-column elementor-col-100 elementor-top-column elementor-element elementor-element-0dc61da\" data-id=\"0dc61da\" data-element_type=\"column\" data-e-type=\"column\">\n\t\t\t<div class=\"elementor-widget-wrap elementor-element-populated\">\n\t\t\t\t\t\t<div class=\"elementor-element elementor-element-99f9423 elementor-widget elementor-widget-breadcrumbs\" data-id=\"99f9423\" data-element_type=\"widget\" data-e-type=\"widget\" data-widget_type=\"breadcrumbs.default\">\n\t\t\t\t<div class=\"elementor-widget-container\">\n\t\t\t\t\t<p id=\"breadcrumbs\"><span><span><a href=\"https:\/\/www.bredent-implants.com\/tr\/\">Home<\/a><\/span><\/span><\/p>\t\t\t\t<\/div>\n\t\t\t\t<\/div>\n\t\t\t\t\t<\/div>\n\t\t<\/div>\n\t\t\t\t\t<\/div>\n\t\t<\/section>\n\t\t<div class=\"elementor-element elementor-element-0f6647d e-flex e-con-boxed e-con e-parent\" data-id=\"0f6647d\" data-element_type=\"container\" data-e-type=\"container\">\n\t\t\t\t\t<div class=\"e-con-inner\">\n\t\t<div class=\"elementor-element elementor-element-3a9dd2e e-con-full e-flex e-con e-child\" data-id=\"3a9dd2e\" data-element_type=\"container\" data-e-type=\"container\" data-settings=\"{&quot;background_background&quot;:&quot;classic&quot;}\">\n\t\t<div class=\"elementor-element elementor-element-10b0ac4 e-con-full e-flex e-con e-child\" data-id=\"10b0ac4\" data-element_type=\"container\" data-e-type=\"container\">\n\t\t\t\t<div class=\"elementor-element elementor-element-93b1b77 elementor-widget elementor-widget-heading\" data-id=\"93b1b77\" data-element_type=\"widget\" data-e-type=\"widget\" data-widget_type=\"heading.default\">\n\t\t\t\t<div class=\"elementor-widget-container\">\n\t\t\t\t\t<h2 class=\"elementor-heading-title elementor-size-default\">TUBE-IN-TUBE<\/h2>\t\t\t\t<\/div>\n\t\t\t\t<\/div>\n\t\t\t\t<div class=\"elementor-element elementor-element-a6af744 elementor-widget elementor-widget-heading\" data-id=\"a6af744\" data-element_type=\"widget\" data-e-type=\"widget\" data-widget_type=\"heading.default\">\n\t\t\t\t<div class=\"elementor-widget-container\">\n\t\t\t\t\t<h2 class=\"elementor-heading-title elementor-size-default\">UZUN S\u00dcREL\u0130 STAB\u0130L BA\u011eLANTI \u0130\u00c7\u0130N<\/h2>\t\t\t\t<\/div>\n\t\t\t\t<\/div>\n\t\t<div class=\"elementor-element elementor-element-671ba2a e-con-full e-flex e-con e-child\" data-id=\"671ba2a\" data-element_type=\"container\" data-e-type=\"container\">\n\t\t<div class=\"elementor-element elementor-element-92f65ca e-con-full e-flex e-con e-child\" data-id=\"92f65ca\" data-element_type=\"container\" data-e-type=\"container\">\n\t\t\t\t<div class=\"elementor-element elementor-element-91956ac animated-slow elementor-invisible elementor-widget elementor-widget-image\" data-id=\"91956ac\" data-element_type=\"widget\" data-e-type=\"widget\" data-settings=\"{&quot;_animation&quot;:&quot;fadeIn&quot;}\" data-widget_type=\"image.default\">\n\t\t\t\t<div class=\"elementor-widget-container\">\n\t\t\t\t\t\t\t\t\t\t\t\t\t\t\t<img fetchpriority=\"high\" decoding=\"async\" width=\"284\" height=\"510\" src=\"https:\/\/www.bredent-implants.com\/wp-content\/uploads\/2025\/02\/bredent-medical-narrowsky-dental-implant-model-1.jpg\" class=\"attachment-full size-full wp-image-73494\" alt=\"\" \/>\t\t\t\t\t\t\t\t\t\t\t\t\t\t\t<\/div>\n\t\t\t\t<\/div>\n\t\t\t\t<div class=\"elementor-element elementor-element-6a5b60d elementor-align-center animated-slow elementor-invisible elementor-widget elementor-widget-button\" data-id=\"6a5b60d\" data-element_type=\"widget\" data-e-type=\"widget\" data-settings=\"{&quot;_animation&quot;:&quot;fadeIn&quot;}\" data-widget_type=\"button.default\">\n\t\t\t\t<div class=\"elementor-widget-container\">\n\t\t\t\t\t\t\t\t\t<div class=\"elementor-button-wrapper\">\n\t\t\t\t\t<a class=\"elementor-button elementor-button-link elementor-size-sm\" href=\"https:\/\/www.bredent-implants.com\/tr\/urunler-cozumler\/sky-implant-sistemi\/tube-in-tube-implantlar\/narrowsky\/\">\n\t\t\t\t\t\t<span class=\"elementor-button-content-wrapper\">\n\t\t\t\t\t\t<span class=\"elementor-button-icon\">\n\t\t\t\t<i aria-hidden=\"true\" class=\"fas fa-arrow-alt-circle-right\"><\/i>\t\t\t<\/span>\n\t\t\t\t\t\t\t\t\t<span class=\"elementor-button-text\">narrowSKY<\/span>\n\t\t\t\t\t<\/span>\n\t\t\t\t\t<\/a>\n\t\t\t\t<\/div>\n\t\t\t\t\t\t\t\t<\/div>\n\t\t\t\t<\/div>\n\t\t\t\t<\/div>\n\t\t<div class=\"elementor-element elementor-element-7809db0 e-con-full e-flex e-con e-child\" data-id=\"7809db0\" data-element_type=\"container\" data-e-type=\"container\">\n\t\t\t\t<div class=\"elementor-element elementor-element-634a8ae animated-slow elementor-invisible elementor-widget elementor-widget-image\" data-id=\"634a8ae\" data-element_type=\"widget\" data-e-type=\"widget\" data-settings=\"{&quot;_animation&quot;:&quot;fadeIn&quot;}\" data-widget_type=\"image.default\">\n\t\t\t\t<div class=\"elementor-widget-container\">\n\t\t\t\t\t\t\t\t\t\t\t\t\t\t\t<img decoding=\"async\" width=\"284\" height=\"510\" src=\"https:\/\/www.bredent-implants.com\/wp-content\/uploads\/2025\/02\/bredent-medical-bluesky-dental-implant-model-1.jpg\" class=\"attachment-full size-full wp-image-73505\" alt=\"\" \/>\t\t\t\t\t\t\t\t\t\t\t\t\t\t\t<\/div>\n\t\t\t\t<\/div>\n\t\t\t\t<div class=\"elementor-element elementor-element-736eced elementor-align-center animated-slow elementor-invisible elementor-widget elementor-widget-button\" data-id=\"736eced\" data-element_type=\"widget\" data-e-type=\"widget\" data-settings=\"{&quot;_animation&quot;:&quot;fadeIn&quot;}\" data-widget_type=\"button.default\">\n\t\t\t\t<div class=\"elementor-widget-container\">\n\t\t\t\t\t\t\t\t\t<div class=\"elementor-button-wrapper\">\n\t\t\t\t\t<a class=\"elementor-button elementor-button-link elementor-size-sm\" href=\"https:\/\/www.bredent-implants.com\/tr\/urunler-cozumler\/sky-implant-sistemi\/tube-in-tube-implantlar\/bluesky\/\">\n\t\t\t\t\t\t<span class=\"elementor-button-content-wrapper\">\n\t\t\t\t\t\t<span class=\"elementor-button-icon\">\n\t\t\t\t<i aria-hidden=\"true\" class=\"fas fa-arrow-alt-circle-right\"><\/i>\t\t\t<\/span>\n\t\t\t\t\t\t\t\t\t<span class=\"elementor-button-text\">blueSKY<\/span>\n\t\t\t\t\t<\/span>\n\t\t\t\t\t<\/a>\n\t\t\t\t<\/div>\n\t\t\t\t\t\t\t\t<\/div>\n\t\t\t\t<\/div>\n\t\t\t\t<\/div>\n\t\t<div class=\"elementor-element elementor-element-37b3b04 e-con-full e-flex e-con e-child\" data-id=\"37b3b04\" data-element_type=\"container\" data-e-type=\"container\">\n\t\t\t\t<div class=\"elementor-element elementor-element-c76dbb0 animated-slow elementor-invisible elementor-widget elementor-widget-image\" data-id=\"c76dbb0\" data-element_type=\"widget\" data-e-type=\"widget\" data-settings=\"{&quot;_animation&quot;:&quot;fadeIn&quot;}\" data-widget_type=\"image.default\">\n\t\t\t\t<div class=\"elementor-widget-container\">\n\t\t\t\t\t\t\t\t\t\t\t\t\t\t\t<img decoding=\"async\" width=\"284\" height=\"510\" src=\"https:\/\/www.bredent-implants.com\/wp-content\/uploads\/2025\/02\/bredent-medical-classicsky-dental-implants-model-1.jpg\" class=\"attachment-full size-full wp-image-73516\" alt=\"\" \/>\t\t\t\t\t\t\t\t\t\t\t\t\t\t\t<\/div>\n\t\t\t\t<\/div>\n\t\t\t\t<div class=\"elementor-element elementor-element-da131a5 elementor-align-center animated-slow elementor-invisible elementor-widget elementor-widget-button\" data-id=\"da131a5\" data-element_type=\"widget\" data-e-type=\"widget\" data-settings=\"{&quot;_animation&quot;:&quot;fadeIn&quot;}\" data-widget_type=\"button.default\">\n\t\t\t\t<div class=\"elementor-widget-container\">\n\t\t\t\t\t\t\t\t\t<div class=\"elementor-button-wrapper\">\n\t\t\t\t\t<a class=\"elementor-button elementor-button-link elementor-size-sm\" href=\"https:\/\/www.bredent-implants.com\/tr\/urunler-cozumler\/sky-implant-sistemi\/tube-in-tube-implantlar\/classicsky\/\">\n\t\t\t\t\t\t<span class=\"elementor-button-content-wrapper\">\n\t\t\t\t\t\t<span class=\"elementor-button-icon\">\n\t\t\t\t<i aria-hidden=\"true\" class=\"fas fa-arrow-alt-circle-right\"><\/i>\t\t\t<\/span>\n\t\t\t\t\t\t\t\t\t<span class=\"elementor-button-text\">classicSKY<\/span>\n\t\t\t\t\t<\/span>\n\t\t\t\t\t<\/a>\n\t\t\t\t<\/div>\n\t\t\t\t\t\t\t\t<\/div>\n\t\t\t\t<\/div>\n\t\t\t\t<\/div>\n\t\t\t\t<\/div>\n\t\t\t\t<\/div>\n\t\t\t\t<\/div>\n\t\t\t\t\t<\/div>\n\t\t\t\t<\/div>\n\t\t\t\t<\/div>\n\t\t","protected":false},"excerpt":{"rendered":"<p>TUBE-IN-TUBE UZUN S\u00dcREL\u0130 STAB\u0130L BA\u011eLANTI \u0130\u00c7\u0130N narrowSKY blueSKY classicSKY<\/p>\n","protected":false},"author":2,"featured_media":17607,"parent":17405,"menu_order":1,"comment_status":"closed","ping_status":"closed","template":"elementor_header_footer","meta":{"footnotes":""},"class_list":["post-17605","page","type-page","status-publish","has-post-thumbnail","hentry"],"yoast_head":"<!-- This site is optimized with the Yoast SEO plugin v27.2 - https:\/\/yoast.com\/product\/yoast-seo-wordpress\/ -->\n<title>Tube in tube implantlar -<\/title>\n<meta name=\"description\" content=\"bredent-medical&#039;in uzun s\u00fcreli stabil ba\u011flant\u0131 i\u00e7in tube in tube implantlar\u0131\" \/>\n<meta name=\"robots\" content=\"index, follow, max-snippet:-1, max-image-preview:large, max-video-preview:-1\" \/>\n<link rel=\"canonical\" href=\"https:\/\/www.bredent-implants.com\/tr\/urunler-cozumler\/sky-implant-sistemi\/tube-in-tube-implantlar\/\" \/>\n<meta property=\"og:locale\" content=\"tr_TR\" \/>\n<meta property=\"og:type\" content=\"article\" \/>\n<meta property=\"og:title\" content=\"Tube in tube implantlar -\" \/>\n<meta property=\"og:description\" content=\"bredent-medical&#039;in uzun s\u00fcreli stabil ba\u011flant\u0131 i\u00e7in tube in tube implantlar\u0131\" \/>\n<meta property=\"og:url\" content=\"https:\/\/www.bredent-implants.com\/tr\/urunler-cozumler\/sky-implant-sistemi\/tube-in-tube-implantlar\/\" \/>\n<meta property=\"article:publisher\" content=\"https:\/\/www.facebook.com\/bredent-group-International-766435650174845\/?ref=bookmarks\" \/>\n<meta property=\"article:modified_time\" content=\"2025-06-26T12:39:28+00:00\" \/>\n<meta property=\"og:image\" content=\"https:\/\/www.bredent-implants.com\/wp-content\/uploads\/2019\/06\/tube-in-tube_internal-torx-connection.png\" \/>\n\t<meta property=\"og:image:width\" content=\"424\" \/>\n\t<meta property=\"og:image:height\" content=\"537\" \/>\n\t<meta property=\"og:image:type\" content=\"image\/png\" \/>\n<meta name=\"twitter:card\" content=\"summary_large_image\" \/>\n<meta name=\"twitter:label1\" content=\"Tahmini okuma s\u00fcresi\" \/>\n\t<meta name=\"twitter:data1\" content=\"1 dakika\" \/>\n<script type=\"application\/ld+json\" class=\"yoast-schema-graph\">{\"@context\":\"https:\/\/schema.org\",\"@graph\":[{\"@type\":\"WebPage\",\"@id\":\"https:\/\/www.bredent-implants.com\/tr\/urunler-cozumler\/sky-implant-sistemi\/tube-in-tube-implantlar\/\",\"url\":\"https:\/\/www.bredent-implants.com\/tr\/urunler-cozumler\/sky-implant-sistemi\/tube-in-tube-implantlar\/\",\"name\":\"Tube in tube implantlar -\",\"isPartOf\":{\"@id\":\"https:\/\/www.bredent-implants.com\/tr\/#website\"},\"primaryImageOfPage\":{\"@id\":\"https:\/\/www.bredent-implants.com\/tr\/urunler-cozumler\/sky-implant-sistemi\/tube-in-tube-implantlar\/#primaryimage\"},\"image\":{\"@id\":\"https:\/\/www.bredent-implants.com\/tr\/urunler-cozumler\/sky-implant-sistemi\/tube-in-tube-implantlar\/#primaryimage\"},\"thumbnailUrl\":\"https:\/\/www.bredent-implants.com\/wp-content\/uploads\/2019\/06\/tube-in-tube_internal-torx-connection.png\",\"datePublished\":\"2019-12-27T09:54:32+00:00\",\"dateModified\":\"2025-06-26T12:39:28+00:00\",\"description\":\"bredent-medical'in uzun s\u00fcreli stabil ba\u011flant\u0131 i\u00e7in tube in tube implantlar\u0131\",\"breadcrumb\":{\"@id\":\"https:\/\/www.bredent-implants.com\/tr\/urunler-cozumler\/sky-implant-sistemi\/tube-in-tube-implantlar\/#breadcrumb\"},\"inLanguage\":\"tr\",\"potentialAction\":[{\"@type\":\"ReadAction\",\"target\":[\"https:\/\/www.bredent-implants.com\/tr\/urunler-cozumler\/sky-implant-sistemi\/tube-in-tube-implantlar\/\"]}]},{\"@type\":\"ImageObject\",\"inLanguage\":\"tr\",\"@id\":\"https:\/\/www.bredent-implants.com\/tr\/urunler-cozumler\/sky-implant-sistemi\/tube-in-tube-implantlar\/#primaryimage\",\"url\":\"https:\/\/www.bredent-implants.com\/wp-content\/uploads\/2019\/06\/tube-in-tube_internal-torx-connection.png\",\"contentUrl\":\"https:\/\/www.bredent-implants.com\/wp-content\/uploads\/2019\/06\/tube-in-tube_internal-torx-connection.png\",\"width\":424,\"height\":537,\"caption\":\"tube-in-tube internal torx connection\"},{\"@type\":\"BreadcrumbList\",\"@id\":\"https:\/\/www.bredent-implants.com\/tr\/urunler-cozumler\/sky-implant-sistemi\/tube-in-tube-implantlar\/#breadcrumb\",\"itemListElement\":[{\"@type\":\"ListItem\",\"position\":1,\"name\":\"Home\",\"item\":\"https:\/\/www.bredent-implants.com\/tr\/\"},{\"@type\":\"ListItem\",\"position\":2,\"name\":\"\u00dcr\u00fcnler &amp; \u00c7\u00f6z\u00fcmler\",\"item\":\"https:\/\/www.bredent-implants.com\/tr\/urunler-cozumler\/\"},{\"@type\":\"ListItem\",\"position\":3,\"name\":\"SKY \u0130mplant Sistemi\",\"item\":\"https:\/\/www.bredent-implants.com\/tr\/products-solutions\/sky-implant-system\/\"},{\"@type\":\"ListItem\",\"position\":4,\"name\":\"Tube in tube implantlar\"}]},{\"@type\":\"WebSite\",\"@id\":\"https:\/\/www.bredent-implants.com\/tr\/#website\",\"url\":\"https:\/\/www.bredent-implants.com\/tr\/\",\"name\":\"\",\"description\":\"bredent medical implants\",\"publisher\":{\"@id\":\"https:\/\/www.bredent-implants.com\/tr\/#organization\"},\"potentialAction\":[{\"@type\":\"SearchAction\",\"target\":{\"@type\":\"EntryPoint\",\"urlTemplate\":\"https:\/\/www.bredent-implants.com\/tr\/?s={search_term_string}\"},\"query-input\":{\"@type\":\"PropertyValueSpecification\",\"valueRequired\":true,\"valueName\":\"search_term_string\"}}],\"inLanguage\":\"tr\"},{\"@type\":\"Organization\",\"@id\":\"https:\/\/www.bredent-implants.com\/tr\/#organization\",\"name\":\"bredent GmbH & Co.KG\",\"url\":\"https:\/\/www.bredent-implants.com\/tr\/\",\"logo\":{\"@type\":\"ImageObject\",\"inLanguage\":\"tr\",\"@id\":\"https:\/\/www.bredent-implants.com\/tr\/#\/schema\/logo\/image\/\",\"url\":\"https:\/\/www.bredent-implants.com\/wp-content\/uploads\/2019\/03\/bredent-group-Black-Logo-PNG-file.png\",\"contentUrl\":\"https:\/\/www.bredent-implants.com\/wp-content\/uploads\/2019\/03\/bredent-group-Black-Logo-PNG-file.png\",\"width\":1579,\"height\":330,\"caption\":\"bredent GmbH & Co.KG\"},\"image\":{\"@id\":\"https:\/\/www.bredent-implants.com\/tr\/#\/schema\/logo\/image\/\"},\"sameAs\":[\"https:\/\/www.facebook.com\/bredent-group-International-766435650174845\/?ref=bookmarks\",\"https:\/\/www.youtube.com\/user\/bredentgroup\"]}]}<\/script>\n<!-- \/ Yoast SEO plugin. -->","yoast_head_json":{"title":"Tube in tube implantlar -","description":"bredent-medical'in uzun s\u00fcreli stabil ba\u011flant\u0131 i\u00e7in tube in tube implantlar\u0131","robots":{"index":"index","follow":"follow","max-snippet":"max-snippet:-1","max-image-preview":"max-image-preview:large","max-video-preview":"max-video-preview:-1"},"canonical":"https:\/\/www.bredent-implants.com\/tr\/urunler-cozumler\/sky-implant-sistemi\/tube-in-tube-implantlar\/","og_locale":"tr_TR","og_type":"article","og_title":"Tube in tube implantlar -","og_description":"bredent-medical'in uzun s\u00fcreli stabil ba\u011flant\u0131 i\u00e7in tube in tube implantlar\u0131","og_url":"https:\/\/www.bredent-implants.com\/tr\/urunler-cozumler\/sky-implant-sistemi\/tube-in-tube-implantlar\/","article_publisher":"https:\/\/www.facebook.com\/bredent-group-International-766435650174845\/?ref=bookmarks","article_modified_time":"2025-06-26T12:39:28+00:00","og_image":[{"width":424,"height":537,"url":"https:\/\/www.bredent-implants.com\/wp-content\/uploads\/2019\/06\/tube-in-tube_internal-torx-connection.png","type":"image\/png"}],"twitter_card":"summary_large_image","twitter_misc":{"Tahmini okuma s\u00fcresi":"1 dakika"},"schema":{"@context":"https:\/\/schema.org","@graph":[{"@type":"WebPage","@id":"https:\/\/www.bredent-implants.com\/tr\/urunler-cozumler\/sky-implant-sistemi\/tube-in-tube-implantlar\/","url":"https:\/\/www.bredent-implants.com\/tr\/urunler-cozumler\/sky-implant-sistemi\/tube-in-tube-implantlar\/","name":"Tube in tube implantlar -","isPartOf":{"@id":"https:\/\/www.bredent-implants.com\/tr\/#website"},"primaryImageOfPage":{"@id":"https:\/\/www.bredent-implants.com\/tr\/urunler-cozumler\/sky-implant-sistemi\/tube-in-tube-implantlar\/#primaryimage"},"image":{"@id":"https:\/\/www.bredent-implants.com\/tr\/urunler-cozumler\/sky-implant-sistemi\/tube-in-tube-implantlar\/#primaryimage"},"thumbnailUrl":"https:\/\/www.bredent-implants.com\/wp-content\/uploads\/2019\/06\/tube-in-tube_internal-torx-connection.png","datePublished":"2019-12-27T09:54:32+00:00","dateModified":"2025-06-26T12:39:28+00:00","description":"bredent-medical'in uzun s\u00fcreli stabil ba\u011flant\u0131 i\u00e7in tube in tube implantlar\u0131","breadcrumb":{"@id":"https:\/\/www.bredent-implants.com\/tr\/urunler-cozumler\/sky-implant-sistemi\/tube-in-tube-implantlar\/#breadcrumb"},"inLanguage":"tr","potentialAction":[{"@type":"ReadAction","target":["https:\/\/www.bredent-implants.com\/tr\/urunler-cozumler\/sky-implant-sistemi\/tube-in-tube-implantlar\/"]}]},{"@type":"ImageObject","inLanguage":"tr","@id":"https:\/\/www.bredent-implants.com\/tr\/urunler-cozumler\/sky-implant-sistemi\/tube-in-tube-implantlar\/#primaryimage","url":"https:\/\/www.bredent-implants.com\/wp-content\/uploads\/2019\/06\/tube-in-tube_internal-torx-connection.png","contentUrl":"https:\/\/www.bredent-implants.com\/wp-content\/uploads\/2019\/06\/tube-in-tube_internal-torx-connection.png","width":424,"height":537,"caption":"tube-in-tube internal torx connection"},{"@type":"BreadcrumbList","@id":"https:\/\/www.bredent-implants.com\/tr\/urunler-cozumler\/sky-implant-sistemi\/tube-in-tube-implantlar\/#breadcrumb","itemListElement":[{"@type":"ListItem","position":1,"name":"Home","item":"https:\/\/www.bredent-implants.com\/tr\/"},{"@type":"ListItem","position":2,"name":"\u00dcr\u00fcnler &amp; \u00c7\u00f6z\u00fcmler","item":"https:\/\/www.bredent-implants.com\/tr\/urunler-cozumler\/"},{"@type":"ListItem","position":3,"name":"SKY \u0130mplant Sistemi","item":"https:\/\/www.bredent-implants.com\/tr\/products-solutions\/sky-implant-system\/"},{"@type":"ListItem","position":4,"name":"Tube in tube implantlar"}]},{"@type":"WebSite","@id":"https:\/\/www.bredent-implants.com\/tr\/#website","url":"https:\/\/www.bredent-implants.com\/tr\/","name":"","description":"bredent medical implants","publisher":{"@id":"https:\/\/www.bredent-implants.com\/tr\/#organization"},"potentialAction":[{"@type":"SearchAction","target":{"@type":"EntryPoint","urlTemplate":"https:\/\/www.bredent-implants.com\/tr\/?s={search_term_string}"},"query-input":{"@type":"PropertyValueSpecification","valueRequired":true,"valueName":"search_term_string"}}],"inLanguage":"tr"},{"@type":"Organization","@id":"https:\/\/www.bredent-implants.com\/tr\/#organization","name":"bredent GmbH & Co.KG","url":"https:\/\/www.bredent-implants.com\/tr\/","logo":{"@type":"ImageObject","inLanguage":"tr","@id":"https:\/\/www.bredent-implants.com\/tr\/#\/schema\/logo\/image\/","url":"https:\/\/www.bredent-implants.com\/wp-content\/uploads\/2019\/03\/bredent-group-Black-Logo-PNG-file.png","contentUrl":"https:\/\/www.bredent-implants.com\/wp-content\/uploads\/2019\/03\/bredent-group-Black-Logo-PNG-file.png","width":1579,"height":330,"caption":"bredent GmbH & Co.KG"},"image":{"@id":"https:\/\/www.bredent-implants.com\/tr\/#\/schema\/logo\/image\/"},"sameAs":["https:\/\/www.facebook.com\/bredent-group-International-766435650174845\/?ref=bookmarks","https:\/\/www.youtube.com\/user\/bredentgroup"]}]}},"_links":{"self":[{"href":"https:\/\/www.bredent-implants.com\/tr\/wp-json\/wp\/v2\/pages\/17605","targetHints":{"allow":["GET"]}}],"collection":[{"href":"https:\/\/www.bredent-implants.com\/tr\/wp-json\/wp\/v2\/pages"}],"about":[{"href":"https:\/\/www.bredent-implants.com\/tr\/wp-json\/wp\/v2\/types\/page"}],"author":[{"embeddable":true,"href":"https:\/\/www.bredent-implants.com\/tr\/wp-json\/wp\/v2\/users\/2"}],"replies":[{"embeddable":true,"href":"https:\/\/www.bredent-implants.com\/tr\/wp-json\/wp\/v2\/comments?post=17605"}],"version-history":[{"count":1,"href":"https:\/\/www.bredent-implants.com\/tr\/wp-json\/wp\/v2\/pages\/17605\/revisions"}],"predecessor-version":[{"id":81679,"href":"https:\/\/www.bredent-implants.com\/tr\/wp-json\/wp\/v2\/pages\/17605\/revisions\/81679"}],"up":[{"embeddable":true,"href":"https:\/\/www.bredent-implants.com\/tr\/wp-json\/wp\/v2\/pages\/17405"}],"wp:featuredmedia":[{"embeddable":true,"href":"https:\/\/www.bredent-implants.com\/tr\/wp-json\/wp\/v2\/media\/17607"}],"wp:attachment":[{"href":"https:\/\/www.bredent-implants.com\/tr\/wp-json\/wp\/v2\/media?parent=17605"}],"curies":[{"name":"wp","href":"https:\/\/api.w.org\/{rel}","templated":true}]}}