{"id":17515,"date":"2019-12-26T08:41:20","date_gmt":"2019-12-26T07:41:20","guid":{"rendered":"https:\/\/www.bredent-implants.com\/rejenerasyon\/helbo-antimikrobiyal-fotodinamik-tedavi-apdt\/"},"modified":"2025-10-09T09:50:53","modified_gmt":"2025-10-09T07:50:53","slug":"helbo","status":"publish","type":"page","link":"https:\/\/www.bredent-implants.com\/tr\/urunler-cozumler\/rejenerasyon\/helbo\/","title":{"rendered":"Helbo Antimikrobiyal Fotodinamik Tedavi (aPDT)"},"content":{"rendered":"\t\t<div data-elementor-type=\"wp-post\" data-elementor-id=\"17515\" class=\"elementor elementor-17515 elementor-1327\" data-elementor-post-type=\"page\">\n\t\t\t\t\t\t<section class=\"elementor-section elementor-top-section elementor-element elementor-element-2678c70 elementor-section-height-min-height elementor-section-boxed elementor-section-height-default elementor-section-items-middle\" data-id=\"2678c70\" data-element_type=\"section\" data-e-type=\"section\" data-settings=\"{&quot;background_background&quot;:&quot;classic&quot;}\">\n\t\t\t\t\t\t<div class=\"elementor-container elementor-column-gap-default\">\n\t\t\t\t\t<div class=\"elementor-column elementor-col-100 elementor-top-column elementor-element elementor-element-369f759\" data-id=\"369f759\" data-element_type=\"column\" data-e-type=\"column\">\n\t\t\t<div class=\"elementor-widget-wrap elementor-element-populated\">\n\t\t\t\t\t\t<div class=\"elementor-element elementor-element-8dbe253 elementor-widget elementor-widget-breadcrumbs\" data-id=\"8dbe253\" data-element_type=\"widget\" data-e-type=\"widget\" data-widget_type=\"breadcrumbs.default\">\n\t\t\t\t<div class=\"elementor-widget-container\">\n\t\t\t\t\t<p id=\"breadcrumbs\"><span><span><a href=\"https:\/\/www.bredent-implants.com\/tr\/\">Home<\/a><\/span><\/span><\/p>\t\t\t\t<\/div>\n\t\t\t\t<\/div>\n\t\t\t\t\t<\/div>\n\t\t<\/div>\n\t\t\t\t\t<\/div>\n\t\t<\/section>\n\t\t\t\t<section class=\"elementor-section elementor-top-section elementor-element elementor-element-242b8b5 elementor-section-height-min-height elementor-section-stretched elementor-reverse-mobile elementor-section-boxed elementor-section-height-default elementor-section-items-middle\" data-id=\"242b8b5\" data-element_type=\"section\" data-e-type=\"section\" data-settings=\"{&quot;background_background&quot;:&quot;classic&quot;,&quot;stretch_section&quot;:&quot;section-stretched&quot;}\">\n\t\t\t\t\t\t<div class=\"elementor-container elementor-column-gap-default\">\n\t\t\t\t\t<div class=\"elementor-column elementor-col-50 elementor-top-column elementor-element elementor-element-b6014b2 elementor-invisible\" data-id=\"b6014b2\" data-element_type=\"column\" data-e-type=\"column\" data-settings=\"{&quot;animation&quot;:&quot;fadeInLeft&quot;,&quot;animation_delay&quot;:300}\">\n\t\t\t<div class=\"elementor-widget-wrap elementor-element-populated\">\n\t\t\t\t\t\t<div class=\"elementor-element elementor-element-1b77c91 elementor-widget elementor-widget-image\" data-id=\"1b77c91\" data-element_type=\"widget\" data-e-type=\"widget\" data-widget_type=\"image.default\">\n\t\t\t\t<div class=\"elementor-widget-container\">\n\t\t\t\t\t\t\t\t\t\t\t\t\t\t\t<img decoding=\"async\" width=\"326\" height=\"128\" src=\"https:\/\/www.bredent-implants.com\/wp-content\/uploads\/2020\/11\/Helbo-Blue-Logo-English-PNG-file.png\" class=\"attachment-full size-full wp-image-32145\" alt=\"\" srcset=\"https:\/\/www.bredent-implants.com\/wp-content\/uploads\/2020\/11\/Helbo-Blue-Logo-English-PNG-file.png 326w, https:\/\/www.bredent-implants.com\/wp-content\/uploads\/2020\/11\/Helbo-Blue-Logo-English-PNG-file-300x118.png 300w\" sizes=\"(max-width: 326px) 100vw, 326px\" \/>\t\t\t\t\t\t\t\t\t\t\t\t\t\t\t<\/div>\n\t\t\t\t<\/div>\n\t\t\t\t<div class=\"elementor-element elementor-element-b29ef63 elementor-widget elementor-widget-text-editor\" data-id=\"b29ef63\" data-element_type=\"widget\" data-e-type=\"widget\" data-widget_type=\"text-editor.default\">\n\t\t\t\t<div class=\"elementor-widget-container\">\n\t\t\t\t\t\t\t\t\t<p style=\"text-align: center;\"><strong><span style=\"color: #ffffff;\">BAKTER\u0130YEL ENFEKS\u0130YONLARIN <br>KONTROL\u00dcN\u00dc SA\u011eLAR<\/span><\/strong><\/p>\t\t\t\t\t\t\t\t<\/div>\n\t\t\t\t<\/div>\n\t\t\t\t\t<\/div>\n\t\t<\/div>\n\t\t\t\t<div class=\"elementor-column elementor-col-50 elementor-top-column elementor-element elementor-element-ee61ea8\" data-id=\"ee61ea8\" data-element_type=\"column\" data-e-type=\"column\">\n\t\t\t<div class=\"elementor-widget-wrap elementor-element-populated\">\n\t\t\t\t\t\t<div class=\"elementor-element elementor-element-f40b915 elementor-widget elementor-widget-image\" data-id=\"f40b915\" data-element_type=\"widget\" data-e-type=\"widget\" data-widget_type=\"image.default\">\n\t\t\t\t<div class=\"elementor-widget-container\">\n\t\t\t\t\t\t\t\t\t\t\t\t\t\t\t<img fetchpriority=\"high\" decoding=\"async\" width=\"794\" height=\"642\" src=\"https:\/\/www.bredent-implants.com\/wp-content\/uploads\/2020\/11\/Helbo_products-image.jpg\" class=\"attachment-full size-full wp-image-32167\" alt=\"\" srcset=\"https:\/\/www.bredent-implants.com\/wp-content\/uploads\/2020\/11\/Helbo_products-image.jpg 794w, https:\/\/www.bredent-implants.com\/wp-content\/uploads\/2020\/11\/Helbo_products-image-300x243.jpg 300w, https:\/\/www.bredent-implants.com\/wp-content\/uploads\/2020\/11\/Helbo_products-image-768x621.jpg 768w\" sizes=\"(max-width: 794px) 100vw, 794px\" \/>\t\t\t\t\t\t\t\t\t\t\t\t\t\t\t<\/div>\n\t\t\t\t<\/div>\n\t\t\t\t\t<\/div>\n\t\t<\/div>\n\t\t\t\t\t<\/div>\n\t\t<\/section>\n\t\t\t\t<section class=\"elementor-section elementor-top-section elementor-element elementor-element-45e538c elementor-section-content-middle elementor-section-height-min-height elementor-section-stretched elementor-section-full_width elementor-section-height-default elementor-section-items-middle\" data-id=\"45e538c\" data-element_type=\"section\" data-e-type=\"section\" data-settings=\"{&quot;background_background&quot;:&quot;classic&quot;,&quot;stretch_section&quot;:&quot;section-stretched&quot;}\">\n\t\t\t\t\t\t\t<div class=\"elementor-background-overlay\"><\/div>\n\t\t\t\t\t\t\t<div class=\"elementor-container elementor-column-gap-no\">\n\t\t\t\t\t<div class=\"elementor-column elementor-col-100 elementor-top-column elementor-element elementor-element-313b974\" data-id=\"313b974\" data-element_type=\"column\" data-e-type=\"column\">\n\t\t\t<div class=\"elementor-widget-wrap elementor-element-populated\">\n\t\t\t\t\t\t<section class=\"elementor-section elementor-inner-section elementor-element elementor-element-bec5039 elementor-section-boxed elementor-section-height-default elementor-section-height-default\" data-id=\"bec5039\" data-element_type=\"section\" data-e-type=\"section\">\n\t\t\t\t\t\t<div class=\"elementor-container elementor-column-gap-default\">\n\t\t\t\t\t<div class=\"elementor-column elementor-col-50 elementor-inner-column elementor-element elementor-element-da4310a\" data-id=\"da4310a\" data-element_type=\"column\" data-e-type=\"column\">\n\t\t\t<div class=\"elementor-widget-wrap elementor-element-populated\">\n\t\t\t\t\t\t<div class=\"elementor-element elementor-element-7cfe843 elementor-widget elementor-widget-video\" data-id=\"7cfe843\" data-element_type=\"widget\" data-e-type=\"widget\" data-settings=\"{&quot;video_type&quot;:&quot;hosted&quot;,&quot;autoplay&quot;:&quot;yes&quot;,&quot;mute&quot;:&quot;yes&quot;,&quot;loop&quot;:&quot;yes&quot;}\" data-widget_type=\"video.default\">\n\t\t\t\t<div class=\"elementor-widget-container\">\n\t\t\t\t\t\t\t<div class=\"e-hosted-video elementor-wrapper elementor-open-inline\">\n\t\t\t\t\t<video class=\"elementor-video\" src=\"https:\/\/www.bredent-implants.com\/wp-content\/uploads\/2019\/07\/Helbo_video.mp4\" autoplay=\"\" loop=\"\" muted=\"muted\" controlsList=\"nodownload\"><\/video>\n\t\t\t\t<\/div>\n\t\t\t\t\t\t<\/div>\n\t\t\t\t<\/div>\n\t\t\t\t\t<\/div>\n\t\t<\/div>\n\t\t\t\t<div class=\"elementor-column elementor-col-50 elementor-inner-column elementor-element elementor-element-2fce871\" data-id=\"2fce871\" data-element_type=\"column\" data-e-type=\"column\">\n\t\t\t<div class=\"elementor-widget-wrap elementor-element-populated\">\n\t\t\t\t\t\t<div class=\"elementor-element elementor-element-9d86739 animated-slow elementor-invisible elementor-widget elementor-widget-heading\" data-id=\"9d86739\" data-element_type=\"widget\" data-e-type=\"widget\" data-settings=\"{&quot;_animation&quot;:&quot;fadeInRight&quot;}\" data-widget_type=\"heading.default\">\n\t\t\t\t<div class=\"elementor-widget-container\">\n\t\t\t\t\t<p class=\"elementor-heading-title elementor-size-default\">HELBO<sup>\u00ae<\/sup> Hakk\u0131nda Daha Fazla Bilgi Edinin <\/p>\t\t\t\t<\/div>\n\t\t\t\t<\/div>\n\t\t\t\t<div class=\"elementor-element elementor-element-287b193 elementor-align-center animated-slow elementor-invisible elementor-widget elementor-widget-button\" data-id=\"287b193\" data-element_type=\"widget\" data-e-type=\"widget\" data-settings=\"{&quot;_animation&quot;:&quot;fadeInUp&quot;,&quot;_animation_delay&quot;:200}\" data-widget_type=\"button.default\">\n\t\t\t\t<div class=\"elementor-widget-container\">\n\t\t\t\t\t\t\t\t\t<div class=\"elementor-button-wrapper\">\n\t\t\t\t\t<a class=\"elementor-button elementor-button-link elementor-size-sm\" href=\"https:\/\/helbo.de\/\" target=\"_blank\">\n\t\t\t\t\t\t<span class=\"elementor-button-content-wrapper\">\n\t\t\t\t\t\t<span class=\"elementor-button-icon\">\n\t\t\t\t<i aria-hidden=\"true\" class=\"fas fa-external-link-alt\"><\/i>\t\t\t<\/span>\n\t\t\t\t\t\t\t\t\t<span class=\"elementor-button-text\">www.helbo.de<\/span>\n\t\t\t\t\t<\/span>\n\t\t\t\t\t<\/a>\n\t\t\t\t<\/div>\n\t\t\t\t\t\t\t\t<\/div>\n\t\t\t\t<\/div>\n\t\t\t\t\t<\/div>\n\t\t<\/div>\n\t\t\t\t\t<\/div>\n\t\t<\/section>\n\t\t\t\t\t<\/div>\n\t\t<\/div>\n\t\t\t\t\t<\/div>\n\t\t<\/section>\n\t\t\t\t<\/div>\n\t\t","protected":false},"excerpt":{"rendered":"<p>BAKTER\u0130YEL ENFEKS\u0130YONLARIN KONTROL\u00dcN\u00dc SA\u011eLAR https:\/\/www.bredent-implants.com\/wp-content\/uploads\/2019\/07\/Helbo_video.mp4 HELBO\u00ae Hakk\u0131nda Daha Fazla Bilgi Edinin www.helbo.de<\/p>\n","protected":false},"author":2,"featured_media":17769,"parent":17467,"menu_order":1,"comment_status":"closed","ping_status":"closed","template":"elementor_header_footer","meta":{"footnotes":""},"class_list":["post-17515","page","type-page","status-publish","has-post-thumbnail","hentry"],"yoast_head":"<!-- This site is optimized with the Yoast SEO plugin v27.2 - https:\/\/yoast.com\/product\/yoast-seo-wordpress\/ -->\n<title>Helbo Antimikrobiyal Fotodinamik Tedavi (aPDT) -<\/title>\n<meta name=\"description\" content=\"HELBO Tedavisi ile hastalar\u0131n\u0131z\u0131 iltihap ve enfeksiyonlardan h\u0131zl\u0131ca kurtarabilir veya yara iyile\u015fmelerinde ya\u015fanabilecek rahats\u0131zl\u0131klar\u0131 \u00f6nleyebilirsiniz.\" \/>\n<meta name=\"robots\" content=\"index, follow, max-snippet:-1, max-image-preview:large, max-video-preview:-1\" \/>\n<link rel=\"canonical\" href=\"https:\/\/www.bredent-implants.com\/tr\/urunler-cozumler\/rejenerasyon\/helbo\/\" \/>\n<meta property=\"og:locale\" content=\"tr_TR\" \/>\n<meta property=\"og:type\" content=\"article\" \/>\n<meta property=\"og:title\" content=\"Helbo Antimikrobiyal Fotodinamik Tedavi (aPDT) -\" \/>\n<meta property=\"og:description\" content=\"HELBO Tedavisi ile hastalar\u0131n\u0131z\u0131 iltihap ve enfeksiyonlardan h\u0131zl\u0131ca kurtarabilir veya yara iyile\u015fmelerinde ya\u015fanabilecek rahats\u0131zl\u0131klar\u0131 \u00f6nleyebilirsiniz.\" \/>\n<meta property=\"og:url\" content=\"https:\/\/www.bredent-implants.com\/tr\/urunler-cozumler\/rejenerasyon\/helbo\/\" \/>\n<meta property=\"article:publisher\" content=\"https:\/\/www.facebook.com\/bredent-group-International-766435650174845\/?ref=bookmarks\" \/>\n<meta property=\"article:modified_time\" content=\"2025-10-09T07:50:53+00:00\" \/>\n<meta property=\"og:image\" content=\"https:\/\/www.bredent-implants.com\/wp-content\/uploads\/2019\/06\/HELBO-submenu.jpg\" \/>\n\t<meta property=\"og:image:width\" content=\"760\" \/>\n\t<meta property=\"og:image:height\" content=\"600\" \/>\n\t<meta property=\"og:image:type\" content=\"image\/jpeg\" \/>\n<meta name=\"twitter:card\" content=\"summary_large_image\" \/>\n<script type=\"application\/ld+json\" class=\"yoast-schema-graph\">{\"@context\":\"https:\/\/schema.org\",\"@graph\":[{\"@type\":\"WebPage\",\"@id\":\"https:\/\/www.bredent-implants.com\/tr\/urunler-cozumler\/rejenerasyon\/helbo\/\",\"url\":\"https:\/\/www.bredent-implants.com\/tr\/urunler-cozumler\/rejenerasyon\/helbo\/\",\"name\":\"Helbo Antimikrobiyal Fotodinamik Tedavi (aPDT) -\",\"isPartOf\":{\"@id\":\"https:\/\/www.bredent-implants.com\/tr\/#website\"},\"primaryImageOfPage\":{\"@id\":\"https:\/\/www.bredent-implants.com\/tr\/urunler-cozumler\/rejenerasyon\/helbo\/#primaryimage\"},\"image\":{\"@id\":\"https:\/\/www.bredent-implants.com\/tr\/urunler-cozumler\/rejenerasyon\/helbo\/#primaryimage\"},\"thumbnailUrl\":\"https:\/\/www.bredent-implants.com\/wp-content\/uploads\/2019\/06\/HELBO-submenu.jpg\",\"datePublished\":\"2019-12-26T07:41:20+00:00\",\"dateModified\":\"2025-10-09T07:50:53+00:00\",\"description\":\"HELBO Tedavisi ile hastalar\u0131n\u0131z\u0131 iltihap ve enfeksiyonlardan h\u0131zl\u0131ca kurtarabilir veya yara iyile\u015fmelerinde ya\u015fanabilecek rahats\u0131zl\u0131klar\u0131 \u00f6nleyebilirsiniz.\",\"breadcrumb\":{\"@id\":\"https:\/\/www.bredent-implants.com\/tr\/urunler-cozumler\/rejenerasyon\/helbo\/#breadcrumb\"},\"inLanguage\":\"tr\",\"potentialAction\":[{\"@type\":\"ReadAction\",\"target\":[\"https:\/\/www.bredent-implants.com\/tr\/urunler-cozumler\/rejenerasyon\/helbo\/\"]}]},{\"@type\":\"ImageObject\",\"inLanguage\":\"tr\",\"@id\":\"https:\/\/www.bredent-implants.com\/tr\/urunler-cozumler\/rejenerasyon\/helbo\/#primaryimage\",\"url\":\"https:\/\/www.bredent-implants.com\/wp-content\/uploads\/2019\/06\/HELBO-submenu.jpg\",\"contentUrl\":\"https:\/\/www.bredent-implants.com\/wp-content\/uploads\/2019\/06\/HELBO-submenu.jpg\",\"width\":760,\"height\":600,\"caption\":\"HELBO - Antimikrobiyal Fotodinamik Terapi (aPDT)\"},{\"@type\":\"BreadcrumbList\",\"@id\":\"https:\/\/www.bredent-implants.com\/tr\/urunler-cozumler\/rejenerasyon\/helbo\/#breadcrumb\",\"itemListElement\":[{\"@type\":\"ListItem\",\"position\":1,\"name\":\"Home\",\"item\":\"https:\/\/www.bredent-implants.com\/tr\/\"},{\"@type\":\"ListItem\",\"position\":2,\"name\":\"\u00dcr\u00fcnler &amp; \u00c7\u00f6z\u00fcmler\",\"item\":\"https:\/\/www.bredent-implants.com\/tr\/urunler-cozumler\/\"},{\"@type\":\"ListItem\",\"position\":3,\"name\":\"Rejenerasyon\",\"item\":\"https:\/\/www.bredent-implants.com\/tr\/products-solutions\/regeneration\/\"},{\"@type\":\"ListItem\",\"position\":4,\"name\":\"Helbo Antimikrobiyal Fotodinamik Tedavi (aPDT)\"}]},{\"@type\":\"WebSite\",\"@id\":\"https:\/\/www.bredent-implants.com\/tr\/#website\",\"url\":\"https:\/\/www.bredent-implants.com\/tr\/\",\"name\":\"\",\"description\":\"bredent medical implants\",\"publisher\":{\"@id\":\"https:\/\/www.bredent-implants.com\/tr\/#organization\"},\"potentialAction\":[{\"@type\":\"SearchAction\",\"target\":{\"@type\":\"EntryPoint\",\"urlTemplate\":\"https:\/\/www.bredent-implants.com\/tr\/?s={search_term_string}\"},\"query-input\":{\"@type\":\"PropertyValueSpecification\",\"valueRequired\":true,\"valueName\":\"search_term_string\"}}],\"inLanguage\":\"tr\"},{\"@type\":\"Organization\",\"@id\":\"https:\/\/www.bredent-implants.com\/tr\/#organization\",\"name\":\"bredent GmbH & Co.KG\",\"url\":\"https:\/\/www.bredent-implants.com\/tr\/\",\"logo\":{\"@type\":\"ImageObject\",\"inLanguage\":\"tr\",\"@id\":\"https:\/\/www.bredent-implants.com\/tr\/#\/schema\/logo\/image\/\",\"url\":\"https:\/\/www.bredent-implants.com\/wp-content\/uploads\/2019\/03\/bredent-group-Black-Logo-PNG-file.png\",\"contentUrl\":\"https:\/\/www.bredent-implants.com\/wp-content\/uploads\/2019\/03\/bredent-group-Black-Logo-PNG-file.png\",\"width\":1579,\"height\":330,\"caption\":\"bredent GmbH & Co.KG\"},\"image\":{\"@id\":\"https:\/\/www.bredent-implants.com\/tr\/#\/schema\/logo\/image\/\"},\"sameAs\":[\"https:\/\/www.facebook.com\/bredent-group-International-766435650174845\/?ref=bookmarks\",\"https:\/\/www.youtube.com\/user\/bredentgroup\"]}]}<\/script>\n<!-- \/ Yoast SEO plugin. -->","yoast_head_json":{"title":"Helbo Antimikrobiyal Fotodinamik Tedavi (aPDT) -","description":"HELBO Tedavisi ile hastalar\u0131n\u0131z\u0131 iltihap ve enfeksiyonlardan h\u0131zl\u0131ca kurtarabilir veya yara iyile\u015fmelerinde ya\u015fanabilecek rahats\u0131zl\u0131klar\u0131 \u00f6nleyebilirsiniz.","robots":{"index":"index","follow":"follow","max-snippet":"max-snippet:-1","max-image-preview":"max-image-preview:large","max-video-preview":"max-video-preview:-1"},"canonical":"https:\/\/www.bredent-implants.com\/tr\/urunler-cozumler\/rejenerasyon\/helbo\/","og_locale":"tr_TR","og_type":"article","og_title":"Helbo Antimikrobiyal Fotodinamik Tedavi (aPDT) -","og_description":"HELBO Tedavisi ile hastalar\u0131n\u0131z\u0131 iltihap ve enfeksiyonlardan h\u0131zl\u0131ca kurtarabilir veya yara iyile\u015fmelerinde ya\u015fanabilecek rahats\u0131zl\u0131klar\u0131 \u00f6nleyebilirsiniz.","og_url":"https:\/\/www.bredent-implants.com\/tr\/urunler-cozumler\/rejenerasyon\/helbo\/","article_publisher":"https:\/\/www.facebook.com\/bredent-group-International-766435650174845\/?ref=bookmarks","article_modified_time":"2025-10-09T07:50:53+00:00","og_image":[{"width":760,"height":600,"url":"https:\/\/www.bredent-implants.com\/wp-content\/uploads\/2019\/06\/HELBO-submenu.jpg","type":"image\/jpeg"}],"twitter_card":"summary_large_image","schema":{"@context":"https:\/\/schema.org","@graph":[{"@type":"WebPage","@id":"https:\/\/www.bredent-implants.com\/tr\/urunler-cozumler\/rejenerasyon\/helbo\/","url":"https:\/\/www.bredent-implants.com\/tr\/urunler-cozumler\/rejenerasyon\/helbo\/","name":"Helbo Antimikrobiyal Fotodinamik Tedavi (aPDT) -","isPartOf":{"@id":"https:\/\/www.bredent-implants.com\/tr\/#website"},"primaryImageOfPage":{"@id":"https:\/\/www.bredent-implants.com\/tr\/urunler-cozumler\/rejenerasyon\/helbo\/#primaryimage"},"image":{"@id":"https:\/\/www.bredent-implants.com\/tr\/urunler-cozumler\/rejenerasyon\/helbo\/#primaryimage"},"thumbnailUrl":"https:\/\/www.bredent-implants.com\/wp-content\/uploads\/2019\/06\/HELBO-submenu.jpg","datePublished":"2019-12-26T07:41:20+00:00","dateModified":"2025-10-09T07:50:53+00:00","description":"HELBO Tedavisi ile hastalar\u0131n\u0131z\u0131 iltihap ve enfeksiyonlardan h\u0131zl\u0131ca kurtarabilir veya yara iyile\u015fmelerinde ya\u015fanabilecek rahats\u0131zl\u0131klar\u0131 \u00f6nleyebilirsiniz.","breadcrumb":{"@id":"https:\/\/www.bredent-implants.com\/tr\/urunler-cozumler\/rejenerasyon\/helbo\/#breadcrumb"},"inLanguage":"tr","potentialAction":[{"@type":"ReadAction","target":["https:\/\/www.bredent-implants.com\/tr\/urunler-cozumler\/rejenerasyon\/helbo\/"]}]},{"@type":"ImageObject","inLanguage":"tr","@id":"https:\/\/www.bredent-implants.com\/tr\/urunler-cozumler\/rejenerasyon\/helbo\/#primaryimage","url":"https:\/\/www.bredent-implants.com\/wp-content\/uploads\/2019\/06\/HELBO-submenu.jpg","contentUrl":"https:\/\/www.bredent-implants.com\/wp-content\/uploads\/2019\/06\/HELBO-submenu.jpg","width":760,"height":600,"caption":"HELBO - Antimikrobiyal Fotodinamik Terapi (aPDT)"},{"@type":"BreadcrumbList","@id":"https:\/\/www.bredent-implants.com\/tr\/urunler-cozumler\/rejenerasyon\/helbo\/#breadcrumb","itemListElement":[{"@type":"ListItem","position":1,"name":"Home","item":"https:\/\/www.bredent-implants.com\/tr\/"},{"@type":"ListItem","position":2,"name":"\u00dcr\u00fcnler &amp; \u00c7\u00f6z\u00fcmler","item":"https:\/\/www.bredent-implants.com\/tr\/urunler-cozumler\/"},{"@type":"ListItem","position":3,"name":"Rejenerasyon","item":"https:\/\/www.bredent-implants.com\/tr\/products-solutions\/regeneration\/"},{"@type":"ListItem","position":4,"name":"Helbo Antimikrobiyal Fotodinamik Tedavi (aPDT)"}]},{"@type":"WebSite","@id":"https:\/\/www.bredent-implants.com\/tr\/#website","url":"https:\/\/www.bredent-implants.com\/tr\/","name":"","description":"bredent medical implants","publisher":{"@id":"https:\/\/www.bredent-implants.com\/tr\/#organization"},"potentialAction":[{"@type":"SearchAction","target":{"@type":"EntryPoint","urlTemplate":"https:\/\/www.bredent-implants.com\/tr\/?s={search_term_string}"},"query-input":{"@type":"PropertyValueSpecification","valueRequired":true,"valueName":"search_term_string"}}],"inLanguage":"tr"},{"@type":"Organization","@id":"https:\/\/www.bredent-implants.com\/tr\/#organization","name":"bredent GmbH & Co.KG","url":"https:\/\/www.bredent-implants.com\/tr\/","logo":{"@type":"ImageObject","inLanguage":"tr","@id":"https:\/\/www.bredent-implants.com\/tr\/#\/schema\/logo\/image\/","url":"https:\/\/www.bredent-implants.com\/wp-content\/uploads\/2019\/03\/bredent-group-Black-Logo-PNG-file.png","contentUrl":"https:\/\/www.bredent-implants.com\/wp-content\/uploads\/2019\/03\/bredent-group-Black-Logo-PNG-file.png","width":1579,"height":330,"caption":"bredent GmbH & Co.KG"},"image":{"@id":"https:\/\/www.bredent-implants.com\/tr\/#\/schema\/logo\/image\/"},"sameAs":["https:\/\/www.facebook.com\/bredent-group-International-766435650174845\/?ref=bookmarks","https:\/\/www.youtube.com\/user\/bredentgroup"]}]}},"_links":{"self":[{"href":"https:\/\/www.bredent-implants.com\/tr\/wp-json\/wp\/v2\/pages\/17515","targetHints":{"allow":["GET"]}}],"collection":[{"href":"https:\/\/www.bredent-implants.com\/tr\/wp-json\/wp\/v2\/pages"}],"about":[{"href":"https:\/\/www.bredent-implants.com\/tr\/wp-json\/wp\/v2\/types\/page"}],"author":[{"embeddable":true,"href":"https:\/\/www.bredent-implants.com\/tr\/wp-json\/wp\/v2\/users\/2"}],"replies":[{"embeddable":true,"href":"https:\/\/www.bredent-implants.com\/tr\/wp-json\/wp\/v2\/comments?post=17515"}],"version-history":[{"count":6,"href":"https:\/\/www.bredent-implants.com\/tr\/wp-json\/wp\/v2\/pages\/17515\/revisions"}],"predecessor-version":[{"id":83603,"href":"https:\/\/www.bredent-implants.com\/tr\/wp-json\/wp\/v2\/pages\/17515\/revisions\/83603"}],"up":[{"embeddable":true,"href":"https:\/\/www.bredent-implants.com\/tr\/wp-json\/wp\/v2\/pages\/17467"}],"wp:featuredmedia":[{"embeddable":true,"href":"https:\/\/www.bredent-implants.com\/tr\/wp-json\/wp\/v2\/media\/17769"}],"wp:attachment":[{"href":"https:\/\/www.bredent-implants.com\/tr\/wp-json\/wp\/v2\/media?parent=17515"}],"curies":[{"name":"wp","href":"https:\/\/api.w.org\/{rel}","templated":true}]}}