{"id":17281,"date":"2019-12-23T10:37:32","date_gmt":"2019-12-23T10:37:32","guid":{"rendered":"https:\/\/www.bredent-implants.com\/tek-parca-implantlar\/"},"modified":"2025-02-24T09:40:58","modified_gmt":"2025-02-24T08:40:58","slug":"tek-parca-implantlar","status":"publish","type":"page","link":"https:\/\/www.bredent-implants.com\/tr\/urunler-cozumler\/sky-implant-sistemi\/tek-parca-implantlar\/","title":{"rendered":"Tek Par\u00e7a \u0130mplantlar"},"content":{"rendered":"\t\t<div data-elementor-type=\"wp-post\" data-elementor-id=\"17281\" class=\"elementor elementor-17281 elementor-6241\" data-elementor-post-type=\"page\">\n\t\t\t\t\t\t<section class=\"elementor-section elementor-top-section elementor-element elementor-element-4bf6fd7 elementor-section-height-min-height elementor-section-boxed elementor-section-height-default elementor-section-items-middle\" data-id=\"4bf6fd7\" data-element_type=\"section\" data-e-type=\"section\" data-settings=\"{&quot;background_background&quot;:&quot;classic&quot;}\">\n\t\t\t\t\t\t<div class=\"elementor-container elementor-column-gap-default\">\n\t\t\t\t\t<div class=\"elementor-column elementor-col-100 elementor-top-column elementor-element elementor-element-bb29022\" data-id=\"bb29022\" data-element_type=\"column\" data-e-type=\"column\">\n\t\t\t<div class=\"elementor-widget-wrap elementor-element-populated\">\n\t\t\t\t\t\t<div class=\"elementor-element elementor-element-dd38de5 elementor-widget elementor-widget-breadcrumbs\" data-id=\"dd38de5\" data-element_type=\"widget\" data-e-type=\"widget\" data-widget_type=\"breadcrumbs.default\">\n\t\t\t\t<div class=\"elementor-widget-container\">\n\t\t\t\t\t<p id=\"breadcrumbs\"><span><span><a href=\"https:\/\/www.bredent-implants.com\/tr\/\">Home<\/a><\/span><\/span><\/p>\t\t\t\t<\/div>\n\t\t\t\t<\/div>\n\t\t\t\t\t<\/div>\n\t\t<\/div>\n\t\t\t\t\t<\/div>\n\t\t<\/section>\n\t\t<div class=\"elementor-element elementor-element-34c1554 e-flex e-con-boxed e-con e-parent\" data-id=\"34c1554\" data-element_type=\"container\" data-e-type=\"container\">\n\t\t\t\t\t<div class=\"e-con-inner\">\n\t\t<div class=\"elementor-element elementor-element-25787bb e-con-full e-flex e-con e-child\" data-id=\"25787bb\" data-element_type=\"container\" data-e-type=\"container\" data-settings=\"{&quot;background_background&quot;:&quot;classic&quot;}\">\n\t\t<div class=\"elementor-element elementor-element-4e1d56b e-con-full e-flex e-con e-child\" data-id=\"4e1d56b\" data-element_type=\"container\" data-e-type=\"container\">\n\t\t\t\t<div class=\"elementor-element elementor-element-ce2d234 elementor-widget elementor-widget-heading\" data-id=\"ce2d234\" data-element_type=\"widget\" data-e-type=\"widget\" data-widget_type=\"heading.default\">\n\t\t\t\t<div class=\"elementor-widget-container\">\n\t\t\t\t\t<h2 class=\"elementor-heading-title elementor-size-default\">Tek Par\u00e7a \u0130mplantlar<\/h2>\t\t\t\t<\/div>\n\t\t\t\t<\/div>\n\t\t\t\t<div class=\"elementor-element elementor-element-2ccced5 elementor-widget elementor-widget-heading\" data-id=\"2ccced5\" data-element_type=\"widget\" data-e-type=\"widget\" data-widget_type=\"heading.default\">\n\t\t\t\t<div class=\"elementor-widget-container\">\n\t\t\t\t\t<h2 class=\"elementor-heading-title elementor-size-default\">Zirkonyum implant<\/h2>\t\t\t\t<\/div>\n\t\t\t\t<\/div>\n\t\t<div class=\"elementor-element elementor-element-2030db8 e-con-full e-flex e-con e-child\" data-id=\"2030db8\" data-element_type=\"container\" data-e-type=\"container\">\n\t\t<div class=\"elementor-element elementor-element-9d297d2 e-con-full e-flex e-con e-child\" data-id=\"9d297d2\" data-element_type=\"container\" data-e-type=\"container\">\n\t\t\t\t<\/div>\n\t\t<div class=\"elementor-element elementor-element-6c5c3da e-con-full e-flex e-con e-child\" data-id=\"6c5c3da\" data-element_type=\"container\" data-e-type=\"container\">\n\t\t\t\t<div class=\"elementor-element elementor-element-3d217f9 animated-slow elementor-invisible elementor-widget elementor-widget-image\" data-id=\"3d217f9\" data-element_type=\"widget\" data-e-type=\"widget\" data-settings=\"{&quot;_animation&quot;:&quot;fadeIn&quot;}\" data-widget_type=\"image.default\">\n\t\t\t\t<div class=\"elementor-widget-container\">\n\t\t\t\t\t\t\t\t\t\t\t\t\t\t\t<img fetchpriority=\"high\" decoding=\"async\" width=\"375\" height=\"500\" src=\"https:\/\/www.bredent-implants.com\/wp-content\/uploads\/2025\/02\/bredent-medical-whitesky-TL-AL-1.jpg\" class=\"attachment-full size-full wp-image-73565\" alt=\"\" \/>\t\t\t\t\t\t\t\t\t\t\t\t\t\t\t<\/div>\n\t\t\t\t<\/div>\n\t\t\t\t<div class=\"elementor-element elementor-element-9d40a59 elementor-align-center animated-slow elementor-invisible elementor-widget elementor-widget-button\" data-id=\"9d40a59\" data-element_type=\"widget\" data-e-type=\"widget\" data-settings=\"{&quot;_animation&quot;:&quot;fadeIn&quot;}\" data-widget_type=\"button.default\">\n\t\t\t\t<div class=\"elementor-widget-container\">\n\t\t\t\t\t\t\t\t\t<div class=\"elementor-button-wrapper\">\n\t\t\t\t\t<a class=\"elementor-button elementor-button-link elementor-size-sm\" href=\"https:\/\/www.bredent-implants.com\/tr\/urunler-cozumler\/sky-implant-sistemi\/tek-parca-implantlar\/whitesky\/\">\n\t\t\t\t\t\t<span class=\"elementor-button-content-wrapper\">\n\t\t\t\t\t\t<span class=\"elementor-button-icon\">\n\t\t\t\t<i aria-hidden=\"true\" class=\"fas fa-arrow-alt-circle-right\"><\/i>\t\t\t<\/span>\n\t\t\t\t\t\t\t\t\t<span class=\"elementor-button-text\">whiteSKY TL &amp; AL<\/span>\n\t\t\t\t\t<\/span>\n\t\t\t\t\t<\/a>\n\t\t\t\t<\/div>\n\t\t\t\t\t\t\t\t<\/div>\n\t\t\t\t<\/div>\n\t\t\t\t<\/div>\n\t\t<div class=\"elementor-element elementor-element-4f50d3d e-con-full e-flex e-con e-child\" data-id=\"4f50d3d\" data-element_type=\"container\" data-e-type=\"container\">\n\t\t\t\t<\/div>\n\t\t\t\t<\/div>\n\t\t\t\t<\/div>\n\t\t\t\t<\/div>\n\t\t\t\t\t<\/div>\n\t\t\t\t<\/div>\n\t\t\t\t<\/div>\n\t\t","protected":false},"excerpt":{"rendered":"<p>Tek Par\u00e7a \u0130mplantlar Zirkonyum implant whiteSKY TL &#038; AL<\/p>\n","protected":false},"author":2,"featured_media":17282,"parent":17405,"menu_order":4,"comment_status":"closed","ping_status":"closed","template":"elementor_header_footer","meta":{"footnotes":""},"class_list":["post-17281","page","type-page","status-publish","has-post-thumbnail","hentry"],"yoast_head":"<!-- This site is optimized with the Yoast SEO plugin v27.3 - https:\/\/yoast.com\/product\/yoast-seo-wordpress\/ -->\n<title>Tek Par\u00e7a \u0130mplantlar -<\/title>\n<meta name=\"description\" content=\"Tek Par\u00e7a \u0130mplantlar\" \/>\n<meta name=\"robots\" content=\"index, follow, max-snippet:-1, max-image-preview:large, max-video-preview:-1\" \/>\n<link rel=\"canonical\" href=\"https:\/\/www.bredent-implants.com\/tr\/urunler-cozumler\/sky-implant-sistemi\/tek-parca-implantlar\/\" \/>\n<meta property=\"og:locale\" content=\"tr_TR\" \/>\n<meta property=\"og:type\" content=\"article\" \/>\n<meta property=\"og:title\" content=\"Tek Par\u00e7a \u0130mplantlar -\" \/>\n<meta property=\"og:description\" content=\"Tek Par\u00e7a \u0130mplantlar\" \/>\n<meta property=\"og:url\" content=\"https:\/\/www.bredent-implants.com\/tr\/urunler-cozumler\/sky-implant-sistemi\/tek-parca-implantlar\/\" \/>\n<meta property=\"article:publisher\" content=\"https:\/\/www.facebook.com\/bredent-group-International-766435650174845\/?ref=bookmarks\" \/>\n<meta property=\"article:modified_time\" content=\"2025-02-24T08:40:58+00:00\" \/>\n<meta property=\"og:image\" content=\"https:\/\/www.bredent-implants.com\/wp-content\/uploads\/2019\/05\/one-piece_implants.png\" \/>\n\t<meta property=\"og:image:width\" content=\"578\" \/>\n\t<meta property=\"og:image:height\" content=\"528\" \/>\n\t<meta property=\"og:image:type\" content=\"image\/png\" \/>\n<meta name=\"twitter:card\" content=\"summary_large_image\" \/>\n<meta name=\"twitter:label1\" content=\"Tahmini okuma s\u00fcresi\" \/>\n\t<meta name=\"twitter:data1\" content=\"1 dakika\" \/>\n<script type=\"application\/ld+json\" class=\"yoast-schema-graph\">{\"@context\":\"https:\\\/\\\/schema.org\",\"@graph\":[{\"@type\":\"WebPage\",\"@id\":\"https:\\\/\\\/www.bredent-implants.com\\\/tr\\\/urunler-cozumler\\\/sky-implant-sistemi\\\/tek-parca-implantlar\\\/\",\"url\":\"https:\\\/\\\/www.bredent-implants.com\\\/tr\\\/urunler-cozumler\\\/sky-implant-sistemi\\\/tek-parca-implantlar\\\/\",\"name\":\"Tek Par\u00e7a \u0130mplantlar -\",\"isPartOf\":{\"@id\":\"https:\\\/\\\/www.bredent-implants.com\\\/tr\\\/#website\"},\"primaryImageOfPage\":{\"@id\":\"https:\\\/\\\/www.bredent-implants.com\\\/tr\\\/urunler-cozumler\\\/sky-implant-sistemi\\\/tek-parca-implantlar\\\/#primaryimage\"},\"image\":{\"@id\":\"https:\\\/\\\/www.bredent-implants.com\\\/tr\\\/urunler-cozumler\\\/sky-implant-sistemi\\\/tek-parca-implantlar\\\/#primaryimage\"},\"thumbnailUrl\":\"https:\\\/\\\/www.bredent-implants.com\\\/wp-content\\\/uploads\\\/2019\\\/05\\\/one-piece_implants.png\",\"datePublished\":\"2019-12-23T10:37:32+00:00\",\"dateModified\":\"2025-02-24T08:40:58+00:00\",\"description\":\"Tek Par\u00e7a \u0130mplantlar\",\"breadcrumb\":{\"@id\":\"https:\\\/\\\/www.bredent-implants.com\\\/tr\\\/urunler-cozumler\\\/sky-implant-sistemi\\\/tek-parca-implantlar\\\/#breadcrumb\"},\"inLanguage\":\"tr\",\"potentialAction\":[{\"@type\":\"ReadAction\",\"target\":[\"https:\\\/\\\/www.bredent-implants.com\\\/tr\\\/urunler-cozumler\\\/sky-implant-sistemi\\\/tek-parca-implantlar\\\/\"]}]},{\"@type\":\"ImageObject\",\"inLanguage\":\"tr\",\"@id\":\"https:\\\/\\\/www.bredent-implants.com\\\/tr\\\/urunler-cozumler\\\/sky-implant-sistemi\\\/tek-parca-implantlar\\\/#primaryimage\",\"url\":\"https:\\\/\\\/www.bredent-implants.com\\\/wp-content\\\/uploads\\\/2019\\\/05\\\/one-piece_implants.png\",\"contentUrl\":\"https:\\\/\\\/www.bredent-implants.com\\\/wp-content\\\/uploads\\\/2019\\\/05\\\/one-piece_implants.png\",\"width\":578,\"height\":528,\"caption\":\"bredent-medical one piece implants\"},{\"@type\":\"BreadcrumbList\",\"@id\":\"https:\\\/\\\/www.bredent-implants.com\\\/tr\\\/urunler-cozumler\\\/sky-implant-sistemi\\\/tek-parca-implantlar\\\/#breadcrumb\",\"itemListElement\":[{\"@type\":\"ListItem\",\"position\":1,\"name\":\"Home\",\"item\":\"https:\\\/\\\/www.bredent-implants.com\\\/tr\\\/\"},{\"@type\":\"ListItem\",\"position\":2,\"name\":\"\u00dcr\u00fcnler &amp; \u00c7\u00f6z\u00fcmler\",\"item\":\"https:\\\/\\\/www.bredent-implants.com\\\/tr\\\/urunler-cozumler\\\/\"},{\"@type\":\"ListItem\",\"position\":3,\"name\":\"SKY \u0130mplant Sistemi\",\"item\":\"https:\\\/\\\/www.bredent-implants.com\\\/tr\\\/products-solutions\\\/sky-implant-system\\\/\"},{\"@type\":\"ListItem\",\"position\":4,\"name\":\"Tek Par\u00e7a \u0130mplantlar\"}]},{\"@type\":\"WebSite\",\"@id\":\"https:\\\/\\\/www.bredent-implants.com\\\/tr\\\/#website\",\"url\":\"https:\\\/\\\/www.bredent-implants.com\\\/tr\\\/\",\"name\":\"\",\"description\":\"bredent medical implants\",\"publisher\":{\"@id\":\"https:\\\/\\\/www.bredent-implants.com\\\/tr\\\/#organization\"},\"potentialAction\":[{\"@type\":\"SearchAction\",\"target\":{\"@type\":\"EntryPoint\",\"urlTemplate\":\"https:\\\/\\\/www.bredent-implants.com\\\/tr\\\/?s={search_term_string}\"},\"query-input\":{\"@type\":\"PropertyValueSpecification\",\"valueRequired\":true,\"valueName\":\"search_term_string\"}}],\"inLanguage\":\"tr\"},{\"@type\":\"Organization\",\"@id\":\"https:\\\/\\\/www.bredent-implants.com\\\/tr\\\/#organization\",\"name\":\"bredent GmbH & Co.KG\",\"url\":\"https:\\\/\\\/www.bredent-implants.com\\\/tr\\\/\",\"logo\":{\"@type\":\"ImageObject\",\"inLanguage\":\"tr\",\"@id\":\"https:\\\/\\\/www.bredent-implants.com\\\/tr\\\/#\\\/schema\\\/logo\\\/image\\\/\",\"url\":\"https:\\\/\\\/www.bredent-implants.com\\\/wp-content\\\/uploads\\\/2019\\\/03\\\/bredent-group-Black-Logo-PNG-file.png\",\"contentUrl\":\"https:\\\/\\\/www.bredent-implants.com\\\/wp-content\\\/uploads\\\/2019\\\/03\\\/bredent-group-Black-Logo-PNG-file.png\",\"width\":1579,\"height\":330,\"caption\":\"bredent GmbH & Co.KG\"},\"image\":{\"@id\":\"https:\\\/\\\/www.bredent-implants.com\\\/tr\\\/#\\\/schema\\\/logo\\\/image\\\/\"},\"sameAs\":[\"https:\\\/\\\/www.facebook.com\\\/bredent-group-International-766435650174845\\\/?ref=bookmarks\",\"https:\\\/\\\/www.youtube.com\\\/user\\\/bredentgroup\"]}]}<\/script>\n<!-- \/ Yoast SEO plugin. -->","yoast_head_json":{"title":"Tek Par\u00e7a \u0130mplantlar -","description":"Tek Par\u00e7a \u0130mplantlar","robots":{"index":"index","follow":"follow","max-snippet":"max-snippet:-1","max-image-preview":"max-image-preview:large","max-video-preview":"max-video-preview:-1"},"canonical":"https:\/\/www.bredent-implants.com\/tr\/urunler-cozumler\/sky-implant-sistemi\/tek-parca-implantlar\/","og_locale":"tr_TR","og_type":"article","og_title":"Tek Par\u00e7a \u0130mplantlar -","og_description":"Tek Par\u00e7a \u0130mplantlar","og_url":"https:\/\/www.bredent-implants.com\/tr\/urunler-cozumler\/sky-implant-sistemi\/tek-parca-implantlar\/","article_publisher":"https:\/\/www.facebook.com\/bredent-group-International-766435650174845\/?ref=bookmarks","article_modified_time":"2025-02-24T08:40:58+00:00","og_image":[{"width":578,"height":528,"url":"https:\/\/www.bredent-implants.com\/wp-content\/uploads\/2019\/05\/one-piece_implants.png","type":"image\/png"}],"twitter_card":"summary_large_image","twitter_misc":{"Tahmini okuma s\u00fcresi":"1 dakika"},"schema":{"@context":"https:\/\/schema.org","@graph":[{"@type":"WebPage","@id":"https:\/\/www.bredent-implants.com\/tr\/urunler-cozumler\/sky-implant-sistemi\/tek-parca-implantlar\/","url":"https:\/\/www.bredent-implants.com\/tr\/urunler-cozumler\/sky-implant-sistemi\/tek-parca-implantlar\/","name":"Tek Par\u00e7a \u0130mplantlar -","isPartOf":{"@id":"https:\/\/www.bredent-implants.com\/tr\/#website"},"primaryImageOfPage":{"@id":"https:\/\/www.bredent-implants.com\/tr\/urunler-cozumler\/sky-implant-sistemi\/tek-parca-implantlar\/#primaryimage"},"image":{"@id":"https:\/\/www.bredent-implants.com\/tr\/urunler-cozumler\/sky-implant-sistemi\/tek-parca-implantlar\/#primaryimage"},"thumbnailUrl":"https:\/\/www.bredent-implants.com\/wp-content\/uploads\/2019\/05\/one-piece_implants.png","datePublished":"2019-12-23T10:37:32+00:00","dateModified":"2025-02-24T08:40:58+00:00","description":"Tek Par\u00e7a \u0130mplantlar","breadcrumb":{"@id":"https:\/\/www.bredent-implants.com\/tr\/urunler-cozumler\/sky-implant-sistemi\/tek-parca-implantlar\/#breadcrumb"},"inLanguage":"tr","potentialAction":[{"@type":"ReadAction","target":["https:\/\/www.bredent-implants.com\/tr\/urunler-cozumler\/sky-implant-sistemi\/tek-parca-implantlar\/"]}]},{"@type":"ImageObject","inLanguage":"tr","@id":"https:\/\/www.bredent-implants.com\/tr\/urunler-cozumler\/sky-implant-sistemi\/tek-parca-implantlar\/#primaryimage","url":"https:\/\/www.bredent-implants.com\/wp-content\/uploads\/2019\/05\/one-piece_implants.png","contentUrl":"https:\/\/www.bredent-implants.com\/wp-content\/uploads\/2019\/05\/one-piece_implants.png","width":578,"height":528,"caption":"bredent-medical one piece implants"},{"@type":"BreadcrumbList","@id":"https:\/\/www.bredent-implants.com\/tr\/urunler-cozumler\/sky-implant-sistemi\/tek-parca-implantlar\/#breadcrumb","itemListElement":[{"@type":"ListItem","position":1,"name":"Home","item":"https:\/\/www.bredent-implants.com\/tr\/"},{"@type":"ListItem","position":2,"name":"\u00dcr\u00fcnler &amp; \u00c7\u00f6z\u00fcmler","item":"https:\/\/www.bredent-implants.com\/tr\/urunler-cozumler\/"},{"@type":"ListItem","position":3,"name":"SKY \u0130mplant Sistemi","item":"https:\/\/www.bredent-implants.com\/tr\/products-solutions\/sky-implant-system\/"},{"@type":"ListItem","position":4,"name":"Tek Par\u00e7a \u0130mplantlar"}]},{"@type":"WebSite","@id":"https:\/\/www.bredent-implants.com\/tr\/#website","url":"https:\/\/www.bredent-implants.com\/tr\/","name":"","description":"bredent medical implants","publisher":{"@id":"https:\/\/www.bredent-implants.com\/tr\/#organization"},"potentialAction":[{"@type":"SearchAction","target":{"@type":"EntryPoint","urlTemplate":"https:\/\/www.bredent-implants.com\/tr\/?s={search_term_string}"},"query-input":{"@type":"PropertyValueSpecification","valueRequired":true,"valueName":"search_term_string"}}],"inLanguage":"tr"},{"@type":"Organization","@id":"https:\/\/www.bredent-implants.com\/tr\/#organization","name":"bredent GmbH & Co.KG","url":"https:\/\/www.bredent-implants.com\/tr\/","logo":{"@type":"ImageObject","inLanguage":"tr","@id":"https:\/\/www.bredent-implants.com\/tr\/#\/schema\/logo\/image\/","url":"https:\/\/www.bredent-implants.com\/wp-content\/uploads\/2019\/03\/bredent-group-Black-Logo-PNG-file.png","contentUrl":"https:\/\/www.bredent-implants.com\/wp-content\/uploads\/2019\/03\/bredent-group-Black-Logo-PNG-file.png","width":1579,"height":330,"caption":"bredent GmbH & Co.KG"},"image":{"@id":"https:\/\/www.bredent-implants.com\/tr\/#\/schema\/logo\/image\/"},"sameAs":["https:\/\/www.facebook.com\/bredent-group-International-766435650174845\/?ref=bookmarks","https:\/\/www.youtube.com\/user\/bredentgroup"]}]}},"_links":{"self":[{"href":"https:\/\/www.bredent-implants.com\/tr\/wp-json\/wp\/v2\/pages\/17281","targetHints":{"allow":["GET"]}}],"collection":[{"href":"https:\/\/www.bredent-implants.com\/tr\/wp-json\/wp\/v2\/pages"}],"about":[{"href":"https:\/\/www.bredent-implants.com\/tr\/wp-json\/wp\/v2\/types\/page"}],"author":[{"embeddable":true,"href":"https:\/\/www.bredent-implants.com\/tr\/wp-json\/wp\/v2\/users\/2"}],"replies":[{"embeddable":true,"href":"https:\/\/www.bredent-implants.com\/tr\/wp-json\/wp\/v2\/comments?post=17281"}],"version-history":[{"count":0,"href":"https:\/\/www.bredent-implants.com\/tr\/wp-json\/wp\/v2\/pages\/17281\/revisions"}],"up":[{"embeddable":true,"href":"https:\/\/www.bredent-implants.com\/tr\/wp-json\/wp\/v2\/pages\/17405"}],"wp:featuredmedia":[{"embeddable":true,"href":"https:\/\/www.bredent-implants.com\/tr\/wp-json\/wp\/v2\/media\/17282"}],"wp:attachment":[{"href":"https:\/\/www.bredent-implants.com\/tr\/wp-json\/wp\/v2\/media?parent=17281"}],"curies":[{"name":"wp","href":"https:\/\/api.w.org\/{rel}","templated":true}]}}