{"id":17159,"date":"2019-12-18T15:01:50","date_gmt":"2019-12-18T15:01:50","guid":{"rendered":"https:\/\/www.bredent-implants.com\/ana-sayfa\/"},"modified":"2026-03-05T09:53:56","modified_gmt":"2026-03-05T08:53:56","slug":"ana-sayfa","status":"publish","type":"page","link":"https:\/\/www.bredent-implants.com\/tr\/","title":{"rendered":"Ana Sayfa"},"content":{"rendered":"\t\t<div data-elementor-type=\"wp-page\" data-elementor-id=\"17159\" class=\"elementor elementor-17159 elementor-11481\" data-elementor-post-type=\"page\">\n\t\t\t\t\t\t<section class=\"elementor-section elementor-top-section elementor-element elementor-element-47b95cc elementor-section-stretched elementor-section-full_width elementor-section-height-min-height elementor-section-items-stretch elementor-hidden-mobile elementor-hidden-tablet elementor-section-height-default\" data-id=\"47b95cc\" data-element_type=\"section\" data-e-type=\"section\" data-settings=\"{&quot;stretch_section&quot;:&quot;section-stretched&quot;}\">\n\t\t\t\t\t\t<div class=\"elementor-container elementor-column-gap-no\">\n\t\t\t\t\t<div class=\"elementor-column elementor-col-100 elementor-top-column elementor-element elementor-element-20e77aa\" data-id=\"20e77aa\" data-element_type=\"column\" data-e-type=\"column\">\n\t\t\t<div class=\"elementor-widget-wrap elementor-element-populated\">\n\t\t\t\t\t\t\t<\/div>\n\t\t<\/div>\n\t\t\t\t\t<\/div>\n\t\t<\/section>\n\t\t\t\t<section class=\"elementor-section elementor-top-section elementor-element elementor-element-0d5745d elementor-section-stretched elementor-section-full_width elementor-section-height-min-height elementor-section-items-stretch elementor-hidden-desktop elementor-section-height-default\" data-id=\"0d5745d\" data-element_type=\"section\" data-e-type=\"section\" data-settings=\"{&quot;stretch_section&quot;:&quot;section-stretched&quot;}\">\n\t\t\t\t\t\t<div class=\"elementor-container elementor-column-gap-no\">\n\t\t\t\t\t<div class=\"elementor-column elementor-col-100 elementor-top-column elementor-element elementor-element-e470001\" data-id=\"e470001\" data-element_type=\"column\" data-e-type=\"column\">\n\t\t\t<div class=\"elementor-widget-wrap elementor-element-populated\">\n\t\t\t\t\t\t\t<\/div>\n\t\t<\/div>\n\t\t\t\t\t<\/div>\n\t\t<\/section>\n\t\t<div class=\"elementor-element elementor-element-cd721ab e-flex e-con-boxed e-con e-parent\" data-id=\"cd721ab\" data-element_type=\"container\" data-e-type=\"container\">\n\t\t\t\t\t<div class=\"e-con-inner\">\n\t\t<div class=\"elementor-element elementor-element-984811c e-con-full e-flex e-con e-child\" data-id=\"984811c\" data-element_type=\"container\" data-e-type=\"container\" data-settings=\"{&quot;background_background&quot;:&quot;classic&quot;}\">\n\t\t<div class=\"elementor-element elementor-element-a0a437e e-con-full e-flex e-con e-child\" data-id=\"a0a437e\" data-element_type=\"container\" data-e-type=\"container\" data-settings=\"{&quot;background_background&quot;:&quot;classic&quot;}\">\n\t\t<div class=\"elementor-element elementor-element-0336f87 e-con-full e-flex e-con e-child\" data-id=\"0336f87\" data-element_type=\"container\" data-e-type=\"container\" data-settings=\"{&quot;background_background&quot;:&quot;classic&quot;}\">\n\t\t<div class=\"elementor-element elementor-element-ba56003 e-con-full e-flex e-con e-child\" data-id=\"ba56003\" data-element_type=\"container\" data-e-type=\"container\">\n\t\t\t\t<div class=\"elementor-element elementor-element-ba020e0 elementor-widget__width-initial elementor-widget-mobile__width-inherit elementor-widget elementor-widget-image\" data-id=\"ba020e0\" data-element_type=\"widget\" data-e-type=\"widget\" data-widget_type=\"image.default\">\n\t\t\t\t<div class=\"elementor-widget-container\">\n\t\t\t\t\t\t\t\t\t\t\t\t\t\t\t<img fetchpriority=\"high\" decoding=\"async\" width=\"400\" height=\"156\" src=\"https:\/\/www.bredent-implants.com\/wp-content\/uploads\/2025\/02\/bredent-medical-helbo-logo-blue-1.png\" class=\"attachment-full size-full wp-image-73157\" alt=\"\" \/>\t\t\t\t\t\t\t\t\t\t\t\t\t\t\t<\/div>\n\t\t\t\t<\/div>\n\t\t\t\t<div class=\"elementor-element elementor-element-9cfdf73 elementor-widget__width-initial elementor-widget elementor-widget-heading\" data-id=\"9cfdf73\" data-element_type=\"widget\" data-e-type=\"widget\" data-widget_type=\"heading.default\">\n\t\t\t\t<div class=\"elementor-widget-container\">\n\t\t\t\t\t<h2 class=\"elementor-heading-title elementor-size-default\">Hakk\u0131nda Daha <br>Fazla Bilgi Edinin<\/h2>\t\t\t\t<\/div>\n\t\t\t\t<\/div>\n\t\t\t\t<div class=\"elementor-element elementor-element-670a9e8 elementor-align-left elementor-mobile-align-center elementor-widget__width-initial elementor-widget-mobile__width-inherit elementor-widget elementor-widget-button\" data-id=\"670a9e8\" data-element_type=\"widget\" data-e-type=\"widget\" data-widget_type=\"button.default\">\n\t\t\t\t<div class=\"elementor-widget-container\">\n\t\t\t\t\t\t\t\t\t<div class=\"elementor-button-wrapper\">\n\t\t\t\t\t<a class=\"elementor-button elementor-button-link elementor-size-sm\" href=\"https:\/\/www.bredent-implants.com\/tr\/urunler-cozumler\/rejenerasyon\/helbo\/\">\n\t\t\t\t\t\t<span class=\"elementor-button-content-wrapper\">\n\t\t\t\t\t\t<span class=\"elementor-button-icon\">\n\t\t\t\t<i aria-hidden=\"true\" class=\"fas fa-chevron-circle-right\"><\/i>\t\t\t<\/span>\n\t\t\t\t\t\t\t\t\t<span class=\"elementor-button-text\">Daha fazla bilgi<\/span>\n\t\t\t\t\t<\/span>\n\t\t\t\t\t<\/a>\n\t\t\t\t<\/div>\n\t\t\t\t\t\t\t\t<\/div>\n\t\t\t\t<\/div>\n\t\t\t\t<\/div>\n\t\t<div class=\"elementor-element elementor-element-d7945c5 e-con-full e-flex e-con e-child\" data-id=\"d7945c5\" data-element_type=\"container\" data-e-type=\"container\">\n\t\t\t\t<div class=\"elementor-element elementor-element-671785a elementor-widget elementor-widget-image\" data-id=\"671785a\" data-element_type=\"widget\" data-e-type=\"widget\" data-widget_type=\"image.default\">\n\t\t\t\t<div class=\"elementor-widget-container\">\n\t\t\t\t\t\t\t\t\t\t\t\t\t\t\t<img decoding=\"async\" width=\"500\" height=\"587\" src=\"https:\/\/www.bredent-implants.com\/wp-content\/uploads\/2025\/02\/bredent-medical-HELBO-regeneration-1.png\" class=\"attachment-large size-large wp-image-73168\" alt=\"\" \/>\t\t\t\t\t\t\t\t\t\t\t\t\t\t\t<\/div>\n\t\t\t\t<\/div>\n\t\t\t\t<\/div>\n\t\t\t\t<\/div>\n\t\t\t\t<\/div>\n\t\t\t\t<\/div>\n\t\t\t\t\t<\/div>\n\t\t\t\t<\/div>\n\t\t<div class=\"elementor-element elementor-element-8bfa38b e-flex e-con-boxed e-con e-parent\" data-id=\"8bfa38b\" data-element_type=\"container\" data-e-type=\"container\">\n\t\t\t\t\t<div class=\"e-con-inner\">\n\t\t<div class=\"elementor-element elementor-element-26b0d27 e-con-full e-flex e-con e-child\" data-id=\"26b0d27\" data-element_type=\"container\" data-e-type=\"container\" data-settings=\"{&quot;background_background&quot;:&quot;classic&quot;}\">\n\t\t<div class=\"elementor-element elementor-element-bb84442 e-con-full e-flex e-con e-child\" data-id=\"bb84442\" data-element_type=\"container\" data-e-type=\"container\" data-settings=\"{&quot;background_background&quot;:&quot;classic&quot;}\">\n\t\t<div class=\"elementor-element elementor-element-c62facb e-con-full e-flex e-con e-child\" data-id=\"c62facb\" data-element_type=\"container\" data-e-type=\"container\" data-settings=\"{&quot;background_background&quot;:&quot;classic&quot;}\">\n\t\t<div class=\"elementor-element elementor-element-7f91b00 e-con-full e-flex e-con e-child\" data-id=\"7f91b00\" data-element_type=\"container\" data-e-type=\"container\" data-settings=\"{&quot;background_background&quot;:&quot;classic&quot;}\">\n\t\t\t\t<div class=\"elementor-element elementor-element-c49078f elementor-widget elementor-widget-image\" data-id=\"c49078f\" data-element_type=\"widget\" data-e-type=\"widget\" data-widget_type=\"image.default\">\n\t\t\t\t<div class=\"elementor-widget-container\">\n\t\t\t\t\t\t\t\t\t\t\t\t\t\t\t<img decoding=\"async\" width=\"700\" height=\"620\" src=\"https:\/\/www.bredent-implants.com\/wp-content\/uploads\/2025\/02\/bredent-medical-SKY-OP-Tray-100.jpg\" class=\"attachment-full size-full wp-image-74479\" alt=\"\" \/>\t\t\t\t\t\t\t\t\t\t\t\t\t\t\t<\/div>\n\t\t\t\t<\/div>\n\t\t\t\t<\/div>\n\t\t<div class=\"elementor-element elementor-element-1235575 e-con-full e-flex e-con e-child\" data-id=\"1235575\" data-element_type=\"container\" data-e-type=\"container\">\n\t\t\t\t<div class=\"elementor-element elementor-element-556fab0 elementor-widget__width-initial elementor-widget-mobile__width-inherit elementor-widget elementor-widget-image\" data-id=\"556fab0\" data-element_type=\"widget\" data-e-type=\"widget\" data-widget_type=\"image.default\">\n\t\t\t\t<div class=\"elementor-widget-container\">\n\t\t\t\t\t\t\t\t\t\t\t\t\t\t\t<img loading=\"lazy\" decoding=\"async\" width=\"500\" height=\"277\" src=\"https:\/\/www.bredent-implants.com\/wp-content\/uploads\/2025\/02\/SKY-OP-Tray.png\" class=\"attachment-full size-full wp-image-74490\" alt=\"\" \/>\t\t\t\t\t\t\t\t\t\t\t\t\t\t\t<\/div>\n\t\t\t\t<\/div>\n\t\t\t\t<div class=\"elementor-element elementor-element-4adf3c1 elementor-widget__width-initial elementor-widget elementor-widget-heading\" data-id=\"4adf3c1\" data-element_type=\"widget\" data-e-type=\"widget\" data-widget_type=\"heading.default\">\n\t\t\t\t<div class=\"elementor-widget-container\">\n\t\t\t\t\t<h2 class=\"elementor-heading-title elementor-size-default\">Her \u0130mplant i\u00e7in<br> Tek Set<\/h2>\t\t\t\t<\/div>\n\t\t\t\t<\/div>\n\t\t\t\t<div class=\"elementor-element elementor-element-7e2306c elementor-align-left elementor-mobile-align-center elementor-widget__width-initial elementor-widget-mobile__width-inherit elementor-widget elementor-widget-button\" data-id=\"7e2306c\" data-element_type=\"widget\" data-e-type=\"widget\" data-widget_type=\"button.default\">\n\t\t\t\t<div class=\"elementor-widget-container\">\n\t\t\t\t\t\t\t\t\t<div class=\"elementor-button-wrapper\">\n\t\t\t\t\t<a class=\"elementor-button elementor-button-link elementor-size-sm\" href=\"https:\/\/www.bredent-implants.com\/tr\/urunler-cozumler\/yardimci-araclar\/sky-cerrahi-set-her-implant-icin-tek-set\/\">\n\t\t\t\t\t\t<span class=\"elementor-button-content-wrapper\">\n\t\t\t\t\t\t<span class=\"elementor-button-icon\">\n\t\t\t\t<i aria-hidden=\"true\" class=\"fas fa-chevron-circle-right\"><\/i>\t\t\t<\/span>\n\t\t\t\t\t\t\t\t\t<span class=\"elementor-button-text\">Daha fazla bilgi<\/span>\n\t\t\t\t\t<\/span>\n\t\t\t\t\t<\/a>\n\t\t\t\t<\/div>\n\t\t\t\t\t\t\t\t<\/div>\n\t\t\t\t<\/div>\n\t\t\t\t<\/div>\n\t\t\t\t<\/div>\n\t\t\t\t<\/div>\n\t\t\t\t<\/div>\n\t\t\t\t\t<\/div>\n\t\t\t\t<\/div>\n\t\t<div class=\"elementor-element elementor-element-d5ebf14 e-flex e-con-boxed e-con e-parent\" data-id=\"d5ebf14\" data-element_type=\"container\" data-e-type=\"container\">\n\t\t\t\t\t<div class=\"e-con-inner\">\n\t\t<div class=\"elementor-element elementor-element-23515b2 e-con-full e-flex e-con e-child\" data-id=\"23515b2\" data-element_type=\"container\" data-e-type=\"container\" data-settings=\"{&quot;background_background&quot;:&quot;classic&quot;}\">\n\t\t<div class=\"elementor-element elementor-element-41e50f6 e-con-full e-flex e-con e-child\" data-id=\"41e50f6\" data-element_type=\"container\" data-e-type=\"container\" data-settings=\"{&quot;background_background&quot;:&quot;classic&quot;}\">\n\t\t<div class=\"elementor-element elementor-element-cef7df5 e-con-full e-flex e-con e-child\" data-id=\"cef7df5\" data-element_type=\"container\" data-e-type=\"container\" data-settings=\"{&quot;background_background&quot;:&quot;classic&quot;}\">\n\t\t<div class=\"elementor-element elementor-element-240eab5 e-con-full e-flex e-con e-child\" data-id=\"240eab5\" data-element_type=\"container\" data-e-type=\"container\">\n\t\t\t\t<div class=\"elementor-element elementor-element-c1a20c5 elementor-widget__width-initial elementor-widget-mobile__width-inherit elementor-widget elementor-widget-image\" data-id=\"c1a20c5\" data-element_type=\"widget\" data-e-type=\"widget\" data-widget_type=\"image.default\">\n\t\t\t\t<div class=\"elementor-widget-container\">\n\t\t\t\t\t\t\t\t\t\t\t\t\t\t\t<img loading=\"lazy\" decoding=\"async\" width=\"641\" height=\"345\" src=\"https:\/\/www.bredent-implants.com\/wp-content\/uploads\/2025\/06\/whiteSKY-tissue-level-logo-bredent-medical.jpg\" class=\"attachment-full size-full wp-image-80404\" alt=\"\" \/>\t\t\t\t\t\t\t\t\t\t\t\t\t\t\t<\/div>\n\t\t\t\t<\/div>\n\t\t\t\t<div class=\"elementor-element elementor-element-f9bd9c3 elementor-widget__width-initial elementor-widget elementor-widget-heading\" data-id=\"f9bd9c3\" data-element_type=\"widget\" data-e-type=\"widget\" data-widget_type=\"heading.default\">\n\t\t\t\t<div class=\"elementor-widget-container\">\n\t\t\t\t\t<h2 class=\"elementor-heading-title elementor-size-default\">Yeniden \u015fekillendirme<br>\nbilimsel BA\u015eARI<\/h2>\t\t\t\t<\/div>\n\t\t\t\t<\/div>\n\t\t\t\t<div class=\"elementor-element elementor-element-4a292ce elementor-align-center elementor-mobile-align-center elementor-widget__width-initial elementor-widget-mobile__width-inherit elementor-widget elementor-widget-button\" data-id=\"4a292ce\" data-element_type=\"widget\" data-e-type=\"widget\" data-widget_type=\"button.default\">\n\t\t\t\t<div class=\"elementor-widget-container\">\n\t\t\t\t\t\t\t\t\t<div class=\"elementor-button-wrapper\">\n\t\t\t\t\t<a class=\"elementor-button elementor-button-link elementor-size-sm\" href=\"https:\/\/www.bredent-implants.com\/tr\/urunler-cozumler\/sky-implant-sistemi\/tek-parca-implantlar\/whitesky\/\">\n\t\t\t\t\t\t<span class=\"elementor-button-content-wrapper\">\n\t\t\t\t\t\t<span class=\"elementor-button-icon\">\n\t\t\t\t<i aria-hidden=\"true\" class=\"fas fa-chevron-circle-right\"><\/i>\t\t\t<\/span>\n\t\t\t\t\t\t\t\t\t<span class=\"elementor-button-text\">Daha fazla bilgi<\/span>\n\t\t\t\t\t<\/span>\n\t\t\t\t\t<\/a>\n\t\t\t\t<\/div>\n\t\t\t\t\t\t\t\t<\/div>\n\t\t\t\t<\/div>\n\t\t\t\t<\/div>\n\t\t<div class=\"elementor-element elementor-element-db56e4d e-con-full e-flex e-con e-child\" data-id=\"db56e4d\" data-element_type=\"container\" data-e-type=\"container\" data-settings=\"{&quot;background_background&quot;:&quot;classic&quot;}\">\n\t\t\t\t<div class=\"elementor-element elementor-element-aabcde7 elementor-widget elementor-widget-image\" data-id=\"aabcde7\" data-element_type=\"widget\" data-e-type=\"widget\" data-widget_type=\"image.default\">\n\t\t\t\t<div class=\"elementor-widget-container\">\n\t\t\t\t\t\t\t\t\t\t\t\t\t\t\t<img loading=\"lazy\" decoding=\"async\" width=\"925\" height=\"750\" src=\"https:\/\/www.bredent-implants.com\/wp-content\/uploads\/2025\/06\/whitesky-TL-AL-dental-implants-bredent-medical.jpg\" class=\"attachment-full size-full wp-image-80396\" alt=\"\" \/>\t\t\t\t\t\t\t\t\t\t\t\t\t\t\t<\/div>\n\t\t\t\t<\/div>\n\t\t\t\t<\/div>\n\t\t\t\t<\/div>\n\t\t\t\t<\/div>\n\t\t\t\t<\/div>\n\t\t\t\t\t<\/div>\n\t\t\t\t<\/div>\n\t\t\t\t<\/div>\n\t\t","protected":false},"excerpt":{"rendered":"<p>Hakk\u0131nda Daha Fazla Bilgi Edinin Daha fazla bilgi Her \u0130mplant i\u00e7in Tek Set Daha fazla bilgi Yeniden \u015fekillendirme bilimsel BA\u015eARI Daha fazla bilgi<\/p>\n","protected":false},"author":2,"featured_media":84725,"parent":0,"menu_order":0,"comment_status":"closed","ping_status":"closed","template":"","meta":{"footnotes":""},"class_list":["post-17159","page","type-page","status-publish","has-post-thumbnail","hentry"],"yoast_head":"<!-- This site is optimized with the Yoast SEO plugin v27.4 - https:\/\/yoast.com\/product\/yoast-seo-wordpress\/ -->\n<title>SKY \u0130mplant Sistemi - \u0130mmediyat Restorasyonlarda Lider<\/title>\n<meta name=\"description\" content=\"SKY implant sistemimiz ile immediyat restorasyanlar\u0131n \u00f6nc\u00fclerinden biriyiz ve e\u015fsiz protetik portfolyomuz ile, her bir vakan\u0131z i\u00e7in uygun \u00e7\u00f6z\u00fcm\u00fc bulabilirsiniz.\" \/>\n<meta name=\"robots\" content=\"index, follow, max-snippet:-1, max-image-preview:large, max-video-preview:-1\" \/>\n<link rel=\"canonical\" href=\"https:\/\/www.bredent-implants.com\/tr\/\" \/>\n<meta property=\"og:locale\" content=\"tr_TR\" \/>\n<meta property=\"og:type\" content=\"article\" \/>\n<meta property=\"og:title\" content=\"bredent-implantlar\u0131 | \u0130mmediyat Restorasyonlarda \u00d6nc\u00fc\" \/>\n<meta property=\"og:description\" content=\"SKY implant sistemimiz ile immediyat restorasyanlar\u0131n \u00f6nc\u00fclerinden biriyiz ve e\u015fsiz protetik portfolyomuz ile, her bir vakan\u0131z i\u00e7in uygun \u00e7\u00f6z\u00fcm\u00fc bulabilirsiniz.\" \/>\n<meta property=\"og:url\" content=\"https:\/\/www.bredent-implants.com\/tr\/\" \/>\n<meta property=\"article:publisher\" content=\"https:\/\/www.facebook.com\/bredent-group-International-766435650174845\/?ref=bookmarks\" \/>\n<meta property=\"article:modified_time\" content=\"2026-03-05T08:53:56+00:00\" \/>\n<meta property=\"og:image\" content=\"https:\/\/www.bredent-implants.com\/wp-content\/uploads\/2025\/07\/bredent-banner-sky-implant-system-family-abutments-2055x755-en-02.png\" \/>\n\t<meta property=\"og:image:width\" content=\"2055\" \/>\n\t<meta property=\"og:image:height\" content=\"755\" \/>\n\t<meta property=\"og:image:type\" content=\"image\/png\" \/>\n<meta name=\"twitter:card\" content=\"summary_large_image\" \/>\n<meta name=\"twitter:label1\" content=\"Tahmini okuma s\u00fcresi\" \/>\n\t<meta name=\"twitter:data1\" content=\"2 dakika\" \/>\n<script type=\"application\/ld+json\" class=\"yoast-schema-graph\">{\"@context\":\"https:\\\/\\\/schema.org\",\"@graph\":[{\"@type\":\"WebPage\",\"@id\":\"https:\\\/\\\/www.bredent-implants.com\\\/tr\\\/\",\"url\":\"https:\\\/\\\/www.bredent-implants.com\\\/tr\\\/\",\"name\":\"SKY \u0130mplant Sistemi - \u0130mmediyat Restorasyonlarda Lider\",\"isPartOf\":{\"@id\":\"https:\\\/\\\/www.bredent-implants.com\\\/tr\\\/#website\"},\"primaryImageOfPage\":{\"@id\":\"https:\\\/\\\/www.bredent-implants.com\\\/tr\\\/#primaryimage\"},\"image\":{\"@id\":\"https:\\\/\\\/www.bredent-implants.com\\\/tr\\\/#primaryimage\"},\"thumbnailUrl\":\"https:\\\/\\\/www.bredent-implants.com\\\/wp-content\\\/uploads\\\/2026\\\/02\\\/bredent-medical-sky-implants-featured-image.jpg\",\"datePublished\":\"2019-12-18T15:01:50+00:00\",\"dateModified\":\"2026-03-05T08:53:56+00:00\",\"description\":\"SKY implant sistemimiz ile immediyat restorasyanlar\u0131n \u00f6nc\u00fclerinden biriyiz ve e\u015fsiz protetik portfolyomuz ile, her bir vakan\u0131z i\u00e7in uygun \u00e7\u00f6z\u00fcm\u00fc bulabilirsiniz.\",\"breadcrumb\":{\"@id\":\"https:\\\/\\\/www.bredent-implants.com\\\/tr\\\/#breadcrumb\"},\"inLanguage\":\"tr\",\"potentialAction\":[{\"@type\":\"ReadAction\",\"target\":[\"https:\\\/\\\/www.bredent-implants.com\\\/tr\\\/\"]}]},{\"@type\":\"ImageObject\",\"inLanguage\":\"tr\",\"@id\":\"https:\\\/\\\/www.bredent-implants.com\\\/tr\\\/#primaryimage\",\"url\":\"https:\\\/\\\/www.bredent-implants.com\\\/wp-content\\\/uploads\\\/2026\\\/02\\\/bredent-medical-sky-implants-featured-image.jpg\",\"contentUrl\":\"https:\\\/\\\/www.bredent-implants.com\\\/wp-content\\\/uploads\\\/2026\\\/02\\\/bredent-medical-sky-implants-featured-image.jpg\",\"width\":1200,\"height\":442},{\"@type\":\"BreadcrumbList\",\"@id\":\"https:\\\/\\\/www.bredent-implants.com\\\/tr\\\/#breadcrumb\",\"itemListElement\":[{\"@type\":\"ListItem\",\"position\":1,\"name\":\"Home\",\"item\":\"https:\\\/\\\/www.bredent-implants.com\\\/tr\\\/\"},{\"@type\":\"ListItem\",\"position\":2,\"name\":\"Ana Sayfa\"}]},{\"@type\":\"WebSite\",\"@id\":\"https:\\\/\\\/www.bredent-implants.com\\\/tr\\\/#website\",\"url\":\"https:\\\/\\\/www.bredent-implants.com\\\/tr\\\/\",\"name\":\"\",\"description\":\"bredent medical implants\",\"publisher\":{\"@id\":\"https:\\\/\\\/www.bredent-implants.com\\\/tr\\\/#organization\"},\"potentialAction\":[{\"@type\":\"SearchAction\",\"target\":{\"@type\":\"EntryPoint\",\"urlTemplate\":\"https:\\\/\\\/www.bredent-implants.com\\\/tr\\\/?s={search_term_string}\"},\"query-input\":{\"@type\":\"PropertyValueSpecification\",\"valueRequired\":true,\"valueName\":\"search_term_string\"}}],\"inLanguage\":\"tr\"},{\"@type\":\"Organization\",\"@id\":\"https:\\\/\\\/www.bredent-implants.com\\\/tr\\\/#organization\",\"name\":\"bredent GmbH & Co.KG\",\"url\":\"https:\\\/\\\/www.bredent-implants.com\\\/tr\\\/\",\"logo\":{\"@type\":\"ImageObject\",\"inLanguage\":\"tr\",\"@id\":\"https:\\\/\\\/www.bredent-implants.com\\\/tr\\\/#\\\/schema\\\/logo\\\/image\\\/\",\"url\":\"https:\\\/\\\/www.bredent-implants.com\\\/wp-content\\\/uploads\\\/2019\\\/03\\\/bredent-group-Black-Logo-PNG-file.png\",\"contentUrl\":\"https:\\\/\\\/www.bredent-implants.com\\\/wp-content\\\/uploads\\\/2019\\\/03\\\/bredent-group-Black-Logo-PNG-file.png\",\"width\":1579,\"height\":330,\"caption\":\"bredent GmbH & Co.KG\"},\"image\":{\"@id\":\"https:\\\/\\\/www.bredent-implants.com\\\/tr\\\/#\\\/schema\\\/logo\\\/image\\\/\"},\"sameAs\":[\"https:\\\/\\\/www.facebook.com\\\/bredent-group-International-766435650174845\\\/?ref=bookmarks\",\"https:\\\/\\\/www.youtube.com\\\/user\\\/bredentgroup\"]}]}<\/script>\n<!-- \/ Yoast SEO plugin. -->","yoast_head_json":{"title":"SKY \u0130mplant Sistemi - \u0130mmediyat Restorasyonlarda Lider","description":"SKY implant sistemimiz ile immediyat restorasyanlar\u0131n \u00f6nc\u00fclerinden biriyiz ve e\u015fsiz protetik portfolyomuz ile, her bir vakan\u0131z i\u00e7in uygun \u00e7\u00f6z\u00fcm\u00fc bulabilirsiniz.","robots":{"index":"index","follow":"follow","max-snippet":"max-snippet:-1","max-image-preview":"max-image-preview:large","max-video-preview":"max-video-preview:-1"},"canonical":"https:\/\/www.bredent-implants.com\/tr\/","og_locale":"tr_TR","og_type":"article","og_title":"bredent-implantlar\u0131 | \u0130mmediyat Restorasyonlarda \u00d6nc\u00fc","og_description":"SKY implant sistemimiz ile immediyat restorasyanlar\u0131n \u00f6nc\u00fclerinden biriyiz ve e\u015fsiz protetik portfolyomuz ile, her bir vakan\u0131z i\u00e7in uygun \u00e7\u00f6z\u00fcm\u00fc bulabilirsiniz.","og_url":"https:\/\/www.bredent-implants.com\/tr\/","article_publisher":"https:\/\/www.facebook.com\/bredent-group-International-766435650174845\/?ref=bookmarks","article_modified_time":"2026-03-05T08:53:56+00:00","og_image":[{"width":2055,"height":755,"url":"https:\/\/www.bredent-implants.com\/wp-content\/uploads\/2025\/07\/bredent-banner-sky-implant-system-family-abutments-2055x755-en-02.png","type":"image\/png"}],"twitter_card":"summary_large_image","twitter_misc":{"Tahmini okuma s\u00fcresi":"2 dakika"},"schema":{"@context":"https:\/\/schema.org","@graph":[{"@type":"WebPage","@id":"https:\/\/www.bredent-implants.com\/tr\/","url":"https:\/\/www.bredent-implants.com\/tr\/","name":"SKY \u0130mplant Sistemi - \u0130mmediyat Restorasyonlarda Lider","isPartOf":{"@id":"https:\/\/www.bredent-implants.com\/tr\/#website"},"primaryImageOfPage":{"@id":"https:\/\/www.bredent-implants.com\/tr\/#primaryimage"},"image":{"@id":"https:\/\/www.bredent-implants.com\/tr\/#primaryimage"},"thumbnailUrl":"https:\/\/www.bredent-implants.com\/wp-content\/uploads\/2026\/02\/bredent-medical-sky-implants-featured-image.jpg","datePublished":"2019-12-18T15:01:50+00:00","dateModified":"2026-03-05T08:53:56+00:00","description":"SKY implant sistemimiz ile immediyat restorasyanlar\u0131n \u00f6nc\u00fclerinden biriyiz ve e\u015fsiz protetik portfolyomuz ile, her bir vakan\u0131z i\u00e7in uygun \u00e7\u00f6z\u00fcm\u00fc bulabilirsiniz.","breadcrumb":{"@id":"https:\/\/www.bredent-implants.com\/tr\/#breadcrumb"},"inLanguage":"tr","potentialAction":[{"@type":"ReadAction","target":["https:\/\/www.bredent-implants.com\/tr\/"]}]},{"@type":"ImageObject","inLanguage":"tr","@id":"https:\/\/www.bredent-implants.com\/tr\/#primaryimage","url":"https:\/\/www.bredent-implants.com\/wp-content\/uploads\/2026\/02\/bredent-medical-sky-implants-featured-image.jpg","contentUrl":"https:\/\/www.bredent-implants.com\/wp-content\/uploads\/2026\/02\/bredent-medical-sky-implants-featured-image.jpg","width":1200,"height":442},{"@type":"BreadcrumbList","@id":"https:\/\/www.bredent-implants.com\/tr\/#breadcrumb","itemListElement":[{"@type":"ListItem","position":1,"name":"Home","item":"https:\/\/www.bredent-implants.com\/tr\/"},{"@type":"ListItem","position":2,"name":"Ana Sayfa"}]},{"@type":"WebSite","@id":"https:\/\/www.bredent-implants.com\/tr\/#website","url":"https:\/\/www.bredent-implants.com\/tr\/","name":"","description":"bredent medical implants","publisher":{"@id":"https:\/\/www.bredent-implants.com\/tr\/#organization"},"potentialAction":[{"@type":"SearchAction","target":{"@type":"EntryPoint","urlTemplate":"https:\/\/www.bredent-implants.com\/tr\/?s={search_term_string}"},"query-input":{"@type":"PropertyValueSpecification","valueRequired":true,"valueName":"search_term_string"}}],"inLanguage":"tr"},{"@type":"Organization","@id":"https:\/\/www.bredent-implants.com\/tr\/#organization","name":"bredent GmbH & Co.KG","url":"https:\/\/www.bredent-implants.com\/tr\/","logo":{"@type":"ImageObject","inLanguage":"tr","@id":"https:\/\/www.bredent-implants.com\/tr\/#\/schema\/logo\/image\/","url":"https:\/\/www.bredent-implants.com\/wp-content\/uploads\/2019\/03\/bredent-group-Black-Logo-PNG-file.png","contentUrl":"https:\/\/www.bredent-implants.com\/wp-content\/uploads\/2019\/03\/bredent-group-Black-Logo-PNG-file.png","width":1579,"height":330,"caption":"bredent GmbH & Co.KG"},"image":{"@id":"https:\/\/www.bredent-implants.com\/tr\/#\/schema\/logo\/image\/"},"sameAs":["https:\/\/www.facebook.com\/bredent-group-International-766435650174845\/?ref=bookmarks","https:\/\/www.youtube.com\/user\/bredentgroup"]}]}},"_links":{"self":[{"href":"https:\/\/www.bredent-implants.com\/tr\/wp-json\/wp\/v2\/pages\/17159","targetHints":{"allow":["GET"]}}],"collection":[{"href":"https:\/\/www.bredent-implants.com\/tr\/wp-json\/wp\/v2\/pages"}],"about":[{"href":"https:\/\/www.bredent-implants.com\/tr\/wp-json\/wp\/v2\/types\/page"}],"author":[{"embeddable":true,"href":"https:\/\/www.bredent-implants.com\/tr\/wp-json\/wp\/v2\/users\/2"}],"replies":[{"embeddable":true,"href":"https:\/\/www.bredent-implants.com\/tr\/wp-json\/wp\/v2\/comments?post=17159"}],"version-history":[{"count":9,"href":"https:\/\/www.bredent-implants.com\/tr\/wp-json\/wp\/v2\/pages\/17159\/revisions"}],"predecessor-version":[{"id":84793,"href":"https:\/\/www.bredent-implants.com\/tr\/wp-json\/wp\/v2\/pages\/17159\/revisions\/84793"}],"wp:featuredmedia":[{"embeddable":true,"href":"https:\/\/www.bredent-implants.com\/tr\/wp-json\/wp\/v2\/media\/84725"}],"wp:attachment":[{"href":"https:\/\/www.bredent-implants.com\/tr\/wp-json\/wp\/v2\/media?parent=17159"}],"curies":[{"name":"wp","href":"https:\/\/api.w.org\/{rel}","templated":true}]}}