{"id":39561,"date":"2021-05-17T11:46:31","date_gmt":"2021-05-17T11:46:31","guid":{"rendered":"https:\/\/www.bredent-implants.com\/colofone\/"},"modified":"2021-06-16T13:21:23","modified_gmt":"2021-06-16T13:21:23","slug":"colofone","status":"publish","type":"page","link":"https:\/\/www.bredent-implants.com\/it\/colofone\/","title":{"rendered":"Colofone"},"content":{"rendered":"\t\t<div data-elementor-type=\"wp-post\" data-elementor-id=\"39561\" class=\"elementor elementor-39561 elementor-2337\" data-elementor-post-type=\"page\">\n\t\t\t\t\t\t<section class=\"elementor-section elementor-top-section elementor-element elementor-element-b9db2cf elementor-section-height-min-height elementor-section-boxed elementor-section-height-default elementor-section-items-middle\" data-id=\"b9db2cf\" data-element_type=\"section\" data-e-type=\"section\" data-settings=\"{&quot;background_background&quot;:&quot;classic&quot;}\">\n\t\t\t\t\t\t<div class=\"elementor-container elementor-column-gap-default\">\n\t\t\t\t\t<div class=\"elementor-column elementor-col-100 elementor-top-column elementor-element elementor-element-90034c9\" data-id=\"90034c9\" data-element_type=\"column\" data-e-type=\"column\">\n\t\t\t<div class=\"elementor-widget-wrap elementor-element-populated\">\n\t\t\t\t\t\t<div class=\"elementor-element elementor-element-5901d90 elementor-widget elementor-widget-breadcrumbs\" data-id=\"5901d90\" data-element_type=\"widget\" data-e-type=\"widget\" data-widget_type=\"breadcrumbs.default\">\n\t\t\t\t<div class=\"elementor-widget-container\">\n\t\t\t\t\t<p id=\"breadcrumbs\"><span><span><a href=\"https:\/\/www.bredent-implants.com\/it\/\">Home<\/a><\/span><\/span><\/p>\t\t\t\t<\/div>\n\t\t\t\t<\/div>\n\t\t\t\t\t<\/div>\n\t\t<\/div>\n\t\t\t\t\t<\/div>\n\t\t<\/section>\n\t\t\t\t<section class=\"elementor-section elementor-top-section elementor-element elementor-element-da58ac3 elementor-section-stretched elementor-section-boxed elementor-section-height-default elementor-section-height-default\" data-id=\"da58ac3\" data-element_type=\"section\" data-e-type=\"section\" data-settings=\"{&quot;stretch_section&quot;:&quot;section-stretched&quot;}\">\n\t\t\t\t\t\t<div class=\"elementor-container elementor-column-gap-default\">\n\t\t\t\t\t<div class=\"elementor-column elementor-col-100 elementor-top-column elementor-element elementor-element-d53163b\" data-id=\"d53163b\" data-element_type=\"column\" data-e-type=\"column\">\n\t\t\t<div class=\"elementor-widget-wrap elementor-element-populated\">\n\t\t\t\t\t\t<div class=\"elementor-element elementor-element-47bdc29 elementor-widget elementor-widget-text-editor\" data-id=\"47bdc29\" data-element_type=\"widget\" data-e-type=\"widget\" data-widget_type=\"text-editor.default\">\n\t\t\t\t<div class=\"elementor-widget-container\">\n\t\t\t\t\t\t\t\t\t<h1><span style=\"color: #000000;\"><strong>Colofone<\/strong><\/span><\/h1>\n<p><strong style=\"font-size: 30px; text-transform: inherit; font-family: var( --e-global-typography-text-font-family ), Sans-serif;\">Indicazioni ai sensi del \u00a7 5 TMG<\/strong><\/p>\n<p><span style=\"color: #000000;\">bredent medical GmbH &amp; Co. KG<\/span><br><span style=\"color: #000000;\">Wei\u00dfenhorner Stra\u00dfe 2<\/span><br><span style=\"color: #000000;\">89250 Senden<\/span><br><span style=\"color: #000000;\">Telefono: + 49 7309 \/ 872-600<\/span><br><span style=\"color: #000000;\">Telefax: +49 7309 \/ 872-635<\/span><br><span style=\"color: #000000;\">E-Mail: <span style=\"color: #0000ff;\"><a style=\"color: #0000ff;\" href=\"mailto:info-medical@bredent.com\">info-medical@bredent.com<\/a><\/span><\/span><br><span style=\"color: #000000;\">Internet:<span style=\"color: #0000ff;\"><a style=\"color: #0000ff;\" href=\"https:\/\/www.bredent-implants.com\/it\/\"> www.bredent-implants.com<\/a><\/span><\/span><\/p>\n<p><span style=\"color: #000000;\">bredent medical GmbH &amp; Co. KG<\/span><br><span style=\"color: #000000;\">Titolare e legale rappresentante: Peter Brehm, Nils Brehm, Olaf Gl\u00fcck, Gerald Micko<\/span><br><span style=\"color: #000000;\">Ufficio di registro delle imprese: Pretura di Memmingen<\/span><br><span style=\"color: #000000;\">Numero d\u2019iscrizione al registro: HRA 11274<\/span><br><span style=\"color: #000000;\">Sede della bredent medical GmbH &amp; Co. KG: 89250 Senden<\/span><\/p>\n<p><span style=\"color: #000000;\">Socio responsabile (accomandatario): bredent medical Verwaltungs- und Handels-GmbH<\/span><br><span style=\"color: #000000;\">Titolare e legale rappresentante: Peter Brehm, Nils Brehm, Olaf Gl\u00fcck, Gerald Micko<\/span><br><span style=\"color: #000000;\">Ufficio di registro delle imprese: Pretura di Memmingen<\/span><br><span style=\"color: #000000;\">Numero d\u2019iscrizione al registro: HRB 12744<\/span><br><span style=\"color: #000000;\">Sede della bredent medical Verwaltungs- und Handels-GmbH: 89250 Senden<\/span><\/p>\n<p><span style=\"color: #000000;\"><strong>Partita IVA ai sensi del \u00a7 27 a della legge tedesca per l\u2019imposta sul volume d\u2019affari<\/strong><\/span><br><span style=\"color: #000000;\">DE 247337738<\/span><br><span style=\"color: #000000;\">WEEE-Reg. Nr. DE 22730329<\/span><\/p>\n<p><span style=\"color: #000000;\"><strong>Responsabile per i contenuti ai sensi \u00a7 55 comma 2 del trattato di Stato relativo alle trasmissioni radiotelevisive (RStV)<\/strong><\/span><br><span style=\"font-size: 16px; font-style: normal; font-weight: 400; color: var( --e-global-color-75820b4 ); font-family: var( --e-global-typography-text-font-family ), Sans-serif;\">Micko Gerald<\/span><\/p>\n<p><span style=\"color: #000000;\"><strong>Risoluzione delle controversie online per i consumatori, partecipazione alla procedura di risoluzione delle controversie<\/strong><\/span><br><span style=\"color: #000000;\">(1) La &nbsp;bredent medical GmbH &amp; Co. KG non \u00e8, in linea di principio, disposta e obbligata a partecipare a procedimenti di risoluzione delle controversie dinanzi a un collegio arbitrale di consumatori.<\/span><br><span style=\"color: #000000;\">(2) Piattaforma della Commissione UE per la risoluzione delle controversie online:<\/span><br><span style=\"color: #0000ff;\"><a style=\"color: #0000ff;\" href=\"https:\/\/www.ec.europa.eu\/consumers\/odr\" target=\"_blank\" rel=\"noopener\">https:\/\/www.ec.europa.eu\/consumers\/odr<\/a><\/span><\/p>\n<p><span style=\"color: #000000;\"><strong>&nbsp;<\/strong><\/span><strong style=\"font-size: 16px; color: var( --e-global-color-75820b4 ); font-family: var( --e-global-typography-text-font-family ), Sans-serif;\">Programmazione e gestione del server \/ Host<\/strong><\/p>\n<p><a style=\"font-size: 16px; font-family: var( --e-global-typography-text-font-family ), Sans-serif; background-color: #ffffff; color: #000000;\" href=\"http:\/\/www.imos.net\/\">Sede G\u00f6ppingen<\/a><br><span style=\"color: #000000;\">imos Gesellschaft f\u00fcr<\/span><br><span style=\"color: #000000;\">Internet-Marketing und<\/span><br><span style=\"color: #000000;\">Online-Services mbH<\/span><br><span style=\"color: #000000;\">Alfons-Feifel-Str. 9<\/span><br><span style=\"color: #000000;\">73037 G\u00f6ppingen<\/span><br><span style=\"color: #000000;\">Telefon: +49 7161 93339-0<\/span><br><span style=\"color: #000000;\">Telefax: +49 7161 93339-99<\/span><br><span style=\"color: #000000;\">E-Mail: <span style=\"color: #0000ff;\"><a style=\"color: #0000ff;\" href=\"mailto:info@imos.net\">info@imos.net<\/a><\/span><\/span><br><span style=\"color: #000000;\">Internet: <span style=\"color: #0000ff;\"><a style=\"color: #0000ff;\" href=\"http:\/\/www.imos.net\/\" target=\"_blank\" rel=\"noopener\">www.imos.net<\/a><\/span><\/span><\/p>\n<p><span style=\"color: #000000;\"><strong>Attenzione<\/strong><strong><br>Non tutti i prodotti sono stati autorizzati o sono disponibili in tutti i mercati. Per eventuali domande rivolgersi alla ditta <\/strong><strong>bredent GmbH &amp; Co. KG<\/strong><strong>&nbsp;o al concessionario di fiducia.<\/strong><\/span><\/p>\n<p><span style=\"color: #000000;\"><strong>DISCLAIMER<\/strong><\/span><\/p>\n<ol>\n<li><span style=\"color: #000000;\"><strong><em> Limiti di responsabilit\u00e0<\/em><\/strong><\/span><br><span style=\"color: #000000;\">I contenuti presenti su questo sito sono stati redatti con la massima cura. Nonostante ci\u00f2 il gestore non si assume alcuna responsabilit\u00e0 in merito all&#8217;esattezza, completezza e attualit\u00e0 dei contenuti disponibili su questo sito web. L\u2019utilizzo dei contenuti di questo sito web si concretizza a rischio e pericolo dell\u2019utente. Gli articoli firmati rappresentano l\u2019opinione del loro autore e non quella del gestore del sito web. Il mero utilizzo del sito web del gestore non implica alcun rapporto contrattuale tra utente e gestore.<\/span><\/li>\n<\/ol>\n<ol start=\"2\">\n<li><span style=\"color: #000000;\"><strong><em> Link esterni<\/em><\/strong><\/span><br><span style=\"color: #000000;\">Questo sito web contiene collegamenti a siti appartenenti a terzi (&#8220;link esterni&#8221;). La responsabilit\u00e0 di tali siti \u00e8 a carico dei rispettivi gestori. Al momento del primo collegamento con i link esterni, il gestore del sito ne ha verificato il contenuto non rilevando alcuna violazione delle norme vigenti. Il gestore del sito non pu\u00f2 influire in alcun modo sulla struttura e sui contenuti attuali e futuri delle pagine Web a cui \u00e8 collegato questo sito. La creazione di link esterni non implica che il gestore del sito debba far propri i contenuti ai quali si accede attraverso tali collegamenti o riferimenti. Non \u00e8 ragionevole pretendere dal gestore del sito un controllo continuo dei link esterni in mancanza di una concreta segnalazione di violazione delle norme vigenti. Tuttavia tali link saranno immediatamente eliminati qualora si venisse a conoscenza di eventuali violazioni.<\/span><\/li>\n<li><span style=\"color: #000000;\"><strong><em> Diritto d\u2019autore e diritti connessi<\/em><\/strong><\/span><br><span style=\"color: #000000;\">I contenuti pubblicati su questo sito sono protetti dai diritti d&#8217;autore e dai diritti previsti dalle leggi in Germania. Qualsiasi utilizzo non consentito dal diritto d&#8217;autore e dai diritti previsti dalle leggi in Germania necessita di previa autorizzazione scritta da parte del gestore o del titolare del diritto stesso. Ci\u00f2 vale soprattutto per la copia, l\u2019elaborazione, la traduzione, la memorizzazione, la rielaborazione o la riproduzione di contenuti in banche dati o in altri media e sistemi elettronici. I contenuti e i diritti creati da terzi sono contrassegnati come tali. La copia o la riproduzione non autorizzata di singoli contenuti o di pagine intere non \u00e8 consentita ed \u00e8 quindi punibile. Sono consentiti soltanto la creazione di copie e il download per uso personale, privato e non commerciale. La riproduzione di questo sito in altri siti \u00e8 consentita soltanto previa autorizzazione scritta.<\/span><\/li>\n<\/ol>\n<ol start=\"4\">\n<li><span style=\"color: #000000;\"><em><strong> Protezione dei dati<\/strong><\/em><\/span><br><span style=\"color: #000000;\"><a style=\"color: #000000;\" href=\"https:\/\/www.bredent-implants.com\/de\/datenschutzerklaerung\/\"><strong><em>Dichiarazione<\/em><\/strong><\/a><strong><em> sulla protezione dei dati<\/em><\/strong><\/span><br><span style=\"color: #000000;\">L&#8217;utilizzo dei dati di contatto del colofone per pubblicit\u00e0 commerciale \u00e8 espressamente sgradito, a meno che il gestore del sito non abbia dato precedentemente il proprio consenso scritto o sussista gi\u00e0 una relazione commerciale. Il gestore del sito e tutte le persone menzionate in questo sito si oppongono a qualsiasi utilizzo e cessione dei propri dati a fini commerciali.<\/span><\/li>\n<\/ol>\n<ol start=\"5\">\n<li><span style=\"color: #000000;\"><em><strong> Condizioni particolari di utilizzo<\/strong><\/em><\/span><br><span style=\"color: #000000;\">In presenza di condizioni particolari per usi specifici di questo sito web che divergano da quelle descritte nei punti da (1) a (4) di cui sopra, si rimanda espressamente a tali condizioni particolari. In questo caso le condizioni particolari di utilizzo varranno per ogni singolo caso.<\/span><\/li>\n<\/ol>\t\t\t\t\t\t\t\t<\/div>\n\t\t\t\t<\/div>\n\t\t\t\t\t<\/div>\n\t\t<\/div>\n\t\t\t\t\t<\/div>\n\t\t<\/section>\n\t\t\t\t<\/div>\n\t\t","protected":false},"excerpt":{"rendered":"<p>Colofone Indicazioni ai sensi del \u00a7 5 TMG bredent medical GmbH &amp; Co. KGWei\u00dfenhorner Stra\u00dfe 289250 SendenTelefono: + 49 7309 \/ 872-600Telefax: +49 7309 \/ 872-635E-Mail: info-medical@bredent.comInternet: www.bredent-implants.com bredent medical GmbH &amp; Co. KGTitolare e legale rappresentante: Peter Brehm, Nils Brehm, Olaf Gl\u00fcck, Gerald MickoUfficio di registro delle imprese: Pretura di MemmingenNumero d\u2019iscrizione al registro: [&hellip;]<\/p>\n","protected":false},"author":2,"featured_media":0,"parent":0,"menu_order":23,"comment_status":"closed","ping_status":"closed","template":"elementor_header_footer","meta":{"footnotes":""},"class_list":["post-39561","page","type-page","status-publish","hentry"],"yoast_head":"<!-- This site is optimized with the Yoast SEO plugin v27.2 - https:\/\/yoast.com\/product\/yoast-seo-wordpress\/ -->\n<title>Colofone -<\/title>\n<meta name=\"description\" content=\"Colofone Indicazioni ai sensi del \u00a7 5 TMG bredent medical GmbH &amp; Co. KGWei\u00dfenhorner Stra\u00dfe 289250 SendenTelefono: + 49 7309 \/ 872-600Telefax: +49 7309\" \/>\n<meta name=\"robots\" content=\"index, follow, max-snippet:-1, max-image-preview:large, max-video-preview:-1\" \/>\n<link rel=\"canonical\" href=\"https:\/\/www.bredent-implants.com\/it\/colofone\/\" \/>\n<meta property=\"og:locale\" content=\"it_IT\" \/>\n<meta property=\"og:type\" content=\"article\" \/>\n<meta property=\"og:title\" content=\"Colofone -\" \/>\n<meta property=\"og:description\" content=\"Colofone Indicazioni ai sensi del \u00a7 5 TMG bredent medical GmbH &amp; Co. KGWei\u00dfenhorner Stra\u00dfe 289250 SendenTelefono: + 49 7309 \/ 872-600Telefax: +49 7309\" \/>\n<meta property=\"og:url\" content=\"https:\/\/www.bredent-implants.com\/it\/colofone\/\" \/>\n<meta property=\"article:publisher\" content=\"https:\/\/www.facebook.com\/bredent-group-International-766435650174845\/?ref=bookmarks\" \/>\n<meta property=\"article:modified_time\" content=\"2021-06-16T13:21:23+00:00\" \/>\n<meta name=\"twitter:card\" content=\"summary_large_image\" \/>\n<meta name=\"twitter:label1\" content=\"Tempo di lettura stimato\" \/>\n\t<meta name=\"twitter:data1\" content=\"4 minuti\" \/>\n<script type=\"application\/ld+json\" class=\"yoast-schema-graph\">{\"@context\":\"https:\/\/schema.org\",\"@graph\":[{\"@type\":\"WebPage\",\"@id\":\"https:\/\/www.bredent-implants.com\/it\/colofone\/\",\"url\":\"https:\/\/www.bredent-implants.com\/it\/colofone\/\",\"name\":\"Colofone -\",\"isPartOf\":{\"@id\":\"https:\/\/www.bredent-implants.com\/it\/#website\"},\"datePublished\":\"2021-05-17T11:46:31+00:00\",\"dateModified\":\"2021-06-16T13:21:23+00:00\",\"description\":\"Colofone Indicazioni ai sensi del \u00a7 5 TMG bredent medical GmbH &amp; Co. KGWei\u00dfenhorner Stra\u00dfe 289250 SendenTelefono: + 49 7309 \/ 872-600Telefax: +49 7309\",\"breadcrumb\":{\"@id\":\"https:\/\/www.bredent-implants.com\/it\/colofone\/#breadcrumb\"},\"inLanguage\":\"it-IT\",\"potentialAction\":[{\"@type\":\"ReadAction\",\"target\":[\"https:\/\/www.bredent-implants.com\/it\/colofone\/\"]}]},{\"@type\":\"BreadcrumbList\",\"@id\":\"https:\/\/www.bredent-implants.com\/it\/colofone\/#breadcrumb\",\"itemListElement\":[{\"@type\":\"ListItem\",\"position\":1,\"name\":\"Home\",\"item\":\"https:\/\/www.bredent-implants.com\/it\/\"},{\"@type\":\"ListItem\",\"position\":2,\"name\":\"Colofone\"}]},{\"@type\":\"WebSite\",\"@id\":\"https:\/\/www.bredent-implants.com\/it\/#website\",\"url\":\"https:\/\/www.bredent-implants.com\/it\/\",\"name\":\"\",\"description\":\"bredent medical implants\",\"publisher\":{\"@id\":\"https:\/\/www.bredent-implants.com\/it\/#organization\"},\"potentialAction\":[{\"@type\":\"SearchAction\",\"target\":{\"@type\":\"EntryPoint\",\"urlTemplate\":\"https:\/\/www.bredent-implants.com\/it\/?s={search_term_string}\"},\"query-input\":{\"@type\":\"PropertyValueSpecification\",\"valueRequired\":true,\"valueName\":\"search_term_string\"}}],\"inLanguage\":\"it-IT\"},{\"@type\":\"Organization\",\"@id\":\"https:\/\/www.bredent-implants.com\/it\/#organization\",\"name\":\"bredent GmbH & Co.KG\",\"url\":\"https:\/\/www.bredent-implants.com\/it\/\",\"logo\":{\"@type\":\"ImageObject\",\"inLanguage\":\"it-IT\",\"@id\":\"https:\/\/www.bredent-implants.com\/it\/#\/schema\/logo\/image\/\",\"url\":\"https:\/\/www.bredent-implants.com\/wp-content\/uploads\/2019\/03\/bredent-group-Black-Logo-PNG-file.png\",\"contentUrl\":\"https:\/\/www.bredent-implants.com\/wp-content\/uploads\/2019\/03\/bredent-group-Black-Logo-PNG-file.png\",\"width\":1579,\"height\":330,\"caption\":\"bredent GmbH & Co.KG\"},\"image\":{\"@id\":\"https:\/\/www.bredent-implants.com\/it\/#\/schema\/logo\/image\/\"},\"sameAs\":[\"https:\/\/www.facebook.com\/bredent-group-International-766435650174845\/?ref=bookmarks\",\"https:\/\/www.youtube.com\/user\/bredentgroup\"]}]}<\/script>\n<!-- \/ Yoast SEO plugin. -->","yoast_head_json":{"title":"Colofone -","description":"Colofone Indicazioni ai sensi del \u00a7 5 TMG bredent medical GmbH &amp; Co. KGWei\u00dfenhorner Stra\u00dfe 289250 SendenTelefono: + 49 7309 \/ 872-600Telefax: +49 7309","robots":{"index":"index","follow":"follow","max-snippet":"max-snippet:-1","max-image-preview":"max-image-preview:large","max-video-preview":"max-video-preview:-1"},"canonical":"https:\/\/www.bredent-implants.com\/it\/colofone\/","og_locale":"it_IT","og_type":"article","og_title":"Colofone -","og_description":"Colofone Indicazioni ai sensi del \u00a7 5 TMG bredent medical GmbH &amp; Co. KGWei\u00dfenhorner Stra\u00dfe 289250 SendenTelefono: + 49 7309 \/ 872-600Telefax: +49 7309","og_url":"https:\/\/www.bredent-implants.com\/it\/colofone\/","article_publisher":"https:\/\/www.facebook.com\/bredent-group-International-766435650174845\/?ref=bookmarks","article_modified_time":"2021-06-16T13:21:23+00:00","twitter_card":"summary_large_image","twitter_misc":{"Tempo di lettura stimato":"4 minuti"},"schema":{"@context":"https:\/\/schema.org","@graph":[{"@type":"WebPage","@id":"https:\/\/www.bredent-implants.com\/it\/colofone\/","url":"https:\/\/www.bredent-implants.com\/it\/colofone\/","name":"Colofone -","isPartOf":{"@id":"https:\/\/www.bredent-implants.com\/it\/#website"},"datePublished":"2021-05-17T11:46:31+00:00","dateModified":"2021-06-16T13:21:23+00:00","description":"Colofone Indicazioni ai sensi del \u00a7 5 TMG bredent medical GmbH &amp; Co. KGWei\u00dfenhorner Stra\u00dfe 289250 SendenTelefono: + 49 7309 \/ 872-600Telefax: +49 7309","breadcrumb":{"@id":"https:\/\/www.bredent-implants.com\/it\/colofone\/#breadcrumb"},"inLanguage":"it-IT","potentialAction":[{"@type":"ReadAction","target":["https:\/\/www.bredent-implants.com\/it\/colofone\/"]}]},{"@type":"BreadcrumbList","@id":"https:\/\/www.bredent-implants.com\/it\/colofone\/#breadcrumb","itemListElement":[{"@type":"ListItem","position":1,"name":"Home","item":"https:\/\/www.bredent-implants.com\/it\/"},{"@type":"ListItem","position":2,"name":"Colofone"}]},{"@type":"WebSite","@id":"https:\/\/www.bredent-implants.com\/it\/#website","url":"https:\/\/www.bredent-implants.com\/it\/","name":"","description":"bredent medical implants","publisher":{"@id":"https:\/\/www.bredent-implants.com\/it\/#organization"},"potentialAction":[{"@type":"SearchAction","target":{"@type":"EntryPoint","urlTemplate":"https:\/\/www.bredent-implants.com\/it\/?s={search_term_string}"},"query-input":{"@type":"PropertyValueSpecification","valueRequired":true,"valueName":"search_term_string"}}],"inLanguage":"it-IT"},{"@type":"Organization","@id":"https:\/\/www.bredent-implants.com\/it\/#organization","name":"bredent GmbH & Co.KG","url":"https:\/\/www.bredent-implants.com\/it\/","logo":{"@type":"ImageObject","inLanguage":"it-IT","@id":"https:\/\/www.bredent-implants.com\/it\/#\/schema\/logo\/image\/","url":"https:\/\/www.bredent-implants.com\/wp-content\/uploads\/2019\/03\/bredent-group-Black-Logo-PNG-file.png","contentUrl":"https:\/\/www.bredent-implants.com\/wp-content\/uploads\/2019\/03\/bredent-group-Black-Logo-PNG-file.png","width":1579,"height":330,"caption":"bredent GmbH & Co.KG"},"image":{"@id":"https:\/\/www.bredent-implants.com\/it\/#\/schema\/logo\/image\/"},"sameAs":["https:\/\/www.facebook.com\/bredent-group-International-766435650174845\/?ref=bookmarks","https:\/\/www.youtube.com\/user\/bredentgroup"]}]}},"_links":{"self":[{"href":"https:\/\/www.bredent-implants.com\/it\/wp-json\/wp\/v2\/pages\/39561","targetHints":{"allow":["GET"]}}],"collection":[{"href":"https:\/\/www.bredent-implants.com\/it\/wp-json\/wp\/v2\/pages"}],"about":[{"href":"https:\/\/www.bredent-implants.com\/it\/wp-json\/wp\/v2\/types\/page"}],"author":[{"embeddable":true,"href":"https:\/\/www.bredent-implants.com\/it\/wp-json\/wp\/v2\/users\/2"}],"replies":[{"embeddable":true,"href":"https:\/\/www.bredent-implants.com\/it\/wp-json\/wp\/v2\/comments?post=39561"}],"version-history":[{"count":0,"href":"https:\/\/www.bredent-implants.com\/it\/wp-json\/wp\/v2\/pages\/39561\/revisions"}],"wp:attachment":[{"href":"https:\/\/www.bredent-implants.com\/it\/wp-json\/wp\/v2\/media?parent=39561"}],"curies":[{"name":"wp","href":"https:\/\/api.w.org\/{rel}","templated":true}]}}