{"id":28380,"date":"2020-08-31T09:36:38","date_gmt":"2020-08-31T09:36:38","guid":{"rendered":"https:\/\/www.bredent-implants.com\/regeneration\/"},"modified":"2024-04-18T17:47:09","modified_gmt":"2024-04-18T15:47:09","slug":"regeneration","status":"publish","type":"page","link":"https:\/\/www.bredent-implants.com\/fr\/products-solutions\/regeneration\/","title":{"rendered":"R\u00e9g\u00e9n\u00e9ration"},"content":{"rendered":"\t\t<div data-elementor-type=\"wp-post\" data-elementor-id=\"28380\" class=\"elementor elementor-28380\" data-elementor-post-type=\"page\">\n\t\t\t\t\t\t<section class=\"elementor-section elementor-top-section elementor-element elementor-element-9c5610e elementor-section-height-min-height elementor-section-boxed elementor-section-height-default elementor-section-items-middle\" data-id=\"9c5610e\" data-element_type=\"section\" data-e-type=\"section\" data-settings=\"{&quot;background_background&quot;:&quot;classic&quot;}\">\n\t\t\t\t\t\t<div class=\"elementor-container elementor-column-gap-default\">\n\t\t\t\t\t<div class=\"elementor-column elementor-col-100 elementor-top-column elementor-element elementor-element-8da8848\" data-id=\"8da8848\" data-element_type=\"column\" data-e-type=\"column\">\n\t\t\t<div class=\"elementor-widget-wrap elementor-element-populated\">\n\t\t\t\t\t\t<div class=\"elementor-element elementor-element-b34c674 elementor-widget elementor-widget-breadcrumbs\" data-id=\"b34c674\" data-element_type=\"widget\" data-e-type=\"widget\" data-widget_type=\"breadcrumbs.default\">\n\t\t\t\t<div class=\"elementor-widget-container\">\n\t\t\t\t\t<p id=\"breadcrumbs\"><span><span><a href=\"https:\/\/www.bredent-implants.com\/fr\/\">Home<\/a><\/span><\/span><\/p>\t\t\t\t<\/div>\n\t\t\t\t<\/div>\n\t\t\t\t\t<\/div>\n\t\t<\/div>\n\t\t\t\t\t<\/div>\n\t\t<\/section>\n\t\t\t\t<section class=\"elementor-section elementor-top-section elementor-element elementor-element-2170ccd elementor-section-stretched elementor-section-boxed elementor-section-height-default elementor-section-height-default\" data-id=\"2170ccd\" data-element_type=\"section\" data-e-type=\"section\" data-settings=\"{&quot;stretch_section&quot;:&quot;section-stretched&quot;,&quot;background_background&quot;:&quot;classic&quot;}\">\n\t\t\t\t\t\t<div class=\"elementor-container elementor-column-gap-default\">\n\t\t\t\t\t<div class=\"elementor-column elementor-col-33 elementor-top-column elementor-element elementor-element-b0857b1\" data-id=\"b0857b1\" data-element_type=\"column\" data-e-type=\"column\">\n\t\t\t<div class=\"elementor-widget-wrap\">\n\t\t\t\t\t\t\t<\/div>\n\t\t<\/div>\n\t\t\t\t<div class=\"elementor-column elementor-col-33 elementor-top-column elementor-element elementor-element-aa0251c\" data-id=\"aa0251c\" data-element_type=\"column\" data-e-type=\"column\">\n\t\t\t<div class=\"elementor-widget-wrap elementor-element-populated\">\n\t\t\t\t\t\t<div class=\"elementor-element elementor-element-15c5391 elementor-cta--skin-cover elementor-bg-transform elementor-bg-transform-zoom-out elementor-animated-content elementor-widget elementor-widget-call-to-action\" data-id=\"15c5391\" data-element_type=\"widget\" data-e-type=\"widget\" data-widget_type=\"call-to-action.default\">\n\t\t\t\t<div class=\"elementor-widget-container\">\n\t\t\t\t\t\t\t<div class=\"elementor-cta\">\n\t\t\t\t\t<div class=\"elementor-cta__bg-wrapper\">\n\t\t\t\t<div class=\"elementor-cta__bg elementor-bg\" style=\"background-image: url(https:\/\/www.bredent-implants.com\/wp-content\/uploads\/2019\/06\/regeneration_submenu.jpg);\" role=\"img\" aria-label=\"HELBO regeneration from bredent\"><\/div>\n\t\t\t\t<div class=\"elementor-cta__bg-overlay\"><\/div>\n\t\t\t<\/div>\n\t\t\t\t\t\t\t<div class=\"elementor-cta__content\">\n\t\t\t\t\n\t\t\t\t\n\t\t\t\t\t\t\t\t\t<div class=\"elementor-cta__description elementor-cta__content-item elementor-content-item elementor-animated-item--enter-from-bottom\">\n\t\t\t\t\t\t<p>Helbo Th\u00e9rapie photodynamique antimicrobienne (aPDT)<\/p>\n\t\t\t\t\t<\/div>\n\t\t\t\t\n\t\t\t\t\t\t\t\t\t<div class=\"elementor-cta__button-wrapper elementor-cta__content-item elementor-content-item elementor-animated-item--enter-from-bottom\">\n\t\t\t\t\t<a class=\"elementor-cta__button elementor-button elementor-size-md\" href=\"https:\/\/www.bredent-implants.com\/fr\/des-produits-solutions\/regeneration\/helbo\/\">\n\t\t\t\t\t\tEn savoir plus\t\t\t\t\t<\/a>\n\t\t\t\t\t<\/div>\n\t\t\t\t\t\t\t<\/div>\n\t\t\t\t\t\t<\/div>\n\t\t\t\t\t\t<\/div>\n\t\t\t\t<\/div>\n\t\t\t\t\t<\/div>\n\t\t<\/div>\n\t\t\t\t<div class=\"elementor-column elementor-col-33 elementor-top-column elementor-element elementor-element-c612501\" data-id=\"c612501\" data-element_type=\"column\" data-e-type=\"column\" data-settings=\"{&quot;background_background&quot;:&quot;classic&quot;}\">\n\t\t\t<div class=\"elementor-widget-wrap\">\n\t\t\t\t\t\t\t<\/div>\n\t\t<\/div>\n\t\t\t\t\t<\/div>\n\t\t<\/section>\n\t\t\t\t<\/div>\n\t\t","protected":false},"excerpt":{"rendered":"<p>Helbo Th\u00e9rapie photodynamique antimicrobienne (aPDT) En savoir plus<\/p>\n","protected":false},"author":2,"featured_media":0,"parent":29705,"menu_order":6,"comment_status":"closed","ping_status":"closed","template":"elementor_header_footer","meta":{"footnotes":""},"class_list":["post-28380","page","type-page","status-publish","hentry"],"yoast_head":"<!-- This site is optimized with the Yoast SEO plugin v27.3 - https:\/\/yoast.com\/product\/yoast-seo-wordpress\/ -->\n<title>R\u00e9g\u00e9n\u00e9ration -<\/title>\n<meta name=\"description\" content=\"Helbo Antimicrobial Photodynamic Therapy (aPDT), TIXXU Control | Graft | Protect\" \/>\n<meta name=\"robots\" content=\"index, follow, max-snippet:-1, max-image-preview:large, max-video-preview:-1\" \/>\n<link rel=\"canonical\" href=\"https:\/\/www.bredent-implants.com\/fr\/products-solutions\/regeneration\/\" \/>\n<meta property=\"og:locale\" content=\"fr_FR\" \/>\n<meta property=\"og:type\" content=\"article\" \/>\n<meta property=\"og:title\" content=\"R\u00e9g\u00e9n\u00e9ration -\" \/>\n<meta property=\"og:description\" content=\"Helbo Antimicrobial Photodynamic Therapy (aPDT), TIXXU Control | Graft | Protect\" \/>\n<meta property=\"og:url\" content=\"https:\/\/www.bredent-implants.com\/fr\/products-solutions\/regeneration\/\" \/>\n<meta property=\"article:publisher\" content=\"https:\/\/www.facebook.com\/bredent-group-International-766435650174845\/?ref=bookmarks\" \/>\n<meta property=\"article:modified_time\" content=\"2024-04-18T15:47:09+00:00\" \/>\n<meta name=\"twitter:card\" content=\"summary_large_image\" \/>\n<meta name=\"twitter:label1\" content=\"Dur\u00e9e de lecture estim\u00e9e\" \/>\n\t<meta name=\"twitter:data1\" content=\"1 minute\" \/>\n<script type=\"application\/ld+json\" class=\"yoast-schema-graph\">{\"@context\":\"https:\\\/\\\/schema.org\",\"@graph\":[{\"@type\":\"WebPage\",\"@id\":\"https:\\\/\\\/www.bredent-implants.com\\\/fr\\\/products-solutions\\\/regeneration\\\/\",\"url\":\"https:\\\/\\\/www.bredent-implants.com\\\/fr\\\/products-solutions\\\/regeneration\\\/\",\"name\":\"R\u00e9g\u00e9n\u00e9ration -\",\"isPartOf\":{\"@id\":\"https:\\\/\\\/www.bredent-implants.com\\\/#website\"},\"datePublished\":\"2020-08-31T09:36:38+00:00\",\"dateModified\":\"2024-04-18T15:47:09+00:00\",\"description\":\"Helbo Antimicrobial Photodynamic Therapy (aPDT), TIXXU Control | Graft | Protect\",\"breadcrumb\":{\"@id\":\"https:\\\/\\\/www.bredent-implants.com\\\/fr\\\/products-solutions\\\/regeneration\\\/#breadcrumb\"},\"inLanguage\":\"fr-FR\",\"potentialAction\":[{\"@type\":\"ReadAction\",\"target\":[\"https:\\\/\\\/www.bredent-implants.com\\\/fr\\\/products-solutions\\\/regeneration\\\/\"]}]},{\"@type\":\"BreadcrumbList\",\"@id\":\"https:\\\/\\\/www.bredent-implants.com\\\/fr\\\/products-solutions\\\/regeneration\\\/#breadcrumb\",\"itemListElement\":[{\"@type\":\"ListItem\",\"position\":1,\"name\":\"Home\",\"item\":\"https:\\\/\\\/www.bredent-implants.com\\\/fr\\\/\"},{\"@type\":\"ListItem\",\"position\":2,\"name\":\"R\u00e9g\u00e9n\u00e9ration\"}]},{\"@type\":\"WebSite\",\"@id\":\"https:\\\/\\\/www.bredent-implants.com\\\/#website\",\"url\":\"https:\\\/\\\/www.bredent-implants.com\\\/\",\"name\":\"\",\"description\":\"bredent medical implants\",\"publisher\":{\"@id\":\"https:\\\/\\\/www.bredent-implants.com\\\/#organization\"},\"potentialAction\":[{\"@type\":\"SearchAction\",\"target\":{\"@type\":\"EntryPoint\",\"urlTemplate\":\"https:\\\/\\\/www.bredent-implants.com\\\/?s={search_term_string}\"},\"query-input\":{\"@type\":\"PropertyValueSpecification\",\"valueRequired\":true,\"valueName\":\"search_term_string\"}}],\"inLanguage\":\"fr-FR\"},{\"@type\":\"Organization\",\"@id\":\"https:\\\/\\\/www.bredent-implants.com\\\/#organization\",\"name\":\"bredent GmbH & Co.KG\",\"url\":\"https:\\\/\\\/www.bredent-implants.com\\\/\",\"logo\":{\"@type\":\"ImageObject\",\"inLanguage\":\"fr-FR\",\"@id\":\"https:\\\/\\\/www.bredent-implants.com\\\/#\\\/schema\\\/logo\\\/image\\\/\",\"url\":\"https:\\\/\\\/www.bredent-implants.com\\\/wp-content\\\/uploads\\\/2019\\\/03\\\/bredent-group-Black-Logo-PNG-file.png\",\"contentUrl\":\"https:\\\/\\\/www.bredent-implants.com\\\/wp-content\\\/uploads\\\/2019\\\/03\\\/bredent-group-Black-Logo-PNG-file.png\",\"width\":1579,\"height\":330,\"caption\":\"bredent GmbH & Co.KG\"},\"image\":{\"@id\":\"https:\\\/\\\/www.bredent-implants.com\\\/#\\\/schema\\\/logo\\\/image\\\/\"},\"sameAs\":[\"https:\\\/\\\/www.facebook.com\\\/bredent-group-International-766435650174845\\\/?ref=bookmarks\",\"https:\\\/\\\/www.youtube.com\\\/user\\\/bredentgroup\"]}]}<\/script>\n<!-- \/ Yoast SEO plugin. -->","yoast_head_json":{"title":"R\u00e9g\u00e9n\u00e9ration -","description":"Helbo Antimicrobial Photodynamic Therapy (aPDT), TIXXU Control | Graft | Protect","robots":{"index":"index","follow":"follow","max-snippet":"max-snippet:-1","max-image-preview":"max-image-preview:large","max-video-preview":"max-video-preview:-1"},"canonical":"https:\/\/www.bredent-implants.com\/fr\/products-solutions\/regeneration\/","og_locale":"fr_FR","og_type":"article","og_title":"R\u00e9g\u00e9n\u00e9ration -","og_description":"Helbo Antimicrobial Photodynamic Therapy (aPDT), TIXXU Control | Graft | Protect","og_url":"https:\/\/www.bredent-implants.com\/fr\/products-solutions\/regeneration\/","article_publisher":"https:\/\/www.facebook.com\/bredent-group-International-766435650174845\/?ref=bookmarks","article_modified_time":"2024-04-18T15:47:09+00:00","twitter_card":"summary_large_image","twitter_misc":{"Dur\u00e9e de lecture estim\u00e9e":"1 minute"},"schema":{"@context":"https:\/\/schema.org","@graph":[{"@type":"WebPage","@id":"https:\/\/www.bredent-implants.com\/fr\/products-solutions\/regeneration\/","url":"https:\/\/www.bredent-implants.com\/fr\/products-solutions\/regeneration\/","name":"R\u00e9g\u00e9n\u00e9ration -","isPartOf":{"@id":"https:\/\/www.bredent-implants.com\/#website"},"datePublished":"2020-08-31T09:36:38+00:00","dateModified":"2024-04-18T15:47:09+00:00","description":"Helbo Antimicrobial Photodynamic Therapy (aPDT), TIXXU Control | Graft | Protect","breadcrumb":{"@id":"https:\/\/www.bredent-implants.com\/fr\/products-solutions\/regeneration\/#breadcrumb"},"inLanguage":"fr-FR","potentialAction":[{"@type":"ReadAction","target":["https:\/\/www.bredent-implants.com\/fr\/products-solutions\/regeneration\/"]}]},{"@type":"BreadcrumbList","@id":"https:\/\/www.bredent-implants.com\/fr\/products-solutions\/regeneration\/#breadcrumb","itemListElement":[{"@type":"ListItem","position":1,"name":"Home","item":"https:\/\/www.bredent-implants.com\/fr\/"},{"@type":"ListItem","position":2,"name":"R\u00e9g\u00e9n\u00e9ration"}]},{"@type":"WebSite","@id":"https:\/\/www.bredent-implants.com\/#website","url":"https:\/\/www.bredent-implants.com\/","name":"","description":"bredent medical implants","publisher":{"@id":"https:\/\/www.bredent-implants.com\/#organization"},"potentialAction":[{"@type":"SearchAction","target":{"@type":"EntryPoint","urlTemplate":"https:\/\/www.bredent-implants.com\/?s={search_term_string}"},"query-input":{"@type":"PropertyValueSpecification","valueRequired":true,"valueName":"search_term_string"}}],"inLanguage":"fr-FR"},{"@type":"Organization","@id":"https:\/\/www.bredent-implants.com\/#organization","name":"bredent GmbH & Co.KG","url":"https:\/\/www.bredent-implants.com\/","logo":{"@type":"ImageObject","inLanguage":"fr-FR","@id":"https:\/\/www.bredent-implants.com\/#\/schema\/logo\/image\/","url":"https:\/\/www.bredent-implants.com\/wp-content\/uploads\/2019\/03\/bredent-group-Black-Logo-PNG-file.png","contentUrl":"https:\/\/www.bredent-implants.com\/wp-content\/uploads\/2019\/03\/bredent-group-Black-Logo-PNG-file.png","width":1579,"height":330,"caption":"bredent GmbH & Co.KG"},"image":{"@id":"https:\/\/www.bredent-implants.com\/#\/schema\/logo\/image\/"},"sameAs":["https:\/\/www.facebook.com\/bredent-group-International-766435650174845\/?ref=bookmarks","https:\/\/www.youtube.com\/user\/bredentgroup"]}]}},"_links":{"self":[{"href":"https:\/\/www.bredent-implants.com\/fr\/wp-json\/wp\/v2\/pages\/28380","targetHints":{"allow":["GET"]}}],"collection":[{"href":"https:\/\/www.bredent-implants.com\/fr\/wp-json\/wp\/v2\/pages"}],"about":[{"href":"https:\/\/www.bredent-implants.com\/fr\/wp-json\/wp\/v2\/types\/page"}],"author":[{"embeddable":true,"href":"https:\/\/www.bredent-implants.com\/fr\/wp-json\/wp\/v2\/users\/2"}],"replies":[{"embeddable":true,"href":"https:\/\/www.bredent-implants.com\/fr\/wp-json\/wp\/v2\/comments?post=28380"}],"version-history":[{"count":0,"href":"https:\/\/www.bredent-implants.com\/fr\/wp-json\/wp\/v2\/pages\/28380\/revisions"}],"up":[{"embeddable":true,"href":"https:\/\/www.bredent-implants.com\/fr\/wp-json\/wp\/v2\/pages\/29705"}],"wp:attachment":[{"href":"https:\/\/www.bredent-implants.com\/fr\/wp-json\/wp\/v2\/media?parent=28380"}],"curies":[{"name":"wp","href":"https:\/\/api.w.org\/{rel}","templated":true}]}}