{"id":27029,"date":"2020-04-14T11:24:10","date_gmt":"2020-04-14T11:24:10","guid":{"rendered":"https:\/\/www.bredent-implants.com\/mentions-legales\/"},"modified":"2021-06-16T12:54:46","modified_gmt":"2021-06-16T12:54:46","slug":"mentions-legales","status":"publish","type":"page","link":"https:\/\/www.bredent-implants.com\/fr\/mentions-legales\/","title":{"rendered":"Mentions l\u00e9gales"},"content":{"rendered":"\t\t<div data-elementor-type=\"wp-post\" data-elementor-id=\"27029\" class=\"elementor elementor-27029 elementor-2337\" data-elementor-post-type=\"page\">\n\t\t\t\t\t\t<section class=\"elementor-section elementor-top-section elementor-element elementor-element-b9db2cf elementor-section-height-min-height elementor-section-boxed elementor-section-height-default elementor-section-items-middle\" data-id=\"b9db2cf\" data-element_type=\"section\" data-e-type=\"section\" data-settings=\"{&quot;background_background&quot;:&quot;classic&quot;}\">\n\t\t\t\t\t\t<div class=\"elementor-container elementor-column-gap-default\">\n\t\t\t\t\t<div class=\"elementor-column elementor-col-100 elementor-top-column elementor-element elementor-element-90034c9\" data-id=\"90034c9\" data-element_type=\"column\" data-e-type=\"column\">\n\t\t\t<div class=\"elementor-widget-wrap elementor-element-populated\">\n\t\t\t\t\t\t<div class=\"elementor-element elementor-element-5901d90 elementor-widget elementor-widget-breadcrumbs\" data-id=\"5901d90\" data-element_type=\"widget\" data-e-type=\"widget\" data-widget_type=\"breadcrumbs.default\">\n\t\t\t\t<div class=\"elementor-widget-container\">\n\t\t\t\t\t<p id=\"breadcrumbs\"><span><span><a href=\"https:\/\/www.bredent-implants.com\/fr\/\">Home<\/a><\/span><\/span><\/p>\t\t\t\t<\/div>\n\t\t\t\t<\/div>\n\t\t\t\t\t<\/div>\n\t\t<\/div>\n\t\t\t\t\t<\/div>\n\t\t<\/section>\n\t\t\t\t<section class=\"elementor-section elementor-top-section elementor-element elementor-element-da58ac3 elementor-section-stretched elementor-section-boxed elementor-section-height-default elementor-section-height-default\" data-id=\"da58ac3\" data-element_type=\"section\" data-e-type=\"section\" data-settings=\"{&quot;stretch_section&quot;:&quot;section-stretched&quot;}\">\n\t\t\t\t\t\t<div class=\"elementor-container elementor-column-gap-default\">\n\t\t\t\t\t<div class=\"elementor-column elementor-col-100 elementor-top-column elementor-element elementor-element-d53163b\" data-id=\"d53163b\" data-element_type=\"column\" data-e-type=\"column\">\n\t\t\t<div class=\"elementor-widget-wrap elementor-element-populated\">\n\t\t\t\t\t\t<div class=\"elementor-element elementor-element-47bdc29 elementor-widget elementor-widget-text-editor\" data-id=\"47bdc29\" data-element_type=\"widget\" data-e-type=\"widget\" data-widget_type=\"text-editor.default\">\n\t\t\t\t<div class=\"elementor-widget-container\">\n\t\t\t\t\t\t\t\t\t<h3><span style=\"color: #000000;\">Informations conform\u00e9ment \u00e0 l\u2019article 5 de la loi allemande sur les t\u00e9l\u00e9m\u00e9dias (TMG)<\/span><\/h3>\n<p><\/p>\n<p><span style=\"color: #000000; font-size: 16px;\">bredent medical GmbH &amp; Co. KG<\/span><br><span style=\"color: #000000;\">Wei\u00dfenhorner Stra\u00dfe 2<\/span><br><span style=\"color: #000000;\">89250 Senden (Allemagne)<\/span><br><span style=\"color: #000000;\">T\u00e9l\u00e9phone&nbsp;: + 49 7309 \/ 872-440<\/span><br><span style=\"color: #000000;\">Fax&nbsp;: + 49 7309 \/ 872-444<\/span><br><span style=\"color: #000000;\">E-Mail:&nbsp;<span style=\"color: #738ba7;\"><strong><a style=\"color: #738ba7;\" href=\"mailto:info-medical@bredent.com\">info-medical@bredent.com<\/a><\/strong><\/span><\/span><br><span style=\"color: #000000;\">Internet&nbsp;:&nbsp;<strong><span style=\"color: #738ba7;\"><a style=\"color: #738ba7;\" href=\"https:\/\/www.bredent-implants.com\/\">www.bredent-implants.com<\/a><\/span><\/strong><\/span><\/p>\n<p><span style=\"font-size: 16px; color: #000000;\">bredent medical GmbH &amp; Co. KG<\/span><br><span style=\"color: #000000;\">Directeurs g\u00e9n\u00e9raux autoris\u00e9s \u00e0 repr\u00e9senter&nbsp;: Peter Brehm, Nils Brehm, Olaf Gl\u00fcck, Gerald Micko<\/span><br><span style=\"color: #000000;\">Registre du commerce&nbsp;: Amtsgericht Memmingen<\/span><br><span style=\"color: #000000;\">Num\u00e9ro d\u2019enregistrement&nbsp;: HRB 11274<\/span><br><span style=\"color: #000000;\">Si\u00e8ge social de la soci\u00e9t\u00e9 bredent medical GmbH &amp; Co. KG&nbsp;: 89250 Senden<\/span><\/p>\n<p><span style=\"color: #000000;\">Associ\u00e9 personnellement responsable (commandit\u00e9)&nbsp;: bredent medical Verwaltungs- und Handels-GmbH<\/span><br><span style=\"color: #000000;\">Directeurs g\u00e9n\u00e9raux autoris\u00e9s \u00e0 repr\u00e9senter la soci\u00e9t\u00e9&nbsp;: Peter Brehm, Nils Brehm, Olaf Gl\u00fcck, Gerald Micko<\/span><br><span style=\"color: #000000;\">Registre du commerce&nbsp;: Amtsgericht Memmingen<\/span><br><span style=\"color: #000000;\">Num\u00e9ro d\u2019enregistrement&nbsp;: HRB 12744<\/span><br><span style=\"color: #000000;\">Si\u00e8ge social de la soci\u00e9t\u00e9 bredent medical Verwaltungs- und Handels-GmbH&nbsp;: 89250 Senden, Allemagne<\/span><\/p>\n<p><span style=\"color: #000000;\">Associ\u00e9 personnellement responsable (commandit\u00e9)&nbsp;: bredent medical Verwaltungs- und Handels-GmbH<\/span><br><span style=\"color: #000000;\">Directeurs g\u00e9n\u00e9raux autoris\u00e9s \u00e0 repr\u00e9senter la soci\u00e9t\u00e9&nbsp;: Peter Brehm Gerald Micko<\/span><br><span style=\"color: #000000;\">Registre du commerce&nbsp;: Amtsgericht Memmingen<\/span><br><span style=\"color: #000000;\">Num\u00e9ro d\u2019enregistrement&nbsp;: HRB 12744<\/span><br><span style=\"color: #000000;\">Si\u00e8ge social de la soci\u00e9t\u00e9 bredent medical Verwaltungs- und Handels-GmbH&nbsp;: 89250 Senden, Allemagne<\/span><\/p>\n<p><span style=\"color: #000000;\"><strong>Num\u00e9ro d\u2019identification de la TVA conform\u00e9ment au \u00a7&nbsp;27 a de la loi sur la TVA<\/strong><\/span><br><span style=\"color: #000000;\">DE 247337738<br>WEEE-Reg.Nr. DE 22730329&nbsp;<\/span><\/p>\n<p><span style=\"color: #000000;\"><strong>Responsable du contenu selon le \u00a7 55 section 2 RStV<\/strong><\/span><br><span style=\"color: rgb(0, 0, 0); font-size: 16px; font-style: normal; font-weight: 400;\">Micko Gerald<\/span><span style=\"color: #000000;\">&nbsp;(voir adresse ci-dessus)<\/span><\/p>\n<p><span style=\"color: #000000;\"><strong>R\u00e9solution des litiges en ligne pour les consommateurs, participation aux proc\u00e9dures de r\u00e8glement des litiges<\/strong><\/span><br><span style=\"color: #000000;\">(1) En r\u00e8gle g\u00e9n\u00e9rale, la soci\u00e9t\u00e9 bredent medical GmbH &amp; Co. KG n\u2019est ni dispos\u00e9e ni oblig\u00e9e \u00e0 participer \u00e0 une proc\u00e9dure de r\u00e8glement des litiges devant un tribunal sp\u00e9cial d\u2019arbitrage en mati\u00e8re de consommation.<\/span><br><span style=\"color: #000000;\">(2) Plateforme de la Commission europ\u00e9enne pour le r\u00e8glement en ligne des litiges:<\/span><br><span style=\"color: #000000;\"><a style=\"color: #000000;\" href=\"https:\/\/www.ec.europa.eu\/consumers\/odr\" target=\"_blank\" rel=\"noopener\">https:\/\/www.ec.europa.eu\/consumers\/odr<\/a><\/span><\/p>\n<p><span style=\"color: #000000;\"><strong>Programmation et fonctionnement du serveur \/ Localisation<\/strong><\/span><br><span style=\"color: #000000;\"><a style=\"color: #000000;\" href=\"http:\/\/www.imos.net\/\" target=\"_blank\" rel=\"noopener\">de l\u2019h\u00e9bergeur G\u00f6ppingen<br>imos Gesellschaft f\u00fcr<br>Internet-Marketing und<br>Online-Services mbH<\/a><\/span><br><span style=\"color: #000000;\">Alfons-Feifel-Str. 9<\/span><br><span style=\"color: #000000;\">73037 G\u00f6ppingen (Allemagne)<\/span><br><span style=\"color: #000000;\">T\u00e9l\u00e9phone&nbsp;: +49 7161 93339-0<\/span><br><span style=\"color: #000000;\">Fax&nbsp;: +49 7161 93339-99<\/span><br><span style=\"color: #000000;\">E-mail&nbsp;:&nbsp;<a style=\"color: #000000;\" href=\"mailto:info@imos.net\">info@imos.net<\/a><\/span><br><span style=\"color: #000000;\">Internet&nbsp;:&nbsp;<a style=\"color: #000000;\" href=\"http:\/\/www.imos.net\/\" target=\"_blank\" rel=\"noopener\">www.imos.net<\/a><\/span><\/p>\n<p><span style=\"color: #000000;\"><strong>Remarque<br>Tous les produits n\u2019ont pas \u00e9t\u00e9 approuv\u00e9s et ne sont pas disponibles sur tous les march\u00e9s. En cas de questions, veuillez vous adresser \u00e0<br>bredent medical GmbH &amp; Co. KG ou \u00e0 votre partenaire commercial.<\/strong><\/span><\/p>\n<p><span style=\"color: #000000;\"><strong>CLAUSE DE NON-RESPONSABILIT\u00c9<\/strong><\/span><\/p>\n<p><em style=\"color: #000000;\"><strong>1. Limitation de la responsabilit\u00e9<\/strong><\/em><\/p>\n<p style=\"display: inline !important;\"><span style=\"color: #000000;\">Le contenu de ce site Web est pr\u00e9par\u00e9 avec le plus grand soin. Cependant, le fournisseur d\u00e9cline toute responsabilit\u00e9 quant <\/span><span style=\"color: #000000;\">\u00e0 l\u2019exactitude, l\u2019exhaustivit\u00e9 et l\u2019actualit\u00e9 des informations publi\u00e9es sur le site. L\u2019utilisation <\/span><span style=\"color: #000000;\">du contenu de ce site se fait aux risques et p\u00e9rils de l\u2019utilisateur. Les contributions des personnes nomm\u00e9es refl\u00e8tent l\u2019opinion de <\/span><span style=\"color: #000000;\">leurs auteurs et pas toujours l\u2019opinion du fournisseur. La simple utilisation du site Web du fournisseur ne constitue pas<\/span><\/p>\n<p><span style=\"color: #000000;\">une relation contractuelle entre l\u2019utilisateur et celui-ci.<\/span><\/p>\n<p style=\"display: inline !important;\"><span style=\"color: #000000;\"><em><strong>2. Liens externes<\/strong><\/em><\/span><\/p>\n<p><span style=\"color: #000000;\">Ce site Web contient des liens vers des sites Web tiers (\u00ab&nbsp;liens externes&nbsp;\u00bb). Les fournisseurs correspondants sont responsables de <\/span><span style=\"color: #000000;\">ces sites. Lorsqu\u2019il a inclus ces liens externes pour la premi\u00e8re fois, le fournisseur de ce site a v\u00e9rifi\u00e9 les <\/span><span style=\"color: #000000;\">contenus pour d\u2019\u00e9ventuelles violations de la loi. Le fournisseur n\u2019a aucune influence sur la pr\u00e9sentation actuelle et futur<\/span><span style=\"color: #000000;\">e et sur le contenu des pages mises en lien. La mise de liens externes ne signifie pas que le fournisseur adopte <\/span><span style=\"color: #000000;\">le contenu auquel il est fait r\u00e9f\u00e9rence. Il n\u2019est pas raisonnable d\u2019esp\u00e9rer que le fournisseur contr\u00f4le r\u00e9guli\u00e8rement les liens externes pour s\u2019assurer qu\u2019ils ne violent pas la loi <\/span><span style=\"color: #000000;\">sans indication pr\u00e9cise de ces violations. Si des violations de la loi sont port\u00e9es \u00e0 notre connaissance, ces liens externes seront <\/span><span style=\"color: #000000;\">imm\u00e9diatement supprim\u00e9s.<\/span><\/p>\n<p><span style=\"color: #000000;\"><em><strong>3. Droits d\u2019auteur et droits voisins<\/strong><\/em><\/span><\/p>\n<p><span style=\"color: #000000;\">Les contenus publi\u00e9s sur ce site Web sont soumis aux lois allemandes sur le droit d\u2019auteur et les droits voisins. Chaque <\/span><span style=\"color: #000000;\">utilisation qui n\u2019est pas express\u00e9ment autoris\u00e9e par la l\u00e9gislation allemande sur le droit d\u2019auteur et les droits voisins n\u00e9cessite <\/span><span style=\"color: #000000;\">l\u2019approbation \u00e9crite pr\u00e9alable du fournisseur ou du titulaire du droit d\u2019auteur. Cela s\u2019applique en particulier \u00e0 la copie, la modification, <\/span><span style=\"color: #000000;\">la traduction, le stockage, le traitement ou la reproduction de contenus dans des bases de donn\u00e9es et autres m\u00e9dias et syst\u00e8mes \u00e9lectroniques. <\/span><span style=\"color: #000000;\">Les contenus et droits de tiers sont marqu\u00e9s en tant que tels. La reproduction et le transfert de parties du contenu <\/span><span style=\"color: #000000;\">ou des pages compl\u00e8tes sans autorisation pr\u00e9alable ne sont pas autoris\u00e9s et sont passibles de poursuites judiciaires. La copie et le t\u00e9l\u00e9chargement <\/span><span style=\"color: #000000;\">pour un usage personnel, priv\u00e9 et non commercial sont autoris\u00e9s. <\/span><span style=\"color: #000000;\">La repr\u00e9sentation de ce site Web dans des frames externes est soumise \u00e0 une autorisation \u00e9crite.<\/span><\/p>\n<p><span style=\"color: #000000;\"><strong><em>4. Confidentialit\u00e9<\/em><\/strong><\/span><\/p>\n<p><strong><span style=\"color: #738ba7;\"><a style=\"color: #738ba7;\" href=\"\/?page_id=2329\"><em>D\u00e9claration de confidentialit\u00e9<\/em><\/a><\/span><\/strong><\/p>\n<p><span style=\"color: #000000;\">L\u2019utilisation des coordonn\u00e9es fournies dans les mentions l\u00e9gales \u00e0 des fins publicitaires est express\u00e9ment ind\u00e9sirable sans <\/span><span style=\"color: #000000;\">l\u2019autorisation \u00e9crite pr\u00e9alable du fournisseur, sauf si une relation d\u2019affaires a d\u00e9j\u00e0 \u00e9t\u00e9 \u00e9tablie.<\/span><span style=\"color: #000000;\">Le fournisseur et toutes les personnes nomm\u00e9es sur ce site Web s\u2019opposent \u00e0 l\u2019utilisation et \u00e0 la transmission commerciales de leurs donn\u00e9es.<\/span><\/p>\n<p><span style=\"color: #000000;\"><strong><em>5. Conditions particuli\u00e8res d\u2019utilisation<\/em><\/strong><\/span><\/p>\n<p><span style=\"color: #000000;\">Dans la mesure o\u00f9 des conditions particuli\u00e8res pour des utilisations sp\u00e9cifiques de ce site Web s\u2019\u00e9cartent des conditions \u00e9nonc\u00e9es aux points 1. \u00e0 4, le pr\u00e9avis<\/span><span style=\"color: #000000;\">de telles exceptions doit \u00eatre express\u00e9ment indiqu\u00e9 \u00e0 un endroit appropri\u00e9. Dans ce cas, les conditions particuli\u00e8res d\u2019utilisation s\u2019appliquent <\/span><span style=\"color: #000000;\">dans chaque cas respectif.<\/span><\/p>\t\t\t\t\t\t\t\t<\/div>\n\t\t\t\t<\/div>\n\t\t\t\t\t<\/div>\n\t\t<\/div>\n\t\t\t\t\t<\/div>\n\t\t<\/section>\n\t\t\t\t<\/div>\n\t\t","protected":false},"excerpt":{"rendered":"<p>Informations conform\u00e9ment \u00e0 l\u2019article 5 de la loi allemande sur les t\u00e9l\u00e9m\u00e9dias (TMG) bredent medical GmbH &amp; Co. KGWei\u00dfenhorner Stra\u00dfe 289250 Senden (Allemagne)T\u00e9l\u00e9phone&nbsp;: + 49 7309 \/ 872-440Fax&nbsp;: + 49 7309 \/ 872-444E-Mail:&nbsp;info-medical@bredent.comInternet&nbsp;:&nbsp;www.bredent-implants.com bredent medical GmbH &amp; Co. KGDirecteurs g\u00e9n\u00e9raux autoris\u00e9s \u00e0 repr\u00e9senter&nbsp;: Peter Brehm, Nils Brehm, Olaf Gl\u00fcck, Gerald MickoRegistre du commerce&nbsp;: Amtsgericht MemmingenNum\u00e9ro [&hellip;]<\/p>\n","protected":false},"author":2,"featured_media":0,"parent":0,"menu_order":23,"comment_status":"closed","ping_status":"closed","template":"elementor_header_footer","meta":{"footnotes":""},"class_list":["post-27029","page","type-page","status-publish","hentry"],"yoast_head":"<!-- This site is optimized with the Yoast SEO plugin v27.2 - https:\/\/yoast.com\/product\/yoast-seo-wordpress\/ -->\n<title>Mentions l\u00e9gales -<\/title>\n<meta name=\"description\" content=\"Informations conform\u00e9ment \u00e0 l\u2019article 5 de la loi allemande sur les t\u00e9l\u00e9m\u00e9dias (TMG) bredent medical GmbH &amp; Co. KGWei\u00dfenhorner Stra\u00dfe 289250 Senden\" \/>\n<meta name=\"robots\" content=\"index, follow, max-snippet:-1, max-image-preview:large, max-video-preview:-1\" \/>\n<link rel=\"canonical\" href=\"https:\/\/www.bredent-implants.com\/fr\/mentions-legales\/\" \/>\n<meta property=\"og:locale\" content=\"fr_FR\" \/>\n<meta property=\"og:type\" content=\"article\" \/>\n<meta property=\"og:title\" content=\"Mentions l\u00e9gales -\" \/>\n<meta property=\"og:description\" content=\"Informations conform\u00e9ment \u00e0 l\u2019article 5 de la loi allemande sur les t\u00e9l\u00e9m\u00e9dias (TMG) bredent medical GmbH &amp; Co. KGWei\u00dfenhorner Stra\u00dfe 289250 Senden\" \/>\n<meta property=\"og:url\" content=\"https:\/\/www.bredent-implants.com\/fr\/mentions-legales\/\" \/>\n<meta property=\"article:publisher\" content=\"https:\/\/www.facebook.com\/bredent-group-International-766435650174845\/?ref=bookmarks\" \/>\n<meta property=\"article:modified_time\" content=\"2021-06-16T12:54:46+00:00\" \/>\n<meta name=\"twitter:card\" content=\"summary_large_image\" \/>\n<meta name=\"twitter:label1\" content=\"Dur\u00e9e de lecture estim\u00e9e\" \/>\n\t<meta name=\"twitter:data1\" content=\"4 minutes\" \/>\n<script type=\"application\/ld+json\" class=\"yoast-schema-graph\">{\"@context\":\"https:\/\/schema.org\",\"@graph\":[{\"@type\":\"WebPage\",\"@id\":\"https:\/\/www.bredent-implants.com\/fr\/mentions-legales\/\",\"url\":\"https:\/\/www.bredent-implants.com\/fr\/mentions-legales\/\",\"name\":\"Mentions l\u00e9gales -\",\"isPartOf\":{\"@id\":\"https:\/\/www.bredent-implants.com\/fr\/#website\"},\"datePublished\":\"2020-04-14T11:24:10+00:00\",\"dateModified\":\"2021-06-16T12:54:46+00:00\",\"description\":\"Informations conform\u00e9ment \u00e0 l\u2019article 5 de la loi allemande sur les t\u00e9l\u00e9m\u00e9dias (TMG) bredent medical GmbH &amp; Co. KGWei\u00dfenhorner Stra\u00dfe 289250 Senden\",\"breadcrumb\":{\"@id\":\"https:\/\/www.bredent-implants.com\/fr\/mentions-legales\/#breadcrumb\"},\"inLanguage\":\"fr-FR\",\"potentialAction\":[{\"@type\":\"ReadAction\",\"target\":[\"https:\/\/www.bredent-implants.com\/fr\/mentions-legales\/\"]}]},{\"@type\":\"BreadcrumbList\",\"@id\":\"https:\/\/www.bredent-implants.com\/fr\/mentions-legales\/#breadcrumb\",\"itemListElement\":[{\"@type\":\"ListItem\",\"position\":1,\"name\":\"Home\",\"item\":\"https:\/\/www.bredent-implants.com\/fr\/\"},{\"@type\":\"ListItem\",\"position\":2,\"name\":\"Mentions l\u00e9gales\"}]},{\"@type\":\"WebSite\",\"@id\":\"https:\/\/www.bredent-implants.com\/fr\/#website\",\"url\":\"https:\/\/www.bredent-implants.com\/fr\/\",\"name\":\"\",\"description\":\"bredent medical implants\",\"publisher\":{\"@id\":\"https:\/\/www.bredent-implants.com\/fr\/#organization\"},\"potentialAction\":[{\"@type\":\"SearchAction\",\"target\":{\"@type\":\"EntryPoint\",\"urlTemplate\":\"https:\/\/www.bredent-implants.com\/fr\/?s={search_term_string}\"},\"query-input\":{\"@type\":\"PropertyValueSpecification\",\"valueRequired\":true,\"valueName\":\"search_term_string\"}}],\"inLanguage\":\"fr-FR\"},{\"@type\":\"Organization\",\"@id\":\"https:\/\/www.bredent-implants.com\/fr\/#organization\",\"name\":\"bredent GmbH & Co.KG\",\"url\":\"https:\/\/www.bredent-implants.com\/fr\/\",\"logo\":{\"@type\":\"ImageObject\",\"inLanguage\":\"fr-FR\",\"@id\":\"https:\/\/www.bredent-implants.com\/fr\/#\/schema\/logo\/image\/\",\"url\":\"https:\/\/www.bredent-implants.com\/wp-content\/uploads\/2019\/03\/bredent-group-Black-Logo-PNG-file.png\",\"contentUrl\":\"https:\/\/www.bredent-implants.com\/wp-content\/uploads\/2019\/03\/bredent-group-Black-Logo-PNG-file.png\",\"width\":1579,\"height\":330,\"caption\":\"bredent GmbH & Co.KG\"},\"image\":{\"@id\":\"https:\/\/www.bredent-implants.com\/fr\/#\/schema\/logo\/image\/\"},\"sameAs\":[\"https:\/\/www.facebook.com\/bredent-group-International-766435650174845\/?ref=bookmarks\",\"https:\/\/www.youtube.com\/user\/bredentgroup\"]}]}<\/script>\n<!-- \/ Yoast SEO plugin. -->","yoast_head_json":{"title":"Mentions l\u00e9gales -","description":"Informations conform\u00e9ment \u00e0 l\u2019article 5 de la loi allemande sur les t\u00e9l\u00e9m\u00e9dias (TMG) bredent medical GmbH &amp; Co. KGWei\u00dfenhorner Stra\u00dfe 289250 Senden","robots":{"index":"index","follow":"follow","max-snippet":"max-snippet:-1","max-image-preview":"max-image-preview:large","max-video-preview":"max-video-preview:-1"},"canonical":"https:\/\/www.bredent-implants.com\/fr\/mentions-legales\/","og_locale":"fr_FR","og_type":"article","og_title":"Mentions l\u00e9gales -","og_description":"Informations conform\u00e9ment \u00e0 l\u2019article 5 de la loi allemande sur les t\u00e9l\u00e9m\u00e9dias (TMG) bredent medical GmbH &amp; Co. KGWei\u00dfenhorner Stra\u00dfe 289250 Senden","og_url":"https:\/\/www.bredent-implants.com\/fr\/mentions-legales\/","article_publisher":"https:\/\/www.facebook.com\/bredent-group-International-766435650174845\/?ref=bookmarks","article_modified_time":"2021-06-16T12:54:46+00:00","twitter_card":"summary_large_image","twitter_misc":{"Dur\u00e9e de lecture estim\u00e9e":"4 minutes"},"schema":{"@context":"https:\/\/schema.org","@graph":[{"@type":"WebPage","@id":"https:\/\/www.bredent-implants.com\/fr\/mentions-legales\/","url":"https:\/\/www.bredent-implants.com\/fr\/mentions-legales\/","name":"Mentions l\u00e9gales -","isPartOf":{"@id":"https:\/\/www.bredent-implants.com\/fr\/#website"},"datePublished":"2020-04-14T11:24:10+00:00","dateModified":"2021-06-16T12:54:46+00:00","description":"Informations conform\u00e9ment \u00e0 l\u2019article 5 de la loi allemande sur les t\u00e9l\u00e9m\u00e9dias (TMG) bredent medical GmbH &amp; Co. KGWei\u00dfenhorner Stra\u00dfe 289250 Senden","breadcrumb":{"@id":"https:\/\/www.bredent-implants.com\/fr\/mentions-legales\/#breadcrumb"},"inLanguage":"fr-FR","potentialAction":[{"@type":"ReadAction","target":["https:\/\/www.bredent-implants.com\/fr\/mentions-legales\/"]}]},{"@type":"BreadcrumbList","@id":"https:\/\/www.bredent-implants.com\/fr\/mentions-legales\/#breadcrumb","itemListElement":[{"@type":"ListItem","position":1,"name":"Home","item":"https:\/\/www.bredent-implants.com\/fr\/"},{"@type":"ListItem","position":2,"name":"Mentions l\u00e9gales"}]},{"@type":"WebSite","@id":"https:\/\/www.bredent-implants.com\/fr\/#website","url":"https:\/\/www.bredent-implants.com\/fr\/","name":"","description":"bredent medical implants","publisher":{"@id":"https:\/\/www.bredent-implants.com\/fr\/#organization"},"potentialAction":[{"@type":"SearchAction","target":{"@type":"EntryPoint","urlTemplate":"https:\/\/www.bredent-implants.com\/fr\/?s={search_term_string}"},"query-input":{"@type":"PropertyValueSpecification","valueRequired":true,"valueName":"search_term_string"}}],"inLanguage":"fr-FR"},{"@type":"Organization","@id":"https:\/\/www.bredent-implants.com\/fr\/#organization","name":"bredent GmbH & Co.KG","url":"https:\/\/www.bredent-implants.com\/fr\/","logo":{"@type":"ImageObject","inLanguage":"fr-FR","@id":"https:\/\/www.bredent-implants.com\/fr\/#\/schema\/logo\/image\/","url":"https:\/\/www.bredent-implants.com\/wp-content\/uploads\/2019\/03\/bredent-group-Black-Logo-PNG-file.png","contentUrl":"https:\/\/www.bredent-implants.com\/wp-content\/uploads\/2019\/03\/bredent-group-Black-Logo-PNG-file.png","width":1579,"height":330,"caption":"bredent GmbH & Co.KG"},"image":{"@id":"https:\/\/www.bredent-implants.com\/fr\/#\/schema\/logo\/image\/"},"sameAs":["https:\/\/www.facebook.com\/bredent-group-International-766435650174845\/?ref=bookmarks","https:\/\/www.youtube.com\/user\/bredentgroup"]}]}},"_links":{"self":[{"href":"https:\/\/www.bredent-implants.com\/fr\/wp-json\/wp\/v2\/pages\/27029","targetHints":{"allow":["GET"]}}],"collection":[{"href":"https:\/\/www.bredent-implants.com\/fr\/wp-json\/wp\/v2\/pages"}],"about":[{"href":"https:\/\/www.bredent-implants.com\/fr\/wp-json\/wp\/v2\/types\/page"}],"author":[{"embeddable":true,"href":"https:\/\/www.bredent-implants.com\/fr\/wp-json\/wp\/v2\/users\/2"}],"replies":[{"embeddable":true,"href":"https:\/\/www.bredent-implants.com\/fr\/wp-json\/wp\/v2\/comments?post=27029"}],"version-history":[{"count":0,"href":"https:\/\/www.bredent-implants.com\/fr\/wp-json\/wp\/v2\/pages\/27029\/revisions"}],"wp:attachment":[{"href":"https:\/\/www.bredent-implants.com\/fr\/wp-json\/wp\/v2\/media?parent=27029"}],"curies":[{"name":"wp","href":"https:\/\/api.w.org\/{rel}","templated":true}]}}