{"id":31427,"date":"2020-11-03T14:46:05","date_gmt":"2020-11-03T14:46:05","guid":{"rendered":"https:\/\/www.bredent-implants.com\/aviso-legal\/"},"modified":"2021-06-16T13:22:52","modified_gmt":"2021-06-16T13:22:52","slug":"impresos","status":"publish","type":"page","link":"https:\/\/www.bredent-implants.com\/es\/impresos\/","title":{"rendered":"Impresos"},"content":{"rendered":"\t\t<div data-elementor-type=\"wp-post\" data-elementor-id=\"31427\" class=\"elementor elementor-31427\" data-elementor-post-type=\"page\">\n\t\t\t\t\t\t<section class=\"elementor-section elementor-top-section elementor-element elementor-element-b9db2cf elementor-section-height-min-height elementor-section-boxed elementor-section-height-default elementor-section-items-middle\" data-id=\"b9db2cf\" data-element_type=\"section\" data-e-type=\"section\" data-settings=\"{&quot;background_background&quot;:&quot;classic&quot;}\">\n\t\t\t\t\t\t<div class=\"elementor-container elementor-column-gap-default\">\n\t\t\t\t\t<div class=\"elementor-column elementor-col-100 elementor-top-column elementor-element elementor-element-90034c9\" data-id=\"90034c9\" data-element_type=\"column\" data-e-type=\"column\">\n\t\t\t<div class=\"elementor-widget-wrap elementor-element-populated\">\n\t\t\t\t\t\t<div class=\"elementor-element elementor-element-5901d90 elementor-widget elementor-widget-breadcrumbs\" data-id=\"5901d90\" data-element_type=\"widget\" data-e-type=\"widget\" data-widget_type=\"breadcrumbs.default\">\n\t\t\t\t<div class=\"elementor-widget-container\">\n\t\t\t\t\t<p id=\"breadcrumbs\"><span><span><a href=\"https:\/\/www.bredent-implants.com\/es\/\">Home<\/a><\/span><\/span><\/p>\t\t\t\t<\/div>\n\t\t\t\t<\/div>\n\t\t\t\t\t<\/div>\n\t\t<\/div>\n\t\t\t\t\t<\/div>\n\t\t<\/section>\n\t\t\t\t<section class=\"elementor-section elementor-top-section elementor-element elementor-element-da58ac3 elementor-section-stretched elementor-section-boxed elementor-section-height-default elementor-section-height-default\" data-id=\"da58ac3\" data-element_type=\"section\" data-e-type=\"section\" data-settings=\"{&quot;stretch_section&quot;:&quot;section-stretched&quot;}\">\n\t\t\t\t\t\t<div class=\"elementor-container elementor-column-gap-default\">\n\t\t\t\t\t<div class=\"elementor-column elementor-col-100 elementor-top-column elementor-element elementor-element-d53163b\" data-id=\"d53163b\" data-element_type=\"column\" data-e-type=\"column\">\n\t\t\t<div class=\"elementor-widget-wrap elementor-element-populated\">\n\t\t\t\t\t\t<div class=\"elementor-element elementor-element-47bdc29 elementor-widget elementor-widget-text-editor\" data-id=\"47bdc29\" data-element_type=\"widget\" data-e-type=\"widget\" data-widget_type=\"text-editor.default\">\n\t\t\t\t<div class=\"elementor-widget-container\">\n\t\t\t\t\t\t\t\t\t<h3><span style=\"color: #000000;\">Informaci\u00f3n en el marco del art. 5 de la TMG (Ley alemana relativa a medios telem\u00e1ticos)<\/span><\/h3>\n<p>&nbsp;<\/p>\n<p><span style=\"color: #000000; font-size: 16px;\">bredent medical GmbH &amp; Co. KG<\/span><br><span style=\"color: #000000;\">Wei\u00dfenhorner Stra\u00dfe 2<\/span><br><span style=\"color: #000000;\">89250 Senden (Alemania)<\/span><br><span style=\"color: #000000;\">Tel\u00e9fono: + 49 7309 \/ 872-440<\/span><br><span style=\"color: #000000;\">Fax: + 49 7309 \/ 872-444<\/span><br><span style=\"color: #000000;\">Correo electr\u00f3nico:&nbsp;<span style=\"color: #738ba7;\"><strong><a style=\"color: #738ba7;\" href=\"mailto:info-medical@bredent.com\">info-medical@bredent.com<\/a><\/strong><\/span><\/span><br><span style=\"color: #000000;\">Internet:&nbsp;<strong><span style=\"color: #738ba7;\"><a style=\"color: #738ba7;\" href=\"https:\/\/www.bredent-implants.com\/es\/\">www.bredent-implants.com<\/a><\/span><\/strong><\/span><\/p>\n<p><span style=\"font-size: 16px; color: #000000;\">bredent medical GmbH &amp; Co. KG<\/span><br><span style=\"color: #000000;\">Directores gerentes con poder de representaci\u00f3n: Peter Brehm, Nils Brehm, Olaf Gl\u00fcck, Gerald Micko<\/span><br><span style=\"color: #000000;\">Tribunal de registro: Amtsgericht Memmingen<\/span><br><span style=\"color: #000000;\">N\u00famero de registro: HRA 11274<\/span><br><span style=\"color: #000000;\">Sede de bredent medical GmbH &amp; Co. KG: 89250 Senden<\/span><\/p>\n<p><span style=\"color: #000000;\">Socio con responsabilidad personal (socio comanditario): bredent medical Verwaltungs- und Handels-GmbH<\/span><br><span style=\"color: #000000;\">Directores gerentes con poder de representaci\u00f3n: Peter Brehm, Nils Brehm, Olaf Gl\u00fcck, Gerald Micko<\/span><br><span style=\"color: #000000;\">Tribunal de registro: Amtsgericht Memmingen<\/span><br><span style=\"color: #000000;\">N\u00famero de registro: HRB 12744<\/span><br><span style=\"color: #000000;\">Sede de bredent medical Verwaltungs- und Handels-GmbH: 89250 Senden, Alemania<\/span><\/p>\n<p><span style=\"color: #000000;\">Socio con responsabilidad personal (socio comanditario): bredent medical Verwaltungs- und Handels-GmbH<\/span><br><span style=\"color: #000000;\">Directores gerentes con poder de representaci\u00f3n: Peter Brehm, Nils Brehm, Olaf Gl\u00fcck, Gerald Micko<\/span><br><span style=\"color: #000000;\">Tribunal de registro: Amtsgericht Memmingen<\/span><br><span style=\"color: #000000;\">N\u00famero de registro: HRA 11274<\/span><br><span style=\"color: #000000;\">Sede de bredent medical Verwaltungs- und Handels-GmbH: 89250 Senden, Alemania<\/span><\/p>\n<p><span style=\"color: #000000;\"><strong>N\u00famero de identificaci\u00f3n del impuesto sobre la venta de acuerdo con el \u00a7 27 a de la ley alemana del impuesto sobre la venta<\/strong><\/span><br><span style=\"color: #000000;\">DE 247337738<br>WEEE-Reg.Nr. DE 22730329&nbsp;<\/span><\/p>\n<p><span style=\"color: #000000;\"><strong>Responsable del contenido seg\u00fan el \u00a7 55 punto 2 del RstV <\/strong><\/span><br><span style=\"color: rgb(0, 0, 0); font-size: 16px; font-style: normal; font-weight: 400;\">Micko Gerald<\/span><span style=\"color: #000000;\">&nbsp;(direcci\u00f3n mencionada previamente)<\/span><\/p>\n<p><span style=\"color: #000000;\"><strong>Mediaci\u00f3n en litigios en l\u00ednea para los consumidores, participaci\u00f3n en la resoluci\u00f3n de litigios<\/strong><\/span><br><span style=\"color: #000000;\">(1) bredent medical GmbH &amp; Co. KG no esta por dispuesta ni obligada por principio a participar en los procedimientos de resoluci\u00f3n de controversias ante una junta de arbitraje de consumidores.<\/span><br><span style=\"color: #000000;\">(2) Plataforma de la Comisi\u00f3n de la UE para la resoluci\u00f3n de litigios en l\u00ednea:<\/span><br><span style=\"color: #000000;\"><a style=\"color: #000000;\" href=\"https:\/\/www.ec.europa.eu\/consumers\/odr\" target=\"_blank\" rel=\"noopener\">https:\/\/www.ec.europa.eu\/consumers\/odr<\/a><\/span><\/p>\n<p><span style=\"color: #000000;\"><strong>Servidor web \/ anfitri\u00f3n<\/strong><\/span><br><span style=\"color: #000000;\"><a style=\"color: #000000;\" href=\"http:\/\/www.imos.net\/\" target=\"_blank\" rel=\"noopener\">Sede G\u00f6ppingen<br>imos Gesellschaft f\u00fcr<br>Internet-Marketing und<br>Online-Services mbH<\/a><\/span><br><span style=\"color: #000000;\">Alfons-Feifel-Str. 9<\/span><br><span style=\"color: #000000;\">73037 G\u00f6ppingen (Alemania)<\/span><br><span style=\"color: #000000;\">Tel\u00e9fono: +49 7161 93339-0<\/span><br><span style=\"color: #000000;\">Fax: +49 7161 93339-99<\/span><br><span style=\"color: #000000;\">Correo electr\u00f3nico:&nbsp;<a style=\"color: #000000;\" href=\"mailto:info@imos.net\">info@imos.net<\/a><\/span><br><span style=\"color: #000000;\">Internet:&nbsp;<a style=\"color: #000000;\" href=\"http:\/\/www.imos.net\/\" target=\"_blank\" rel=\"noopener\">www.imos.net<\/a><\/span><\/p>\n<p><span style=\"color: #000000;\"><strong>Nota<br>No todos los productos est\u00e1n aprobados y disponibles en todos los mercados. Si tiene alguna pregunta, por favor contacte con la empresa <br>bredent medical GmbH &amp; Co. KG o con su distribuidor.<\/strong><\/span><\/p>\n<p><span style=\"color: #000000;\"><strong>DESCARGO DE RESPONSABILIDAD<\/strong><\/span><\/p>\n<p><em style=\"color: #000000;\"><strong>1. Limitaci\u00f3n de la responsabilidad<\/strong><\/em><\/p>\n<p style=\"display: inline !important;\"><span style=\"color: #000000;\">El contenido de este sitio web se ha creado con el mayor cuidado posible. Sin embargoel proveedor no garantiza <\/span><span style=\"color: #000000;\"> la exactitud, la integridad y la puntualidad del contenido facilitado. El uso <\/span><span style=\"color: #000000;\">de los contenidos del sitio web corre por cuenta y riesgo del usuario. Las contribuciones identificadas con el nombre de su <\/span><span style=\"color: #000000;\">autor reflejan la opini\u00f3n de \u00e9ste y no necesariamente la opini\u00f3n del proveedor. El mero uso del sitio web del proveedor<\/span><\/p>\n<p><span style=\"color: #000000;\">no constituye una relaci\u00f3n contractual entre el usuario y el proveedor.<\/span><\/p>\n<p style=\"display: inline !important;\"><span style=\"color: #000000;\"><em><strong>2. Enlaces externos<\/strong><\/em><\/span><\/p>\n<p><span style=\"color: #000000;\">Este sitio web contiene enlaces a sitios web de terceros (\u00abenlaces externos\u00bb). Estos sitios web son responsabilidad de <\/span><span style=\"color: #000000;\">sus correspondientes operadores. Cuando se establecieron los enlaces externos <\/span><span style=\"color: #000000;\">el proveedor comprob\u00f3 el contenido externo en busca de posibles infracciones de la ley. En ese momento no se observaron infracciones. El proveedor no tiene ninguna influencia en el dise\u00f1o y el contenido actual y futuro<\/span><span style=\"color: #000000;\">de los sitios enlazados. El establecimiento de enlaces externos no significa que el proveedor adopte <\/span><span style=\"color: #000000;\">como propios los contenidos que se encuentran detr\u00e1s de la referencia o el enlace. No se puede esperar razonablemente que el proveedor vigile constantemente los enlaces externos <\/span><span style=\"color: #000000;\">sin pruebas concretas de violaciones legales. Sin embargo, si se llegara a conocer infracciones de la ley, esos enlaces externos <\/span><span style=\"color: #000000;\">se suprimir\u00e1n inmediatamente.<\/span><\/p>\n<p><span style=\"color: #000000;\"><em><strong>3. Derechos de autor y derechos afines<\/strong><\/em><\/span><\/p>\n<p><span style=\"color: #000000;\">Los contenidos publicados en esta p\u00e1gina web est\u00e1n sujetos a la ley alemana de derechos de autor y derechos afines. Cualquier <\/span><span style=\"color: #000000;\">uso no permitido por la ley alemana de derechos de autor y derechos afines requiere <\/span><span style=\"color: #000000;\">el consentimiento previo por escrito del proveedor o del correspondiente titular de los derechos. Esto se refiere en particular a la copia, edici\u00f3n, <\/span><span style=\"color: #000000;\">traducci\u00f3n, almacenamiento, tratamiento o reproducci\u00f3n de contenidos en bases de datos u otros medios y sistemas electr\u00f3nicos. <\/span><span style=\"color: #000000;\"> El contenido y los derechos de terceros est\u00e1n indicados como tales. La reproducci\u00f3n o transmisi\u00f3n no autorizada de contenidos <\/span><span style=\"color: #000000;\">individuales o de p\u00e1ginas completas no est\u00e1 permitida y est\u00e1 penada por la ley. S\u00f3lo se permite la realizaci\u00f3n de copias y descargas <\/span><span style=\"color: #000000;\">para uso personal, privado y no comercial. <\/span><span style=\"color: #000000;\">La presentaci\u00f3n de este sitio web en marcos externos s\u00f3lo se permite con permiso escrito.<\/span><\/p>\n<p><span style=\"color: #000000;\"><strong><em>4. Protecci\u00f3n de datos<\/em><\/strong><\/span><\/p>\n<p><strong><span style=\"color: #738ba7;\"><a style=\"color: #738ba7;\" href=\"https:\/\/www.bredent-implants.com\/es\/politica-de-privacidad\/\"><em>Pol\u00edtica de privacidad<\/em><\/a><\/span><\/strong><\/p>\n<p><span style=\"color: #000000;\">Con la presente expresamos nuestro rechazo a la utilizaci\u00f3n de los datos de contacto del aviso legal para fines de publicidad comercial <\/span><span style=\"color: #000000;\">a menos que el proveedor haya dado su consentimiento previo por escrito o que ya exista una relaci\u00f3n comercial.<\/span><span style=\"color: #000000;\">El proveedor y todas las personas nombradas en este sitio web se oponen por la presente a cualquier uso comercial y a la divulgaci\u00f3n de sus datos.<\/span><\/p>\n<p><span style=\"color: #000000;\"><strong><em>5. Condiciones especiales de uso<\/em><\/strong><\/span><\/p>\n<p><span style=\"color: #000000;\">En la medida en que surjan condiciones especiales para el uso espec\u00edfico de este sitio web que sean diferentes de lo mencionado en los n\u00fameros 1. a 4.,<\/span><span style=\"color: #000000;\">se har\u00e1 constar esto expresamente en el lugar correspondiente. En ese caso ser\u00e1n aplicables las condiciones especiales <\/span><span style=\"color: #000000;\">de uso espec\u00edficas para el caso correspondiente<\/span><\/p>\t\t\t\t\t\t\t\t<\/div>\n\t\t\t\t<\/div>\n\t\t\t\t\t<\/div>\n\t\t<\/div>\n\t\t\t\t\t<\/div>\n\t\t<\/section>\n\t\t\t\t<\/div>\n\t\t","protected":false},"excerpt":{"rendered":"<p>Informaci\u00f3n en el marco del art. 5 de la TMG (Ley alemana relativa a medios telem\u00e1ticos) &nbsp; bredent medical GmbH &amp; Co. KGWei\u00dfenhorner Stra\u00dfe 289250 Senden (Alemania)Tel\u00e9fono: + 49 7309 \/ 872-440Fax: + 49 7309 \/ 872-444Correo electr\u00f3nico:&nbsp;info-medical@bredent.comInternet:&nbsp;www.bredent-implants.com bredent medical GmbH &amp; Co. KGDirectores gerentes con poder de representaci\u00f3n: Peter Brehm, Nils Brehm, Olaf Gl\u00fcck, [&hellip;]<\/p>\n","protected":false},"author":2,"featured_media":0,"parent":0,"menu_order":23,"comment_status":"closed","ping_status":"closed","template":"elementor_header_footer","meta":{"footnotes":""},"class_list":["post-31427","page","type-page","status-publish","hentry"],"yoast_head":"<!-- This site is optimized with the Yoast SEO plugin v27.3 - https:\/\/yoast.com\/product\/yoast-seo-wordpress\/ -->\n<title>Impresos -<\/title>\n<meta name=\"description\" content=\"Informaci\u00f3n en el marco del art. 5 de la TMG (Ley alemana relativa a medios telem\u00e1ticos) &nbsp; bredent medical GmbH &amp; Co. KGWei\u00dfenhorner Stra\u00dfe\" \/>\n<meta name=\"robots\" content=\"index, follow, max-snippet:-1, max-image-preview:large, max-video-preview:-1\" \/>\n<link rel=\"canonical\" href=\"https:\/\/www.bredent-implants.com\/es\/impresos\/\" \/>\n<meta property=\"og:locale\" content=\"es_ES\" \/>\n<meta property=\"og:type\" content=\"article\" \/>\n<meta property=\"og:title\" content=\"Impresos -\" \/>\n<meta property=\"og:description\" content=\"Informaci\u00f3n en el marco del art. 5 de la TMG (Ley alemana relativa a medios telem\u00e1ticos) &nbsp; bredent medical GmbH &amp; Co. KGWei\u00dfenhorner Stra\u00dfe\" \/>\n<meta property=\"og:url\" content=\"https:\/\/www.bredent-implants.com\/es\/impresos\/\" \/>\n<meta property=\"article:publisher\" content=\"https:\/\/www.facebook.com\/bredent-group-International-766435650174845\/?ref=bookmarks\" \/>\n<meta property=\"article:modified_time\" content=\"2021-06-16T13:22:52+00:00\" \/>\n<meta name=\"twitter:card\" content=\"summary_large_image\" \/>\n<meta name=\"twitter:label1\" content=\"Tiempo de lectura\" \/>\n\t<meta name=\"twitter:data1\" content=\"4 minutos\" \/>\n<script type=\"application\/ld+json\" class=\"yoast-schema-graph\">{\"@context\":\"https:\\\/\\\/schema.org\",\"@graph\":[{\"@type\":\"WebPage\",\"@id\":\"https:\\\/\\\/www.bredent-implants.com\\\/es\\\/impresos\\\/\",\"url\":\"https:\\\/\\\/www.bredent-implants.com\\\/es\\\/impresos\\\/\",\"name\":\"Impresos -\",\"isPartOf\":{\"@id\":\"https:\\\/\\\/www.bredent-implants.com\\\/es\\\/#website\"},\"datePublished\":\"2020-11-03T14:46:05+00:00\",\"dateModified\":\"2021-06-16T13:22:52+00:00\",\"description\":\"Informaci\u00f3n en el marco del art. 5 de la TMG (Ley alemana relativa a medios telem\u00e1ticos) &nbsp; bredent medical GmbH &amp; Co. KGWei\u00dfenhorner Stra\u00dfe\",\"breadcrumb\":{\"@id\":\"https:\\\/\\\/www.bredent-implants.com\\\/es\\\/impresos\\\/#breadcrumb\"},\"inLanguage\":\"es\",\"potentialAction\":[{\"@type\":\"ReadAction\",\"target\":[\"https:\\\/\\\/www.bredent-implants.com\\\/es\\\/impresos\\\/\"]}]},{\"@type\":\"BreadcrumbList\",\"@id\":\"https:\\\/\\\/www.bredent-implants.com\\\/es\\\/impresos\\\/#breadcrumb\",\"itemListElement\":[{\"@type\":\"ListItem\",\"position\":1,\"name\":\"Home\",\"item\":\"https:\\\/\\\/www.bredent-implants.com\\\/es\\\/\"},{\"@type\":\"ListItem\",\"position\":2,\"name\":\"Impresos\"}]},{\"@type\":\"WebSite\",\"@id\":\"https:\\\/\\\/www.bredent-implants.com\\\/es\\\/#website\",\"url\":\"https:\\\/\\\/www.bredent-implants.com\\\/es\\\/\",\"name\":\"\",\"description\":\"bredent medical implants\",\"publisher\":{\"@id\":\"https:\\\/\\\/www.bredent-implants.com\\\/es\\\/#organization\"},\"potentialAction\":[{\"@type\":\"SearchAction\",\"target\":{\"@type\":\"EntryPoint\",\"urlTemplate\":\"https:\\\/\\\/www.bredent-implants.com\\\/es\\\/?s={search_term_string}\"},\"query-input\":{\"@type\":\"PropertyValueSpecification\",\"valueRequired\":true,\"valueName\":\"search_term_string\"}}],\"inLanguage\":\"es\"},{\"@type\":\"Organization\",\"@id\":\"https:\\\/\\\/www.bredent-implants.com\\\/es\\\/#organization\",\"name\":\"bredent GmbH & Co.KG\",\"url\":\"https:\\\/\\\/www.bredent-implants.com\\\/es\\\/\",\"logo\":{\"@type\":\"ImageObject\",\"inLanguage\":\"es\",\"@id\":\"https:\\\/\\\/www.bredent-implants.com\\\/es\\\/#\\\/schema\\\/logo\\\/image\\\/\",\"url\":\"https:\\\/\\\/www.bredent-implants.com\\\/wp-content\\\/uploads\\\/2019\\\/03\\\/bredent-group-Black-Logo-PNG-file.png\",\"contentUrl\":\"https:\\\/\\\/www.bredent-implants.com\\\/wp-content\\\/uploads\\\/2019\\\/03\\\/bredent-group-Black-Logo-PNG-file.png\",\"width\":1579,\"height\":330,\"caption\":\"bredent GmbH & Co.KG\"},\"image\":{\"@id\":\"https:\\\/\\\/www.bredent-implants.com\\\/es\\\/#\\\/schema\\\/logo\\\/image\\\/\"},\"sameAs\":[\"https:\\\/\\\/www.facebook.com\\\/bredent-group-International-766435650174845\\\/?ref=bookmarks\",\"https:\\\/\\\/www.youtube.com\\\/user\\\/bredentgroup\"]}]}<\/script>\n<!-- \/ Yoast SEO plugin. -->","yoast_head_json":{"title":"Impresos -","description":"Informaci\u00f3n en el marco del art. 5 de la TMG (Ley alemana relativa a medios telem\u00e1ticos) &nbsp; bredent medical GmbH &amp; Co. KGWei\u00dfenhorner Stra\u00dfe","robots":{"index":"index","follow":"follow","max-snippet":"max-snippet:-1","max-image-preview":"max-image-preview:large","max-video-preview":"max-video-preview:-1"},"canonical":"https:\/\/www.bredent-implants.com\/es\/impresos\/","og_locale":"es_ES","og_type":"article","og_title":"Impresos -","og_description":"Informaci\u00f3n en el marco del art. 5 de la TMG (Ley alemana relativa a medios telem\u00e1ticos) &nbsp; bredent medical GmbH &amp; Co. KGWei\u00dfenhorner Stra\u00dfe","og_url":"https:\/\/www.bredent-implants.com\/es\/impresos\/","article_publisher":"https:\/\/www.facebook.com\/bredent-group-International-766435650174845\/?ref=bookmarks","article_modified_time":"2021-06-16T13:22:52+00:00","twitter_card":"summary_large_image","twitter_misc":{"Tiempo de lectura":"4 minutos"},"schema":{"@context":"https:\/\/schema.org","@graph":[{"@type":"WebPage","@id":"https:\/\/www.bredent-implants.com\/es\/impresos\/","url":"https:\/\/www.bredent-implants.com\/es\/impresos\/","name":"Impresos -","isPartOf":{"@id":"https:\/\/www.bredent-implants.com\/es\/#website"},"datePublished":"2020-11-03T14:46:05+00:00","dateModified":"2021-06-16T13:22:52+00:00","description":"Informaci\u00f3n en el marco del art. 5 de la TMG (Ley alemana relativa a medios telem\u00e1ticos) &nbsp; bredent medical GmbH &amp; Co. KGWei\u00dfenhorner Stra\u00dfe","breadcrumb":{"@id":"https:\/\/www.bredent-implants.com\/es\/impresos\/#breadcrumb"},"inLanguage":"es","potentialAction":[{"@type":"ReadAction","target":["https:\/\/www.bredent-implants.com\/es\/impresos\/"]}]},{"@type":"BreadcrumbList","@id":"https:\/\/www.bredent-implants.com\/es\/impresos\/#breadcrumb","itemListElement":[{"@type":"ListItem","position":1,"name":"Home","item":"https:\/\/www.bredent-implants.com\/es\/"},{"@type":"ListItem","position":2,"name":"Impresos"}]},{"@type":"WebSite","@id":"https:\/\/www.bredent-implants.com\/es\/#website","url":"https:\/\/www.bredent-implants.com\/es\/","name":"","description":"bredent medical implants","publisher":{"@id":"https:\/\/www.bredent-implants.com\/es\/#organization"},"potentialAction":[{"@type":"SearchAction","target":{"@type":"EntryPoint","urlTemplate":"https:\/\/www.bredent-implants.com\/es\/?s={search_term_string}"},"query-input":{"@type":"PropertyValueSpecification","valueRequired":true,"valueName":"search_term_string"}}],"inLanguage":"es"},{"@type":"Organization","@id":"https:\/\/www.bredent-implants.com\/es\/#organization","name":"bredent GmbH & Co.KG","url":"https:\/\/www.bredent-implants.com\/es\/","logo":{"@type":"ImageObject","inLanguage":"es","@id":"https:\/\/www.bredent-implants.com\/es\/#\/schema\/logo\/image\/","url":"https:\/\/www.bredent-implants.com\/wp-content\/uploads\/2019\/03\/bredent-group-Black-Logo-PNG-file.png","contentUrl":"https:\/\/www.bredent-implants.com\/wp-content\/uploads\/2019\/03\/bredent-group-Black-Logo-PNG-file.png","width":1579,"height":330,"caption":"bredent GmbH & Co.KG"},"image":{"@id":"https:\/\/www.bredent-implants.com\/es\/#\/schema\/logo\/image\/"},"sameAs":["https:\/\/www.facebook.com\/bredent-group-International-766435650174845\/?ref=bookmarks","https:\/\/www.youtube.com\/user\/bredentgroup"]}]}},"_links":{"self":[{"href":"https:\/\/www.bredent-implants.com\/es\/wp-json\/wp\/v2\/pages\/31427","targetHints":{"allow":["GET"]}}],"collection":[{"href":"https:\/\/www.bredent-implants.com\/es\/wp-json\/wp\/v2\/pages"}],"about":[{"href":"https:\/\/www.bredent-implants.com\/es\/wp-json\/wp\/v2\/types\/page"}],"author":[{"embeddable":true,"href":"https:\/\/www.bredent-implants.com\/es\/wp-json\/wp\/v2\/users\/2"}],"replies":[{"embeddable":true,"href":"https:\/\/www.bredent-implants.com\/es\/wp-json\/wp\/v2\/comments?post=31427"}],"version-history":[{"count":0,"href":"https:\/\/www.bredent-implants.com\/es\/wp-json\/wp\/v2\/pages\/31427\/revisions"}],"wp:attachment":[{"href":"https:\/\/www.bredent-implants.com\/es\/wp-json\/wp\/v2\/media?parent=31427"}],"curies":[{"name":"wp","href":"https:\/\/api.w.org\/{rel}","templated":true}]}}