{"id":30759,"date":"2020-10-22T07:25:46","date_gmt":"2020-10-22T07:25:46","guid":{"rendered":"https:\/\/www.bredent-implants.com\/retention-sil-fijacion-segura-de-la-protesis\/"},"modified":"2025-05-07T17:03:29","modified_gmt":"2025-05-07T15:03:29","slug":"retention-sil-fijacion-segura-de-la-protesis","status":"publish","type":"page","link":"https:\/\/www.bredent-implants.com\/es\/productos-soluciones\/tratamientos\/skyonics-protesica-biomecanica\/retention-sil-fijacion-segura-de-la-protesis\/","title":{"rendered":"retention.sil &#8211; Fijaci\u00f3n segura de la pr\u00f3tesis"},"content":{"rendered":"\t\t<div data-elementor-type=\"wp-post\" data-elementor-id=\"30759\" class=\"elementor elementor-30759\" data-elementor-post-type=\"page\">\n\t\t\t\t\t\t<section class=\"elementor-section elementor-top-section elementor-element elementor-element-f38c90b elementor-section-height-min-height elementor-section-boxed elementor-section-height-default elementor-section-items-middle\" data-id=\"f38c90b\" data-element_type=\"section\" data-e-type=\"section\" data-settings=\"{&quot;background_background&quot;:&quot;classic&quot;}\">\n\t\t\t\t\t\t<div class=\"elementor-container elementor-column-gap-default\">\n\t\t\t\t\t<div class=\"elementor-column elementor-col-100 elementor-top-column elementor-element elementor-element-b9c6e5c\" data-id=\"b9c6e5c\" data-element_type=\"column\" data-e-type=\"column\">\n\t\t\t<div class=\"elementor-widget-wrap elementor-element-populated\">\n\t\t\t\t\t\t<div class=\"elementor-element elementor-element-1abe14a elementor-widget elementor-widget-breadcrumbs\" data-id=\"1abe14a\" data-element_type=\"widget\" data-e-type=\"widget\" data-widget_type=\"breadcrumbs.default\">\n\t\t\t\t<div class=\"elementor-widget-container\">\n\t\t\t\t\t<p id=\"breadcrumbs\"><span><span><a href=\"https:\/\/www.bredent-implants.com\/es\/\">Home<\/a><\/span><\/span><\/p>\t\t\t\t<\/div>\n\t\t\t\t<\/div>\n\t\t\t\t\t<\/div>\n\t\t<\/div>\n\t\t\t\t\t<\/div>\n\t\t<\/section>\n\t\t<div class=\"elementor-element elementor-element-691e104 e-flex e-con-boxed e-con e-parent\" data-id=\"691e104\" data-element_type=\"container\" data-e-type=\"container\" data-settings=\"{&quot;background_background&quot;:&quot;classic&quot;}\">\n\t\t\t\t\t<div class=\"e-con-inner\">\n\t\t<div class=\"elementor-element elementor-element-2b52e60 e-con-full e-flex e-con e-child\" data-id=\"2b52e60\" data-element_type=\"container\" data-e-type=\"container\">\n\t\t<div class=\"elementor-element elementor-element-e8d0555 e-con-full e-flex e-con e-child\" data-id=\"e8d0555\" data-element_type=\"container\" data-e-type=\"container\">\n\t\t\t\t<div class=\"elementor-element elementor-element-29739bd elementor-widget elementor-widget-image\" data-id=\"29739bd\" data-element_type=\"widget\" data-e-type=\"widget\" data-widget_type=\"image.default\">\n\t\t\t\t<div class=\"elementor-widget-container\">\n\t\t\t\t\t\t\t\t\t\t\t\t\t\t\t<img fetchpriority=\"high\" decoding=\"async\" width=\"500\" height=\"163\" src=\"https:\/\/www.bredent-implants.com\/wp-content\/uploads\/2025\/05\/SKYonics-implantology-logo-bredent-medical.png\" class=\"attachment-full size-full wp-image-77695\" alt=\"\" \/>\t\t\t\t\t\t\t\t\t\t\t\t\t\t\t<\/div>\n\t\t\t\t<\/div>\n\t\t\t\t<div class=\"elementor-element elementor-element-9af380b elementor-align-justify elementor-widget__width-auto elementor-widget elementor-widget-button\" data-id=\"9af380b\" data-element_type=\"widget\" data-e-type=\"widget\" data-widget_type=\"button.default\">\n\t\t\t\t<div class=\"elementor-widget-container\">\n\t\t\t\t\t\t\t\t\t<div class=\"elementor-button-wrapper\">\n\t\t\t\t\t<a class=\"elementor-button elementor-size-sm\" role=\"button\">\n\t\t\t\t\t\t<span class=\"elementor-button-content-wrapper\">\n\t\t\t\t\t\t\t\t\t<span class=\"elementor-button-text\">Fijaci\u00f3n segura de la pr\u00f3tesis<\/span>\n\t\t\t\t\t<\/span>\n\t\t\t\t\t<\/a>\n\t\t\t\t<\/div>\n\t\t\t\t\t\t\t\t<\/div>\n\t\t\t\t<\/div>\n\t\t\t\t<\/div>\n\t\t<div class=\"elementor-element elementor-element-8c66b47 e-con-full e-flex e-con e-child\" data-id=\"8c66b47\" data-element_type=\"container\" data-e-type=\"container\">\n\t\t\t\t<div class=\"elementor-element elementor-element-9794d90 elementor-widget elementor-widget-image\" data-id=\"9794d90\" data-element_type=\"widget\" data-e-type=\"widget\" data-widget_type=\"image.default\">\n\t\t\t\t<div class=\"elementor-widget-container\">\n\t\t\t\t\t\t\t\t\t\t\t\t\t\t\t<img decoding=\"async\" width=\"1000\" height=\"710\" src=\"https:\/\/www.bredent-implants.com\/wp-content\/uploads\/2025\/05\/skyonics-prosthesis-retention-sil-bredent-medical.jpg\" class=\"attachment-full size-full wp-image-77788\" alt=\"\" \/>\t\t\t\t\t\t\t\t\t\t\t\t\t\t\t<\/div>\n\t\t\t\t<\/div>\n\t\t\t\t<\/div>\n\t\t\t\t<\/div>\n\t\t\t\t\t<\/div>\n\t\t\t\t<\/div>\n\t\t<div class=\"elementor-element elementor-element-6b6d62b e-flex e-con-boxed e-con e-parent\" data-id=\"6b6d62b\" data-element_type=\"container\" data-e-type=\"container\" data-settings=\"{&quot;background_background&quot;:&quot;classic&quot;}\">\n\t\t\t\t\t<div class=\"e-con-inner\">\n\t\t<div class=\"elementor-element elementor-element-bc712d2 e-con-full e-flex e-con e-child\" data-id=\"bc712d2\" data-element_type=\"container\" data-e-type=\"container\" data-settings=\"{&quot;background_background&quot;:&quot;classic&quot;}\">\n\t\t<div class=\"elementor-element elementor-element-4461672 e-con-full e-flex e-con e-child\" data-id=\"4461672\" data-element_type=\"container\" data-e-type=\"container\">\n\t\t<div class=\"elementor-element elementor-element-939a186 e-con-full e-flex e-con e-child\" data-id=\"939a186\" data-element_type=\"container\" data-e-type=\"container\">\n\t\t\t\t<div class=\"elementor-element elementor-element-7649574 elementor-widget elementor-widget-image\" data-id=\"7649574\" data-element_type=\"widget\" data-e-type=\"widget\" data-widget_type=\"image.default\">\n\t\t\t\t<div class=\"elementor-widget-container\">\n\t\t\t\t\t\t\t\t\t\t\t\t\t\t\t<img decoding=\"async\" width=\"800\" height=\"100\" src=\"https:\/\/www.bredent-implants.com\/wp-content\/uploads\/2025\/05\/retention-sil-bredent-medical.png\" class=\"attachment-full size-full wp-image-77867\" alt=\"\" \/>\t\t\t\t\t\t\t\t\t\t\t\t\t\t\t<\/div>\n\t\t\t\t<\/div>\n\t\t\t\t<div class=\"elementor-element elementor-element-ad06bb0 elementor-widget elementor-widget-text-editor\" data-id=\"ad06bb0\" data-element_type=\"widget\" data-e-type=\"widget\" data-widget_type=\"text-editor.default\">\n\t\t\t\t<div class=\"elementor-widget-container\">\n\t\t\t\t\t\t\t\t\t<p style=\"text-align: center;\">\u00danica en el \u00e1mbito dental.<br \/>\nFijaci\u00f3n inmediata de la pr\u00f3tesis con la silicona para pr\u00f3tesis retention.sil para el tiempo que dure la fase de cicatrizaci\u00f3n!<\/p>\n\t\t\t\t\t\t\t\t<\/div>\n\t\t\t\t<\/div>\n\t\t\t\t<\/div>\n\t\t\t\t<\/div>\n\t\t<div class=\"elementor-element elementor-element-b2e6a43 e-con-full e-flex e-con e-child\" data-id=\"b2e6a43\" data-element_type=\"container\" data-e-type=\"container\">\n\t\t\t\t<div class=\"elementor-element elementor-element-7f27e35 elementor-widget elementor-widget-video\" data-id=\"7f27e35\" data-element_type=\"widget\" data-e-type=\"widget\" data-settings=\"{&quot;video_type&quot;:&quot;hosted&quot;,&quot;autoplay&quot;:&quot;yes&quot;,&quot;mute&quot;:&quot;yes&quot;,&quot;loop&quot;:&quot;yes&quot;}\" data-widget_type=\"video.default\">\n\t\t\t\t<div class=\"elementor-widget-container\">\n\t\t\t\t\t\t\t<div class=\"e-hosted-video elementor-wrapper elementor-open-inline\">\n\t\t\t\t\t<video class=\"elementor-video\" src=\"https:\/\/www.bredent-implants.com\/wp-content\/uploads\/2019\/06\/TiSi.snap_retention.sil_.mp4\" autoplay=\"\" loop=\"\" muted=\"muted\" controlsList=\"nodownload\"><\/video>\n\t\t\t\t<\/div>\n\t\t\t\t\t\t<\/div>\n\t\t\t\t<\/div>\n\t\t\t\t<\/div>\n\t\t\t\t<\/div>\n\t\t\t\t\t<\/div>\n\t\t\t\t<\/div>\n\t\t<div class=\"elementor-element elementor-element-93e64e8 e-flex e-con-boxed e-con e-parent\" data-id=\"93e64e8\" data-element_type=\"container\" data-e-type=\"container\" data-settings=\"{&quot;background_background&quot;:&quot;classic&quot;}\">\n\t\t\t\t\t<div class=\"e-con-inner\">\n\t\t<div class=\"elementor-element elementor-element-312f6c8 e-con-full e-flex e-con e-child\" data-id=\"312f6c8\" data-element_type=\"container\" data-e-type=\"container\" data-settings=\"{&quot;background_background&quot;:&quot;classic&quot;}\">\n\t\t<div class=\"elementor-element elementor-element-1a6595c e-con-full e-flex e-con e-child\" data-id=\"1a6595c\" data-element_type=\"container\" data-e-type=\"container\">\n\t\t\t\t<div class=\"elementor-element elementor-element-06b9622 animated-slow elementor-invisible elementor-widget elementor-widget-heading\" data-id=\"06b9622\" data-element_type=\"widget\" data-e-type=\"widget\" data-settings=\"{&quot;motion_fx_motion_fx_scrolling&quot;:&quot;yes&quot;,&quot;_animation&quot;:&quot;fadeIn&quot;,&quot;motion_fx_devices&quot;:[&quot;desktop&quot;,&quot;tablet&quot;,&quot;mobile&quot;]}\" data-widget_type=\"heading.default\">\n\t\t\t\t<div class=\"elementor-widget-container\">\n\t\t\t\t\t<h2 class=\"elementor-heading-title elementor-size-default\">La resiliencia de retention.sil es comparable la resiliencia del tejido blando y protege los implantes y aditamentos frente a la sobrecarga, a la vez que proporciona una sensaci\u00f3n de naturalidad al masticar.<\/h2>\t\t\t\t<\/div>\n\t\t\t\t<\/div>\n\t\t\t\t<\/div>\n\t\t<div class=\"elementor-element elementor-element-5027bfe e-con-full e-flex e-con e-child\" data-id=\"5027bfe\" data-element_type=\"container\" data-e-type=\"container\">\n\t\t\t\t<div class=\"elementor-element elementor-element-a7143b7 elementor-widget elementor-widget-video\" data-id=\"a7143b7\" data-element_type=\"widget\" data-e-type=\"widget\" data-settings=\"{&quot;video_type&quot;:&quot;hosted&quot;,&quot;autoplay&quot;:&quot;yes&quot;,&quot;mute&quot;:&quot;yes&quot;,&quot;loop&quot;:&quot;yes&quot;,&quot;controls&quot;:&quot;yes&quot;}\" data-widget_type=\"video.default\">\n\t\t\t\t<div class=\"elementor-widget-container\">\n\t\t\t\t\t\t\t<div class=\"e-hosted-video elementor-wrapper elementor-open-inline\">\n\t\t\t\t\t<video class=\"elementor-video\" src=\"https:\/\/www.bredent-implants.com\/wp-content\/uploads\/2019\/08\/retention.sil_bite_force-web.mp4\" autoplay=\"\" loop=\"\" controls=\"\" muted=\"muted\" controlsList=\"nodownload\"><\/video>\n\t\t\t\t<\/div>\n\t\t\t\t\t\t<\/div>\n\t\t\t\t<\/div>\n\t\t\t\t<\/div>\n\t\t\t\t<\/div>\n\t\t\t\t\t<\/div>\n\t\t\t\t<\/div>\n\t\t\t\t<\/div>\n\t\t","protected":false},"excerpt":{"rendered":"<p>Fijaci\u00f3n segura de la pr\u00f3tesis \u00danica en el \u00e1mbito dental. Fijaci\u00f3n inmediata de la pr\u00f3tesis con la silicona para pr\u00f3tesis retention.sil para el tiempo que dure la fase de cicatrizaci\u00f3n! https:\/\/www.bredent-implants.com\/wp-content\/uploads\/2019\/06\/TiSi.snap_retention.sil_.mp4 La resiliencia de retention.sil es comparable la resiliencia del tejido blando y protege los implantes y aditamentos frente a la sobrecarga, a la vez [&hellip;]<\/p>\n","protected":false},"author":2,"featured_media":18526,"parent":30767,"menu_order":2,"comment_status":"closed","ping_status":"closed","template":"elementor_header_footer","meta":{"footnotes":""},"class_list":["post-30759","page","type-page","status-publish","has-post-thumbnail","hentry"],"yoast_head":"<!-- This site is optimized with the Yoast SEO plugin v27.3 - https:\/\/yoast.com\/product\/yoast-seo-wordpress\/ -->\n<title>retention.sil - Fijaci\u00f3n segura de la pr\u00f3tesis -<\/title>\n<meta name=\"description\" content=\"\u00danica en el \u00e1mbito dental. Fijaci\u00f3n inmediata de la pr\u00f3tesis con la silicona para pr\u00f3tesis retention.sil para el tiempo que dure la fase de cicatrizaci\u00f3n!\" \/>\n<meta name=\"robots\" content=\"index, follow, max-snippet:-1, max-image-preview:large, max-video-preview:-1\" \/>\n<link rel=\"canonical\" href=\"https:\/\/www.bredent-implants.com\/es\/productos-soluciones\/tratamientos\/skyonics-protesica-biomecanica\/retention-sil-fijacion-segura-de-la-protesis\/\" \/>\n<meta property=\"og:locale\" content=\"es_ES\" \/>\n<meta property=\"og:type\" content=\"article\" \/>\n<meta property=\"og:title\" content=\"retention.sil - Fijaci\u00f3n segura de la pr\u00f3tesis -\" \/>\n<meta property=\"og:description\" content=\"\u00danica en el \u00e1mbito dental. Fijaci\u00f3n inmediata de la pr\u00f3tesis con la silicona para pr\u00f3tesis retention.sil para el tiempo que dure la fase de cicatrizaci\u00f3n!\" \/>\n<meta property=\"og:url\" content=\"https:\/\/www.bredent-implants.com\/es\/productos-soluciones\/tratamientos\/skyonics-protesica-biomecanica\/retention-sil-fijacion-segura-de-la-protesis\/\" \/>\n<meta property=\"article:publisher\" content=\"https:\/\/www.facebook.com\/bredent-group-International-766435650174845\/?ref=bookmarks\" \/>\n<meta property=\"article:modified_time\" content=\"2025-05-07T15:03:29+00:00\" \/>\n<meta property=\"og:image\" content=\"https:\/\/www.bredent-implants.com\/wp-content\/uploads\/2020\/01\/SKYonics_featured.jpg\" \/>\n\t<meta property=\"og:image:width\" content=\"600\" \/>\n\t<meta property=\"og:image:height\" content=\"600\" \/>\n\t<meta property=\"og:image:type\" content=\"image\/jpeg\" \/>\n<meta name=\"twitter:card\" content=\"summary_large_image\" \/>\n<script type=\"application\/ld+json\" class=\"yoast-schema-graph\">{\"@context\":\"https:\\\/\\\/schema.org\",\"@graph\":[{\"@type\":\"WebPage\",\"@id\":\"https:\\\/\\\/www.bredent-implants.com\\\/es\\\/productos-soluciones\\\/tratamientos\\\/skyonics-protesica-biomecanica\\\/retention-sil-fijacion-segura-de-la-protesis\\\/\",\"url\":\"https:\\\/\\\/www.bredent-implants.com\\\/es\\\/productos-soluciones\\\/tratamientos\\\/skyonics-protesica-biomecanica\\\/retention-sil-fijacion-segura-de-la-protesis\\\/\",\"name\":\"retention.sil - Fijaci\u00f3n segura de la pr\u00f3tesis -\",\"isPartOf\":{\"@id\":\"https:\\\/\\\/www.bredent-implants.com\\\/#website\"},\"primaryImageOfPage\":{\"@id\":\"https:\\\/\\\/www.bredent-implants.com\\\/es\\\/productos-soluciones\\\/tratamientos\\\/skyonics-protesica-biomecanica\\\/retention-sil-fijacion-segura-de-la-protesis\\\/#primaryimage\"},\"image\":{\"@id\":\"https:\\\/\\\/www.bredent-implants.com\\\/es\\\/productos-soluciones\\\/tratamientos\\\/skyonics-protesica-biomecanica\\\/retention-sil-fijacion-segura-de-la-protesis\\\/#primaryimage\"},\"thumbnailUrl\":\"https:\\\/\\\/www.bredent-implants.com\\\/wp-content\\\/uploads\\\/2020\\\/01\\\/SKYonics_featured.jpg\",\"datePublished\":\"2020-10-22T07:25:46+00:00\",\"dateModified\":\"2025-05-07T15:03:29+00:00\",\"description\":\"\u00danica en el \u00e1mbito dental. Fijaci\u00f3n inmediata de la pr\u00f3tesis con la silicona para pr\u00f3tesis retention.sil para el tiempo que dure la fase de cicatrizaci\u00f3n!\",\"breadcrumb\":{\"@id\":\"https:\\\/\\\/www.bredent-implants.com\\\/es\\\/productos-soluciones\\\/tratamientos\\\/skyonics-protesica-biomecanica\\\/retention-sil-fijacion-segura-de-la-protesis\\\/#breadcrumb\"},\"inLanguage\":\"es\",\"potentialAction\":[{\"@type\":\"ReadAction\",\"target\":[\"https:\\\/\\\/www.bredent-implants.com\\\/es\\\/productos-soluciones\\\/tratamientos\\\/skyonics-protesica-biomecanica\\\/retention-sil-fijacion-segura-de-la-protesis\\\/\"]}]},{\"@type\":\"ImageObject\",\"inLanguage\":\"es\",\"@id\":\"https:\\\/\\\/www.bredent-implants.com\\\/es\\\/productos-soluciones\\\/tratamientos\\\/skyonics-protesica-biomecanica\\\/retention-sil-fijacion-segura-de-la-protesis\\\/#primaryimage\",\"url\":\"https:\\\/\\\/www.bredent-implants.com\\\/wp-content\\\/uploads\\\/2020\\\/01\\\/SKYonics_featured.jpg\",\"contentUrl\":\"https:\\\/\\\/www.bredent-implants.com\\\/wp-content\\\/uploads\\\/2020\\\/01\\\/SKYonics_featured.jpg\",\"width\":600,\"height\":600,\"caption\":\"SKYonics logo\"},{\"@type\":\"BreadcrumbList\",\"@id\":\"https:\\\/\\\/www.bredent-implants.com\\\/es\\\/productos-soluciones\\\/tratamientos\\\/skyonics-protesica-biomecanica\\\/retention-sil-fijacion-segura-de-la-protesis\\\/#breadcrumb\",\"itemListElement\":[{\"@type\":\"ListItem\",\"position\":1,\"name\":\"Home\",\"item\":\"https:\\\/\\\/www.bredent-implants.com\\\/es\\\/\"},{\"@type\":\"ListItem\",\"position\":2,\"name\":\"retention.sil &#8211; Fijaci\u00f3n segura de la pr\u00f3tesis\"}]},{\"@type\":\"WebSite\",\"@id\":\"https:\\\/\\\/www.bredent-implants.com\\\/#website\",\"url\":\"https:\\\/\\\/www.bredent-implants.com\\\/\",\"name\":\"\",\"description\":\"bredent medical implants\",\"publisher\":{\"@id\":\"https:\\\/\\\/www.bredent-implants.com\\\/#organization\"},\"potentialAction\":[{\"@type\":\"SearchAction\",\"target\":{\"@type\":\"EntryPoint\",\"urlTemplate\":\"https:\\\/\\\/www.bredent-implants.com\\\/?s={search_term_string}\"},\"query-input\":{\"@type\":\"PropertyValueSpecification\",\"valueRequired\":true,\"valueName\":\"search_term_string\"}}],\"inLanguage\":\"es\"},{\"@type\":\"Organization\",\"@id\":\"https:\\\/\\\/www.bredent-implants.com\\\/#organization\",\"name\":\"bredent GmbH & Co.KG\",\"url\":\"https:\\\/\\\/www.bredent-implants.com\\\/\",\"logo\":{\"@type\":\"ImageObject\",\"inLanguage\":\"es\",\"@id\":\"https:\\\/\\\/www.bredent-implants.com\\\/#\\\/schema\\\/logo\\\/image\\\/\",\"url\":\"https:\\\/\\\/www.bredent-implants.com\\\/wp-content\\\/uploads\\\/2019\\\/03\\\/bredent-group-Black-Logo-PNG-file.png\",\"contentUrl\":\"https:\\\/\\\/www.bredent-implants.com\\\/wp-content\\\/uploads\\\/2019\\\/03\\\/bredent-group-Black-Logo-PNG-file.png\",\"width\":1579,\"height\":330,\"caption\":\"bredent GmbH & Co.KG\"},\"image\":{\"@id\":\"https:\\\/\\\/www.bredent-implants.com\\\/#\\\/schema\\\/logo\\\/image\\\/\"},\"sameAs\":[\"https:\\\/\\\/www.facebook.com\\\/bredent-group-International-766435650174845\\\/?ref=bookmarks\",\"https:\\\/\\\/www.youtube.com\\\/user\\\/bredentgroup\"]}]}<\/script>\n<!-- \/ Yoast SEO plugin. -->","yoast_head_json":{"title":"retention.sil - Fijaci\u00f3n segura de la pr\u00f3tesis -","description":"\u00danica en el \u00e1mbito dental. Fijaci\u00f3n inmediata de la pr\u00f3tesis con la silicona para pr\u00f3tesis retention.sil para el tiempo que dure la fase de cicatrizaci\u00f3n!","robots":{"index":"index","follow":"follow","max-snippet":"max-snippet:-1","max-image-preview":"max-image-preview:large","max-video-preview":"max-video-preview:-1"},"canonical":"https:\/\/www.bredent-implants.com\/es\/productos-soluciones\/tratamientos\/skyonics-protesica-biomecanica\/retention-sil-fijacion-segura-de-la-protesis\/","og_locale":"es_ES","og_type":"article","og_title":"retention.sil - Fijaci\u00f3n segura de la pr\u00f3tesis -","og_description":"\u00danica en el \u00e1mbito dental. Fijaci\u00f3n inmediata de la pr\u00f3tesis con la silicona para pr\u00f3tesis retention.sil para el tiempo que dure la fase de cicatrizaci\u00f3n!","og_url":"https:\/\/www.bredent-implants.com\/es\/productos-soluciones\/tratamientos\/skyonics-protesica-biomecanica\/retention-sil-fijacion-segura-de-la-protesis\/","article_publisher":"https:\/\/www.facebook.com\/bredent-group-International-766435650174845\/?ref=bookmarks","article_modified_time":"2025-05-07T15:03:29+00:00","og_image":[{"width":600,"height":600,"url":"https:\/\/www.bredent-implants.com\/wp-content\/uploads\/2020\/01\/SKYonics_featured.jpg","type":"image\/jpeg"}],"twitter_card":"summary_large_image","schema":{"@context":"https:\/\/schema.org","@graph":[{"@type":"WebPage","@id":"https:\/\/www.bredent-implants.com\/es\/productos-soluciones\/tratamientos\/skyonics-protesica-biomecanica\/retention-sil-fijacion-segura-de-la-protesis\/","url":"https:\/\/www.bredent-implants.com\/es\/productos-soluciones\/tratamientos\/skyonics-protesica-biomecanica\/retention-sil-fijacion-segura-de-la-protesis\/","name":"retention.sil - Fijaci\u00f3n segura de la pr\u00f3tesis -","isPartOf":{"@id":"https:\/\/www.bredent-implants.com\/#website"},"primaryImageOfPage":{"@id":"https:\/\/www.bredent-implants.com\/es\/productos-soluciones\/tratamientos\/skyonics-protesica-biomecanica\/retention-sil-fijacion-segura-de-la-protesis\/#primaryimage"},"image":{"@id":"https:\/\/www.bredent-implants.com\/es\/productos-soluciones\/tratamientos\/skyonics-protesica-biomecanica\/retention-sil-fijacion-segura-de-la-protesis\/#primaryimage"},"thumbnailUrl":"https:\/\/www.bredent-implants.com\/wp-content\/uploads\/2020\/01\/SKYonics_featured.jpg","datePublished":"2020-10-22T07:25:46+00:00","dateModified":"2025-05-07T15:03:29+00:00","description":"\u00danica en el \u00e1mbito dental. Fijaci\u00f3n inmediata de la pr\u00f3tesis con la silicona para pr\u00f3tesis retention.sil para el tiempo que dure la fase de cicatrizaci\u00f3n!","breadcrumb":{"@id":"https:\/\/www.bredent-implants.com\/es\/productos-soluciones\/tratamientos\/skyonics-protesica-biomecanica\/retention-sil-fijacion-segura-de-la-protesis\/#breadcrumb"},"inLanguage":"es","potentialAction":[{"@type":"ReadAction","target":["https:\/\/www.bredent-implants.com\/es\/productos-soluciones\/tratamientos\/skyonics-protesica-biomecanica\/retention-sil-fijacion-segura-de-la-protesis\/"]}]},{"@type":"ImageObject","inLanguage":"es","@id":"https:\/\/www.bredent-implants.com\/es\/productos-soluciones\/tratamientos\/skyonics-protesica-biomecanica\/retention-sil-fijacion-segura-de-la-protesis\/#primaryimage","url":"https:\/\/www.bredent-implants.com\/wp-content\/uploads\/2020\/01\/SKYonics_featured.jpg","contentUrl":"https:\/\/www.bredent-implants.com\/wp-content\/uploads\/2020\/01\/SKYonics_featured.jpg","width":600,"height":600,"caption":"SKYonics logo"},{"@type":"BreadcrumbList","@id":"https:\/\/www.bredent-implants.com\/es\/productos-soluciones\/tratamientos\/skyonics-protesica-biomecanica\/retention-sil-fijacion-segura-de-la-protesis\/#breadcrumb","itemListElement":[{"@type":"ListItem","position":1,"name":"Home","item":"https:\/\/www.bredent-implants.com\/es\/"},{"@type":"ListItem","position":2,"name":"retention.sil &#8211; Fijaci\u00f3n segura de la pr\u00f3tesis"}]},{"@type":"WebSite","@id":"https:\/\/www.bredent-implants.com\/#website","url":"https:\/\/www.bredent-implants.com\/","name":"","description":"bredent medical implants","publisher":{"@id":"https:\/\/www.bredent-implants.com\/#organization"},"potentialAction":[{"@type":"SearchAction","target":{"@type":"EntryPoint","urlTemplate":"https:\/\/www.bredent-implants.com\/?s={search_term_string}"},"query-input":{"@type":"PropertyValueSpecification","valueRequired":true,"valueName":"search_term_string"}}],"inLanguage":"es"},{"@type":"Organization","@id":"https:\/\/www.bredent-implants.com\/#organization","name":"bredent GmbH & Co.KG","url":"https:\/\/www.bredent-implants.com\/","logo":{"@type":"ImageObject","inLanguage":"es","@id":"https:\/\/www.bredent-implants.com\/#\/schema\/logo\/image\/","url":"https:\/\/www.bredent-implants.com\/wp-content\/uploads\/2019\/03\/bredent-group-Black-Logo-PNG-file.png","contentUrl":"https:\/\/www.bredent-implants.com\/wp-content\/uploads\/2019\/03\/bredent-group-Black-Logo-PNG-file.png","width":1579,"height":330,"caption":"bredent GmbH & Co.KG"},"image":{"@id":"https:\/\/www.bredent-implants.com\/#\/schema\/logo\/image\/"},"sameAs":["https:\/\/www.facebook.com\/bredent-group-International-766435650174845\/?ref=bookmarks","https:\/\/www.youtube.com\/user\/bredentgroup"]}]}},"_links":{"self":[{"href":"https:\/\/www.bredent-implants.com\/es\/wp-json\/wp\/v2\/pages\/30759","targetHints":{"allow":["GET"]}}],"collection":[{"href":"https:\/\/www.bredent-implants.com\/es\/wp-json\/wp\/v2\/pages"}],"about":[{"href":"https:\/\/www.bredent-implants.com\/es\/wp-json\/wp\/v2\/types\/page"}],"author":[{"embeddable":true,"href":"https:\/\/www.bredent-implants.com\/es\/wp-json\/wp\/v2\/users\/2"}],"replies":[{"embeddable":true,"href":"https:\/\/www.bredent-implants.com\/es\/wp-json\/wp\/v2\/comments?post=30759"}],"version-history":[{"count":5,"href":"https:\/\/www.bredent-implants.com\/es\/wp-json\/wp\/v2\/pages\/30759\/revisions"}],"predecessor-version":[{"id":77877,"href":"https:\/\/www.bredent-implants.com\/es\/wp-json\/wp\/v2\/pages\/30759\/revisions\/77877"}],"up":[{"embeddable":true,"href":"https:\/\/www.bredent-implants.com\/es\/wp-json\/wp\/v2\/pages\/30767"}],"wp:featuredmedia":[{"embeddable":true,"href":"https:\/\/www.bredent-implants.com\/es\/wp-json\/wp\/v2\/media\/18526"}],"wp:attachment":[{"href":"https:\/\/www.bredent-implants.com\/es\/wp-json\/wp\/v2\/media?parent=30759"}],"curies":[{"name":"wp","href":"https:\/\/api.w.org\/{rel}","templated":true}]}}