{"id":30742,"date":"2020-10-21T09:10:49","date_gmt":"2020-10-21T09:10:49","guid":{"rendered":"https:\/\/www.bredent-implants.com\/flow-sil-sellado-de-microrranuras\/"},"modified":"2025-05-22T12:07:42","modified_gmt":"2025-05-22T10:07:42","slug":"flow-sil-sellado-de-microrranuras","status":"publish","type":"page","link":"https:\/\/www.bredent-implants.com\/es\/productos-soluciones\/accesorios\/flow-sil-sellado-de-microrranuras\/","title":{"rendered":"flow.sil \u2013 Sellado de microrranuras"},"content":{"rendered":"\t\t<div data-elementor-type=\"wp-post\" data-elementor-id=\"30742\" class=\"elementor elementor-30742\" data-elementor-post-type=\"page\">\n\t\t\t\t\t\t<section class=\"elementor-section elementor-top-section elementor-element elementor-element-e4d3490 elementor-section-height-min-height elementor-section-boxed elementor-section-height-default elementor-section-items-middle\" data-id=\"e4d3490\" data-element_type=\"section\" data-e-type=\"section\" data-settings=\"{&quot;background_background&quot;:&quot;classic&quot;}\">\n\t\t\t\t\t\t<div class=\"elementor-container elementor-column-gap-default\">\n\t\t\t\t\t<div class=\"elementor-column elementor-col-100 elementor-top-column elementor-element elementor-element-fde5085\" data-id=\"fde5085\" data-element_type=\"column\" data-e-type=\"column\">\n\t\t\t<div class=\"elementor-widget-wrap elementor-element-populated\">\n\t\t\t\t\t\t<div class=\"elementor-element elementor-element-b377015 elementor-widget elementor-widget-breadcrumbs\" data-id=\"b377015\" data-element_type=\"widget\" data-e-type=\"widget\" data-widget_type=\"breadcrumbs.default\">\n\t\t\t\t<div class=\"elementor-widget-container\">\n\t\t\t\t\t<p id=\"breadcrumbs\"><span><span><a href=\"https:\/\/www.bredent-implants.com\/es\/\">Home<\/a><\/span><\/span><\/p>\t\t\t\t<\/div>\n\t\t\t\t<\/div>\n\t\t\t\t\t<\/div>\n\t\t<\/div>\n\t\t\t\t\t<\/div>\n\t\t<\/section>\n\t\t<div class=\"elementor-element elementor-element-828ba24 e-flex e-con-boxed e-con e-parent\" data-id=\"828ba24\" data-element_type=\"container\" data-e-type=\"container\" data-settings=\"{&quot;background_background&quot;:&quot;classic&quot;}\">\n\t\t\t\t\t<div class=\"e-con-inner\">\n\t\t<div class=\"elementor-element elementor-element-1896937 e-con-full e-flex e-con e-child\" data-id=\"1896937\" data-element_type=\"container\" data-e-type=\"container\">\n\t\t<div class=\"elementor-element elementor-element-081be05 e-con-full e-flex e-con e-child\" data-id=\"081be05\" data-element_type=\"container\" data-e-type=\"container\">\n\t\t\t\t<div class=\"elementor-element elementor-element-3f0553c elementor-widget elementor-widget-heading\" data-id=\"3f0553c\" data-element_type=\"widget\" data-e-type=\"widget\" data-widget_type=\"heading.default\">\n\t\t\t\t<div class=\"elementor-widget-container\">\n\t\t\t\t\t<h2 class=\"elementor-heading-title elementor-size-default\">flow.sil<\/h2>\t\t\t\t<\/div>\n\t\t\t\t<\/div>\n\t\t<div class=\"elementor-element elementor-element-ef8defe e-con-full e-flex e-con e-child\" data-id=\"ef8defe\" data-element_type=\"container\" data-e-type=\"container\" data-settings=\"{&quot;background_background&quot;:&quot;classic&quot;}\">\n\t\t\t\t<div class=\"elementor-element elementor-element-dd55f61 elementor-widget elementor-widget-heading\" data-id=\"dd55f61\" data-element_type=\"widget\" data-e-type=\"widget\" data-widget_type=\"heading.default\">\n\t\t\t\t<div class=\"elementor-widget-container\">\n\t\t\t\t\t<h1 class=\"elementor-heading-title elementor-size-default\">Sellado de microrranuras<br>No hay lugar para las bacterias!<\/h1>\t\t\t\t<\/div>\n\t\t\t\t<\/div>\n\t\t\t\t<\/div>\n\t\t\t\t<\/div>\n\t\t<div class=\"elementor-element elementor-element-1708b61 e-con-full e-flex e-con e-child\" data-id=\"1708b61\" data-element_type=\"container\" data-e-type=\"container\">\n\t\t\t\t<div class=\"elementor-element elementor-element-81d95c5 elementor-widget elementor-widget-image\" data-id=\"81d95c5\" data-element_type=\"widget\" data-e-type=\"widget\" data-widget_type=\"image.default\">\n\t\t\t\t<div class=\"elementor-widget-container\">\n\t\t\t\t\t\t\t\t\t\t\t\t\t\t\t<img fetchpriority=\"high\" decoding=\"async\" width=\"1000\" height=\"699\" src=\"https:\/\/www.bredent-implants.com\/wp-content\/uploads\/2025\/05\/flow.sil-cover-bredent.jpg\" class=\"attachment-full size-full wp-image-79649\" alt=\"\" \/>\t\t\t\t\t\t\t\t\t\t\t\t\t\t\t<\/div>\n\t\t\t\t<\/div>\n\t\t\t\t<\/div>\n\t\t\t\t<\/div>\n\t\t\t\t\t<\/div>\n\t\t\t\t<\/div>\n\t\t<div class=\"elementor-element elementor-element-247a140 e-flex e-con-boxed e-con e-parent\" data-id=\"247a140\" data-element_type=\"container\" data-e-type=\"container\">\n\t\t\t\t\t<div class=\"e-con-inner\">\n\t\t<div class=\"elementor-element elementor-element-dc839bb e-con-full e-flex e-con e-child\" data-id=\"dc839bb\" data-element_type=\"container\" data-e-type=\"container\" data-settings=\"{&quot;background_background&quot;:&quot;classic&quot;}\">\n\t\t<div class=\"elementor-element elementor-element-9883767 e-con-full e-flex e-con e-child\" data-id=\"9883767\" data-element_type=\"container\" data-e-type=\"container\" data-settings=\"{&quot;background_background&quot;:&quot;classic&quot;}\">\n\t\t\t\t<div class=\"elementor-element elementor-element-aa0cab4 elementor-widget__width-inherit elementor-widget elementor-widget-heading\" data-id=\"aa0cab4\" data-element_type=\"widget\" data-e-type=\"widget\" data-widget_type=\"heading.default\">\n\t\t\t\t<div class=\"elementor-widget-container\">\n\t\t\t\t\t<h1 class=\"elementor-heading-title elementor-size-default\">flow.sil - Sellado de microrranuras<\/h1>\t\t\t\t<\/div>\n\t\t\t\t<\/div>\n\t\t\t\t<div class=\"elementor-element elementor-element-32e49ab elementor-widget-divider--view-line elementor-widget elementor-widget-divider\" data-id=\"32e49ab\" data-element_type=\"widget\" data-e-type=\"widget\" data-widget_type=\"divider.default\">\n\t\t\t\t<div class=\"elementor-widget-container\">\n\t\t\t\t\t\t\t<div class=\"elementor-divider\">\n\t\t\t<span class=\"elementor-divider-separator\">\n\t\t\t\t\t\t<\/span>\n\t\t<\/div>\n\t\t\t\t\t\t<\/div>\n\t\t\t\t<\/div>\n\t\t<div class=\"elementor-element elementor-element-91fc1a6 e-con-full e-flex e-con e-child\" data-id=\"91fc1a6\" data-element_type=\"container\" data-e-type=\"container\">\n\t\t<div class=\"elementor-element elementor-element-516abf9 e-con-full e-flex e-con e-child\" data-id=\"516abf9\" data-element_type=\"container\" data-e-type=\"container\">\n\t\t<div class=\"elementor-element elementor-element-1acbd9b e-con-full e-flex e-con e-child\" data-id=\"1acbd9b\" data-element_type=\"container\" data-e-type=\"container\">\n\t\t\t\t<div class=\"elementor-element elementor-element-a548f9d elementor-widget-tablet__width-inherit elementor-widget elementor-widget-image\" data-id=\"a548f9d\" data-element_type=\"widget\" data-e-type=\"widget\" data-widget_type=\"image.default\">\n\t\t\t\t<div class=\"elementor-widget-container\">\n\t\t\t\t\t\t\t\t\t\t\t\t\t\t\t\t<a href=\"https:\/\/www.bredent-implants.com\/wp-content\/uploads\/2025\/05\/flow.sil-sealing-bredent.jpg\" data-elementor-open-lightbox=\"yes\" data-elementor-lightbox-title=\"flow.sil-sealing-bredent\" data-e-action-hash=\"#elementor-action%3Aaction%3Dlightbox%26settings%3DeyJpZCI6Nzk2NTcsInVybCI6Imh0dHBzOlwvXC93d3cuYnJlZGVudC1pbXBsYW50cy5jb21cL3dwLWNvbnRlbnRcL3VwbG9hZHNcLzIwMjVcLzA1XC9mbG93LnNpbC1zZWFsaW5nLWJyZWRlbnQuanBnIn0%3D\">\n\t\t\t\t\t\t\t<img decoding=\"async\" width=\"800\" height=\"727\" src=\"https:\/\/www.bredent-implants.com\/wp-content\/uploads\/2025\/05\/flow.sil-sealing-bredent.jpg\" class=\"elementor-animation-shrink attachment-full size-full wp-image-79657\" alt=\"\" \/>\t\t\t\t\t\t\t\t<\/a>\n\t\t\t\t\t\t\t\t\t\t\t\t\t\t\t<\/div>\n\t\t\t\t<\/div>\n\t\t\t\t<\/div>\n\t\t<div class=\"elementor-element elementor-element-cf13e6e e-con-full e-flex e-con e-child\" data-id=\"cf13e6e\" data-element_type=\"container\" data-e-type=\"container\">\n\t\t\t\t<div class=\"elementor-element elementor-element-eee3418 elementor-icon-list--layout-traditional elementor-list-item-link-full_width elementor-widget elementor-widget-icon-list\" data-id=\"eee3418\" data-element_type=\"widget\" data-e-type=\"widget\" data-widget_type=\"icon-list.default\">\n\t\t\t\t<div class=\"elementor-widget-container\">\n\t\t\t\t\t\t\t<ul class=\"elementor-icon-list-items\">\n\t\t\t\t\t\t\t<li class=\"elementor-icon-list-item\">\n\t\t\t\t\t\t\t\t\t\t<span class=\"elementor-icon-list-text\"><b>flow.sil resulta ideal para bloquear los espacios huecos entre el aditamento y la restauraci\u00f3n mediante pr\u00f3tesis atornillamiento<\/b><\/span>\n\t\t\t\t\t\t\t\t\t<\/li>\n\t\t\t\t\t\t\t\t<li class=\"elementor-icon-list-item\">\n\t\t\t\t\t\t\t\t\t\t\t<span class=\"elementor-icon-list-icon\">\n\t\t\t\t\t\t\t<i aria-hidden=\"true\" class=\"fas fa-check\"><\/i>\t\t\t\t\t\t<\/span>\n\t\t\t\t\t\t\t\t\t\t<span class=\"elementor-icon-list-text\">Reduce la periimplantitis<\/span>\n\t\t\t\t\t\t\t\t\t<\/li>\n\t\t\t\t\t\t\t\t<li class=\"elementor-icon-list-item\">\n\t\t\t\t\t\t\t\t\t\t\t<span class=\"elementor-icon-list-icon\">\n\t\t\t\t\t\t\t<i aria-hidden=\"true\" class=\"fas fa-check\"><\/i>\t\t\t\t\t\t<\/span>\n\t\t\t\t\t\t\t\t\t\t<span class=\"elementor-icon-list-text\">Reduce la halitosis<\/span>\n\t\t\t\t\t\t\t\t\t<\/li>\n\t\t\t\t\t\t\t\t<li class=\"elementor-icon-list-item\">\n\t\t\t\t\t\t\t\t\t\t\t<span class=\"elementor-icon-list-icon\">\n\t\t\t\t\t\t\t<i aria-hidden=\"true\" class=\"fas fa-check\"><\/i>\t\t\t\t\t\t<\/span>\n\t\t\t\t\t\t\t\t\t\t<span class=\"elementor-icon-list-text\">Evita focos de infecci\u00f3n en la zona de la intervenci\u00f3n<\/span>\n\t\t\t\t\t\t\t\t\t<\/li>\n\t\t\t\t\t\t\t\t<li class=\"elementor-icon-list-item\">\n\t\t\t\t\t\t\t\t\t\t\t<span class=\"elementor-icon-list-icon\">\n\t\t\t\t\t\t\t<i aria-hidden=\"true\" class=\"fas fa-check\"><\/i>\t\t\t\t\t\t<\/span>\n\t\t\t\t\t\t\t\t\t\t<span class=\"elementor-icon-list-text\">Evita que se ensucien los espacios huecos<\/span>\n\t\t\t\t\t\t\t\t\t<\/li>\n\t\t\t\t\t\t\t\t<li class=\"elementor-icon-list-item\">\n\t\t\t\t\t\t\t\t\t\t\t<span class=\"elementor-icon-list-icon\">\n\t\t\t\t\t\t\t<i aria-hidden=\"true\" class=\"fas fa-check\"><\/i>\t\t\t\t\t\t<\/span>\n\t\t\t\t\t\t\t\t\t\t<span class=\"elementor-icon-list-text\">Sellado limpio<\/span>\n\t\t\t\t\t\t\t\t\t<\/li>\n\t\t\t\t\t\t<\/ul>\n\t\t\t\t\t\t<\/div>\n\t\t\t\t<\/div>\n\t\t\t\t<\/div>\n\t\t\t\t<\/div>\n\t\t\t\t<\/div>\n\t\t\t\t<\/div>\n\t\t\t\t<\/div>\n\t\t\t\t\t<\/div>\n\t\t\t\t<\/div>\n\t\t<div class=\"elementor-element elementor-element-167776f e-flex e-con-boxed e-con e-parent\" data-id=\"167776f\" data-element_type=\"container\" data-e-type=\"container\">\n\t\t\t\t\t<div class=\"e-con-inner\">\n\t\t<div class=\"elementor-element elementor-element-d10dcd3 e-con-full e-flex e-con e-child\" data-id=\"d10dcd3\" data-element_type=\"container\" data-e-type=\"container\" data-settings=\"{&quot;background_background&quot;:&quot;classic&quot;}\">\n\t\t<div class=\"elementor-element elementor-element-078cb78 e-con-full e-flex e-con e-child\" data-id=\"078cb78\" data-element_type=\"container\" data-e-type=\"container\" data-settings=\"{&quot;background_background&quot;:&quot;classic&quot;}\">\n\t\t\t\t<div class=\"elementor-element elementor-element-385dbbd elementor-widget__width-inherit elementor-widget elementor-widget-heading\" data-id=\"385dbbd\" data-element_type=\"widget\" data-e-type=\"widget\" data-widget_type=\"heading.default\">\n\t\t\t\t<div class=\"elementor-widget-container\">\n\t\t\t\t\t<h1 class=\"elementor-heading-title elementor-size-default\">flow.sil - Protecci\u00f3n contra las bacterias<\/h1>\t\t\t\t<\/div>\n\t\t\t\t<\/div>\n\t\t\t\t<div class=\"elementor-element elementor-element-f35c8f9 elementor-widget-divider--view-line elementor-widget elementor-widget-divider\" data-id=\"f35c8f9\" data-element_type=\"widget\" data-e-type=\"widget\" data-widget_type=\"divider.default\">\n\t\t\t\t<div class=\"elementor-widget-container\">\n\t\t\t\t\t\t\t<div class=\"elementor-divider\">\n\t\t\t<span class=\"elementor-divider-separator\">\n\t\t\t\t\t\t<\/span>\n\t\t<\/div>\n\t\t\t\t\t\t<\/div>\n\t\t\t\t<\/div>\n\t\t<div class=\"elementor-element elementor-element-d67c483 e-con-full e-flex e-con e-child\" data-id=\"d67c483\" data-element_type=\"container\" data-e-type=\"container\">\n\t\t<div class=\"elementor-element elementor-element-e1616f1 e-con-full e-flex e-con e-child\" data-id=\"e1616f1\" data-element_type=\"container\" data-e-type=\"container\">\n\t\t\t\t<div class=\"elementor-element elementor-element-5c487ce elementor-widget elementor-widget-image\" data-id=\"5c487ce\" data-element_type=\"widget\" data-e-type=\"widget\" data-widget_type=\"image.default\">\n\t\t\t\t<div class=\"elementor-widget-container\">\n\t\t\t\t\t\t\t\t\t\t\t\t\t\t\t<img decoding=\"async\" width=\"402\" height=\"466\" src=\"https:\/\/www.bredent-implants.com\/wp-content\/uploads\/2025\/05\/without-flow.sil-bredent.jpg\" class=\"attachment-large size-large wp-image-79673\" alt=\"\" \/>\t\t\t\t\t\t\t\t\t\t\t\t\t\t\t<\/div>\n\t\t\t\t<\/div>\n\t\t\t\t<div class=\"elementor-element elementor-element-d5ddf0e elementor-widget elementor-widget-heading\" data-id=\"d5ddf0e\" data-element_type=\"widget\" data-e-type=\"widget\" data-widget_type=\"heading.default\">\n\t\t\t\t<div class=\"elementor-widget-container\">\n\t\t\t\t\t<h2 class=\"elementor-heading-title elementor-size-default\">sin flow.sil<\/h2>\t\t\t\t<\/div>\n\t\t\t\t<\/div>\n\t\t\t\t<\/div>\n\t\t<div class=\"elementor-element elementor-element-985a228 e-con-full e-flex e-con e-child\" data-id=\"985a228\" data-element_type=\"container\" data-e-type=\"container\">\n\t\t\t\t<div class=\"elementor-element elementor-element-8d452f2 elementor-widget elementor-widget-image\" data-id=\"8d452f2\" data-element_type=\"widget\" data-e-type=\"widget\" data-widget_type=\"image.default\">\n\t\t\t\t<div class=\"elementor-widget-container\">\n\t\t\t\t\t\t\t\t\t\t\t\t\t\t\t<img loading=\"lazy\" decoding=\"async\" width=\"402\" height=\"466\" src=\"https:\/\/www.bredent-implants.com\/wp-content\/uploads\/2025\/05\/with-flow.sil-bredent.jpg\" class=\"attachment-large size-large wp-image-79665\" alt=\"\" \/>\t\t\t\t\t\t\t\t\t\t\t\t\t\t\t<\/div>\n\t\t\t\t<\/div>\n\t\t\t\t<div class=\"elementor-element elementor-element-126874d elementor-widget elementor-widget-heading\" data-id=\"126874d\" data-element_type=\"widget\" data-e-type=\"widget\" data-widget_type=\"heading.default\">\n\t\t\t\t<div class=\"elementor-widget-container\">\n\t\t\t\t\t<h2 class=\"elementor-heading-title elementor-size-default\">con flow.sil<\/h2>\t\t\t\t<\/div>\n\t\t\t\t<\/div>\n\t\t\t\t<\/div>\n\t\t\t\t<\/div>\n\t\t\t\t<\/div>\n\t\t\t\t<\/div>\n\t\t\t\t\t<\/div>\n\t\t\t\t<\/div>\n\t\t\t\t<\/div>\n\t\t","protected":false},"excerpt":{"rendered":"<p>flow.sil Sellado de microrranurasNo hay lugar para las bacterias! flow.sil &#8211; Sellado de microrranuras flow.sil resulta ideal para bloquear los espacios huecos entre el aditamento y la restauraci\u00f3n mediante pr\u00f3tesis atornillamiento Reduce la periimplantitis Reduce la halitosis Evita focos de infecci\u00f3n en la zona de la intervenci\u00f3n Evita que se ensucien los espacios huecos Sellado [&hellip;]<\/p>\n","protected":false},"author":2,"featured_media":0,"parent":30755,"menu_order":6,"comment_status":"closed","ping_status":"closed","template":"","meta":{"footnotes":""},"class_list":["post-30742","page","type-page","status-publish","hentry"],"yoast_head":"<!-- This site is optimized with the Yoast SEO plugin v27.3 - https:\/\/yoast.com\/product\/yoast-seo-wordpress\/ -->\n<title>flow.sil \u2013 Sellado de microrranuras -<\/title>\n<meta name=\"description\" content=\"flow.sil Sellado de microrranurasNo hay lugar para las bacterias! flow.sil - Sellado de microrranuras flow.sil resulta ideal para bloquear los espacios\" \/>\n<meta name=\"robots\" content=\"index, follow, max-snippet:-1, max-image-preview:large, max-video-preview:-1\" \/>\n<link rel=\"canonical\" href=\"https:\/\/www.bredent-implants.com\/es\/productos-soluciones\/accesorios\/flow-sil-sellado-de-microrranuras\/\" \/>\n<meta property=\"og:locale\" content=\"es_ES\" \/>\n<meta property=\"og:type\" content=\"article\" \/>\n<meta property=\"og:title\" content=\"flow.sil \u2013 Sellado de microrranuras -\" \/>\n<meta property=\"og:description\" content=\"flow.sil Sellado de microrranurasNo hay lugar para las bacterias! flow.sil - Sellado de microrranuras flow.sil resulta ideal para bloquear los espacios\" \/>\n<meta property=\"og:url\" content=\"https:\/\/www.bredent-implants.com\/es\/productos-soluciones\/accesorios\/flow-sil-sellado-de-microrranuras\/\" \/>\n<meta property=\"article:publisher\" content=\"https:\/\/www.facebook.com\/bredent-group-International-766435650174845\/?ref=bookmarks\" \/>\n<meta property=\"article:modified_time\" content=\"2025-05-22T10:07:42+00:00\" \/>\n<meta property=\"og:image\" content=\"https:\/\/www.bredent-implants.com\/wp-content\/uploads\/2025\/05\/flow.sil-cover-bredent.jpg\" \/>\n<meta name=\"twitter:card\" content=\"summary_large_image\" \/>\n<script type=\"application\/ld+json\" class=\"yoast-schema-graph\">{\"@context\":\"https:\\\/\\\/schema.org\",\"@graph\":[{\"@type\":\"WebPage\",\"@id\":\"https:\\\/\\\/www.bredent-implants.com\\\/es\\\/productos-soluciones\\\/accesorios\\\/flow-sil-sellado-de-microrranuras\\\/\",\"url\":\"https:\\\/\\\/www.bredent-implants.com\\\/es\\\/productos-soluciones\\\/accesorios\\\/flow-sil-sellado-de-microrranuras\\\/\",\"name\":\"flow.sil \u2013 Sellado de microrranuras -\",\"isPartOf\":{\"@id\":\"https:\\\/\\\/www.bredent-implants.com\\\/#website\"},\"primaryImageOfPage\":{\"@id\":\"https:\\\/\\\/www.bredent-implants.com\\\/es\\\/productos-soluciones\\\/accesorios\\\/flow-sil-sellado-de-microrranuras\\\/#primaryimage\"},\"image\":{\"@id\":\"https:\\\/\\\/www.bredent-implants.com\\\/es\\\/productos-soluciones\\\/accesorios\\\/flow-sil-sellado-de-microrranuras\\\/#primaryimage\"},\"thumbnailUrl\":\"https:\\\/\\\/www.bredent-implants.com\\\/wp-content\\\/uploads\\\/2025\\\/05\\\/flow.sil-cover-bredent.jpg\",\"datePublished\":\"2020-10-21T09:10:49+00:00\",\"dateModified\":\"2025-05-22T10:07:42+00:00\",\"description\":\"flow.sil Sellado de microrranurasNo hay lugar para las bacterias! flow.sil - Sellado de microrranuras flow.sil resulta ideal para bloquear los espacios\",\"breadcrumb\":{\"@id\":\"https:\\\/\\\/www.bredent-implants.com\\\/es\\\/productos-soluciones\\\/accesorios\\\/flow-sil-sellado-de-microrranuras\\\/#breadcrumb\"},\"inLanguage\":\"es\",\"potentialAction\":[{\"@type\":\"ReadAction\",\"target\":[\"https:\\\/\\\/www.bredent-implants.com\\\/es\\\/productos-soluciones\\\/accesorios\\\/flow-sil-sellado-de-microrranuras\\\/\"]}]},{\"@type\":\"ImageObject\",\"inLanguage\":\"es\",\"@id\":\"https:\\\/\\\/www.bredent-implants.com\\\/es\\\/productos-soluciones\\\/accesorios\\\/flow-sil-sellado-de-microrranuras\\\/#primaryimage\",\"url\":\"https:\\\/\\\/www.bredent-implants.com\\\/wp-content\\\/uploads\\\/2025\\\/05\\\/flow.sil-cover-bredent.jpg\",\"contentUrl\":\"https:\\\/\\\/www.bredent-implants.com\\\/wp-content\\\/uploads\\\/2025\\\/05\\\/flow.sil-cover-bredent.jpg\"},{\"@type\":\"BreadcrumbList\",\"@id\":\"https:\\\/\\\/www.bredent-implants.com\\\/es\\\/productos-soluciones\\\/accesorios\\\/flow-sil-sellado-de-microrranuras\\\/#breadcrumb\",\"itemListElement\":[{\"@type\":\"ListItem\",\"position\":1,\"name\":\"Home\",\"item\":\"https:\\\/\\\/www.bredent-implants.com\\\/es\\\/\"},{\"@type\":\"ListItem\",\"position\":2,\"name\":\"flow.sil \u2013 Sellado de microrranuras\"}]},{\"@type\":\"WebSite\",\"@id\":\"https:\\\/\\\/www.bredent-implants.com\\\/#website\",\"url\":\"https:\\\/\\\/www.bredent-implants.com\\\/\",\"name\":\"\",\"description\":\"bredent medical implants\",\"publisher\":{\"@id\":\"https:\\\/\\\/www.bredent-implants.com\\\/#organization\"},\"potentialAction\":[{\"@type\":\"SearchAction\",\"target\":{\"@type\":\"EntryPoint\",\"urlTemplate\":\"https:\\\/\\\/www.bredent-implants.com\\\/?s={search_term_string}\"},\"query-input\":{\"@type\":\"PropertyValueSpecification\",\"valueRequired\":true,\"valueName\":\"search_term_string\"}}],\"inLanguage\":\"es\"},{\"@type\":\"Organization\",\"@id\":\"https:\\\/\\\/www.bredent-implants.com\\\/#organization\",\"name\":\"bredent GmbH & Co.KG\",\"url\":\"https:\\\/\\\/www.bredent-implants.com\\\/\",\"logo\":{\"@type\":\"ImageObject\",\"inLanguage\":\"es\",\"@id\":\"https:\\\/\\\/www.bredent-implants.com\\\/#\\\/schema\\\/logo\\\/image\\\/\",\"url\":\"https:\\\/\\\/www.bredent-implants.com\\\/wp-content\\\/uploads\\\/2019\\\/03\\\/bredent-group-Black-Logo-PNG-file.png\",\"contentUrl\":\"https:\\\/\\\/www.bredent-implants.com\\\/wp-content\\\/uploads\\\/2019\\\/03\\\/bredent-group-Black-Logo-PNG-file.png\",\"width\":1579,\"height\":330,\"caption\":\"bredent GmbH & Co.KG\"},\"image\":{\"@id\":\"https:\\\/\\\/www.bredent-implants.com\\\/#\\\/schema\\\/logo\\\/image\\\/\"},\"sameAs\":[\"https:\\\/\\\/www.facebook.com\\\/bredent-group-International-766435650174845\\\/?ref=bookmarks\",\"https:\\\/\\\/www.youtube.com\\\/user\\\/bredentgroup\"]}]}<\/script>\n<!-- \/ Yoast SEO plugin. -->","yoast_head_json":{"title":"flow.sil \u2013 Sellado de microrranuras -","description":"flow.sil Sellado de microrranurasNo hay lugar para las bacterias! flow.sil - Sellado de microrranuras flow.sil resulta ideal para bloquear los espacios","robots":{"index":"index","follow":"follow","max-snippet":"max-snippet:-1","max-image-preview":"max-image-preview:large","max-video-preview":"max-video-preview:-1"},"canonical":"https:\/\/www.bredent-implants.com\/es\/productos-soluciones\/accesorios\/flow-sil-sellado-de-microrranuras\/","og_locale":"es_ES","og_type":"article","og_title":"flow.sil \u2013 Sellado de microrranuras -","og_description":"flow.sil Sellado de microrranurasNo hay lugar para las bacterias! flow.sil - Sellado de microrranuras flow.sil resulta ideal para bloquear los espacios","og_url":"https:\/\/www.bredent-implants.com\/es\/productos-soluciones\/accesorios\/flow-sil-sellado-de-microrranuras\/","article_publisher":"https:\/\/www.facebook.com\/bredent-group-International-766435650174845\/?ref=bookmarks","article_modified_time":"2025-05-22T10:07:42+00:00","og_image":[{"url":"https:\/\/www.bredent-implants.com\/wp-content\/uploads\/2025\/05\/flow.sil-cover-bredent.jpg","type":"","width":"","height":""}],"twitter_card":"summary_large_image","schema":{"@context":"https:\/\/schema.org","@graph":[{"@type":"WebPage","@id":"https:\/\/www.bredent-implants.com\/es\/productos-soluciones\/accesorios\/flow-sil-sellado-de-microrranuras\/","url":"https:\/\/www.bredent-implants.com\/es\/productos-soluciones\/accesorios\/flow-sil-sellado-de-microrranuras\/","name":"flow.sil \u2013 Sellado de microrranuras -","isPartOf":{"@id":"https:\/\/www.bredent-implants.com\/#website"},"primaryImageOfPage":{"@id":"https:\/\/www.bredent-implants.com\/es\/productos-soluciones\/accesorios\/flow-sil-sellado-de-microrranuras\/#primaryimage"},"image":{"@id":"https:\/\/www.bredent-implants.com\/es\/productos-soluciones\/accesorios\/flow-sil-sellado-de-microrranuras\/#primaryimage"},"thumbnailUrl":"https:\/\/www.bredent-implants.com\/wp-content\/uploads\/2025\/05\/flow.sil-cover-bredent.jpg","datePublished":"2020-10-21T09:10:49+00:00","dateModified":"2025-05-22T10:07:42+00:00","description":"flow.sil Sellado de microrranurasNo hay lugar para las bacterias! flow.sil - Sellado de microrranuras flow.sil resulta ideal para bloquear los espacios","breadcrumb":{"@id":"https:\/\/www.bredent-implants.com\/es\/productos-soluciones\/accesorios\/flow-sil-sellado-de-microrranuras\/#breadcrumb"},"inLanguage":"es","potentialAction":[{"@type":"ReadAction","target":["https:\/\/www.bredent-implants.com\/es\/productos-soluciones\/accesorios\/flow-sil-sellado-de-microrranuras\/"]}]},{"@type":"ImageObject","inLanguage":"es","@id":"https:\/\/www.bredent-implants.com\/es\/productos-soluciones\/accesorios\/flow-sil-sellado-de-microrranuras\/#primaryimage","url":"https:\/\/www.bredent-implants.com\/wp-content\/uploads\/2025\/05\/flow.sil-cover-bredent.jpg","contentUrl":"https:\/\/www.bredent-implants.com\/wp-content\/uploads\/2025\/05\/flow.sil-cover-bredent.jpg"},{"@type":"BreadcrumbList","@id":"https:\/\/www.bredent-implants.com\/es\/productos-soluciones\/accesorios\/flow-sil-sellado-de-microrranuras\/#breadcrumb","itemListElement":[{"@type":"ListItem","position":1,"name":"Home","item":"https:\/\/www.bredent-implants.com\/es\/"},{"@type":"ListItem","position":2,"name":"flow.sil \u2013 Sellado de microrranuras"}]},{"@type":"WebSite","@id":"https:\/\/www.bredent-implants.com\/#website","url":"https:\/\/www.bredent-implants.com\/","name":"","description":"bredent medical implants","publisher":{"@id":"https:\/\/www.bredent-implants.com\/#organization"},"potentialAction":[{"@type":"SearchAction","target":{"@type":"EntryPoint","urlTemplate":"https:\/\/www.bredent-implants.com\/?s={search_term_string}"},"query-input":{"@type":"PropertyValueSpecification","valueRequired":true,"valueName":"search_term_string"}}],"inLanguage":"es"},{"@type":"Organization","@id":"https:\/\/www.bredent-implants.com\/#organization","name":"bredent GmbH & Co.KG","url":"https:\/\/www.bredent-implants.com\/","logo":{"@type":"ImageObject","inLanguage":"es","@id":"https:\/\/www.bredent-implants.com\/#\/schema\/logo\/image\/","url":"https:\/\/www.bredent-implants.com\/wp-content\/uploads\/2019\/03\/bredent-group-Black-Logo-PNG-file.png","contentUrl":"https:\/\/www.bredent-implants.com\/wp-content\/uploads\/2019\/03\/bredent-group-Black-Logo-PNG-file.png","width":1579,"height":330,"caption":"bredent GmbH & Co.KG"},"image":{"@id":"https:\/\/www.bredent-implants.com\/#\/schema\/logo\/image\/"},"sameAs":["https:\/\/www.facebook.com\/bredent-group-International-766435650174845\/?ref=bookmarks","https:\/\/www.youtube.com\/user\/bredentgroup"]}]}},"_links":{"self":[{"href":"https:\/\/www.bredent-implants.com\/es\/wp-json\/wp\/v2\/pages\/30742","targetHints":{"allow":["GET"]}}],"collection":[{"href":"https:\/\/www.bredent-implants.com\/es\/wp-json\/wp\/v2\/pages"}],"about":[{"href":"https:\/\/www.bredent-implants.com\/es\/wp-json\/wp\/v2\/types\/page"}],"author":[{"embeddable":true,"href":"https:\/\/www.bredent-implants.com\/es\/wp-json\/wp\/v2\/users\/2"}],"replies":[{"embeddable":true,"href":"https:\/\/www.bredent-implants.com\/es\/wp-json\/wp\/v2\/comments?post=30742"}],"version-history":[{"count":2,"href":"https:\/\/www.bredent-implants.com\/es\/wp-json\/wp\/v2\/pages\/30742\/revisions"}],"predecessor-version":[{"id":79704,"href":"https:\/\/www.bredent-implants.com\/es\/wp-json\/wp\/v2\/pages\/30742\/revisions\/79704"}],"up":[{"embeddable":true,"href":"https:\/\/www.bredent-implants.com\/es\/wp-json\/wp\/v2\/pages\/30755"}],"wp:attachment":[{"href":"https:\/\/www.bredent-implants.com\/es\/wp-json\/wp\/v2\/media?parent=30742"}],"curies":[{"name":"wp","href":"https:\/\/api.w.org\/{rel}","templated":true}]}}