{"id":64014,"date":"2023-11-02T10:26:00","date_gmt":"2023-11-02T09:26:00","guid":{"rendered":"https:\/\/www.bredent-implants.com\/?page_id=64014"},"modified":"2023-11-02T10:59:42","modified_gmt":"2023-11-02T09:59:42","slug":"agbs-kurse","status":"publish","type":"page","link":"https:\/\/www.bredent-implants.com\/de\/agbs-kurse\/","title":{"rendered":"AGBs Kurse"},"content":{"rendered":"\t\t<div data-elementor-type=\"wp-page\" data-elementor-id=\"64014\" class=\"elementor elementor-64014\" data-elementor-post-type=\"page\">\n\t\t\t\t<div class=\"elementor-element elementor-element-c252557 e-flex e-con-boxed e-con e-parent\" data-id=\"c252557\" data-element_type=\"container\" data-e-type=\"container\">\n\t\t\t\t\t<div class=\"e-con-inner\">\n\t\t\t\t<div class=\"elementor-element elementor-element-65ec06e elementor-widget elementor-widget-text-editor\" data-id=\"65ec06e\" data-element_type=\"widget\" data-e-type=\"widget\" data-widget_type=\"text-editor.default\">\n\t\t\t\t<div class=\"elementor-widget-container\">\n\t\t\t\t\t\t\t\t\t<p><b>I. ALLGEMEINE GESCH\u00c4FTSBEDINGUNGEN F\u00dcR FORTBILDUNGSVERANSTALTUNGEN<\/b><\/p><p>1. Alle Kurse basieren auf den angegebenen AGB.<\/p><p>2. Die Teilnahmegeb\u00fchren verstehen sich zuz\u00fcglich der gesetzlichen Umsatzsteuer und der Rechnungsbetrag ist ohne Abzug zu begleichen.<\/p><p>3. Die Reihenfolge der Kursanmeldung wird durch den Anmeldeeingang festgelegt. Die Best\u00e4tigung \u00fcber die Kursteilnahme erfolgt nach Eingang der schriftlichen Anmeldung.<\/p><p>4. Die Anmeldung muss schriftlich \u00fcber das Anmeldeformular erfolgen und vom Interessenten pers\u00f6nlich unterschrieben werden.<\/p><p>5. Die Kursgeb\u00fchren werden nach der Anmeldung in Rechnung gestellt. Ein Vertrag kommt nur mit Best\u00e4tigung der Seminaranmeldung und der termingerechten Zahlung der Kursgeb\u00fchren rechtswirksam zustande.<\/p><p>6. Bei Annullierung seitens des Kursteilnehmers zwischen dem 14. und 7. Tag vor Kursbeginn wird eine Entsch\u00e4digung in H\u00f6he von 50 % der Kursgeb\u00fchren in Rechnung gestellt. Bei Absage bis 3 Tage vorher 70 % und bei sp\u00e4terer Absage 100 %. Der Nachweis eines niedrigen oder nicht eingetretenen Schadens bleibt unbenommen. Die Kursanmeldung kann auf einen<br \/>Ersatzteilnehmer \u00fcbertragen werden. Stornierungen werden nur in schriftlicher Form akzeptiert.<\/p><p>7. Die bredent medical GmbH &amp; Co.KG beh\u00e4lt sich vor, die Veranstaltung bis 7 Tage vor Beginn zu stornieren, wenn ein Referent erkrankt oder die Mindestteilnehmerzahl nicht erreicht wird. In diesen F\u00e4llen k\u00f6nnen keine Schadenersatzanspr\u00fcche geltend gemacht werden.<\/p><p>8. Unter Bezug auf unsere aktuelle Datenschutzrichtlinie verweisen wir auf die Nutzung personenbezogener Daten, geregelt unter Punkt 3 der Datenschutzrichtlinie.<\/p><p>9. Unter Bezug auf unsere aktuelle Datenschutzrichtlinie verweisen wir auf die in der Teilnehmerliste zu erteilende Best\u00e4tigung zur Verwendung von Lichtbildern, Video- und Tonaufnahmen durch die bredent medical GmbH &amp; Co<br \/>KG sowie die bredent GmbH &amp; Co KG als Voraussetzung f\u00fcr die Teilnahme an unseren Veranstaltungen.<\/p><p>10. Jeder Teilnehmer erh\u00e4lt ein Zertifikat. Dieses Zertifikat wird ausgestellt, sofern 100% aller Lektionen erfolgreich absolviert worden sind. Das Zertifikat erh\u00e4lt der Teilnehmer am letzten Tag der Ausbildung nach dem Lehrgang.<\/p><p>11. Besondere Teilnahmebedingungen:<br \/>Mit der Unterschrift best\u00e4tigt der Kursteilnehmer au\u00dferdem, dass er w\u00e4hrendder Veranstaltung die Rechte Dritter zu jeder Zeit wahrt. Das bedeutet insbesondere, dass Patienten und\/oder die Klinikmitarbeiter bei LIVE-Operationen grunds\u00e4tzlich nicht fotografiert oder gefilmt werden d\u00fcrfen, es sei denn, Patient und Mitarbeiter haben jeweils hierin eingewilligt, der Patient ist auf den Aufnahmen unkenntlich (das bedeutet, die Live-Operation erfolgt mit abgedecktem Gesicht, lediglich Mund und unmittelbare Umgebung ist erkennbar) und der Patient wird in Ver\u00f6ffentlichungen nicht namentlich genannt.<\/p><p><strong>II. DATENSCHUTZERKL\u00c4RUNG<\/strong><br \/>1. Nutzung von Daten zur Vertragsabwicklung<br \/>Die bredent medical GmbH &amp; Co. KG nimmt als Verantwortliche den Schutz personenbezogener Daten sehr ernst. Wir m\u00f6chten, dass der Vertragspartner wei\u00df, wann wir welche personenbezogenen Daten speichern und wie wir sie verwenden (Pflichthinweis nach Art. 13 DS-GVO). Als privatrechtliches Unternehmen unterliegen wir den Bestimmungen der Datenschutz-Grundverordnung (DSGVO) und des Bundesdatenschutzgesetzes (BDSG).<\/p><p>2. Verantwortliche und Datenschutzbeauftragter<br \/>F\u00fcr die Verarbeitung verantwortlich ist die\u00a0<span style=\"font-size: 18px; color: var( --e-global-color-75820b4 ); text-align: var(--text-align);\">bredent medical GmbH &amp; Co.KG, Wei\u00dfenhorner Str. 2, 89250 Senden, Deutschland, Tel: + 49 7309 872-600, E-Mail: <span style=\"color: #738ba7;\"><a style=\"color: #738ba7;\" href=\"mailto:info@bredent.com\">info@bredent.com<\/a><\/span>. Unseren Datenschutzbeauftragten erreichen Sie<\/span><\/p><p>unter bredent GmbH &amp; Co.KG, &#8211; Der Datenschutzbeauftragte &#8211; Wei\u00dfenhorner Str. 2, 89250 Senden, Deutschland, E-Mail: <span style=\"color: #738ba7;\"><a style=\"color: #738ba7;\" href=\"mailto:Datenschutz@bredent.com\">Datenschutz@bredent.com<\/a><\/span>.<\/p><p>3. Nutzung personenbezogener Daten zur Vertragsabwicklung<br \/>Wir verarbeiten Ihre personenbezogenen Angaben bei einer Bestellung zur Vertragsdurchf\u00fchrung (Rechtsgrundlage: Art. 6 (1) (b) DS-GVO) sowie zur Aufbewahrung entsprechend unseren gesetzlichen Pflichten nach der Medizinprodukte-Verordnung (Art. 6 (1) (c) DS-GVO, \u00a7 4 (3) MPV). Ihre Daten speichern wir gem\u00e4\u00df den gesetzlichen Anforderungen nach Abschluss der Bestellung nach den genannten gesetzlichen Vorschriften und l\u00f6schen diese, sobald wir sie nicht mehr zur Erf\u00fcllung unserer gesetzlichen Nachweispflicht ben\u00f6tigen. F\u00fcr die Vertragsdurchf\u00fchrung werden wir durch zahnmedizinische Einrichtungen, Beherbergungs- und Verpflegungsbetriebe sowie Transport- und Versandunternehmen unterst\u00fctzt. Wenn Sie Ihre Daten nicht bereitstellen, so kann die Bestellung nicht abgeschlossen werden, sonstige vertragsbezogene Anfragen k\u00f6nnen nicht bearbeitet werden.<\/p><p>4. Bonit\u00e4tspr\u00fcfung und Inkasso<br \/>Zum Zwecke der Entscheidung \u00fcber die Begr\u00fcndung, Durchf\u00fchrung oder Beendigung eines Vertragsverh\u00e4ltnisses k\u00f6nnen wir im Fall der \u00dcbernahme eines Zahlungsausfallrisikos bei Auskunfteien unter Verwendung Ihrer Daten auch aus<br \/>den Anschriftendaten ermittelte Wahrscheinlichkeitswerte zu Ihrer Zahlungsf\u00e4higkeit und Zahlungswilligkeit abrufen und verwenden. Personenbezogene Daten \u00fcber f\u00e4llige unbezahlte und unbestrittene Forderungen k\u00f6nnen wir vier Wochen nach Zugang der ersten schriftlichen Mahnung, bei der wir Sie \u00fcber eine m\u00f6gliche Ber\u00fccksichtigung der Forderungsdaten durch Auskunfteien unterrichten, an die Auskunfteien \u00fcbermitteln, die diese Daten bei berechtigtem Interesse auch anderen Unternehmen zur Bonit\u00e4tspr\u00fcfung zur Verf\u00fcgung stellt. Unter den gleichen Voraussetzungen k\u00f6nnen wir im Falle von unbezahlten Forderungen Ihre entsprechenden Daten einem Inkassounternehmen zum Einzug f\u00fcr uns (Inkasso) \u00fcbermitteln.<\/p><p>5. Nutzung personenbezogener Daten zur Briefpostwerbung<br \/>Wir verwenden Ihren Namen und Ihre Anschrift auch zur weiteren Information \u00fcber interessante Produkte und Dienstleistungen (Art. 6 (1) (f) DS-GVO). Unser berechtigtes Interesse besteht in der F\u00f6rderung des Absatzes unserer Produkte. F\u00fcr die Zusendung der Briefwerbung werden Ihre Daten an einen Lettershop zur Herstellung der Post-Zusendung \u00fcbermittelt. Wir verarbeiten Ihre Daten f\u00fcr Zwecke der Werbung bis Sie der jeweiligen Verarbeitung widersprechen. Die Bereitstellung Ihrer Daten f\u00fcr diese Zwecke ist weder gesetzlich oder vertraglich vorgesehen noch f\u00fcr einen Vertragsschluss erforderlich. Eine Weitergabe an Dritte zu Werbezwecken erfolgt nicht. Selbstverst\u00e4ndlich k\u00f6nnen Sie der Verarbeitung Ihrer Daten f\u00fcr Zwecke der Werbung jederzeit widersprechen. Weitere Informationen zum Datenschutz erhalten Sie auf unserer Internetseite <span style=\"color: #738ba7;\"><a style=\"color: #738ba7;\" href=\"https:\/\/www.bredent-implants.com\/de\/datenschutzerklaerung\/\" target=\"_blank\" rel=\"noopener\">https:\/\/www.bredent-implants.com\/de\/datenschutzerklaerung\/<\/a><\/span> oder auf Nachfrage von uns.<\/p><p>6. Nutzung personenbezogener Daten zur E-Mail-Werbung<br \/>Wir verarbeiten Ihre personenbezogenen Daten zur E-Mail-Werbung aufgrund einer Einwilligung (Art. 6 (1) (a) DS-GVO). Sie k\u00f6nnen Ihre Einwilligung jederzeit widerrufen. Wir verarbeiten Ihre Daten bis zum Widerruf Ihrer Einwilligung. Sie sind zur Bereitstellung Ihrer Daten weder gesetzlich oder vertraglich verpflichtet, noch sind diese zur Erf\u00fcllung eines Vertrages erforderlich. Wir verarbeiten Ihre personenbezogenen Daten aus einer zu Ihnen bestehenden Kundenbeziehung zur E-Mail-Werbung. Rechtsgrundlage hierf\u00fcr ist die Interessenabw\u00e4gung nach Art. 6 (1) (f) DS-GVO unter Ber\u00fccksichtigung des \u00a7 7 (3)<br \/>UWG. Unser berechtigtes Interesse ist die Bewerbung unserer Produkte, die dem erworbenen Produkt im Sinne des \u00a7 7 (3) UWG \u00e4hnlich sind. Die personenbezogenen Daten aus der zu Ihnen bestehenden Kundenbeziehung verarbeiten wir zu Werbezwecken, bis Sie dieser Verarbeitung widersprechen. Die Bereitstellung Ihrer Daten zu diesem Zweck ist weder gesetzlich oder vertraglich vorgeschrieben noch f\u00fcr einen Vertragsabschluss erforderlich. Der Verarbeitung Ihrer personenbezogenen Daten zur E-Mail-Werbung k\u00f6nnen Sie uns gegen\u00fcber jederzeit widersprechen. Durch einen solchen Widerspruch entstehen keine \u00fcber die \u00dcbermittlungskosten nach den Basistarifen hinausgehenden Kosten.<\/p><p>7. Ihre Rechte<br \/>Sie haben uns gegen\u00fcber das Recht auf Auskunft \u00fcber die Sie betreffenden personenbezogenen Daten sowie das Recht auf Berichtigung, das Recht auf L\u00f6schung, das Recht auf Einschr\u00e4nkung der Verarbeitung und das Recht auf Daten\u00fcbertragbarkeit. Im Fall einer Verarbeitung nach Art. 6 (1) (e) und (f) DSGVO haben Sie daneben das Recht auf Widerspruch gegen die Verarbeitung. Soweit Sie uns eine Einwilligung in die Verarbeitung Ihrer personenbezogenen<br \/>Daten gegeben haben, k\u00f6nnen Sie diese jederzeit mit Wirkung f\u00fcr die Zukunft uns gegen\u00fcber unter <a href=\"mailto:datenschutz@bredent.com\"><span style=\"color: #738ba7;\">datenschutz@bredent.com<\/span><\/a> widerrufen. Sie haben das Recht auf Beschwerde bei einer Aufsichtsbeh\u00f6rde.<\/p>\t\t\t\t\t\t\t\t<\/div>\n\t\t\t\t<\/div>\n\t\t\t\t\t<\/div>\n\t\t\t\t<\/div>\n\t\t\t\t<\/div>\n\t\t","protected":false},"excerpt":{"rendered":"<p>I. ALLGEMEINE GESCH\u00c4FTSBEDINGUNGEN F\u00dcR FORTBILDUNGSVERANSTALTUNGEN 1. Alle Kurse basieren auf den angegebenen AGB. 2. Die Teilnahmegeb\u00fchren verstehen sich zuz\u00fcglich der gesetzlichen Umsatzsteuer und der Rechnungsbetrag ist ohne Abzug zu begleichen. 3. Die Reihenfolge der Kursanmeldung wird durch den Anmeldeeingang festgelegt. Die Best\u00e4tigung \u00fcber die Kursteilnahme erfolgt nach Eingang der schriftlichen Anmeldung. 4. Die Anmeldung muss [&hellip;]<\/p>\n","protected":false},"author":2,"featured_media":0,"parent":0,"menu_order":0,"comment_status":"closed","ping_status":"closed","template":"","meta":{"footnotes":""},"class_list":["post-64014","page","type-page","status-publish","hentry"],"yoast_head":"<!-- This site is optimized with the Yoast SEO plugin v27.3 - https:\/\/yoast.com\/product\/yoast-seo-wordpress\/ -->\n<title>AGBs Kurse -<\/title>\n<meta name=\"description\" content=\"I. ALLGEMEINE GESCH\u00c4FTSBEDINGUNGEN F\u00dcR FORTBILDUNGSVERANSTALTUNGEN1. Alle Kurse basieren auf den angegebenen AGB.2. Die Teilnahmegeb\u00fchren verstehen sich\" \/>\n<meta name=\"robots\" content=\"index, follow, max-snippet:-1, max-image-preview:large, max-video-preview:-1\" \/>\n<link rel=\"canonical\" href=\"https:\/\/www.bredent-implants.com\/de\/agbs-kurse\/\" \/>\n<meta property=\"og:locale\" content=\"de_DE\" \/>\n<meta property=\"og:type\" content=\"article\" \/>\n<meta property=\"og:title\" content=\"AGBs Kurse -\" \/>\n<meta property=\"og:description\" content=\"I. ALLGEMEINE GESCH\u00c4FTSBEDINGUNGEN F\u00dcR FORTBILDUNGSVERANSTALTUNGEN1. Alle Kurse basieren auf den angegebenen AGB.2. Die Teilnahmegeb\u00fchren verstehen sich\" \/>\n<meta property=\"og:url\" content=\"https:\/\/www.bredent-implants.com\/de\/agbs-kurse\/\" \/>\n<meta property=\"article:publisher\" content=\"https:\/\/www.facebook.com\/bredent-group-International-766435650174845\/?ref=bookmarks\" \/>\n<meta property=\"article:modified_time\" content=\"2023-11-02T09:59:42+00:00\" \/>\n<meta name=\"twitter:card\" content=\"summary_large_image\" \/>\n<meta name=\"twitter:label1\" content=\"Gesch\u00e4tzte Lesezeit\" \/>\n\t<meta name=\"twitter:data1\" content=\"7\u00a0Minuten\" \/>\n<script type=\"application\/ld+json\" class=\"yoast-schema-graph\">{\"@context\":\"https:\\\/\\\/schema.org\",\"@graph\":[{\"@type\":\"WebPage\",\"@id\":\"https:\\\/\\\/www.bredent-implants.com\\\/de\\\/agbs-kurse\\\/\",\"url\":\"https:\\\/\\\/www.bredent-implants.com\\\/de\\\/agbs-kurse\\\/\",\"name\":\"AGBs Kurse -\",\"isPartOf\":{\"@id\":\"https:\\\/\\\/www.bredent-implants.com\\\/#website\"},\"datePublished\":\"2023-11-02T09:26:00+00:00\",\"dateModified\":\"2023-11-02T09:59:42+00:00\",\"description\":\"I. ALLGEMEINE GESCH\u00c4FTSBEDINGUNGEN F\u00dcR FORTBILDUNGSVERANSTALTUNGEN1. Alle Kurse basieren auf den angegebenen AGB.2. Die Teilnahmegeb\u00fchren verstehen sich\",\"breadcrumb\":{\"@id\":\"https:\\\/\\\/www.bredent-implants.com\\\/de\\\/agbs-kurse\\\/#breadcrumb\"},\"inLanguage\":\"de\",\"potentialAction\":[{\"@type\":\"ReadAction\",\"target\":[\"https:\\\/\\\/www.bredent-implants.com\\\/de\\\/agbs-kurse\\\/\"]}]},{\"@type\":\"BreadcrumbList\",\"@id\":\"https:\\\/\\\/www.bredent-implants.com\\\/de\\\/agbs-kurse\\\/#breadcrumb\",\"itemListElement\":[{\"@type\":\"ListItem\",\"position\":1,\"name\":\"Home\",\"item\":\"https:\\\/\\\/www.bredent-implants.com\\\/de\\\/\"},{\"@type\":\"ListItem\",\"position\":2,\"name\":\"AGBs Kurse\"}]},{\"@type\":\"WebSite\",\"@id\":\"https:\\\/\\\/www.bredent-implants.com\\\/#website\",\"url\":\"https:\\\/\\\/www.bredent-implants.com\\\/\",\"name\":\"\",\"description\":\"bredent medical implants\",\"publisher\":{\"@id\":\"https:\\\/\\\/www.bredent-implants.com\\\/#organization\"},\"potentialAction\":[{\"@type\":\"SearchAction\",\"target\":{\"@type\":\"EntryPoint\",\"urlTemplate\":\"https:\\\/\\\/www.bredent-implants.com\\\/?s={search_term_string}\"},\"query-input\":{\"@type\":\"PropertyValueSpecification\",\"valueRequired\":true,\"valueName\":\"search_term_string\"}}],\"inLanguage\":\"de\"},{\"@type\":\"Organization\",\"@id\":\"https:\\\/\\\/www.bredent-implants.com\\\/#organization\",\"name\":\"bredent GmbH & Co.KG\",\"url\":\"https:\\\/\\\/www.bredent-implants.com\\\/\",\"logo\":{\"@type\":\"ImageObject\",\"inLanguage\":\"de\",\"@id\":\"https:\\\/\\\/www.bredent-implants.com\\\/#\\\/schema\\\/logo\\\/image\\\/\",\"url\":\"https:\\\/\\\/www.bredent-implants.com\\\/wp-content\\\/uploads\\\/2019\\\/03\\\/bredent-group-Black-Logo-PNG-file.png\",\"contentUrl\":\"https:\\\/\\\/www.bredent-implants.com\\\/wp-content\\\/uploads\\\/2019\\\/03\\\/bredent-group-Black-Logo-PNG-file.png\",\"width\":1579,\"height\":330,\"caption\":\"bredent GmbH & Co.KG\"},\"image\":{\"@id\":\"https:\\\/\\\/www.bredent-implants.com\\\/#\\\/schema\\\/logo\\\/image\\\/\"},\"sameAs\":[\"https:\\\/\\\/www.facebook.com\\\/bredent-group-International-766435650174845\\\/?ref=bookmarks\",\"https:\\\/\\\/www.youtube.com\\\/user\\\/bredentgroup\"]}]}<\/script>\n<!-- \/ Yoast SEO plugin. -->","yoast_head_json":{"title":"AGBs Kurse -","description":"I. ALLGEMEINE GESCH\u00c4FTSBEDINGUNGEN F\u00dcR FORTBILDUNGSVERANSTALTUNGEN1. Alle Kurse basieren auf den angegebenen AGB.2. Die Teilnahmegeb\u00fchren verstehen sich","robots":{"index":"index","follow":"follow","max-snippet":"max-snippet:-1","max-image-preview":"max-image-preview:large","max-video-preview":"max-video-preview:-1"},"canonical":"https:\/\/www.bredent-implants.com\/de\/agbs-kurse\/","og_locale":"de_DE","og_type":"article","og_title":"AGBs Kurse -","og_description":"I. ALLGEMEINE GESCH\u00c4FTSBEDINGUNGEN F\u00dcR FORTBILDUNGSVERANSTALTUNGEN1. Alle Kurse basieren auf den angegebenen AGB.2. Die Teilnahmegeb\u00fchren verstehen sich","og_url":"https:\/\/www.bredent-implants.com\/de\/agbs-kurse\/","article_publisher":"https:\/\/www.facebook.com\/bredent-group-International-766435650174845\/?ref=bookmarks","article_modified_time":"2023-11-02T09:59:42+00:00","twitter_card":"summary_large_image","twitter_misc":{"Gesch\u00e4tzte Lesezeit":"7\u00a0Minuten"},"schema":{"@context":"https:\/\/schema.org","@graph":[{"@type":"WebPage","@id":"https:\/\/www.bredent-implants.com\/de\/agbs-kurse\/","url":"https:\/\/www.bredent-implants.com\/de\/agbs-kurse\/","name":"AGBs Kurse -","isPartOf":{"@id":"https:\/\/www.bredent-implants.com\/#website"},"datePublished":"2023-11-02T09:26:00+00:00","dateModified":"2023-11-02T09:59:42+00:00","description":"I. ALLGEMEINE GESCH\u00c4FTSBEDINGUNGEN F\u00dcR FORTBILDUNGSVERANSTALTUNGEN1. Alle Kurse basieren auf den angegebenen AGB.2. Die Teilnahmegeb\u00fchren verstehen sich","breadcrumb":{"@id":"https:\/\/www.bredent-implants.com\/de\/agbs-kurse\/#breadcrumb"},"inLanguage":"de","potentialAction":[{"@type":"ReadAction","target":["https:\/\/www.bredent-implants.com\/de\/agbs-kurse\/"]}]},{"@type":"BreadcrumbList","@id":"https:\/\/www.bredent-implants.com\/de\/agbs-kurse\/#breadcrumb","itemListElement":[{"@type":"ListItem","position":1,"name":"Home","item":"https:\/\/www.bredent-implants.com\/de\/"},{"@type":"ListItem","position":2,"name":"AGBs Kurse"}]},{"@type":"WebSite","@id":"https:\/\/www.bredent-implants.com\/#website","url":"https:\/\/www.bredent-implants.com\/","name":"","description":"bredent medical implants","publisher":{"@id":"https:\/\/www.bredent-implants.com\/#organization"},"potentialAction":[{"@type":"SearchAction","target":{"@type":"EntryPoint","urlTemplate":"https:\/\/www.bredent-implants.com\/?s={search_term_string}"},"query-input":{"@type":"PropertyValueSpecification","valueRequired":true,"valueName":"search_term_string"}}],"inLanguage":"de"},{"@type":"Organization","@id":"https:\/\/www.bredent-implants.com\/#organization","name":"bredent GmbH & Co.KG","url":"https:\/\/www.bredent-implants.com\/","logo":{"@type":"ImageObject","inLanguage":"de","@id":"https:\/\/www.bredent-implants.com\/#\/schema\/logo\/image\/","url":"https:\/\/www.bredent-implants.com\/wp-content\/uploads\/2019\/03\/bredent-group-Black-Logo-PNG-file.png","contentUrl":"https:\/\/www.bredent-implants.com\/wp-content\/uploads\/2019\/03\/bredent-group-Black-Logo-PNG-file.png","width":1579,"height":330,"caption":"bredent GmbH & Co.KG"},"image":{"@id":"https:\/\/www.bredent-implants.com\/#\/schema\/logo\/image\/"},"sameAs":["https:\/\/www.facebook.com\/bredent-group-International-766435650174845\/?ref=bookmarks","https:\/\/www.youtube.com\/user\/bredentgroup"]}]}},"_links":{"self":[{"href":"https:\/\/www.bredent-implants.com\/de\/wp-json\/wp\/v2\/pages\/64014","targetHints":{"allow":["GET"]}}],"collection":[{"href":"https:\/\/www.bredent-implants.com\/de\/wp-json\/wp\/v2\/pages"}],"about":[{"href":"https:\/\/www.bredent-implants.com\/de\/wp-json\/wp\/v2\/types\/page"}],"author":[{"embeddable":true,"href":"https:\/\/www.bredent-implants.com\/de\/wp-json\/wp\/v2\/users\/2"}],"replies":[{"embeddable":true,"href":"https:\/\/www.bredent-implants.com\/de\/wp-json\/wp\/v2\/comments?post=64014"}],"version-history":[{"count":0,"href":"https:\/\/www.bredent-implants.com\/de\/wp-json\/wp\/v2\/pages\/64014\/revisions"}],"wp:attachment":[{"href":"https:\/\/www.bredent-implants.com\/de\/wp-json\/wp\/v2\/media?parent=64014"}],"curies":[{"name":"wp","href":"https:\/\/api.w.org\/{rel}","templated":true}]}}