{"id":15420,"date":"2019-12-06T08:25:04","date_gmt":"2019-12-06T08:25:04","guid":{"rendered":"https:\/\/www.bredent-implants.com\/?page_id=15420"},"modified":"2025-09-22T14:51:15","modified_gmt":"2025-09-22T12:51:15","slug":"retourenschein","status":"publish","type":"page","link":"https:\/\/www.bredent-implants.com\/de\/medien-services\/retourenschein\/","title":{"rendered":"Retourenschein"},"content":{"rendered":"\t\t<div data-elementor-type=\"wp-page\" data-elementor-id=\"15420\" class=\"elementor elementor-15420\" data-elementor-post-type=\"page\">\n\t\t\t\t\t\t<section class=\"elementor-section elementor-top-section elementor-element elementor-element-fa371c7 elementor-section-boxed elementor-section-height-default elementor-section-height-default\" data-id=\"fa371c7\" data-element_type=\"section\" data-e-type=\"section\" data-settings=\"{&quot;background_background&quot;:&quot;classic&quot;}\">\n\t\t\t\t\t\t<div class=\"elementor-container elementor-column-gap-default\">\n\t\t\t\t\t<div class=\"elementor-column elementor-col-50 elementor-top-column elementor-element elementor-element-1d740f5\" data-id=\"1d740f5\" data-element_type=\"column\" data-e-type=\"column\">\n\t\t\t<div class=\"elementor-widget-wrap elementor-element-populated\">\n\t\t\t\t\t\t<div class=\"elementor-element elementor-element-d8aeec9 elementor-widget elementor-widget-image\" data-id=\"d8aeec9\" data-element_type=\"widget\" data-e-type=\"widget\" data-widget_type=\"image.default\">\n\t\t\t\t<div class=\"elementor-widget-container\">\n\t\t\t\t\t\t\t\t\t\t\t\t\t\t\t<img fetchpriority=\"high\" decoding=\"async\" width=\"896\" height=\"870\" src=\"https:\/\/www.bredent-implants.com\/wp-content\/uploads\/2020\/10\/return-order-guy.jpg\" class=\"attachment-full size-full wp-image-29884\" alt=\"\" srcset=\"https:\/\/www.bredent-implants.com\/wp-content\/uploads\/2020\/10\/return-order-guy.jpg 896w, https:\/\/www.bredent-implants.com\/wp-content\/uploads\/2020\/10\/return-order-guy-300x291.jpg 300w, https:\/\/www.bredent-implants.com\/wp-content\/uploads\/2020\/10\/return-order-guy-768x746.jpg 768w\" sizes=\"(max-width: 896px) 100vw, 896px\" \/>\t\t\t\t\t\t\t\t\t\t\t\t\t\t\t<\/div>\n\t\t\t\t<\/div>\n\t\t\t\t\t<\/div>\n\t\t<\/div>\n\t\t\t\t<div class=\"elementor-column elementor-col-50 elementor-top-column elementor-element elementor-element-b725408\" data-id=\"b725408\" data-element_type=\"column\" data-e-type=\"column\">\n\t\t\t<div class=\"elementor-widget-wrap elementor-element-populated\">\n\t\t\t\t\t\t<div class=\"elementor-element elementor-element-97f1a01 elementor-widget elementor-widget-heading\" data-id=\"97f1a01\" data-element_type=\"widget\" data-e-type=\"widget\" data-widget_type=\"heading.default\">\n\t\t\t\t<div class=\"elementor-widget-container\">\n\t\t\t\t\t<h2 class=\"elementor-heading-title elementor-size-default\">M\u00f6chten Sie etwas zur\u00fcckschicken?<\/h2>\t\t\t\t<\/div>\n\t\t\t\t<\/div>\n\t\t\t\t<div class=\"elementor-element elementor-element-9d93e46 elementor-widget elementor-widget-text-editor\" data-id=\"9d93e46\" data-element_type=\"widget\" data-e-type=\"widget\" data-widget_type=\"text-editor.default\">\n\t\t\t\t<div class=\"elementor-widget-container\">\n\t\t\t\t\t\t\t\t\t<p>Wenn Sie mit Ihrem Einkauf nicht 100 %ig zufrieden sind ist es m\u00f6glich, die Ware zur\u00fcck zu schicken, diese aus- oder umzutauschen oder gegebenenfalls eine Gutschrift zu erhalten.<\/p>\t\t\t\t\t\t\t\t<\/div>\n\t\t\t\t<\/div>\n\t\t\t\t<div class=\"elementor-element elementor-element-0242d4c elementor-widget elementor-widget-heading\" data-id=\"0242d4c\" data-element_type=\"widget\" data-e-type=\"widget\" data-widget_type=\"heading.default\">\n\t\t\t\t<div class=\"elementor-widget-container\">\n\t\t\t\t\t<h2 class=\"elementor-heading-title elementor-size-default\">*Einfach digital ausf\u00fcllen, ausdrucken und der Ware beilegen<\/h2>\t\t\t\t<\/div>\n\t\t\t\t<\/div>\n\t\t\t\t<section class=\"elementor-section elementor-inner-section elementor-element elementor-element-0ef7d90 elementor-section-boxed elementor-section-height-default elementor-section-height-default\" data-id=\"0ef7d90\" data-element_type=\"section\" data-e-type=\"section\">\n\t\t\t\t\t\t<div class=\"elementor-container elementor-column-gap-default\">\n\t\t\t\t\t<div class=\"elementor-column elementor-col-100 elementor-inner-column elementor-element elementor-element-9addd52\" data-id=\"9addd52\" data-element_type=\"column\" data-e-type=\"column\">\n\t\t\t<div class=\"elementor-widget-wrap elementor-element-populated\">\n\t\t\t\t\t\t<div class=\"elementor-element elementor-element-8a7ddf1 elementor-align-justify elementor-tablet-align-justify elementor-mobile-align-justify elementor-widget elementor-widget-button\" data-id=\"8a7ddf1\" data-element_type=\"widget\" data-e-type=\"widget\" data-widget_type=\"button.default\">\n\t\t\t\t<div class=\"elementor-widget-container\">\n\t\t\t\t\t\t\t\t\t<div class=\"elementor-button-wrapper\">\n\t\t\t\t\t<a class=\"elementor-button elementor-button-link elementor-size-sm\" href=\"https:\/\/www.bredent-implants.com\/wp-content\/uploads\/2025\/09\/bredent-medical_Deckblatt_DV-mit_allen_Retourenscheinen_2025.pdf\" download=\"\">\n\t\t\t\t\t\t<span class=\"elementor-button-content-wrapper\">\n\t\t\t\t\t\t<span class=\"elementor-button-icon\">\n\t\t\t\t<i aria-hidden=\"true\" class=\"fas fa-download\"><\/i>\t\t\t<\/span>\n\t\t\t\t\t\t\t\t\t<span class=\"elementor-button-text\">Retourenschein bredent-medical<\/span>\n\t\t\t\t\t<\/span>\n\t\t\t\t\t<\/a>\n\t\t\t\t<\/div>\n\t\t\t\t\t\t\t\t<\/div>\n\t\t\t\t<\/div>\n\t\t\t\t\t<\/div>\n\t\t<\/div>\n\t\t\t\t\t<\/div>\n\t\t<\/section>\n\t\t\t\t<section class=\"elementor-section elementor-inner-section elementor-element elementor-element-7b90597 elementor-section-boxed elementor-section-height-default elementor-section-height-default\" data-id=\"7b90597\" data-element_type=\"section\" data-e-type=\"section\">\n\t\t\t\t\t\t<div class=\"elementor-container elementor-column-gap-default\">\n\t\t\t\t\t<div class=\"elementor-column elementor-col-100 elementor-inner-column elementor-element elementor-element-8cd2d38\" data-id=\"8cd2d38\" data-element_type=\"column\" data-e-type=\"column\">\n\t\t\t<div class=\"elementor-widget-wrap elementor-element-populated\">\n\t\t\t\t\t\t<div class=\"elementor-element elementor-element-c1d6226 elementor-align-justify elementor-tablet-align-justify elementor-mobile-align-justify elementor-widget elementor-widget-button\" data-id=\"c1d6226\" data-element_type=\"widget\" data-e-type=\"widget\" data-widget_type=\"button.default\">\n\t\t\t\t<div class=\"elementor-widget-container\">\n\t\t\t\t\t\t\t\t\t<div class=\"elementor-button-wrapper\">\n\t\t\t\t\t<a class=\"elementor-button elementor-button-link elementor-size-sm\" href=\"https:\/\/www.bredent-implants.com\/wp-content\/uploads\/2025\/09\/NOI-Bogen-blanko_2025.pdf\" target=\"_blank\">\n\t\t\t\t\t\t<span class=\"elementor-button-content-wrapper\">\n\t\t\t\t\t\t<span class=\"elementor-button-icon\">\n\t\t\t\t<i aria-hidden=\"true\" class=\"fas fa-download\"><\/i>\t\t\t<\/span>\n\t\t\t\t\t\t\t\t\t<span class=\"elementor-button-text\">Non-Osseointegration Documentation Sheet  2025 <sup>*<\/sup><\/span>\n\t\t\t\t\t<\/span>\n\t\t\t\t\t<\/a>\n\t\t\t\t<\/div>\n\t\t\t\t\t\t\t\t<\/div>\n\t\t\t\t<\/div>\n\t\t\t\t\t<\/div>\n\t\t<\/div>\n\t\t\t\t\t<\/div>\n\t\t<\/section>\n\t\t\t\t\t<\/div>\n\t\t<\/div>\n\t\t\t\t\t<\/div>\n\t\t<\/section>\n\t\t\t\t<\/div>\n\t\t","protected":false},"excerpt":{"rendered":"<p>M\u00f6chten Sie etwas zur\u00fcckschicken? Wenn Sie mit Ihrem Einkauf nicht 100 %ig zufrieden sind ist es m\u00f6glich, die Ware zur\u00fcck zu schicken, diese aus- oder umzutauschen oder gegebenenfalls eine Gutschrift zu erhalten. *Einfach digital ausf\u00fcllen, ausdrucken und der Ware beilegen Retourenschein bredent-medical Non-Osseointegration Documentation Sheet 2025 *<\/p>\n","protected":false},"author":2,"featured_media":0,"parent":12311,"menu_order":5,"comment_status":"closed","ping_status":"closed","template":"","meta":{"footnotes":""},"class_list":["post-15420","page","type-page","status-publish","hentry"],"yoast_head":"<!-- This site is optimized with the Yoast SEO plugin v27.3 - https:\/\/yoast.com\/product\/yoast-seo-wordpress\/ -->\n<title>Retourenschein -<\/title>\n<meta name=\"description\" content=\"M\u00f6chten Sie etwas zur\u00fcckschicken? Wenn Sie mit Ihrem Einkauf nicht 100 %ig zufrieden sind ist es m\u00f6glich, die Ware zur\u00fcck zu schicken, diese aus- oder\" \/>\n<meta name=\"robots\" content=\"index, follow, max-snippet:-1, max-image-preview:large, max-video-preview:-1\" \/>\n<link rel=\"canonical\" href=\"https:\/\/www.bredent-implants.com\/de\/medien-services\/retourenschein\/\" \/>\n<meta property=\"og:locale\" content=\"de_DE\" \/>\n<meta property=\"og:type\" content=\"article\" \/>\n<meta property=\"og:title\" content=\"Retourenschein -\" \/>\n<meta property=\"og:description\" content=\"M\u00f6chten Sie etwas zur\u00fcckschicken? Wenn Sie mit Ihrem Einkauf nicht 100 %ig zufrieden sind ist es m\u00f6glich, die Ware zur\u00fcck zu schicken, diese aus- oder\" \/>\n<meta property=\"og:url\" content=\"https:\/\/www.bredent-implants.com\/de\/medien-services\/retourenschein\/\" \/>\n<meta property=\"article:publisher\" content=\"https:\/\/www.facebook.com\/bredent-group-International-766435650174845\/?ref=bookmarks\" \/>\n<meta property=\"article:modified_time\" content=\"2025-09-22T12:51:15+00:00\" \/>\n<meta property=\"og:image\" content=\"https:\/\/www.bredent-implants.com\/wp-content\/uploads\/2020\/10\/return-order-guy.jpg\" \/>\n<meta name=\"twitter:card\" content=\"summary_large_image\" \/>\n<meta name=\"twitter:label1\" content=\"Gesch\u00e4tzte Lesezeit\" \/>\n\t<meta name=\"twitter:data1\" content=\"1\u00a0Minute\" \/>\n<script type=\"application\/ld+json\" class=\"yoast-schema-graph\">{\"@context\":\"https:\\\/\\\/schema.org\",\"@graph\":[{\"@type\":\"WebPage\",\"@id\":\"https:\\\/\\\/www.bredent-implants.com\\\/de\\\/medien-services\\\/retourenschein\\\/\",\"url\":\"https:\\\/\\\/www.bredent-implants.com\\\/de\\\/medien-services\\\/retourenschein\\\/\",\"name\":\"Retourenschein -\",\"isPartOf\":{\"@id\":\"https:\\\/\\\/www.bredent-implants.com\\\/de\\\/#website\"},\"primaryImageOfPage\":{\"@id\":\"https:\\\/\\\/www.bredent-implants.com\\\/de\\\/medien-services\\\/retourenschein\\\/#primaryimage\"},\"image\":{\"@id\":\"https:\\\/\\\/www.bredent-implants.com\\\/de\\\/medien-services\\\/retourenschein\\\/#primaryimage\"},\"thumbnailUrl\":\"https:\\\/\\\/www.bredent-implants.com\\\/wp-content\\\/uploads\\\/2020\\\/10\\\/return-order-guy.jpg\",\"datePublished\":\"2019-12-06T08:25:04+00:00\",\"dateModified\":\"2025-09-22T12:51:15+00:00\",\"description\":\"M\u00f6chten Sie etwas zur\u00fcckschicken? Wenn Sie mit Ihrem Einkauf nicht 100 %ig zufrieden sind ist es m\u00f6glich, die Ware zur\u00fcck zu schicken, diese aus- oder\",\"breadcrumb\":{\"@id\":\"https:\\\/\\\/www.bredent-implants.com\\\/de\\\/medien-services\\\/retourenschein\\\/#breadcrumb\"},\"inLanguage\":\"de\",\"potentialAction\":[{\"@type\":\"ReadAction\",\"target\":[\"https:\\\/\\\/www.bredent-implants.com\\\/de\\\/medien-services\\\/retourenschein\\\/\"]}]},{\"@type\":\"ImageObject\",\"inLanguage\":\"de\",\"@id\":\"https:\\\/\\\/www.bredent-implants.com\\\/de\\\/medien-services\\\/retourenschein\\\/#primaryimage\",\"url\":\"https:\\\/\\\/www.bredent-implants.com\\\/wp-content\\\/uploads\\\/2020\\\/10\\\/return-order-guy.jpg\",\"contentUrl\":\"https:\\\/\\\/www.bredent-implants.com\\\/wp-content\\\/uploads\\\/2020\\\/10\\\/return-order-guy.jpg\"},{\"@type\":\"BreadcrumbList\",\"@id\":\"https:\\\/\\\/www.bredent-implants.com\\\/de\\\/medien-services\\\/retourenschein\\\/#breadcrumb\",\"itemListElement\":[{\"@type\":\"ListItem\",\"position\":1,\"name\":\"Home\",\"item\":\"https:\\\/\\\/www.bredent-implants.com\\\/de\\\/\"},{\"@type\":\"ListItem\",\"position\":2,\"name\":\"Medien &#038; Services\",\"item\":\"https:\\\/\\\/www.bredent-implants.com\\\/de\\\/medien-services\\\/\"},{\"@type\":\"ListItem\",\"position\":3,\"name\":\"Retourenschein\"}]},{\"@type\":\"WebSite\",\"@id\":\"https:\\\/\\\/www.bredent-implants.com\\\/de\\\/#website\",\"url\":\"https:\\\/\\\/www.bredent-implants.com\\\/de\\\/\",\"name\":\"\",\"description\":\"bredent medical implants\",\"publisher\":{\"@id\":\"https:\\\/\\\/www.bredent-implants.com\\\/de\\\/#organization\"},\"potentialAction\":[{\"@type\":\"SearchAction\",\"target\":{\"@type\":\"EntryPoint\",\"urlTemplate\":\"https:\\\/\\\/www.bredent-implants.com\\\/de\\\/?s={search_term_string}\"},\"query-input\":{\"@type\":\"PropertyValueSpecification\",\"valueRequired\":true,\"valueName\":\"search_term_string\"}}],\"inLanguage\":\"de\"},{\"@type\":\"Organization\",\"@id\":\"https:\\\/\\\/www.bredent-implants.com\\\/de\\\/#organization\",\"name\":\"bredent GmbH & Co.KG\",\"url\":\"https:\\\/\\\/www.bredent-implants.com\\\/de\\\/\",\"logo\":{\"@type\":\"ImageObject\",\"inLanguage\":\"de\",\"@id\":\"https:\\\/\\\/www.bredent-implants.com\\\/de\\\/#\\\/schema\\\/logo\\\/image\\\/\",\"url\":\"https:\\\/\\\/www.bredent-implants.com\\\/wp-content\\\/uploads\\\/2019\\\/03\\\/bredent-group-Black-Logo-PNG-file.png\",\"contentUrl\":\"https:\\\/\\\/www.bredent-implants.com\\\/wp-content\\\/uploads\\\/2019\\\/03\\\/bredent-group-Black-Logo-PNG-file.png\",\"width\":1579,\"height\":330,\"caption\":\"bredent GmbH & Co.KG\"},\"image\":{\"@id\":\"https:\\\/\\\/www.bredent-implants.com\\\/de\\\/#\\\/schema\\\/logo\\\/image\\\/\"},\"sameAs\":[\"https:\\\/\\\/www.facebook.com\\\/bredent-group-International-766435650174845\\\/?ref=bookmarks\",\"https:\\\/\\\/www.youtube.com\\\/user\\\/bredentgroup\"]}]}<\/script>\n<!-- \/ Yoast SEO plugin. -->","yoast_head_json":{"title":"Retourenschein -","description":"M\u00f6chten Sie etwas zur\u00fcckschicken? Wenn Sie mit Ihrem Einkauf nicht 100 %ig zufrieden sind ist es m\u00f6glich, die Ware zur\u00fcck zu schicken, diese aus- oder","robots":{"index":"index","follow":"follow","max-snippet":"max-snippet:-1","max-image-preview":"max-image-preview:large","max-video-preview":"max-video-preview:-1"},"canonical":"https:\/\/www.bredent-implants.com\/de\/medien-services\/retourenschein\/","og_locale":"de_DE","og_type":"article","og_title":"Retourenschein -","og_description":"M\u00f6chten Sie etwas zur\u00fcckschicken? Wenn Sie mit Ihrem Einkauf nicht 100 %ig zufrieden sind ist es m\u00f6glich, die Ware zur\u00fcck zu schicken, diese aus- oder","og_url":"https:\/\/www.bredent-implants.com\/de\/medien-services\/retourenschein\/","article_publisher":"https:\/\/www.facebook.com\/bredent-group-International-766435650174845\/?ref=bookmarks","article_modified_time":"2025-09-22T12:51:15+00:00","og_image":[{"url":"https:\/\/www.bredent-implants.com\/wp-content\/uploads\/2020\/10\/return-order-guy.jpg","type":"","width":"","height":""}],"twitter_card":"summary_large_image","twitter_misc":{"Gesch\u00e4tzte Lesezeit":"1\u00a0Minute"},"schema":{"@context":"https:\/\/schema.org","@graph":[{"@type":"WebPage","@id":"https:\/\/www.bredent-implants.com\/de\/medien-services\/retourenschein\/","url":"https:\/\/www.bredent-implants.com\/de\/medien-services\/retourenschein\/","name":"Retourenschein -","isPartOf":{"@id":"https:\/\/www.bredent-implants.com\/de\/#website"},"primaryImageOfPage":{"@id":"https:\/\/www.bredent-implants.com\/de\/medien-services\/retourenschein\/#primaryimage"},"image":{"@id":"https:\/\/www.bredent-implants.com\/de\/medien-services\/retourenschein\/#primaryimage"},"thumbnailUrl":"https:\/\/www.bredent-implants.com\/wp-content\/uploads\/2020\/10\/return-order-guy.jpg","datePublished":"2019-12-06T08:25:04+00:00","dateModified":"2025-09-22T12:51:15+00:00","description":"M\u00f6chten Sie etwas zur\u00fcckschicken? Wenn Sie mit Ihrem Einkauf nicht 100 %ig zufrieden sind ist es m\u00f6glich, die Ware zur\u00fcck zu schicken, diese aus- oder","breadcrumb":{"@id":"https:\/\/www.bredent-implants.com\/de\/medien-services\/retourenschein\/#breadcrumb"},"inLanguage":"de","potentialAction":[{"@type":"ReadAction","target":["https:\/\/www.bredent-implants.com\/de\/medien-services\/retourenschein\/"]}]},{"@type":"ImageObject","inLanguage":"de","@id":"https:\/\/www.bredent-implants.com\/de\/medien-services\/retourenschein\/#primaryimage","url":"https:\/\/www.bredent-implants.com\/wp-content\/uploads\/2020\/10\/return-order-guy.jpg","contentUrl":"https:\/\/www.bredent-implants.com\/wp-content\/uploads\/2020\/10\/return-order-guy.jpg"},{"@type":"BreadcrumbList","@id":"https:\/\/www.bredent-implants.com\/de\/medien-services\/retourenschein\/#breadcrumb","itemListElement":[{"@type":"ListItem","position":1,"name":"Home","item":"https:\/\/www.bredent-implants.com\/de\/"},{"@type":"ListItem","position":2,"name":"Medien &#038; Services","item":"https:\/\/www.bredent-implants.com\/de\/medien-services\/"},{"@type":"ListItem","position":3,"name":"Retourenschein"}]},{"@type":"WebSite","@id":"https:\/\/www.bredent-implants.com\/de\/#website","url":"https:\/\/www.bredent-implants.com\/de\/","name":"","description":"bredent medical implants","publisher":{"@id":"https:\/\/www.bredent-implants.com\/de\/#organization"},"potentialAction":[{"@type":"SearchAction","target":{"@type":"EntryPoint","urlTemplate":"https:\/\/www.bredent-implants.com\/de\/?s={search_term_string}"},"query-input":{"@type":"PropertyValueSpecification","valueRequired":true,"valueName":"search_term_string"}}],"inLanguage":"de"},{"@type":"Organization","@id":"https:\/\/www.bredent-implants.com\/de\/#organization","name":"bredent GmbH & Co.KG","url":"https:\/\/www.bredent-implants.com\/de\/","logo":{"@type":"ImageObject","inLanguage":"de","@id":"https:\/\/www.bredent-implants.com\/de\/#\/schema\/logo\/image\/","url":"https:\/\/www.bredent-implants.com\/wp-content\/uploads\/2019\/03\/bredent-group-Black-Logo-PNG-file.png","contentUrl":"https:\/\/www.bredent-implants.com\/wp-content\/uploads\/2019\/03\/bredent-group-Black-Logo-PNG-file.png","width":1579,"height":330,"caption":"bredent GmbH & Co.KG"},"image":{"@id":"https:\/\/www.bredent-implants.com\/de\/#\/schema\/logo\/image\/"},"sameAs":["https:\/\/www.facebook.com\/bredent-group-International-766435650174845\/?ref=bookmarks","https:\/\/www.youtube.com\/user\/bredentgroup"]}]}},"_links":{"self":[{"href":"https:\/\/www.bredent-implants.com\/de\/wp-json\/wp\/v2\/pages\/15420","targetHints":{"allow":["GET"]}}],"collection":[{"href":"https:\/\/www.bredent-implants.com\/de\/wp-json\/wp\/v2\/pages"}],"about":[{"href":"https:\/\/www.bredent-implants.com\/de\/wp-json\/wp\/v2\/types\/page"}],"author":[{"embeddable":true,"href":"https:\/\/www.bredent-implants.com\/de\/wp-json\/wp\/v2\/users\/2"}],"replies":[{"embeddable":true,"href":"https:\/\/www.bredent-implants.com\/de\/wp-json\/wp\/v2\/comments?post=15420"}],"version-history":[{"count":6,"href":"https:\/\/www.bredent-implants.com\/de\/wp-json\/wp\/v2\/pages\/15420\/revisions"}],"predecessor-version":[{"id":83444,"href":"https:\/\/www.bredent-implants.com\/de\/wp-json\/wp\/v2\/pages\/15420\/revisions\/83444"}],"up":[{"embeddable":true,"href":"https:\/\/www.bredent-implants.com\/de\/wp-json\/wp\/v2\/pages\/12311"}],"wp:attachment":[{"href":"https:\/\/www.bredent-implants.com\/de\/wp-json\/wp\/v2\/media?parent=15420"}],"curies":[{"name":"wp","href":"https:\/\/api.w.org\/{rel}","templated":true}]}}