{"id":12066,"date":"2019-09-17T09:08:09","date_gmt":"2019-09-17T09:08:09","guid":{"rendered":"https:\/\/www.bredent-implants.com\/?page_id=12066"},"modified":"2025-05-20T14:14:02","modified_gmt":"2025-05-20T12:14:02","slug":"full-range-driver-kit-universelles-schraubendreher-set","status":"publish","type":"page","link":"https:\/\/www.bredent-implants.com\/de\/produkte-losungen\/werkzeuge\/full-range-driver-kit-universelles-schraubendreher-set\/","title":{"rendered":"Full Range Driver Kit &#8211; Universelles Schraubendreher-Set"},"content":{"rendered":"\t\t<div data-elementor-type=\"wp-post\" data-elementor-id=\"12066\" class=\"elementor elementor-12066 elementor-1220\" data-elementor-post-type=\"page\">\n\t\t\t\t\t\t<section class=\"elementor-section elementor-top-section elementor-element elementor-element-b788f94 elementor-section-height-min-height elementor-section-boxed elementor-section-height-default elementor-section-items-middle\" data-id=\"b788f94\" data-element_type=\"section\" data-e-type=\"section\" data-settings=\"{&quot;background_background&quot;:&quot;classic&quot;}\">\n\t\t\t\t\t\t<div class=\"elementor-container elementor-column-gap-default\">\n\t\t\t\t\t<div class=\"elementor-column elementor-col-100 elementor-top-column elementor-element elementor-element-939cb95\" data-id=\"939cb95\" data-element_type=\"column\" data-e-type=\"column\">\n\t\t\t<div class=\"elementor-widget-wrap elementor-element-populated\">\n\t\t\t\t\t\t<div class=\"elementor-element elementor-element-48ae6cd elementor-widget elementor-widget-breadcrumbs\" data-id=\"48ae6cd\" data-element_type=\"widget\" data-e-type=\"widget\" data-widget_type=\"breadcrumbs.default\">\n\t\t\t\t<div class=\"elementor-widget-container\">\n\t\t\t\t\t<p id=\"breadcrumbs\"><span><span><a href=\"https:\/\/www.bredent-implants.com\/de\/\">Home<\/a><\/span><\/span><\/p>\t\t\t\t<\/div>\n\t\t\t\t<\/div>\n\t\t\t\t\t<\/div>\n\t\t<\/div>\n\t\t\t\t\t<\/div>\n\t\t<\/section>\n\t\t\t\t<section class=\"elementor-section elementor-top-section elementor-element elementor-element-95b40de elementor-section-height-min-height elementor-section-stretched elementor-reverse-mobile elementor-section-boxed elementor-section-height-default elementor-section-items-middle\" data-id=\"95b40de\" data-element_type=\"section\" data-e-type=\"section\" data-settings=\"{&quot;background_background&quot;:&quot;classic&quot;,&quot;stretch_section&quot;:&quot;section-stretched&quot;}\">\n\t\t\t\t\t\t<div class=\"elementor-container elementor-column-gap-default\">\n\t\t\t\t\t<div class=\"elementor-column elementor-col-50 elementor-top-column elementor-element elementor-element-5edf7d8 elementor-invisible\" data-id=\"5edf7d8\" data-element_type=\"column\" data-e-type=\"column\" data-settings=\"{&quot;animation&quot;:&quot;zoomIn&quot;,&quot;animation_delay&quot;:200}\">\n\t\t\t<div class=\"elementor-widget-wrap elementor-element-populated\">\n\t\t\t\t<div class=\"elementor-element elementor-element-2f69d5c e-flex e-con-boxed e-con e-parent\" data-id=\"2f69d5c\" data-element_type=\"container\" data-e-type=\"container\" data-settings=\"{&quot;background_background&quot;:&quot;classic&quot;}\">\n\t\t\t\t\t<div class=\"e-con-inner\">\n\t\t\t\t<div class=\"elementor-element elementor-element-f682130 elementor-widget elementor-widget-heading\" data-id=\"f682130\" data-element_type=\"widget\" data-e-type=\"widget\" data-widget_type=\"heading.default\">\n\t\t\t\t<div class=\"elementor-widget-container\">\n\t\t\t\t\t<h2 class=\"elementor-heading-title elementor-size-default\">Full Range Driver-Kit<\/h2>\t\t\t\t<\/div>\n\t\t\t\t<\/div>\n\t\t\t\t<div class=\"elementor-element elementor-element-e329a87 elementor-widget elementor-widget-heading\" data-id=\"e329a87\" data-element_type=\"widget\" data-e-type=\"widget\" data-widget_type=\"heading.default\">\n\t\t\t\t<div class=\"elementor-widget-container\">\n\t\t\t\t\t<h1 class=\"elementor-heading-title elementor-size-default\">Universelles Schraubendreher-Set<\/h1>\t\t\t\t<\/div>\n\t\t\t\t<\/div>\n\t\t\t\t\t<\/div>\n\t\t\t\t<\/div>\n\t\t\t\t\t<\/div>\n\t\t<\/div>\n\t\t\t\t<div class=\"elementor-column elementor-col-50 elementor-top-column elementor-element elementor-element-70bb60c\" data-id=\"70bb60c\" data-element_type=\"column\" data-e-type=\"column\">\n\t\t\t<div class=\"elementor-widget-wrap elementor-element-populated\">\n\t\t\t\t\t\t<div class=\"elementor-element elementor-element-e08da4e elementor-widget elementor-widget-image\" data-id=\"e08da4e\" data-element_type=\"widget\" data-e-type=\"widget\" data-widget_type=\"image.default\">\n\t\t\t\t<div class=\"elementor-widget-container\">\n\t\t\t\t\t\t\t\t\t\t\t\t\t\t\t<img fetchpriority=\"high\" decoding=\"async\" width=\"1200\" height=\"1338\" src=\"https:\/\/www.bredent-implants.com\/wp-content\/uploads\/2025\/05\/Full-range-drive-kit-cover-bredent-medical.jpg\" class=\"attachment-full size-full wp-image-79441\" alt=\"\" \/>\t\t\t\t\t\t\t\t\t\t\t\t\t\t\t<\/div>\n\t\t\t\t<\/div>\n\t\t\t\t\t<\/div>\n\t\t<\/div>\n\t\t\t\t\t<\/div>\n\t\t<\/section>\n\t\t<div class=\"elementor-element elementor-element-5041aa4 e-flex e-con-boxed e-con e-parent\" data-id=\"5041aa4\" data-element_type=\"container\" data-e-type=\"container\">\n\t\t\t\t\t<div class=\"e-con-inner\">\n\t\t<div class=\"elementor-element elementor-element-dfc4418 e-con-full e-flex e-con e-child\" data-id=\"dfc4418\" data-element_type=\"container\" data-e-type=\"container\" data-settings=\"{&quot;background_background&quot;:&quot;classic&quot;}\">\n\t\t<div class=\"elementor-element elementor-element-0306191 e-con-full e-flex e-con e-child\" data-id=\"0306191\" data-element_type=\"container\" data-e-type=\"container\" data-settings=\"{&quot;background_background&quot;:&quot;classic&quot;}\">\n\t\t<div class=\"elementor-element elementor-element-94c2033 e-con-full e-flex e-con e-child\" data-id=\"94c2033\" data-element_type=\"container\" data-e-type=\"container\">\n\t\t<div class=\"elementor-element elementor-element-4c0a92b e-con-full e-flex e-con e-child\" data-id=\"4c0a92b\" data-element_type=\"container\" data-e-type=\"container\">\n\t\t\t\t<div class=\"elementor-element elementor-element-e0a63ed elementor-widget elementor-widget-image\" data-id=\"e0a63ed\" data-element_type=\"widget\" data-e-type=\"widget\" data-widget_type=\"image.default\">\n\t\t\t\t<div class=\"elementor-widget-container\">\n\t\t\t\t\t\t\t\t\t\t\t\t\t\t\t<img decoding=\"async\" width=\"823\" height=\"1200\" src=\"https:\/\/www.bredent-implants.com\/wp-content\/uploads\/2025\/05\/Full-range-drive-kit-open-bredent-medical.jpg\" class=\"attachment-full size-full wp-image-79433\" alt=\"\" \/>\t\t\t\t\t\t\t\t\t\t\t\t\t\t\t<\/div>\n\t\t\t\t<\/div>\n\t\t\t\t<\/div>\n\t\t<div class=\"elementor-element elementor-element-5ebf7f0 e-con-full e-flex e-con e-child\" data-id=\"5ebf7f0\" data-element_type=\"container\" data-e-type=\"container\">\n\t\t\t\t<div class=\"elementor-element elementor-element-e1e3c47 elementor-widget elementor-widget-heading\" data-id=\"e1e3c47\" data-element_type=\"widget\" data-e-type=\"widget\" data-widget_type=\"heading.default\">\n\t\t\t\t<div class=\"elementor-widget-container\">\n\t\t\t\t\t<h2 class=\"elementor-heading-title elementor-size-default\">Ein Prothetiktray f\u00fcr alle SKY Systeme<\/h2>\t\t\t\t<\/div>\n\t\t\t\t<\/div>\n\t\t\t\t<div class=\"elementor-element elementor-element-ec3c723 elementor-widget elementor-widget-text-editor\" data-id=\"ec3c723\" data-element_type=\"widget\" data-e-type=\"widget\" data-widget_type=\"text-editor.default\">\n\t\t\t\t<div class=\"elementor-widget-container\">\n\t\t\t\t\t\t\t\t\t<p><span data-olk-copy-source=\"MessageBody\">Das Full Range Driver Kit enth\u00e4lt die Prothetikschl\u00fcssel f\u00fcr das copaSKY und SKY System sowie die SKY Ratsche. Das Tray kann maschinell gereinigt werden und erf\u00fcllt daher alle Hygienevorschriften. <\/span><\/p>\n<p><span data-olk-copy-source=\"MessageBody\">Das Tray bietet eine \u00fcbersichtliche Anordnung der Produkte und zus\u00e4tzlich Platz f\u00fcr weitere Instrumente wie Schraubendreher, Adapter etc.<\/span><\/p>\n\t\t\t\t\t\t\t\t<\/div>\n\t\t\t\t<\/div>\n\t\t\t\t<\/div>\n\t\t\t\t<\/div>\n\t\t\t\t<\/div>\n\t\t\t\t<\/div>\n\t\t\t\t\t<\/div>\n\t\t\t\t<\/div>\n\t\t<div class=\"elementor-element elementor-element-cba5f23 e-flex e-con-boxed e-con e-parent\" data-id=\"cba5f23\" data-element_type=\"container\" data-e-type=\"container\">\n\t\t\t\t\t<div class=\"e-con-inner\">\n\t\t<div class=\"elementor-element elementor-element-a95cd63 e-con-full e-flex e-con e-child\" data-id=\"a95cd63\" data-element_type=\"container\" data-e-type=\"container\" data-settings=\"{&quot;background_background&quot;:&quot;classic&quot;}\">\n\t\t<div class=\"elementor-element elementor-element-5c54147 e-con-full e-flex e-con e-child\" data-id=\"5c54147\" data-element_type=\"container\" data-e-type=\"container\" data-settings=\"{&quot;background_background&quot;:&quot;classic&quot;}\">\n\t\t\t\t<div class=\"elementor-element elementor-element-bc38a29 elementor-widget elementor-widget-image\" data-id=\"bc38a29\" data-element_type=\"widget\" data-e-type=\"widget\" data-widget_type=\"image.default\">\n\t\t\t\t<div class=\"elementor-widget-container\">\n\t\t\t\t\t\t\t\t\t\t\t\t\t\t\t<img decoding=\"async\" width=\"706\" height=\"600\" src=\"https:\/\/www.bredent-implants.com\/wp-content\/uploads\/2025\/05\/Thermo-Disinfector-full-range-driver-kit-bredent-medical.png\" class=\"attachment-full size-full wp-image-79457\" alt=\"\" \/>\t\t\t\t\t\t\t\t\t\t\t\t\t\t\t<\/div>\n\t\t\t\t<\/div>\n\t\t\t\t<\/div>\n\t\t\t\t<\/div>\n\t\t\t\t\t<\/div>\n\t\t\t\t<\/div>\n\t\t\t\t<\/div>\n\t\t","protected":false},"excerpt":{"rendered":"<p>Full Range Driver-Kit Universelles Schraubendreher-Set Ein Prothetiktray f\u00fcr alle SKY Systeme Das Full Range Driver Kit enth\u00e4lt die Prothetikschl\u00fcssel f\u00fcr das copaSKY und SKY System sowie die SKY Ratsche. Das Tray kann maschinell gereinigt werden und erf\u00fcllt daher alle Hygienevorschriften. Das Tray bietet eine \u00fcbersichtliche Anordnung der Produkte und zus\u00e4tzlich Platz f\u00fcr weitere Instrumente wie [&hellip;]<\/p>\n","protected":false},"author":2,"featured_media":12067,"parent":12036,"menu_order":2,"comment_status":"closed","ping_status":"closed","template":"elementor_header_footer","meta":{"footnotes":""},"class_list":["post-12066","page","type-page","status-publish","has-post-thumbnail","hentry"],"yoast_head":"<!-- This site is optimized with the Yoast SEO plugin v27.2 - https:\/\/yoast.com\/product\/yoast-seo-wordpress\/ -->\n<title>Full Range Driver Kit - Universelles Schraubendreher-Set -<\/title>\n<meta name=\"description\" content=\"One compact screwdriver set for all common implant system. The kit is a new version of the bredent group\u2019s successful screwdriver set.\" \/>\n<meta name=\"robots\" content=\"index, follow, max-snippet:-1, max-image-preview:large, max-video-preview:-1\" \/>\n<link rel=\"canonical\" href=\"https:\/\/www.bredent-implants.com\/de\/produkte-losungen\/werkzeuge\/full-range-driver-kit-universelles-schraubendreher-set\/\" \/>\n<meta property=\"og:locale\" content=\"de_DE\" \/>\n<meta property=\"og:type\" content=\"article\" \/>\n<meta property=\"og:title\" content=\"Full Range Driver Kit - Universelles Schraubendreher-Set -\" \/>\n<meta property=\"og:description\" content=\"One compact screwdriver set for all common implant system. The kit is a new version of the bredent group\u2019s successful screwdriver set.\" \/>\n<meta property=\"og:url\" content=\"https:\/\/www.bredent-implants.com\/de\/produkte-losungen\/werkzeuge\/full-range-driver-kit-universelles-schraubendreher-set\/\" \/>\n<meta property=\"article:publisher\" content=\"https:\/\/www.facebook.com\/bredent-group-International-766435650174845\/?ref=bookmarks\" \/>\n<meta property=\"article:modified_time\" content=\"2025-05-20T12:14:02+00:00\" \/>\n<meta property=\"og:image\" content=\"https:\/\/www.bredent-implants.com\/wp-content\/uploads\/2019\/03\/FullRangeDriverKit_cover-web.png\" \/>\n\t<meta property=\"og:image:width\" content=\"800\" \/>\n\t<meta property=\"og:image:height\" content=\"784\" \/>\n\t<meta property=\"og:image:type\" content=\"image\/png\" \/>\n<meta name=\"twitter:card\" content=\"summary_large_image\" \/>\n<meta name=\"twitter:label1\" content=\"Gesch\u00e4tzte Lesezeit\" \/>\n\t<meta name=\"twitter:data1\" content=\"2\u00a0Minuten\" \/>\n<script type=\"application\/ld+json\" class=\"yoast-schema-graph\">{\"@context\":\"https:\/\/schema.org\",\"@graph\":[{\"@type\":\"WebPage\",\"@id\":\"https:\/\/www.bredent-implants.com\/de\/produkte-losungen\/werkzeuge\/full-range-driver-kit-universelles-schraubendreher-set\/\",\"url\":\"https:\/\/www.bredent-implants.com\/de\/produkte-losungen\/werkzeuge\/full-range-driver-kit-universelles-schraubendreher-set\/\",\"name\":\"Full Range Driver Kit - Universelles Schraubendreher-Set -\",\"isPartOf\":{\"@id\":\"https:\/\/www.bredent-implants.com\/de\/#website\"},\"primaryImageOfPage\":{\"@id\":\"https:\/\/www.bredent-implants.com\/de\/produkte-losungen\/werkzeuge\/full-range-driver-kit-universelles-schraubendreher-set\/#primaryimage\"},\"image\":{\"@id\":\"https:\/\/www.bredent-implants.com\/de\/produkte-losungen\/werkzeuge\/full-range-driver-kit-universelles-schraubendreher-set\/#primaryimage\"},\"thumbnailUrl\":\"https:\/\/www.bredent-implants.com\/wp-content\/uploads\/2019\/03\/FullRangeDriverKit_cover-web.png\",\"datePublished\":\"2019-09-17T09:08:09+00:00\",\"dateModified\":\"2025-05-20T12:14:02+00:00\",\"description\":\"One compact screwdriver set for all common implant system. The kit is a new version of the bredent group\u2019s successful screwdriver set.\",\"breadcrumb\":{\"@id\":\"https:\/\/www.bredent-implants.com\/de\/produkte-losungen\/werkzeuge\/full-range-driver-kit-universelles-schraubendreher-set\/#breadcrumb\"},\"inLanguage\":\"de\",\"potentialAction\":[{\"@type\":\"ReadAction\",\"target\":[\"https:\/\/www.bredent-implants.com\/de\/produkte-losungen\/werkzeuge\/full-range-driver-kit-universelles-schraubendreher-set\/\"]}]},{\"@type\":\"ImageObject\",\"inLanguage\":\"de\",\"@id\":\"https:\/\/www.bredent-implants.com\/de\/produkte-losungen\/werkzeuge\/full-range-driver-kit-universelles-schraubendreher-set\/#primaryimage\",\"url\":\"https:\/\/www.bredent-implants.com\/wp-content\/uploads\/2019\/03\/FullRangeDriverKit_cover-web.png\",\"contentUrl\":\"https:\/\/www.bredent-implants.com\/wp-content\/uploads\/2019\/03\/FullRangeDriverKit_cover-web.png\",\"width\":800,\"height\":784,\"caption\":\"Full Range Driver-Kit by bredent-medical\"},{\"@type\":\"BreadcrumbList\",\"@id\":\"https:\/\/www.bredent-implants.com\/de\/produkte-losungen\/werkzeuge\/full-range-driver-kit-universelles-schraubendreher-set\/#breadcrumb\",\"itemListElement\":[{\"@type\":\"ListItem\",\"position\":1,\"name\":\"Home\",\"item\":\"https:\/\/www.bredent-implants.com\/de\/\"},{\"@type\":\"ListItem\",\"position\":2,\"name\":\"Produkte &#038; L\u00f6sungen\",\"item\":\"https:\/\/www.bredent-implants.com\/de\/produkte-losungen\/\"},{\"@type\":\"ListItem\",\"position\":3,\"name\":\"Werkzeuge\",\"item\":\"https:\/\/www.bredent-implants.com\/de\/produkte-losungen\/werkzeuge\/\"},{\"@type\":\"ListItem\",\"position\":4,\"name\":\"Full Range Driver Kit &#8211; Universelles Schraubendreher-Set\"}]},{\"@type\":\"WebSite\",\"@id\":\"https:\/\/www.bredent-implants.com\/de\/#website\",\"url\":\"https:\/\/www.bredent-implants.com\/de\/\",\"name\":\"\",\"description\":\"bredent medical implants\",\"publisher\":{\"@id\":\"https:\/\/www.bredent-implants.com\/de\/#organization\"},\"potentialAction\":[{\"@type\":\"SearchAction\",\"target\":{\"@type\":\"EntryPoint\",\"urlTemplate\":\"https:\/\/www.bredent-implants.com\/de\/?s={search_term_string}\"},\"query-input\":{\"@type\":\"PropertyValueSpecification\",\"valueRequired\":true,\"valueName\":\"search_term_string\"}}],\"inLanguage\":\"de\"},{\"@type\":\"Organization\",\"@id\":\"https:\/\/www.bredent-implants.com\/de\/#organization\",\"name\":\"bredent GmbH & Co.KG\",\"url\":\"https:\/\/www.bredent-implants.com\/de\/\",\"logo\":{\"@type\":\"ImageObject\",\"inLanguage\":\"de\",\"@id\":\"https:\/\/www.bredent-implants.com\/de\/#\/schema\/logo\/image\/\",\"url\":\"https:\/\/www.bredent-implants.com\/wp-content\/uploads\/2019\/03\/bredent-group-Black-Logo-PNG-file.png\",\"contentUrl\":\"https:\/\/www.bredent-implants.com\/wp-content\/uploads\/2019\/03\/bredent-group-Black-Logo-PNG-file.png\",\"width\":1579,\"height\":330,\"caption\":\"bredent GmbH & Co.KG\"},\"image\":{\"@id\":\"https:\/\/www.bredent-implants.com\/de\/#\/schema\/logo\/image\/\"},\"sameAs\":[\"https:\/\/www.facebook.com\/bredent-group-International-766435650174845\/?ref=bookmarks\",\"https:\/\/www.youtube.com\/user\/bredentgroup\"]}]}<\/script>\n<!-- \/ Yoast SEO plugin. -->","yoast_head_json":{"title":"Full Range Driver Kit - Universelles Schraubendreher-Set -","description":"One compact screwdriver set for all common implant system. The kit is a new version of the bredent group\u2019s successful screwdriver set.","robots":{"index":"index","follow":"follow","max-snippet":"max-snippet:-1","max-image-preview":"max-image-preview:large","max-video-preview":"max-video-preview:-1"},"canonical":"https:\/\/www.bredent-implants.com\/de\/produkte-losungen\/werkzeuge\/full-range-driver-kit-universelles-schraubendreher-set\/","og_locale":"de_DE","og_type":"article","og_title":"Full Range Driver Kit - Universelles Schraubendreher-Set -","og_description":"One compact screwdriver set for all common implant system. The kit is a new version of the bredent group\u2019s successful screwdriver set.","og_url":"https:\/\/www.bredent-implants.com\/de\/produkte-losungen\/werkzeuge\/full-range-driver-kit-universelles-schraubendreher-set\/","article_publisher":"https:\/\/www.facebook.com\/bredent-group-International-766435650174845\/?ref=bookmarks","article_modified_time":"2025-05-20T12:14:02+00:00","og_image":[{"width":800,"height":784,"url":"https:\/\/www.bredent-implants.com\/wp-content\/uploads\/2019\/03\/FullRangeDriverKit_cover-web.png","type":"image\/png"}],"twitter_card":"summary_large_image","twitter_misc":{"Gesch\u00e4tzte Lesezeit":"2\u00a0Minuten"},"schema":{"@context":"https:\/\/schema.org","@graph":[{"@type":"WebPage","@id":"https:\/\/www.bredent-implants.com\/de\/produkte-losungen\/werkzeuge\/full-range-driver-kit-universelles-schraubendreher-set\/","url":"https:\/\/www.bredent-implants.com\/de\/produkte-losungen\/werkzeuge\/full-range-driver-kit-universelles-schraubendreher-set\/","name":"Full Range Driver Kit - Universelles Schraubendreher-Set -","isPartOf":{"@id":"https:\/\/www.bredent-implants.com\/de\/#website"},"primaryImageOfPage":{"@id":"https:\/\/www.bredent-implants.com\/de\/produkte-losungen\/werkzeuge\/full-range-driver-kit-universelles-schraubendreher-set\/#primaryimage"},"image":{"@id":"https:\/\/www.bredent-implants.com\/de\/produkte-losungen\/werkzeuge\/full-range-driver-kit-universelles-schraubendreher-set\/#primaryimage"},"thumbnailUrl":"https:\/\/www.bredent-implants.com\/wp-content\/uploads\/2019\/03\/FullRangeDriverKit_cover-web.png","datePublished":"2019-09-17T09:08:09+00:00","dateModified":"2025-05-20T12:14:02+00:00","description":"One compact screwdriver set for all common implant system. The kit is a new version of the bredent group\u2019s successful screwdriver set.","breadcrumb":{"@id":"https:\/\/www.bredent-implants.com\/de\/produkte-losungen\/werkzeuge\/full-range-driver-kit-universelles-schraubendreher-set\/#breadcrumb"},"inLanguage":"de","potentialAction":[{"@type":"ReadAction","target":["https:\/\/www.bredent-implants.com\/de\/produkte-losungen\/werkzeuge\/full-range-driver-kit-universelles-schraubendreher-set\/"]}]},{"@type":"ImageObject","inLanguage":"de","@id":"https:\/\/www.bredent-implants.com\/de\/produkte-losungen\/werkzeuge\/full-range-driver-kit-universelles-schraubendreher-set\/#primaryimage","url":"https:\/\/www.bredent-implants.com\/wp-content\/uploads\/2019\/03\/FullRangeDriverKit_cover-web.png","contentUrl":"https:\/\/www.bredent-implants.com\/wp-content\/uploads\/2019\/03\/FullRangeDriverKit_cover-web.png","width":800,"height":784,"caption":"Full Range Driver-Kit by bredent-medical"},{"@type":"BreadcrumbList","@id":"https:\/\/www.bredent-implants.com\/de\/produkte-losungen\/werkzeuge\/full-range-driver-kit-universelles-schraubendreher-set\/#breadcrumb","itemListElement":[{"@type":"ListItem","position":1,"name":"Home","item":"https:\/\/www.bredent-implants.com\/de\/"},{"@type":"ListItem","position":2,"name":"Produkte &#038; L\u00f6sungen","item":"https:\/\/www.bredent-implants.com\/de\/produkte-losungen\/"},{"@type":"ListItem","position":3,"name":"Werkzeuge","item":"https:\/\/www.bredent-implants.com\/de\/produkte-losungen\/werkzeuge\/"},{"@type":"ListItem","position":4,"name":"Full Range Driver Kit &#8211; Universelles Schraubendreher-Set"}]},{"@type":"WebSite","@id":"https:\/\/www.bredent-implants.com\/de\/#website","url":"https:\/\/www.bredent-implants.com\/de\/","name":"","description":"bredent medical implants","publisher":{"@id":"https:\/\/www.bredent-implants.com\/de\/#organization"},"potentialAction":[{"@type":"SearchAction","target":{"@type":"EntryPoint","urlTemplate":"https:\/\/www.bredent-implants.com\/de\/?s={search_term_string}"},"query-input":{"@type":"PropertyValueSpecification","valueRequired":true,"valueName":"search_term_string"}}],"inLanguage":"de"},{"@type":"Organization","@id":"https:\/\/www.bredent-implants.com\/de\/#organization","name":"bredent GmbH & Co.KG","url":"https:\/\/www.bredent-implants.com\/de\/","logo":{"@type":"ImageObject","inLanguage":"de","@id":"https:\/\/www.bredent-implants.com\/de\/#\/schema\/logo\/image\/","url":"https:\/\/www.bredent-implants.com\/wp-content\/uploads\/2019\/03\/bredent-group-Black-Logo-PNG-file.png","contentUrl":"https:\/\/www.bredent-implants.com\/wp-content\/uploads\/2019\/03\/bredent-group-Black-Logo-PNG-file.png","width":1579,"height":330,"caption":"bredent GmbH & Co.KG"},"image":{"@id":"https:\/\/www.bredent-implants.com\/de\/#\/schema\/logo\/image\/"},"sameAs":["https:\/\/www.facebook.com\/bredent-group-International-766435650174845\/?ref=bookmarks","https:\/\/www.youtube.com\/user\/bredentgroup"]}]}},"_links":{"self":[{"href":"https:\/\/www.bredent-implants.com\/de\/wp-json\/wp\/v2\/pages\/12066","targetHints":{"allow":["GET"]}}],"collection":[{"href":"https:\/\/www.bredent-implants.com\/de\/wp-json\/wp\/v2\/pages"}],"about":[{"href":"https:\/\/www.bredent-implants.com\/de\/wp-json\/wp\/v2\/types\/page"}],"author":[{"embeddable":true,"href":"https:\/\/www.bredent-implants.com\/de\/wp-json\/wp\/v2\/users\/2"}],"replies":[{"embeddable":true,"href":"https:\/\/www.bredent-implants.com\/de\/wp-json\/wp\/v2\/comments?post=12066"}],"version-history":[{"count":2,"href":"https:\/\/www.bredent-implants.com\/de\/wp-json\/wp\/v2\/pages\/12066\/revisions"}],"predecessor-version":[{"id":79486,"href":"https:\/\/www.bredent-implants.com\/de\/wp-json\/wp\/v2\/pages\/12066\/revisions\/79486"}],"up":[{"embeddable":true,"href":"https:\/\/www.bredent-implants.com\/de\/wp-json\/wp\/v2\/pages\/12036"}],"wp:featuredmedia":[{"embeddable":true,"href":"https:\/\/www.bredent-implants.com\/de\/wp-json\/wp\/v2\/media\/12067"}],"wp:attachment":[{"href":"https:\/\/www.bredent-implants.com\/de\/wp-json\/wp\/v2\/media?parent=12066"}],"curies":[{"name":"wp","href":"https:\/\/api.w.org\/{rel}","templated":true}]}}