{"id":12007,"date":"2019-09-17T07:44:47","date_gmt":"2019-09-17T07:44:47","guid":{"rendered":"https:\/\/www.bredent-implants.com\/?page_id=12007"},"modified":"2025-05-07T17:02:06","modified_gmt":"2025-05-07T15:02:06","slug":"retention-sil-sichere-prothesenfixierung","status":"publish","type":"page","link":"https:\/\/www.bredent-implants.com\/de\/produkte-losungen\/therapien\/skyonics-biomechanische-prothetik\/retention-sil-sichere-prothesenfixierung\/","title":{"rendered":"retention.sil &#8211; Sichere Prothesenfixierung"},"content":{"rendered":"\t\t<div data-elementor-type=\"wp-post\" data-elementor-id=\"12007\" class=\"elementor elementor-12007\" data-elementor-post-type=\"page\">\n\t\t\t\t\t\t<section class=\"elementor-section elementor-top-section elementor-element elementor-element-f38c90b elementor-section-height-min-height elementor-section-boxed elementor-section-height-default elementor-section-items-middle\" data-id=\"f38c90b\" data-element_type=\"section\" data-e-type=\"section\" data-settings=\"{&quot;background_background&quot;:&quot;classic&quot;}\">\n\t\t\t\t\t\t<div class=\"elementor-container elementor-column-gap-default\">\n\t\t\t\t\t<div class=\"elementor-column elementor-col-100 elementor-top-column elementor-element elementor-element-b9c6e5c\" data-id=\"b9c6e5c\" data-element_type=\"column\" data-e-type=\"column\">\n\t\t\t<div class=\"elementor-widget-wrap elementor-element-populated\">\n\t\t\t\t\t\t<div class=\"elementor-element elementor-element-1abe14a elementor-widget elementor-widget-breadcrumbs\" data-id=\"1abe14a\" data-element_type=\"widget\" data-e-type=\"widget\" data-widget_type=\"breadcrumbs.default\">\n\t\t\t\t<div class=\"elementor-widget-container\">\n\t\t\t\t\t<p id=\"breadcrumbs\"><span><span><a href=\"https:\/\/www.bredent-implants.com\/de\/\">Home<\/a><\/span><\/span><\/p>\t\t\t\t<\/div>\n\t\t\t\t<\/div>\n\t\t\t\t\t<\/div>\n\t\t<\/div>\n\t\t\t\t\t<\/div>\n\t\t<\/section>\n\t\t<div class=\"elementor-element elementor-element-691e104 e-flex e-con-boxed e-con e-parent\" data-id=\"691e104\" data-element_type=\"container\" data-e-type=\"container\" data-settings=\"{&quot;background_background&quot;:&quot;classic&quot;}\">\n\t\t\t\t\t<div class=\"e-con-inner\">\n\t\t<div class=\"elementor-element elementor-element-2b52e60 e-con-full e-flex e-con e-child\" data-id=\"2b52e60\" data-element_type=\"container\" data-e-type=\"container\">\n\t\t<div class=\"elementor-element elementor-element-e8d0555 e-con-full e-flex e-con e-child\" data-id=\"e8d0555\" data-element_type=\"container\" data-e-type=\"container\">\n\t\t\t\t<div class=\"elementor-element elementor-element-29739bd elementor-widget elementor-widget-image\" data-id=\"29739bd\" data-element_type=\"widget\" data-e-type=\"widget\" data-widget_type=\"image.default\">\n\t\t\t\t<div class=\"elementor-widget-container\">\n\t\t\t\t\t\t\t\t\t\t\t\t\t\t\t<img fetchpriority=\"high\" decoding=\"async\" width=\"500\" height=\"163\" src=\"https:\/\/www.bredent-implants.com\/wp-content\/uploads\/2025\/05\/SKYonics-implantology-logo-bredent-medical.png\" class=\"attachment-full size-full wp-image-77693\" alt=\"\" \/>\t\t\t\t\t\t\t\t\t\t\t\t\t\t\t<\/div>\n\t\t\t\t<\/div>\n\t\t\t\t<div class=\"elementor-element elementor-element-9af380b elementor-align-justify elementor-widget__width-auto elementor-widget elementor-widget-button\" data-id=\"9af380b\" data-element_type=\"widget\" data-e-type=\"widget\" data-widget_type=\"button.default\">\n\t\t\t\t<div class=\"elementor-widget-container\">\n\t\t\t\t\t\t\t\t\t<div class=\"elementor-button-wrapper\">\n\t\t\t\t\t<a class=\"elementor-button elementor-size-sm\" role=\"button\">\n\t\t\t\t\t\t<span class=\"elementor-button-content-wrapper\">\n\t\t\t\t\t\t\t\t\t<span class=\"elementor-button-text\">Resiliente Prothesenfixierung<\/span>\n\t\t\t\t\t<\/span>\n\t\t\t\t\t<\/a>\n\t\t\t\t<\/div>\n\t\t\t\t\t\t\t\t<\/div>\n\t\t\t\t<\/div>\n\t\t\t\t<\/div>\n\t\t<div class=\"elementor-element elementor-element-8c66b47 e-con-full e-flex e-con e-child\" data-id=\"8c66b47\" data-element_type=\"container\" data-e-type=\"container\">\n\t\t\t\t<div class=\"elementor-element elementor-element-9794d90 elementor-widget elementor-widget-image\" data-id=\"9794d90\" data-element_type=\"widget\" data-e-type=\"widget\" data-widget_type=\"image.default\">\n\t\t\t\t<div class=\"elementor-widget-container\">\n\t\t\t\t\t\t\t\t\t\t\t\t\t\t\t<img decoding=\"async\" width=\"1000\" height=\"710\" src=\"https:\/\/www.bredent-implants.com\/wp-content\/uploads\/2025\/05\/skyonics-prosthesis-retention-sil-bredent-medical.jpg\" class=\"attachment-full size-full wp-image-77786\" alt=\"\" \/>\t\t\t\t\t\t\t\t\t\t\t\t\t\t\t<\/div>\n\t\t\t\t<\/div>\n\t\t\t\t<\/div>\n\t\t\t\t<\/div>\n\t\t\t\t\t<\/div>\n\t\t\t\t<\/div>\n\t\t<div class=\"elementor-element elementor-element-6b6d62b e-flex e-con-boxed e-con e-parent\" data-id=\"6b6d62b\" data-element_type=\"container\" data-e-type=\"container\" data-settings=\"{&quot;background_background&quot;:&quot;classic&quot;}\">\n\t\t\t\t\t<div class=\"e-con-inner\">\n\t\t<div class=\"elementor-element elementor-element-bc712d2 e-con-full e-flex e-con e-child\" data-id=\"bc712d2\" data-element_type=\"container\" data-e-type=\"container\" data-settings=\"{&quot;background_background&quot;:&quot;classic&quot;}\">\n\t\t<div class=\"elementor-element elementor-element-4461672 e-con-full e-flex e-con e-child\" data-id=\"4461672\" data-element_type=\"container\" data-e-type=\"container\">\n\t\t<div class=\"elementor-element elementor-element-939a186 e-con-full e-flex e-con e-child\" data-id=\"939a186\" data-element_type=\"container\" data-e-type=\"container\">\n\t\t\t\t<div class=\"elementor-element elementor-element-7649574 elementor-widget elementor-widget-image\" data-id=\"7649574\" data-element_type=\"widget\" data-e-type=\"widget\" data-widget_type=\"image.default\">\n\t\t\t\t<div class=\"elementor-widget-container\">\n\t\t\t\t\t\t\t\t\t\t\t\t\t\t\t<img decoding=\"async\" width=\"800\" height=\"100\" src=\"https:\/\/www.bredent-implants.com\/wp-content\/uploads\/2025\/05\/retention-sil-bredent-medical.png\" class=\"attachment-full size-full wp-image-77865\" alt=\"\" \/>\t\t\t\t\t\t\t\t\t\t\t\t\t\t\t<\/div>\n\t\t\t\t<\/div>\n\t\t\t\t<div class=\"elementor-element elementor-element-ad06bb0 elementor-widget elementor-widget-text-editor\" data-id=\"ad06bb0\" data-element_type=\"widget\" data-e-type=\"widget\" data-widget_type=\"text-editor.default\">\n\t\t\t\t<div class=\"elementor-widget-container\">\n\t\t\t\t\t\t\t\t\t<p style=\"text-align: center;\">Einzigartig in der dentalen Welt. Sofortige Prothesenfixierung mit retention.sil Prothesensilikon f\u00fcr die Zeit der Einheilphase!<\/p>\n\t\t\t\t\t\t\t\t<\/div>\n\t\t\t\t<\/div>\n\t\t\t\t<\/div>\n\t\t\t\t<\/div>\n\t\t<div class=\"elementor-element elementor-element-b2e6a43 e-con-full e-flex e-con e-child\" data-id=\"b2e6a43\" data-element_type=\"container\" data-e-type=\"container\">\n\t\t\t\t<div class=\"elementor-element elementor-element-7f27e35 elementor-widget elementor-widget-video\" data-id=\"7f27e35\" data-element_type=\"widget\" data-e-type=\"widget\" data-settings=\"{&quot;video_type&quot;:&quot;hosted&quot;,&quot;autoplay&quot;:&quot;yes&quot;,&quot;mute&quot;:&quot;yes&quot;,&quot;loop&quot;:&quot;yes&quot;}\" data-widget_type=\"video.default\">\n\t\t\t\t<div class=\"elementor-widget-container\">\n\t\t\t\t\t\t\t<div class=\"e-hosted-video elementor-wrapper elementor-open-inline\">\n\t\t\t\t\t<video class=\"elementor-video\" src=\"https:\/\/www.bredent-implants.com\/wp-content\/uploads\/2019\/06\/TiSi.snap_retention.sil_.mp4\" autoplay=\"\" loop=\"\" muted=\"muted\" controlsList=\"nodownload\"><\/video>\n\t\t\t\t<\/div>\n\t\t\t\t\t\t<\/div>\n\t\t\t\t<\/div>\n\t\t\t\t<\/div>\n\t\t\t\t<\/div>\n\t\t\t\t\t<\/div>\n\t\t\t\t<\/div>\n\t\t<div class=\"elementor-element elementor-element-93e64e8 e-flex e-con-boxed e-con e-parent\" data-id=\"93e64e8\" data-element_type=\"container\" data-e-type=\"container\" data-settings=\"{&quot;background_background&quot;:&quot;classic&quot;}\">\n\t\t\t\t\t<div class=\"e-con-inner\">\n\t\t<div class=\"elementor-element elementor-element-312f6c8 e-con-full e-flex e-con e-child\" data-id=\"312f6c8\" data-element_type=\"container\" data-e-type=\"container\" data-settings=\"{&quot;background_background&quot;:&quot;classic&quot;}\">\n\t\t<div class=\"elementor-element elementor-element-1a6595c e-con-full e-flex e-con e-child\" data-id=\"1a6595c\" data-element_type=\"container\" data-e-type=\"container\">\n\t\t\t\t<div class=\"elementor-element elementor-element-06b9622 animated-slow elementor-invisible elementor-widget elementor-widget-heading\" data-id=\"06b9622\" data-element_type=\"widget\" data-e-type=\"widget\" data-settings=\"{&quot;motion_fx_motion_fx_scrolling&quot;:&quot;yes&quot;,&quot;_animation&quot;:&quot;fadeIn&quot;,&quot;motion_fx_devices&quot;:[&quot;desktop&quot;,&quot;tablet&quot;,&quot;mobile&quot;]}\" data-widget_type=\"heading.default\">\n\t\t\t\t<div class=\"elementor-widget-container\">\n\t\t\t\t\t<h2 class=\"elementor-heading-title elementor-size-default\">Die Resilienz des rentention.sil ist der Resilienz des Weichgewebes vergleichbar und sch\u00fctzt die Implantate und Abutments vor \u00dcberlastung und sichert ein nat\u00fcrliches Kaugef\u00fchl.<\/h2>\t\t\t\t<\/div>\n\t\t\t\t<\/div>\n\t\t\t\t<\/div>\n\t\t<div class=\"elementor-element elementor-element-5027bfe e-con-full e-flex e-con e-child\" data-id=\"5027bfe\" data-element_type=\"container\" data-e-type=\"container\">\n\t\t\t\t<div class=\"elementor-element elementor-element-a7143b7 elementor-widget elementor-widget-video\" data-id=\"a7143b7\" data-element_type=\"widget\" data-e-type=\"widget\" data-settings=\"{&quot;video_type&quot;:&quot;hosted&quot;,&quot;autoplay&quot;:&quot;yes&quot;,&quot;mute&quot;:&quot;yes&quot;,&quot;loop&quot;:&quot;yes&quot;,&quot;controls&quot;:&quot;yes&quot;}\" data-widget_type=\"video.default\">\n\t\t\t\t<div class=\"elementor-widget-container\">\n\t\t\t\t\t\t\t<div class=\"e-hosted-video elementor-wrapper elementor-open-inline\">\n\t\t\t\t\t<video class=\"elementor-video\" src=\"https:\/\/www.bredent-implants.com\/wp-content\/uploads\/2019\/08\/retention.sil_bite_force-web.mp4\" autoplay=\"\" loop=\"\" controls=\"\" muted=\"muted\" controlsList=\"nodownload\"><\/video>\n\t\t\t\t<\/div>\n\t\t\t\t\t\t<\/div>\n\t\t\t\t<\/div>\n\t\t\t\t<\/div>\n\t\t\t\t<\/div>\n\t\t\t\t\t<\/div>\n\t\t\t\t<\/div>\n\t\t\t\t<\/div>\n\t\t","protected":false},"excerpt":{"rendered":"<p>Resiliente Prothesenfixierung Einzigartig in der dentalen Welt. Sofortige Prothesenfixierung mit retention.sil Prothesensilikon f\u00fcr die Zeit der Einheilphase! https:\/\/www.bredent-implants.com\/wp-content\/uploads\/2019\/06\/TiSi.snap_retention.sil_.mp4 Die Resilienz des rentention.sil ist der Resilienz des Weichgewebes vergleichbar und sch\u00fctzt die Implantate und Abutments vor \u00dcberlastung und sichert ein nat\u00fcrliches Kaugef\u00fchl. https:\/\/www.bredent-implants.com\/wp-content\/uploads\/2019\/08\/retention.sil_bite_force-web.mp4<\/p>\n","protected":false},"author":2,"featured_media":18520,"parent":11983,"menu_order":2,"comment_status":"closed","ping_status":"closed","template":"elementor_header_footer","meta":{"footnotes":""},"class_list":["post-12007","page","type-page","status-publish","has-post-thumbnail","hentry"],"yoast_head":"<!-- This site is optimized with the Yoast SEO plugin v27.3 - https:\/\/yoast.com\/product\/yoast-seo-wordpress\/ -->\n<title>retention.sil - Sichere Prothesenfixierung -<\/title>\n<meta name=\"description\" content=\"Einzigartig in der dentalen Welt. Sofortige Prothesenfixierung mit retention.sil Prothesensilikon f\u00fcr die Zeit der Einheilphase!\" \/>\n<meta name=\"robots\" content=\"index, follow, max-snippet:-1, max-image-preview:large, max-video-preview:-1\" \/>\n<link rel=\"canonical\" href=\"https:\/\/www.bredent-implants.com\/de\/produkte-losungen\/therapien\/skyonics-biomechanische-prothetik\/retention-sil-sichere-prothesenfixierung\/\" \/>\n<meta property=\"og:locale\" content=\"de_DE\" \/>\n<meta property=\"og:type\" content=\"article\" \/>\n<meta property=\"og:title\" content=\"retention.sil - Sichere Prothesenfixierung -\" \/>\n<meta property=\"og:description\" content=\"Einzigartig in der dentalen Welt. Sofortige Prothesenfixierung mit retention.sil Prothesensilikon f\u00fcr die Zeit der Einheilphase!\" \/>\n<meta property=\"og:url\" content=\"https:\/\/www.bredent-implants.com\/de\/produkte-losungen\/therapien\/skyonics-biomechanische-prothetik\/retention-sil-sichere-prothesenfixierung\/\" \/>\n<meta property=\"article:publisher\" content=\"https:\/\/www.facebook.com\/bredent-group-International-766435650174845\/?ref=bookmarks\" \/>\n<meta property=\"article:modified_time\" content=\"2025-05-07T15:02:06+00:00\" \/>\n<meta property=\"og:image\" content=\"https:\/\/www.bredent-implants.com\/wp-content\/uploads\/2020\/01\/SKYonics_featured.jpg\" \/>\n\t<meta property=\"og:image:width\" content=\"600\" \/>\n\t<meta property=\"og:image:height\" content=\"600\" \/>\n\t<meta property=\"og:image:type\" content=\"image\/jpeg\" \/>\n<meta name=\"twitter:card\" content=\"summary_large_image\" \/>\n<script type=\"application\/ld+json\" class=\"yoast-schema-graph\">{\"@context\":\"https:\\\/\\\/schema.org\",\"@graph\":[{\"@type\":\"WebPage\",\"@id\":\"https:\\\/\\\/www.bredent-implants.com\\\/de\\\/produkte-losungen\\\/therapien\\\/skyonics-biomechanische-prothetik\\\/retention-sil-sichere-prothesenfixierung\\\/\",\"url\":\"https:\\\/\\\/www.bredent-implants.com\\\/de\\\/produkte-losungen\\\/therapien\\\/skyonics-biomechanische-prothetik\\\/retention-sil-sichere-prothesenfixierung\\\/\",\"name\":\"retention.sil - Sichere Prothesenfixierung -\",\"isPartOf\":{\"@id\":\"https:\\\/\\\/www.bredent-implants.com\\\/#website\"},\"primaryImageOfPage\":{\"@id\":\"https:\\\/\\\/www.bredent-implants.com\\\/de\\\/produkte-losungen\\\/therapien\\\/skyonics-biomechanische-prothetik\\\/retention-sil-sichere-prothesenfixierung\\\/#primaryimage\"},\"image\":{\"@id\":\"https:\\\/\\\/www.bredent-implants.com\\\/de\\\/produkte-losungen\\\/therapien\\\/skyonics-biomechanische-prothetik\\\/retention-sil-sichere-prothesenfixierung\\\/#primaryimage\"},\"thumbnailUrl\":\"https:\\\/\\\/www.bredent-implants.com\\\/wp-content\\\/uploads\\\/2020\\\/01\\\/SKYonics_featured.jpg\",\"datePublished\":\"2019-09-17T07:44:47+00:00\",\"dateModified\":\"2025-05-07T15:02:06+00:00\",\"description\":\"Einzigartig in der dentalen Welt. Sofortige Prothesenfixierung mit retention.sil Prothesensilikon f\u00fcr die Zeit der Einheilphase!\",\"breadcrumb\":{\"@id\":\"https:\\\/\\\/www.bredent-implants.com\\\/de\\\/produkte-losungen\\\/therapien\\\/skyonics-biomechanische-prothetik\\\/retention-sil-sichere-prothesenfixierung\\\/#breadcrumb\"},\"inLanguage\":\"de\",\"potentialAction\":[{\"@type\":\"ReadAction\",\"target\":[\"https:\\\/\\\/www.bredent-implants.com\\\/de\\\/produkte-losungen\\\/therapien\\\/skyonics-biomechanische-prothetik\\\/retention-sil-sichere-prothesenfixierung\\\/\"]}]},{\"@type\":\"ImageObject\",\"inLanguage\":\"de\",\"@id\":\"https:\\\/\\\/www.bredent-implants.com\\\/de\\\/produkte-losungen\\\/therapien\\\/skyonics-biomechanische-prothetik\\\/retention-sil-sichere-prothesenfixierung\\\/#primaryimage\",\"url\":\"https:\\\/\\\/www.bredent-implants.com\\\/wp-content\\\/uploads\\\/2020\\\/01\\\/SKYonics_featured.jpg\",\"contentUrl\":\"https:\\\/\\\/www.bredent-implants.com\\\/wp-content\\\/uploads\\\/2020\\\/01\\\/SKYonics_featured.jpg\",\"width\":600,\"height\":600,\"caption\":\"SKYonics logo\"},{\"@type\":\"BreadcrumbList\",\"@id\":\"https:\\\/\\\/www.bredent-implants.com\\\/de\\\/produkte-losungen\\\/therapien\\\/skyonics-biomechanische-prothetik\\\/retention-sil-sichere-prothesenfixierung\\\/#breadcrumb\",\"itemListElement\":[{\"@type\":\"ListItem\",\"position\":1,\"name\":\"Home\",\"item\":\"https:\\\/\\\/www.bredent-implants.com\\\/de\\\/\"},{\"@type\":\"ListItem\",\"position\":2,\"name\":\"retention.sil &#8211; Sichere Prothesenfixierung\"}]},{\"@type\":\"WebSite\",\"@id\":\"https:\\\/\\\/www.bredent-implants.com\\\/#website\",\"url\":\"https:\\\/\\\/www.bredent-implants.com\\\/\",\"name\":\"\",\"description\":\"bredent medical implants\",\"publisher\":{\"@id\":\"https:\\\/\\\/www.bredent-implants.com\\\/#organization\"},\"potentialAction\":[{\"@type\":\"SearchAction\",\"target\":{\"@type\":\"EntryPoint\",\"urlTemplate\":\"https:\\\/\\\/www.bredent-implants.com\\\/?s={search_term_string}\"},\"query-input\":{\"@type\":\"PropertyValueSpecification\",\"valueRequired\":true,\"valueName\":\"search_term_string\"}}],\"inLanguage\":\"de\"},{\"@type\":\"Organization\",\"@id\":\"https:\\\/\\\/www.bredent-implants.com\\\/#organization\",\"name\":\"bredent GmbH & Co.KG\",\"url\":\"https:\\\/\\\/www.bredent-implants.com\\\/\",\"logo\":{\"@type\":\"ImageObject\",\"inLanguage\":\"de\",\"@id\":\"https:\\\/\\\/www.bredent-implants.com\\\/#\\\/schema\\\/logo\\\/image\\\/\",\"url\":\"https:\\\/\\\/www.bredent-implants.com\\\/wp-content\\\/uploads\\\/2019\\\/03\\\/bredent-group-Black-Logo-PNG-file.png\",\"contentUrl\":\"https:\\\/\\\/www.bredent-implants.com\\\/wp-content\\\/uploads\\\/2019\\\/03\\\/bredent-group-Black-Logo-PNG-file.png\",\"width\":1579,\"height\":330,\"caption\":\"bredent GmbH & Co.KG\"},\"image\":{\"@id\":\"https:\\\/\\\/www.bredent-implants.com\\\/#\\\/schema\\\/logo\\\/image\\\/\"},\"sameAs\":[\"https:\\\/\\\/www.facebook.com\\\/bredent-group-International-766435650174845\\\/?ref=bookmarks\",\"https:\\\/\\\/www.youtube.com\\\/user\\\/bredentgroup\"]}]}<\/script>\n<!-- \/ Yoast SEO plugin. -->","yoast_head_json":{"title":"retention.sil - Sichere Prothesenfixierung -","description":"Einzigartig in der dentalen Welt. Sofortige Prothesenfixierung mit retention.sil Prothesensilikon f\u00fcr die Zeit der Einheilphase!","robots":{"index":"index","follow":"follow","max-snippet":"max-snippet:-1","max-image-preview":"max-image-preview:large","max-video-preview":"max-video-preview:-1"},"canonical":"https:\/\/www.bredent-implants.com\/de\/produkte-losungen\/therapien\/skyonics-biomechanische-prothetik\/retention-sil-sichere-prothesenfixierung\/","og_locale":"de_DE","og_type":"article","og_title":"retention.sil - Sichere Prothesenfixierung -","og_description":"Einzigartig in der dentalen Welt. Sofortige Prothesenfixierung mit retention.sil Prothesensilikon f\u00fcr die Zeit der Einheilphase!","og_url":"https:\/\/www.bredent-implants.com\/de\/produkte-losungen\/therapien\/skyonics-biomechanische-prothetik\/retention-sil-sichere-prothesenfixierung\/","article_publisher":"https:\/\/www.facebook.com\/bredent-group-International-766435650174845\/?ref=bookmarks","article_modified_time":"2025-05-07T15:02:06+00:00","og_image":[{"width":600,"height":600,"url":"https:\/\/www.bredent-implants.com\/wp-content\/uploads\/2020\/01\/SKYonics_featured.jpg","type":"image\/jpeg"}],"twitter_card":"summary_large_image","schema":{"@context":"https:\/\/schema.org","@graph":[{"@type":"WebPage","@id":"https:\/\/www.bredent-implants.com\/de\/produkte-losungen\/therapien\/skyonics-biomechanische-prothetik\/retention-sil-sichere-prothesenfixierung\/","url":"https:\/\/www.bredent-implants.com\/de\/produkte-losungen\/therapien\/skyonics-biomechanische-prothetik\/retention-sil-sichere-prothesenfixierung\/","name":"retention.sil - Sichere Prothesenfixierung -","isPartOf":{"@id":"https:\/\/www.bredent-implants.com\/#website"},"primaryImageOfPage":{"@id":"https:\/\/www.bredent-implants.com\/de\/produkte-losungen\/therapien\/skyonics-biomechanische-prothetik\/retention-sil-sichere-prothesenfixierung\/#primaryimage"},"image":{"@id":"https:\/\/www.bredent-implants.com\/de\/produkte-losungen\/therapien\/skyonics-biomechanische-prothetik\/retention-sil-sichere-prothesenfixierung\/#primaryimage"},"thumbnailUrl":"https:\/\/www.bredent-implants.com\/wp-content\/uploads\/2020\/01\/SKYonics_featured.jpg","datePublished":"2019-09-17T07:44:47+00:00","dateModified":"2025-05-07T15:02:06+00:00","description":"Einzigartig in der dentalen Welt. Sofortige Prothesenfixierung mit retention.sil Prothesensilikon f\u00fcr die Zeit der Einheilphase!","breadcrumb":{"@id":"https:\/\/www.bredent-implants.com\/de\/produkte-losungen\/therapien\/skyonics-biomechanische-prothetik\/retention-sil-sichere-prothesenfixierung\/#breadcrumb"},"inLanguage":"de","potentialAction":[{"@type":"ReadAction","target":["https:\/\/www.bredent-implants.com\/de\/produkte-losungen\/therapien\/skyonics-biomechanische-prothetik\/retention-sil-sichere-prothesenfixierung\/"]}]},{"@type":"ImageObject","inLanguage":"de","@id":"https:\/\/www.bredent-implants.com\/de\/produkte-losungen\/therapien\/skyonics-biomechanische-prothetik\/retention-sil-sichere-prothesenfixierung\/#primaryimage","url":"https:\/\/www.bredent-implants.com\/wp-content\/uploads\/2020\/01\/SKYonics_featured.jpg","contentUrl":"https:\/\/www.bredent-implants.com\/wp-content\/uploads\/2020\/01\/SKYonics_featured.jpg","width":600,"height":600,"caption":"SKYonics logo"},{"@type":"BreadcrumbList","@id":"https:\/\/www.bredent-implants.com\/de\/produkte-losungen\/therapien\/skyonics-biomechanische-prothetik\/retention-sil-sichere-prothesenfixierung\/#breadcrumb","itemListElement":[{"@type":"ListItem","position":1,"name":"Home","item":"https:\/\/www.bredent-implants.com\/de\/"},{"@type":"ListItem","position":2,"name":"retention.sil &#8211; Sichere Prothesenfixierung"}]},{"@type":"WebSite","@id":"https:\/\/www.bredent-implants.com\/#website","url":"https:\/\/www.bredent-implants.com\/","name":"","description":"bredent medical implants","publisher":{"@id":"https:\/\/www.bredent-implants.com\/#organization"},"potentialAction":[{"@type":"SearchAction","target":{"@type":"EntryPoint","urlTemplate":"https:\/\/www.bredent-implants.com\/?s={search_term_string}"},"query-input":{"@type":"PropertyValueSpecification","valueRequired":true,"valueName":"search_term_string"}}],"inLanguage":"de"},{"@type":"Organization","@id":"https:\/\/www.bredent-implants.com\/#organization","name":"bredent GmbH & Co.KG","url":"https:\/\/www.bredent-implants.com\/","logo":{"@type":"ImageObject","inLanguage":"de","@id":"https:\/\/www.bredent-implants.com\/#\/schema\/logo\/image\/","url":"https:\/\/www.bredent-implants.com\/wp-content\/uploads\/2019\/03\/bredent-group-Black-Logo-PNG-file.png","contentUrl":"https:\/\/www.bredent-implants.com\/wp-content\/uploads\/2019\/03\/bredent-group-Black-Logo-PNG-file.png","width":1579,"height":330,"caption":"bredent GmbH & Co.KG"},"image":{"@id":"https:\/\/www.bredent-implants.com\/#\/schema\/logo\/image\/"},"sameAs":["https:\/\/www.facebook.com\/bredent-group-International-766435650174845\/?ref=bookmarks","https:\/\/www.youtube.com\/user\/bredentgroup"]}]}},"_links":{"self":[{"href":"https:\/\/www.bredent-implants.com\/de\/wp-json\/wp\/v2\/pages\/12007","targetHints":{"allow":["GET"]}}],"collection":[{"href":"https:\/\/www.bredent-implants.com\/de\/wp-json\/wp\/v2\/pages"}],"about":[{"href":"https:\/\/www.bredent-implants.com\/de\/wp-json\/wp\/v2\/types\/page"}],"author":[{"embeddable":true,"href":"https:\/\/www.bredent-implants.com\/de\/wp-json\/wp\/v2\/users\/2"}],"replies":[{"embeddable":true,"href":"https:\/\/www.bredent-implants.com\/de\/wp-json\/wp\/v2\/comments?post=12007"}],"version-history":[{"count":5,"href":"https:\/\/www.bredent-implants.com\/de\/wp-json\/wp\/v2\/pages\/12007\/revisions"}],"predecessor-version":[{"id":77876,"href":"https:\/\/www.bredent-implants.com\/de\/wp-json\/wp\/v2\/pages\/12007\/revisions\/77876"}],"up":[{"embeddable":true,"href":"https:\/\/www.bredent-implants.com\/de\/wp-json\/wp\/v2\/pages\/11983"}],"wp:featuredmedia":[{"embeddable":true,"href":"https:\/\/www.bredent-implants.com\/de\/wp-json\/wp\/v2\/media\/18520"}],"wp:attachment":[{"href":"https:\/\/www.bredent-implants.com\/de\/wp-json\/wp\/v2\/media?parent=12007"}],"curies":[{"name":"wp","href":"https:\/\/api.w.org\/{rel}","templated":true}]}}